{"id":9758,"date":"2019-11-04T21:48:47","date_gmt":"2019-11-05T00:48:47","guid":{"rendered":"https:\/\/ens9001-mza.infd.edu.ar\/sitio\/?page_id=9758"},"modified":"2019-11-04T23:07:22","modified_gmt":"2019-11-05T02:07:22","slug":"lanzamiento-del-programa-proyeccion-mendoza","status":"publish","type":"page","link":"https:\/\/ens9001-infd.mendoza.edu.ar\/sitio\/lanzamiento-del-programa-proyeccion-mendoza\/","title":{"rendered":"Lanzamiento del Programa Proyecci\u00f3n Mendoza"},"content":{"rendered":"<p><img decoding=\"async\" loading=\"lazy\" class=\"wp-image-9613 alignleft\" src=\"https:\/\/ens9001-infd.mendoza.edu.ar\/sitio\/wp-content\/uploads\/2019\/10\/WhatsApp-Image-2019-09-04-at-20.02.06-1000x747.jpeg\" alt=\"\" width=\"422\" height=\"315\" srcset=\"https:\/\/ens9001-infd.mendoza.edu.ar\/sitio\/wp-content\/uploads\/2019\/10\/WhatsApp-Image-2019-09-04-at-20.02.06-1000x747.jpeg 1000w, https:\/\/ens9001-infd.mendoza.edu.ar\/sitio\/wp-content\/uploads\/2019\/10\/WhatsApp-Image-2019-09-04-at-20.02.06-768x574.jpeg 768w, https:\/\/ens9001-infd.mendoza.edu.ar\/sitio\/wp-content\/uploads\/2019\/10\/WhatsApp-Image-2019-09-04-at-20.02.06.jpeg 1280w\" sizes=\"(max-width: 422px) 100vw, 422px\" \/><\/p>\n<p><span style=\"font-weight: 400;\">El pasado jueves 31 de octubre el Centro de Formaci\u00f3n Continua realiz\u00f3 el Lanzamiento del Programa \u201cProyecci\u00f3n Mendoza. El desarrollo provincial y regional en perspectiva\u201d.\u00a0<\/span><\/p>\n<p><span style=\"font-weight: 400;\">La apertura del evento estuvo a cargo de la Rectora del Instituto, Prof. Laura Soto, quien destac\u00f3 la importancia de contar con un espacio institucional para debatir y desarrollar propuestas que sean un aporte para el desarrollo del Departamento y el Este mendocino, en el marco de un proyecto provincial y nacional. Remarc\u00f3 la necesidad de ampliar la participaci\u00f3n y lograr el protagonismo de todos los actores que se requieren para perfilar un proyecto de desarrollo que sea democr\u00e1tico e integral.<\/span><\/p>\n<p><span style=\"font-weight: 400;\">El Lic. Gustavo Forn\u00e9s, coordinador del Centro de Formaci\u00f3n Continua, present\u00f3 el Programa explicando su sentido y valor, en consonancia con la identidad y el rol de una Instituci\u00f3n de Educaci\u00f3n Superior. En el proyecto de gesti\u00f3n directiva 2018-2022 se ha propuesto la consolidaci\u00f3n del Instituto como un actor \u201cestrat\u00e9gico que aporta, desde su propia especificidad -el trabajo en torno al conocimiento-, al desarrollo territorial (sociocultural, econ\u00f3mico-productivo y educativo) de San Mart\u00edn y el Este mendocino\u201d. \u201cEste objetivo act\u00faa como marco pol\u00edtico-pedag\u00f3gico institucional del Programa que se lanza hoy\u201d -se\u00f1al\u00f3 el Prof. Forn\u00e9s.<\/span><\/p>\n<p><span style=\"font-weight: 400;\">En la presentaci\u00f3n del programa se dieron a conocer las cuatro l\u00ednes de acci\u00f3n en las que se desarrollar\u00e1: a) el ciclo permanente de charlas; b) las redes sectoriales; c) las acciones formativas y d) las publicaciones.\u00a0<\/span><\/p>\n<p><span style=\"font-weight: 400;\">En el acto de lanzamiento el Ing. Agr. dio inicio el Ciclo Permanente de Charlas con un primer aporte en torno a la \u201cMendoza Agroalimentaria\u201d. El especialista realiz\u00f3 un detallado an\u00e1lisis -basado en evidencias que mostr\u00f3 al p\u00fablico- sobre la crisis del sector, dejando en claro un panorama complejo para el desarrollo local en el que propuso \u201cver lo que tenemos y proyectarnos a un futuro deseado\u201d, generando empleo de calidad y mejorando la calidad de vida de la sociedad en su conjunto.<\/span><\/p>\n<p><span style=\"font-weight: 400;\">El IESDyT 9-001, a trav\u00e9s de su Centro de Formaci\u00f3n Continua, se compromete continuar trabajando con este Programa, brindando el espacio para el debate y el surgimiento de estudios y proyectos que permitan mejorar e innovar en el desarrollo de Mendoza, la zona Este y San Mart\u00edn, \u201ccon crecimiento econ\u00f3mico y justicia social\u201d.<\/span><\/p>\n<pre>Pr\u00f3xima charla: Jueves 14 de noviembre - 19 hs.\r\n<strong>                      \r\n                                       Mendoza con desarrollo social <\/strong>- A 10 a\u00f1os de la Asignaci\u00f3n Universal por Hijo<\/pre>\n<p><span style=\"color: #ffffff;\">&#8230;&#8230;&#8230;<\/span><img decoding=\"async\" loading=\"lazy\" class=\"alignnone wp-image-9764\" src=\"https:\/\/ens9001-infd.mendoza.edu.ar\/sitio\/wp-content\/uploads\/2019\/11\/Lanzamiento-7-e1572917628885-1000x756.jpeg\" alt=\"\" width=\"251\" height=\"190\" srcset=\"https:\/\/ens9001-infd.mendoza.edu.ar\/sitio\/wp-content\/uploads\/2019\/11\/Lanzamiento-7-e1572917628885-1000x756.jpeg 1000w, https:\/\/ens9001-infd.mendoza.edu.ar\/sitio\/wp-content\/uploads\/2019\/11\/Lanzamiento-7-e1572917628885-768x580.jpeg 768w, https:\/\/ens9001-infd.mendoza.edu.ar\/sitio\/wp-content\/uploads\/2019\/11\/Lanzamiento-7-e1572917628885.jpeg 1129w\" sizes=\"(max-width: 251px) 100vw, 251px\" \/>\u00a0 \u00a0 \u00a0<img decoding=\"async\" loading=\"lazy\" class=\"alignnone wp-image-9762\" src=\"https:\/\/ens9001-infd.mendoza.edu.ar\/sitio\/wp-content\/uploads\/2019\/11\/Lanzamiento-1-e1572917687932-1000x818.jpeg\" alt=\"\" width=\"232\" height=\"190\" srcset=\"https:\/\/ens9001-infd.mendoza.edu.ar\/sitio\/wp-content\/uploads\/2019\/11\/Lanzamiento-1-e1572917687932-1000x818.jpeg 1000w, https:\/\/ens9001-infd.mendoza.edu.ar\/sitio\/wp-content\/uploads\/2019\/11\/Lanzamiento-1-e1572917687932-768x628.jpeg 768w, https:\/\/ens9001-infd.mendoza.edu.ar\/sitio\/wp-content\/uploads\/2019\/11\/Lanzamiento-1-e1572917687932.jpeg 1043w\" sizes=\"(max-width: 232px) 100vw, 232px\" \/>\u00a0 \u00a0 \u00a0<img decoding=\"async\" loading=\"lazy\" class=\"alignnone wp-image-9763\" src=\"https:\/\/ens9001-infd.mendoza.edu.ar\/sitio\/wp-content\/uploads\/2019\/11\/Lanzamiento-3-e1572917818804-1000x803.jpeg\" alt=\"\" width=\"237\" height=\"190\" srcset=\"https:\/\/ens9001-infd.mendoza.edu.ar\/sitio\/wp-content\/uploads\/2019\/11\/Lanzamiento-3-e1572917818804-1000x803.jpeg 1000w, https:\/\/ens9001-infd.mendoza.edu.ar\/sitio\/wp-content\/uploads\/2019\/11\/Lanzamiento-3-e1572917818804-768x617.jpeg 768w, https:\/\/ens9001-infd.mendoza.edu.ar\/sitio\/wp-content\/uploads\/2019\/11\/Lanzamiento-3-e1572917818804.jpeg 1062w\" sizes=\"(max-width: 237px) 100vw, 237px\" \/>\u00a0 \u00a0 \u00a0<img decoding=\"async\" loading=\"lazy\" class=\"alignnone wp-image-9760\" src=\"https:\/\/ens9001-infd.mendoza.edu.ar\/sitio\/wp-content\/uploads\/2019\/11\/Lanzamiento-10-864x1000.jpeg\" alt=\"\" width=\"164\" height=\"190\" srcset=\"https:\/\/ens9001-infd.mendoza.edu.ar\/sitio\/wp-content\/uploads\/2019\/11\/Lanzamiento-10-864x1000.jpeg 864w, https:\/\/ens9001-infd.mendoza.edu.ar\/sitio\/wp-content\/uploads\/2019\/11\/Lanzamiento-10-768x889.jpeg 768w, https:\/\/ens9001-infd.mendoza.edu.ar\/sitio\/wp-content\/uploads\/2019\/11\/Lanzamiento-10.jpeg 1106w\" sizes=\"(max-width: 164px) 100vw, 164px\" \/><\/p>\n<p><img decoding=\"async\" loading=\"lazy\" class=\"alignnone size-medium wp-image-9370\" src=\"https:\/\/ens9001-infd.mendoza.edu.ar\/sitio\/wp-content\/uploads\/2019\/10\/CFE-Membrete-1000x163.png\" alt=\"\" width=\"1000\" height=\"163\" srcset=\"https:\/\/ens9001-infd.mendoza.edu.ar\/sitio\/wp-content\/uploads\/2019\/10\/CFE-Membrete-1000x163.png 1000w, https:\/\/ens9001-infd.mendoza.edu.ar\/sitio\/wp-content\/uploads\/2019\/10\/CFE-Membrete-768x125.png 768w, https:\/\/ens9001-infd.mendoza.edu.ar\/sitio\/wp-content\/uploads\/2019\/10\/CFE-Membrete.png 1812w\" sizes=\"(max-width: 1000px) 100vw, 1000px\" \/><\/p>\n","protected":false},"excerpt":{"rendered":"<p>El pasado jueves 31 de octubre el Centro de Formaci\u00f3n Continua realiz\u00f3 el Lanzamiento del Programa \u201cProyecci\u00f3n Mendoza. El desarrollo provincial y regional en perspectiva\u201d.\u00a0 La apertura del evento estuvo a cargo de la Rectora del Instituto, Prof. Laura Soto, quien destac\u00f3 la importancia de contar con un espacio institucional para debatir y desarrollar propuestas &#8230; <a title=\"Lanzamiento del Programa Proyecci\u00f3n Mendoza\" class=\"read-more\" href=\"https:\/\/ens9001-infd.mendoza.edu.ar\/sitio\/lanzamiento-del-programa-proyeccion-mendoza\/\" aria-label=\"More on Lanzamiento del Programa Proyecci\u00f3n Mendoza\">[+]<\/a><\/p>\n","protected":false},"author":6668,"featured_media":0,"parent":0,"menu_order":0,"comment_status":"closed","ping_status":"closed","template":"","meta":[],"acf":[],"_links":{"self":[{"href":"https:\/\/ens9001-infd.mendoza.edu.ar\/sitio\/wp-json\/wp\/v2\/pages\/9758"}],"collection":[{"href":"https:\/\/ens9001-infd.mendoza.edu.ar\/sitio\/wp-json\/wp\/v2\/pages"}],"about":[{"href":"https:\/\/ens9001-infd.mendoza.edu.ar\/sitio\/wp-json\/wp\/v2\/types\/page"}],"author":[{"embeddable":true,"href":"https:\/\/ens9001-infd.mendoza.edu.ar\/sitio\/wp-json\/wp\/v2\/users\/6668"}],"replies":[{"embeddable":true,"href":"https:\/\/ens9001-infd.mendoza.edu.ar\/sitio\/wp-json\/wp\/v2\/comments?post=9758"}],"version-history":[{"count":10,"href":"https:\/\/ens9001-infd.mendoza.edu.ar\/sitio\/wp-json\/wp\/v2\/pages\/9758\/revisions"}],"predecessor-version":[{"id":9772,"href":"https:\/\/ens9001-infd.mendoza.edu.ar\/sitio\/wp-json\/wp\/v2\/pages\/9758\/revisions\/9772"}],"wp:attachment":[{"href":"https:\/\/ens9001-infd.mendoza.edu.ar\/sitio\/wp-json\/wp\/v2\/media?parent=9758"}],"curies":[{"name":"wp","href":"https:\/\/api.w.org\/{rel}","templated":true}]}}