{"id":8796,"date":"2019-08-30T20:19:20","date_gmt":"2019-08-30T23:19:20","guid":{"rendered":"https:\/\/ens9001-mza.infd.edu.ar\/sitio\/?page_id=8796"},"modified":"2020-08-31T10:48:10","modified_gmt":"2020-08-31T13:48:10","slug":"configuraciones-ludicas-de-las-infancias","status":"publish","type":"page","link":"https:\/\/ens9001-infd.mendoza.edu.ar\/sitio\/configuraciones-ludicas-de-las-infancias\/","title":{"rendered":"Configuraciones l\u00fadicas de las infancias del siglo XXI"},"content":{"rendered":"<p><img decoding=\"async\" loading=\"lazy\" class=\"alignnone size-medium wp-image-7528\" src=\"https:\/\/ens9001-infd.mendoza.edu.ar\/sitio\/wp-content\/uploads\/2019\/04\/Membrete-2-1000x134.png\" alt=\"\" width=\"1000\" height=\"134\" srcset=\"https:\/\/ens9001-infd.mendoza.edu.ar\/sitio\/wp-content\/uploads\/2019\/04\/Membrete-2-1000x134.png 1000w, https:\/\/ens9001-infd.mendoza.edu.ar\/sitio\/wp-content\/uploads\/2019\/04\/Membrete-2-768x103.png 768w, https:\/\/ens9001-infd.mendoza.edu.ar\/sitio\/wp-content\/uploads\/2019\/04\/Membrete-2-1900x255.png 1900w\" sizes=\"(max-width: 1000px) 100vw, 1000px\" \/><\/p>\n<h4 style=\"text-align: center;\">Primer Ciclo de Capacitaciones:<\/h4>\n<h3 style=\"text-align: center;\">\u201cConfiguraciones l\u00fadicas de las infancias del siglo XXI\u201d<\/h3>\n<h3 style=\"text-align: center;\">Teor\u00edas y Praxis<\/h3>\n<p>&nbsp;<\/p>\n<h5><strong><img decoding=\"async\" loading=\"lazy\" class=\"wp-image-7531 alignnone\" src=\"https:\/\/ens9001-infd.mendoza.edu.ar\/sitio\/wp-content\/uploads\/2019\/04\/CFC-Iso-trans-1000x627.png\" alt=\"\" width=\"38\" height=\"23\" srcset=\"https:\/\/ens9001-infd.mendoza.edu.ar\/sitio\/wp-content\/uploads\/2019\/04\/CFC-Iso-trans-1000x627.png 1000w, https:\/\/ens9001-infd.mendoza.edu.ar\/sitio\/wp-content\/uploads\/2019\/04\/CFC-Iso-trans-768x482.png 768w, https:\/\/ens9001-infd.mendoza.edu.ar\/sitio\/wp-content\/uploads\/2019\/04\/CFC-Iso-trans.png 1239w\" sizes=\"(max-width: 38px) 100vw, 38px\" \/>\u00a0<\/strong>Descripci\u00f3n de la propuesta:<\/h5>\n<p>Pensar en configuraciones l\u00fadicas para las infancias del siglo XXI nos invita a posicionarnos en el hoy de los marcos te\u00f3ricos socio-hist\u00f3ricos y culturales que mueven desde la pedagog\u00eda, la did\u00e1ctica y otras ciencias el encuadre que se le da a las praxis en<br \/>\nsalas y aulas de la primera infancia.<\/p>\n<p>Las l\u00edneas que sostienen las acciones en las instituciones actuales se encuentran en un per\u00edodo de transici\u00f3n que permiten pensar y reconsiderar las propuestas en pos de fortalecer el momento en que las alertas en el desarrollo integral requieren acciones claras<br \/>\ny precisas. Ya que la relevancia de tales acciones estar\u00e1 dada en la mejora en calidad y excelencia de las pr\u00e1cticas.<\/p>\n<p>El objetivo de los encuentros es escuchar-nos, debatir, vivenciar para redimensionar, redireccionar y apropiarse de insumos pertinentes desde las distintas instancias de intercambios. Se espera que entre los y las profesionales, docentes y estudiantes se construyan nuevos acuerdos que impacten los procesos de ense\u00f1anza y aprendizaje con las infancias.<\/p>\n<p>Los distintos espacios institucionales y organizacionales que hoy reciben y sostienen las infancias de 0 a 5 a\u00f1os de la provincia de<br \/>\nMendoza se posicionan desde el Dise\u00f1o curricular elaborado en el a\u00f1o 2014\/5, siendo \u00e9ste el proyecto marco de la propuesta formativa al interior de las mismas.<\/p>\n<p>A casi cuatro a\u00f1os de la implementaci\u00f3n del mismo se puede visualizar la necesidad de fortalecer los abanicos de propuestas en un marco inclusivo y globalizador que les permita a los\/las docentes identificar, acompa\u00f1ar, fortalecer y detectar (alertas en el desarrollo) las necesidades de los infantes.<\/p>\n<p>Desde la Pedagog\u00eda y la did\u00e1ctica se da el fundamento y el posicionamiento que se necesita para vincular las configuraciones l\u00fadicas del siglo XXI que van a ofrecer el prisma que permita visualizar las alertas en el desarrollo, para que desde la psicomotricidad, la psicoling\u00fc\u00edstica y la neuropsicolog\u00eda entre otras le brinden al sujeto del nivel aquello que necesita para su proceso de aprendizaje.<\/p>\n<p>Por lo anteriormente descrito el proyecto hace referencia ineludiblemente a las demandas y necesidades de los agentes educadores en favor de los ni\u00f1os y ni\u00f1as que actualmente transitan las instituciones.<\/p>\n<p>&nbsp;<\/p>\n<h5><strong><img decoding=\"async\" loading=\"lazy\" class=\"wp-image-7531 alignnone\" src=\"https:\/\/ens9001-infd.mendoza.edu.ar\/sitio\/wp-content\/uploads\/2019\/04\/CFC-Iso-trans-1000x627.png\" alt=\"\" width=\"38\" height=\"23\" srcset=\"https:\/\/ens9001-infd.mendoza.edu.ar\/sitio\/wp-content\/uploads\/2019\/04\/CFC-Iso-trans-1000x627.png 1000w, https:\/\/ens9001-infd.mendoza.edu.ar\/sitio\/wp-content\/uploads\/2019\/04\/CFC-Iso-trans-768x482.png 768w, https:\/\/ens9001-infd.mendoza.edu.ar\/sitio\/wp-content\/uploads\/2019\/04\/CFC-Iso-trans.png 1239w\" sizes=\"(max-width: 38px) 100vw, 38px\" \/>\u00a0<\/strong>Destinatarios:<\/h5>\n<ul>\n<li>Docentes de Educaci\u00f3n Inicial<\/li>\n<li>Docentes de Educaci\u00f3n Primaria<\/li>\n<li>Docentes de Educaci\u00f3n F\u00edsica<\/li>\n<li>Docentes de Educaci\u00f3n Especial<\/li>\n<li>Docentes y estudiantes de Profesorados de Educaci\u00f3n Inicial,\u00a0Educaci\u00f3n Primaria, Educaci\u00f3n F\u00edsica y Educaci\u00f3n Especial<\/li>\n<li>Psicomotricistas, Psicopedagogos, Psic\u00f3logos, Terapistas del lenguaje, Fonoaudi\u00f3logos, Servicios de orientaci\u00f3n, etc.<\/li>\n<\/ul>\n<p>&nbsp;<\/p>\n<h5><strong><img decoding=\"async\" loading=\"lazy\" class=\"wp-image-7531 alignnone\" src=\"https:\/\/ens9001-infd.mendoza.edu.ar\/sitio\/wp-content\/uploads\/2019\/04\/CFC-Iso-trans-1000x627.png\" alt=\"\" width=\"38\" height=\"23\" srcset=\"https:\/\/ens9001-infd.mendoza.edu.ar\/sitio\/wp-content\/uploads\/2019\/04\/CFC-Iso-trans-1000x627.png 1000w, https:\/\/ens9001-infd.mendoza.edu.ar\/sitio\/wp-content\/uploads\/2019\/04\/CFC-Iso-trans-768x482.png 768w, https:\/\/ens9001-infd.mendoza.edu.ar\/sitio\/wp-content\/uploads\/2019\/04\/CFC-Iso-trans.png 1239w\" sizes=\"(max-width: 38px) 100vw, 38px\" \/>\u00a0<\/strong>Organizaci\u00f3n del Ciclo:<\/h5>\n<p>El Ciclo constar\u00e1 de cuatro encuentros de tres horas reloj cada uno, desarrollados con diversas modalidades:<\/p>\n<ul>\n<li>12\/09 &#8211; Primer encuentro: Mesa Conversatorio \u00abInfancias hoy\u00bb<\/li>\n<li>25\/09 &#8211; Segundo encuentro: Taller te\u00f3rico-vivencial \u00abJuego y corporalidad\u00bb<\/li>\n<li>09\/10 &#8211; Tercer encuentro: Debate \u00abMiradas sobre el desarrollo\u00bb<\/li>\n<li>23\/10 &#8211; Cuarto encuentro: Experiencias educativas inspiradoras \u00abExperiencias iniciadas &#8211; Enfoques alternativos\u00bb<\/li>\n<\/ul>\n<p>&nbsp;<\/p>\n<h5><strong><img decoding=\"async\" loading=\"lazy\" class=\"wp-image-7531 alignnone\" src=\"https:\/\/ens9001-infd.mendoza.edu.ar\/sitio\/wp-content\/uploads\/2019\/04\/CFC-Iso-trans-1000x627.png\" alt=\"\" width=\"38\" height=\"23\" srcset=\"https:\/\/ens9001-infd.mendoza.edu.ar\/sitio\/wp-content\/uploads\/2019\/04\/CFC-Iso-trans-1000x627.png 1000w, https:\/\/ens9001-infd.mendoza.edu.ar\/sitio\/wp-content\/uploads\/2019\/04\/CFC-Iso-trans-768x482.png 768w, https:\/\/ens9001-infd.mendoza.edu.ar\/sitio\/wp-content\/uploads\/2019\/04\/CFC-Iso-trans.png 1239w\" sizes=\"(max-width: 38px) 100vw, 38px\" \/>\u00a0D<\/strong>\u00edas y horarios de cursado:<\/h5>\n<ul>\n<li style=\"font-weight: 400;\"><b>Primer encuentro:<\/b><span style=\"font-weight: 400;\"> jueves 12 de septiembre de 15 a 18 hs.<\/span><\/li>\n<li style=\"font-weight: 400;\"><b>Segundo encuentro:<\/b><span style=\"font-weight: 400;\"> mi\u00e9rcoles 25 de septiembre de 15 a 18 hs.<\/span><\/li>\n<li style=\"font-weight: 400;\"><b>Tercer encuentro:<\/b><span style=\"font-weight: 400;\"> mi\u00e9rcoles 9\u00a0 de octubre de 15 a 18 hs.<\/span><\/li>\n<li style=\"font-weight: 400;\"><b>Cuarto encuentro:\u00a0<span style=\"font-weight: 400;\">mi\u00e9rcoles 23\u00a0 de octubre de 15 a 18 hs.<\/span><\/b><\/li>\n<\/ul>\n<p>&nbsp;<\/p>\n<h5><strong><img decoding=\"async\" loading=\"lazy\" class=\"wp-image-7531 alignnone\" src=\"https:\/\/ens9001-infd.mendoza.edu.ar\/sitio\/wp-content\/uploads\/2019\/04\/CFC-Iso-trans-1000x627.png\" alt=\"\" width=\"38\" height=\"23\" srcset=\"https:\/\/ens9001-infd.mendoza.edu.ar\/sitio\/wp-content\/uploads\/2019\/04\/CFC-Iso-trans-1000x627.png 1000w, https:\/\/ens9001-infd.mendoza.edu.ar\/sitio\/wp-content\/uploads\/2019\/04\/CFC-Iso-trans-768x482.png 768w, https:\/\/ens9001-infd.mendoza.edu.ar\/sitio\/wp-content\/uploads\/2019\/04\/CFC-Iso-trans.png 1239w\" sizes=\"(max-width: 38px) 100vw, 38px\" \/>\u00a0Agendas de encuentros y especialistas<\/strong>:<\/h5>\n<p>En cada encuentro se contar\u00e1 con los siguientes especialistas:<\/p>\n<ul>\n<li><span style=\"text-decoration: underline;\">Primer encuentro<\/span>: <strong>Ruth Harf &#8211;\u00a0Patricia Lacerna<\/strong>. Moderadora: <strong>Prof. Laura Soto<\/strong>. Ver agenda <a href=\"https:\/\/drive.google.com\/file\/d\/17ocV-40Ze-32RareKKC49Yo9doVCPPgg\/view?usp=sharing\"><span style=\"text-decoration: underline;\"><strong>aqu\u00ed<\/strong><\/span><\/a><\/li>\n<li><span style=\"text-decoration: underline;\">Segundo encuentro<\/span>: <strong>Mar\u00eda Elena Candelero &#8211; \u201cGrito Manso\u201d<\/strong>. Moderadora: <strong>Alicia Navia<\/strong>. Ver agenda <a href=\"https:\/\/drive.google.com\/file\/d\/1KudIT72gPZWfE823AwJXhHu5hoaQRZWp\/view?usp=sharing\"><span style=\"text-decoration: underline;\"><strong>aqu\u00ed<\/strong><\/span><\/a><\/li>\n<li><span style=\"text-decoration: underline;\">Tercero encuentro<\/span>: <strong>Marcela Gallella &#8211;\u00a0Patricia Fittipaldi &#8211; M\u00f3nica Pereyra &#8211; Erika Iba\u00f1ez<\/strong>. Moderadora: <strong>Alicia Navia<\/strong>. Ver agenda <a href=\"https:\/\/drive.google.com\/open?id=1uN2LCzHMpjgOgsOQV-flPTtaiogjut_f\"><span style=\"text-decoration: underline;\"><strong>aqu\u00ed<\/strong><\/span><\/a><\/li>\n<li><span style=\"text-decoration: underline;\">Cuarto encuentro<\/span>: <strong>Mar\u00eda Elena Gatto (Jard\u00edn Maternal 9-001 Anexo \u201cPedro Pablo Agnesi\u201d) &#8211;\u00a0Carina Gereduz (Jard\u00edn Maternal \u201cArrullo de Luz\u201d) &#8211; Paula Crowe (Jard\u00edn Maternal \u201cMataque\u201d)<\/strong>. Moderadora: <strong>Yolanda Masman<\/strong>. Ver agenda <a href=\"https:\/\/drive.google.com\/open?id=1abPWS9sPZYZp7sX-XfNl8tPE7MNVjkB0\"><span style=\"text-decoration: underline;\"><strong>aqu\u00ed<\/strong><\/span><\/a><\/li>\n<\/ul>\n<p>&nbsp;<\/p>\n<h5><strong><img decoding=\"async\" loading=\"lazy\" class=\"wp-image-7531 alignnone\" src=\"https:\/\/ens9001-infd.mendoza.edu.ar\/sitio\/wp-content\/uploads\/2019\/04\/CFC-Iso-trans-1000x627.png\" alt=\"\" width=\"38\" height=\"23\" srcset=\"https:\/\/ens9001-infd.mendoza.edu.ar\/sitio\/wp-content\/uploads\/2019\/04\/CFC-Iso-trans-1000x627.png 1000w, https:\/\/ens9001-infd.mendoza.edu.ar\/sitio\/wp-content\/uploads\/2019\/04\/CFC-Iso-trans-768x482.png 768w, https:\/\/ens9001-infd.mendoza.edu.ar\/sitio\/wp-content\/uploads\/2019\/04\/CFC-Iso-trans.png 1239w\" sizes=\"(max-width: 38px) 100vw, 38px\" \/>\u00a0Evaluaci\u00f3n y requisitos de acreditaci\u00f3n<\/strong>:<\/h5>\n<p>La <strong>evaluaci\u00f3n<\/strong> consistir\u00e1 en la presentaci\u00f3n individual de un texto narrativo que documente lo vivenciado y analizado en los cuatro encuentros. Se emitir\u00e1n certificados de aprobaci\u00f3n del ciclo a quienes hayan cumplido con las exigencias de la evaluaci\u00f3n y la <strong>asistencia al 75% de los encuentros<\/strong>.<\/p>\n<p>&nbsp;<\/p>\n<h5><strong><img decoding=\"async\" loading=\"lazy\" class=\"wp-image-7531 alignnone\" src=\"https:\/\/ens9001-infd.mendoza.edu.ar\/sitio\/wp-content\/uploads\/2019\/04\/CFC-Iso-trans-1000x627.png\" alt=\"\" width=\"38\" height=\"23\" srcset=\"https:\/\/ens9001-infd.mendoza.edu.ar\/sitio\/wp-content\/uploads\/2019\/04\/CFC-Iso-trans-1000x627.png 1000w, https:\/\/ens9001-infd.mendoza.edu.ar\/sitio\/wp-content\/uploads\/2019\/04\/CFC-Iso-trans-768x482.png 768w, https:\/\/ens9001-infd.mendoza.edu.ar\/sitio\/wp-content\/uploads\/2019\/04\/CFC-Iso-trans.png 1239w\" sizes=\"(max-width: 38px) 100vw, 38px\" \/>\u00a0Informes e inscripci\u00f3n<\/strong>:<\/h5>\n<p><span style=\"font-weight: 400;\">Los\/as interesados deber\u00e1n pre-inscribirse a trav\u00e9s del formulario digital y <\/span><b>completar el proceso de inscripci\u00f3n<\/b><span style=\"font-weight: 400;\"> en la bedel\u00eda del Centro de Formaci\u00f3n Continua (Chubut y Balcarce, 1\u00ba piso) de <\/span><b>lunes a viernes de 8 a 12:30 hs. y de 15 a 18:30 hs.<\/b><\/p>\n<p>&nbsp;<\/p>\n<h2 style=\"text-align: center;\"><a href=\"https:\/\/docs.google.com\/forms\/d\/e\/1FAIpQLSeGVNjEdoS-e_cjOL4hxHLmWyuiCKWO39xOCHjAw2gaA9cYaA\/viewform?usp=sf_link\"><strong><span style=\"text-decoration: underline;\">Formulario de pre-inscripci\u00f3n<\/span><\/strong><\/a><\/h2>\n<p style=\"text-align: center;\"><a href=\"https:\/\/ens9001-infd.mendoza.edu.ar\/sitio\/\"><span style=\"text-decoration: underline;\"><strong>Volver a la p\u00e1gina principal<\/strong><\/span><\/a><\/p>\n<p>&nbsp;<\/p>\n","protected":false},"excerpt":{"rendered":"<p>Primer Ciclo de Capacitaciones: \u201cConfiguraciones l\u00fadicas de las infancias del siglo XXI\u201d Teor\u00edas y Praxis &nbsp; \u00a0Descripci\u00f3n de la propuesta: Pensar en configuraciones l\u00fadicas para las infancias del siglo XXI nos invita a posicionarnos en el hoy de los marcos te\u00f3ricos socio-hist\u00f3ricos y culturales que mueven desde la pedagog\u00eda, la did\u00e1ctica y otras ciencias el &#8230; <a title=\"Configuraciones l\u00fadicas de las infancias del siglo XXI\" class=\"read-more\" href=\"https:\/\/ens9001-infd.mendoza.edu.ar\/sitio\/configuraciones-ludicas-de-las-infancias\/\" aria-label=\"More on Configuraciones l\u00fadicas de las infancias del siglo XXI\">[+]<\/a><\/p>\n","protected":false},"author":6668,"featured_media":0,"parent":0,"menu_order":0,"comment_status":"closed","ping_status":"closed","template":"","meta":[],"acf":[],"_links":{"self":[{"href":"https:\/\/ens9001-infd.mendoza.edu.ar\/sitio\/wp-json\/wp\/v2\/pages\/8796"}],"collection":[{"href":"https:\/\/ens9001-infd.mendoza.edu.ar\/sitio\/wp-json\/wp\/v2\/pages"}],"about":[{"href":"https:\/\/ens9001-infd.mendoza.edu.ar\/sitio\/wp-json\/wp\/v2\/types\/page"}],"author":[{"embeddable":true,"href":"https:\/\/ens9001-infd.mendoza.edu.ar\/sitio\/wp-json\/wp\/v2\/users\/6668"}],"replies":[{"embeddable":true,"href":"https:\/\/ens9001-infd.mendoza.edu.ar\/sitio\/wp-json\/wp\/v2\/comments?post=8796"}],"version-history":[{"count":19,"href":"https:\/\/ens9001-infd.mendoza.edu.ar\/sitio\/wp-json\/wp\/v2\/pages\/8796\/revisions"}],"predecessor-version":[{"id":11866,"href":"https:\/\/ens9001-infd.mendoza.edu.ar\/sitio\/wp-json\/wp\/v2\/pages\/8796\/revisions\/11866"}],"wp:attachment":[{"href":"https:\/\/ens9001-infd.mendoza.edu.ar\/sitio\/wp-json\/wp\/v2\/media?parent=8796"}],"curies":[{"name":"wp","href":"https:\/\/api.w.org\/{rel}","templated":true}]}}