{"id":8194,"date":"2019-05-26T19:50:28","date_gmt":"2019-05-26T22:50:28","guid":{"rendered":"https:\/\/ens9001-mza.infd.edu.ar\/sitio\/?page_id=8194"},"modified":"2019-05-26T20:14:10","modified_gmt":"2019-05-26T23:14:10","slug":"taller-de-comportamiento-del-consumidor","status":"publish","type":"page","link":"https:\/\/ens9001-infd.mendoza.edu.ar\/sitio\/taller-de-comportamiento-del-consumidor\/","title":{"rendered":"Taller de \u00abComportamiento del consumidor\u00bb"},"content":{"rendered":"<p><img decoding=\"async\" loading=\"lazy\" class=\"alignnone size-medium wp-image-7528\" src=\"https:\/\/ens9001-infd.mendoza.edu.ar\/sitio\/wp-content\/uploads\/2019\/04\/Membrete-2-1000x134.png\" alt=\"\" width=\"1000\" height=\"134\" srcset=\"https:\/\/ens9001-infd.mendoza.edu.ar\/sitio\/wp-content\/uploads\/2019\/04\/Membrete-2-1000x134.png 1000w, https:\/\/ens9001-infd.mendoza.edu.ar\/sitio\/wp-content\/uploads\/2019\/04\/Membrete-2-768x103.png 768w, https:\/\/ens9001-infd.mendoza.edu.ar\/sitio\/wp-content\/uploads\/2019\/04\/Membrete-2-1900x255.png 1900w\" sizes=\"(max-width: 1000px) 100vw, 1000px\" \/><\/p>\n<h5>Cursos de capacitaci\u00f3n t\u00e9cnico-profesional:<\/h5>\n<h4 style=\"text-align: center;\"><span style=\"font-weight: 400;\">Taller de \u00abComportamiento del consumidor\u00bb<\/span><\/h4>\n<p>&nbsp;<\/p>\n<p>Curso dictado en el marco del Proyecto de Credito Fiscal &#8211; INET 2016 otorgado al IESDyT 9-001 \u00abGral Jos\u00e9 de San Mart\u00edn\u00bb en 2018.<\/p>\n<h4><strong><img decoding=\"async\" loading=\"lazy\" class=\"wp-image-7531 alignnone\" src=\"https:\/\/ens9001-infd.mendoza.edu.ar\/sitio\/wp-content\/uploads\/2019\/04\/CFC-Iso-trans-1000x627.png\" alt=\"\" width=\"38\" height=\"23\" srcset=\"https:\/\/ens9001-infd.mendoza.edu.ar\/sitio\/wp-content\/uploads\/2019\/04\/CFC-Iso-trans-1000x627.png 1000w, https:\/\/ens9001-infd.mendoza.edu.ar\/sitio\/wp-content\/uploads\/2019\/04\/CFC-Iso-trans-768x482.png 768w, https:\/\/ens9001-infd.mendoza.edu.ar\/sitio\/wp-content\/uploads\/2019\/04\/CFC-Iso-trans.png 1239w\" sizes=\"(max-width: 38px) 100vw, 38px\" \/>\u00a0 D\u00edas y horarios de cursado<\/strong><\/h4>\n<p>El Taller de \u00abComportamiento del Consumidor\u00bb comienza a cursarse el<strong> Jueves 30 de mayo<\/strong> pr\u00f3ximo y consta de 10 encuentros de 3 horas c\u00e1tedra. Los d\u00edas de cursado son los lunes y jueves a las 19 hs.<\/p>\n<p>&nbsp;<\/p>\n<h4><strong><img decoding=\"async\" loading=\"lazy\" class=\"wp-image-7531 alignnone\" src=\"https:\/\/ens9001-infd.mendoza.edu.ar\/sitio\/wp-content\/uploads\/2019\/04\/CFC-Iso-trans-1000x627.png\" alt=\"\" width=\"38\" height=\"23\" srcset=\"https:\/\/ens9001-infd.mendoza.edu.ar\/sitio\/wp-content\/uploads\/2019\/04\/CFC-Iso-trans-1000x627.png 1000w, https:\/\/ens9001-infd.mendoza.edu.ar\/sitio\/wp-content\/uploads\/2019\/04\/CFC-Iso-trans-768x482.png 768w, https:\/\/ens9001-infd.mendoza.edu.ar\/sitio\/wp-content\/uploads\/2019\/04\/CFC-Iso-trans.png 1239w\" sizes=\"(max-width: 38px) 100vw, 38px\" \/>\u00a0 Contenidos<\/strong><\/h4>\n<p>El M\u00f3dulo de esta convocatoria abarca los siguientes <strong>temas<\/strong>:<\/p>\n<ul>\n<li>La influencia de factores ex\u00f3genos que afectan el comportamiento del consumidor: La cultura, familia, clase social, publicidad, los grupos sociales, etc.<\/li>\n<li>La influencia de factores end\u00f3genos que afectan el comportamiento del consumidor. Consumidor y estilo de vida. Status. Distinci\u00f3n. Su relaci\u00f3n con el producto.<\/li>\n<li>La investigaci\u00f3n del comportamiento del consumidor y el Marketing. Aplicaci\u00f3n de metodolog\u00edas cuantitativas-cualitativas. Matrices. Estrategias de captaci\u00f3n y posicionamiento. Estudios de casos.<\/li>\n<\/ul>\n<p>&nbsp;<\/p>\n<h4><strong><img decoding=\"async\" loading=\"lazy\" class=\"wp-image-7531 alignnone\" src=\"https:\/\/ens9001-infd.mendoza.edu.ar\/sitio\/wp-content\/uploads\/2019\/04\/CFC-Iso-trans-1000x627.png\" alt=\"\" width=\"38\" height=\"23\" srcset=\"https:\/\/ens9001-infd.mendoza.edu.ar\/sitio\/wp-content\/uploads\/2019\/04\/CFC-Iso-trans-1000x627.png 1000w, https:\/\/ens9001-infd.mendoza.edu.ar\/sitio\/wp-content\/uploads\/2019\/04\/CFC-Iso-trans-768x482.png 768w, https:\/\/ens9001-infd.mendoza.edu.ar\/sitio\/wp-content\/uploads\/2019\/04\/CFC-Iso-trans.png 1239w\" sizes=\"(max-width: 38px) 100vw, 38px\" \/>\u00a0 Profesor a cargo<\/strong><\/h4>\n<p>Lic. Dami\u00e1n Sasson<\/p>\n<p>&nbsp;<\/p>\n<h4><strong><img decoding=\"async\" loading=\"lazy\" class=\"wp-image-7531 alignnone\" src=\"https:\/\/ens9001-infd.mendoza.edu.ar\/sitio\/wp-content\/uploads\/2019\/04\/CFC-Iso-trans-1000x627.png\" alt=\"\" width=\"38\" height=\"23\" srcset=\"https:\/\/ens9001-infd.mendoza.edu.ar\/sitio\/wp-content\/uploads\/2019\/04\/CFC-Iso-trans-1000x627.png 1000w, https:\/\/ens9001-infd.mendoza.edu.ar\/sitio\/wp-content\/uploads\/2019\/04\/CFC-Iso-trans-768x482.png 768w, https:\/\/ens9001-infd.mendoza.edu.ar\/sitio\/wp-content\/uploads\/2019\/04\/CFC-Iso-trans.png 1239w\" sizes=\"(max-width: 38px) 100vw, 38px\" \/>\u00a0 Destinatarios<\/strong><\/h4>\n<p>Curso dirigido al p\u00fablico en general. Limitado a 25 alumnos.<\/p>\n<p>&nbsp;<\/p>\n<h4><strong><img decoding=\"async\" loading=\"lazy\" class=\"wp-image-7531 alignnone\" src=\"https:\/\/ens9001-infd.mendoza.edu.ar\/sitio\/wp-content\/uploads\/2019\/04\/CFC-Iso-trans-1000x627.png\" alt=\"\" width=\"38\" height=\"23\" srcset=\"https:\/\/ens9001-infd.mendoza.edu.ar\/sitio\/wp-content\/uploads\/2019\/04\/CFC-Iso-trans-1000x627.png 1000w, https:\/\/ens9001-infd.mendoza.edu.ar\/sitio\/wp-content\/uploads\/2019\/04\/CFC-Iso-trans-768x482.png 768w, https:\/\/ens9001-infd.mendoza.edu.ar\/sitio\/wp-content\/uploads\/2019\/04\/CFC-Iso-trans.png 1239w\" sizes=\"(max-width: 38px) 100vw, 38px\" \/>\u00a0 Inscripciones<\/strong><\/h4>\n<p>Se solicita una colaboraci\u00f3n voluntaria a la Asociaci\u00f3n Cooperadora para afrontar gastos institucionales. Es condici\u00f3n para la inscripci\u00f3n definitiva que el alumno confirme su participaci\u00f3n PERSONALMENTE en oficina de Asociaci\u00f3n Cooperadora en Sede Central del IESDyT 9-001 en Calle Chubut esquina Balcarce de la Ciudad de San Mart\u00edn.<\/p>\n<p>D\u00edas y horarios de atenci\u00f3n: Lunes a s\u00e1bado de 8:30 a 12:30 y Lunes a viernes de 15:00 a 18:30.<\/p>\n<h4 style=\"text-align: center;\"><span style=\"text-decoration: underline;\"><strong><a title=\"https:\/\/docs.google.com\/forms\/d\/e\/1FAIpQLSfYc20xSJ22m1o-pT0EqKn4Wzd4y6CuAURhn3dq8Y5bq1d4FQ\/viewform?usp=sf_link\" href=\"https:\/\/docs.google.com\/forms\/d\/e\/1FAIpQLSfYc20xSJ22m1o-pT0EqKn4Wzd4y6CuAURhn3dq8Y5bq1d4FQ\/viewform?usp=sf_link\" target=\"_blank\" rel=\"noopener\" data-saferedirecturl=\"https:\/\/www.google.com\/url?q=https:\/\/docs.google.com\/forms\/d\/e\/1FAIpQLSfYc20xSJ22m1o-pT0EqKn4Wzd4y6CuAURhn3dq8Y5bq1d4FQ\/viewform?usp%3Dsf_link&amp;source=gmail&amp;ust=1558878510931000&amp;usg=AFQjCNFHNvxSLAqhe6CGdM2hVa-_QGPqAw\" data-mt-detrack-inspected=\"true\">\u201cPara pre-inscribirse hacer clic aqu\u00ed\u201d<\/a><\/strong><\/span><\/h4>\n<p><img decoding=\"async\" loading=\"lazy\" class=\" wp-image-8162 aligncenter\" src=\"https:\/\/ens9001-infd.mendoza.edu.ar\/sitio\/wp-content\/uploads\/2019\/05\/WhatsApp-Image-2019-05-23-at-11.25.18-952x1000.jpeg\" alt=\"\" width=\"806\" height=\"847\" srcset=\"https:\/\/ens9001-infd.mendoza.edu.ar\/sitio\/wp-content\/uploads\/2019\/05\/WhatsApp-Image-2019-05-23-at-11.25.18-952x1000.jpeg 952w, https:\/\/ens9001-infd.mendoza.edu.ar\/sitio\/wp-content\/uploads\/2019\/05\/WhatsApp-Image-2019-05-23-at-11.25.18-768x806.jpeg 768w, https:\/\/ens9001-infd.mendoza.edu.ar\/sitio\/wp-content\/uploads\/2019\/05\/WhatsApp-Image-2019-05-23-at-11.25.18.jpeg 1219w\" sizes=\"(max-width: 806px) 100vw, 806px\" \/><\/p>\n<p>&nbsp;<\/p>\n<p style=\"text-align: center;\"><a href=\"https:\/\/ens9001-infd.mendoza.edu.ar\/sitio\/ofertas-2019-del-centro-de-formacion-continua-9-001\/\"><strong>Ver m\u00e1s ofertas de Formaci\u00f3n Continua 2019<\/strong><\/a><\/p>\n","protected":false},"excerpt":{"rendered":"<p>Cursos de capacitaci\u00f3n t\u00e9cnico-profesional: Taller de \u00abComportamiento del consumidor\u00bb &nbsp; Curso dictado en el marco del Proyecto de Credito Fiscal &#8211; INET 2016 otorgado al IESDyT 9-001 \u00abGral Jos\u00e9 de San Mart\u00edn\u00bb en 2018. \u00a0 D\u00edas y horarios de cursado El Taller de \u00abComportamiento del Consumidor\u00bb comienza a cursarse el Jueves 30 de mayo pr\u00f3ximo &#8230; <a title=\"Taller de \u00abComportamiento del consumidor\u00bb\" class=\"read-more\" href=\"https:\/\/ens9001-infd.mendoza.edu.ar\/sitio\/taller-de-comportamiento-del-consumidor\/\" aria-label=\"More on Taller de \u00abComportamiento del consumidor\u00bb\">[+]<\/a><\/p>\n","protected":false},"author":6668,"featured_media":0,"parent":0,"menu_order":0,"comment_status":"closed","ping_status":"closed","template":"","meta":[],"acf":[],"_links":{"self":[{"href":"https:\/\/ens9001-infd.mendoza.edu.ar\/sitio\/wp-json\/wp\/v2\/pages\/8194"}],"collection":[{"href":"https:\/\/ens9001-infd.mendoza.edu.ar\/sitio\/wp-json\/wp\/v2\/pages"}],"about":[{"href":"https:\/\/ens9001-infd.mendoza.edu.ar\/sitio\/wp-json\/wp\/v2\/types\/page"}],"author":[{"embeddable":true,"href":"https:\/\/ens9001-infd.mendoza.edu.ar\/sitio\/wp-json\/wp\/v2\/users\/6668"}],"replies":[{"embeddable":true,"href":"https:\/\/ens9001-infd.mendoza.edu.ar\/sitio\/wp-json\/wp\/v2\/comments?post=8194"}],"version-history":[{"count":6,"href":"https:\/\/ens9001-infd.mendoza.edu.ar\/sitio\/wp-json\/wp\/v2\/pages\/8194\/revisions"}],"predecessor-version":[{"id":8201,"href":"https:\/\/ens9001-infd.mendoza.edu.ar\/sitio\/wp-json\/wp\/v2\/pages\/8194\/revisions\/8201"}],"wp:attachment":[{"href":"https:\/\/ens9001-infd.mendoza.edu.ar\/sitio\/wp-json\/wp\/v2\/media?parent=8194"}],"curies":[{"name":"wp","href":"https:\/\/api.w.org\/{rel}","templated":true}]}}