{"id":8055,"date":"2019-05-14T16:29:37","date_gmt":"2019-05-14T19:29:37","guid":{"rendered":"https:\/\/ens9001-mza.infd.edu.ar\/sitio\/?page_id=8055"},"modified":"2025-07-29T10:38:31","modified_gmt":"2025-07-29T13:38:31","slug":"area-egresados-protocolo","status":"publish","type":"page","link":"https:\/\/ens9001-infd.mendoza.edu.ar\/sitio\/area-egresados-protocolo\/","title":{"rendered":"\u00c1rea Egresados &#8211; Protocolo"},"content":{"rendered":"<p><img decoding=\"async\" loading=\"lazy\" class=\"wp-image-8071 aligncenter\" src=\"https:\/\/ens9001-infd.mendoza.edu.ar\/sitio\/wp-content\/uploads\/2019\/05\/Logo-Egresados.jpeg\" alt=\"\" width=\"297\" height=\"99\" srcset=\"https:\/\/ens9001-infd.mendoza.edu.ar\/sitio\/wp-content\/uploads\/2019\/05\/Logo-Egresados.jpeg 904w, https:\/\/ens9001-infd.mendoza.edu.ar\/sitio\/wp-content\/uploads\/2019\/05\/Logo-Egresados-768x257.jpeg 768w\" sizes=\"(max-width: 297px) 100vw, 297px\" \/><\/p>\n<h4><\/h4>\n<p>&nbsp;<\/p>\n<h4><b>Ciclo de videos tutoriales \u201cProtocolo del Egresado\u201d<\/b><\/h4>\n<h5>1- Presentaci\u00f3n<\/h5>\n<p><span style=\"font-weight: 400;\">Se trata de una <\/span><span style=\"font-weight: 400;\">propuesta que orientada al fortalecimiento de los trayectos ocupacionales en el inicio de la docencia. Con un dise\u00f1o \u00e1gil y din\u00e1mico, la informaci\u00f3n que proveen los videos est\u00e1 relacionada con las distintas instancias administrativas y tr\u00e1mites diversos que se deben cumplimentar para acceder a la docencia de nivel secundario en nuestra provincia.<\/span><\/p>\n<p><span style=\"font-weight: 400;\">Las fuentes a partir de las cuales han sido elaborados estos tutoriales son aquellas leyes, decretos, resoluciones, circulares, etc. que componen el marco normativo respecto de dichos tr\u00e1mites.<\/span><\/p>\n<p><span style=\"font-weight: 400;\">Cada quince d\u00edas ser\u00e1 publicado un nuevo tutorial sobre un tema espec\u00edfico, tanto en esta p\u00e1gina como en el canal de <\/span><i><span style=\"font-weight: 400;\">Youtube <\/span><\/i><span style=\"font-weight: 400;\">del Centro de Egresados. Para quienes deseen ampliar la informaci\u00f3n, junto con cada video se encontrar\u00e1 disponible un v\u00ednculo a la p\u00e1gina oficial donde se encuentra la normativa sobre el tema que haya sido presentado.<\/span><\/p>\n<p><span style=\"font-weight: 400;\">Se espera contar con la valoraci\u00f3n y los aportes de todas aquellas personas que visualicen estas producciones, los cuales contribuyan con sugerencias de mejoras, de actualizaci\u00f3n de la informaci\u00f3n, as\u00ed como propuestas de nuevos temas a tratar. A estos efectos, aqu\u00ed se ofrece informaci\u00f3n de contacto para comunicarse con el Centro de Egresados.<\/span><\/p>\n<p><span style=\"font-weight: 400;\">El primer video que se publica a continuaci\u00f3n es el corto de <\/span><b>presentaci\u00f3n del ciclo de tutoriales<\/b><span style=\"font-weight: 400;\">. <\/span><\/p>\n<p>&nbsp;<\/p>\n<p style=\"text-align: center;\"><iframe loading=\"lazy\" src=\"https:\/\/www.youtube.com\/embed\/0mbNkNQ4zDQ\" width=\"720\" height=\"540\" frameborder=\"0\" allowfullscreen=\"allowfullscreen\"><\/iframe><\/p>\n<p>&nbsp;<\/p>\n<h5><b>2- Tramitaci\u00f3n del Bono de Puntaje Docente<\/b><\/h5>\n<p><span style=\"font-weight: 400;\">En esta segunda entrega del ciclo de videos tutoriales, ha sido elaborado a fin de ofrecer informaci\u00f3n relevante sobre procedimientos <\/span><span style=\"font-weight: 400;\">administrativos y tr\u00e1mites diversos que se deben cumplimentar para acceder a la docencia de nivel secundario en nuestra provincia.<\/span><\/p>\n<p><span style=\"font-weight: 400;\">Este video espec\u00edficamente recorre los aspectos m\u00e1s importantes a tener en cuenta para la <\/span><b>tramitaci\u00f3n del Bono de Puntaje Docente de Nivel Secundario<\/b><span style=\"font-weight: 400;\">. <\/span><\/p>\n<p><span style=\"font-weight: 400;\">Las fuentes a partir de las cuales han sido elaborados estos tutoriales son aquellas leyes, decretos, resoluciones, circulares, etc. que componen el marco normativo respecto de dichos tr\u00e1mites.<\/span><\/p>\n<p><span style=\"font-weight: 400;\">Previamente a la exposici\u00f3n de este video se recomienda realizar una lectura de la siguiente informaci\u00f3n, la cual complementa a la del tutorial.<\/span><\/p>\n<p><b><i>\u00daltima inscripci\u00f3n del Bono 2011 de Educaci\u00f3n Secundaria Orientada<\/i><\/b><\/p>\n<p><i><span style=\"font-weight: 400;\">Los\/as miembros de Junta Calificadora de M\u00e9ritos de Secundaria Orientada comunicamos que se har\u00e1 la \u00faltima inscripci\u00f3n del BONO 2011 los d\u00edas 23 y 24 de mayo del 2019, debido a la inminente emisi\u00f3n del Bono 2018.<\/span><\/i><\/p>\n<p><i><span style=\"font-weight: 400;\">Para los\/as gestores de la Zona Sur y Zona Este, se habilitar\u00e1 el sistema los mismos d\u00edas, y deber\u00e1n asistir como se detalla a continuaci\u00f3n para realizar la obtenci\u00f3n del Bono 2011 con la documentaci\u00f3n correspondiente, de acuerdo a los requisitos publicados en el Portal educativo.<\/span><\/i><\/p>\n<ul>\n<li><i><span style=\"font-weight: 400;\">Zona Este \u2013 jueves, 30 de mayo de 2019 \u2013 &nbsp;8 hs.<\/span><\/i><\/li>\n<li><i><span style=\"font-weight: 400;\">Zona Sur \u2013 viernes, 31 de mayo de 2019 \u2013 8 hs.<\/span><\/i><\/li>\n<\/ul>\n<p><b><i>Fuente:<\/i><\/b><i><span style=\"font-weight: 400;\"><a href=\"http:\/\/www.mendoza.edu.ar\/ultima-inscripcion-del-bono-2011-de-educacion-secundaria-orientada\/\"> Junta Calificadora de M\u00e9ritos de Educaci\u00f3n Secundaria Orientada<\/a> &#8211; publicado el 22 mayo de 2019 .<\/span><\/i><\/p>\n<p>&nbsp;<\/p>\n<p style=\"text-align: center;\"><iframe loading=\"lazy\" src=\"https:\/\/www.youtube.com\/embed\/fVJhLYS0a5w\" width=\"720\" height=\"540\" frameborder=\"0\" allowfullscreen=\"allowfullscreen\"><span data-mce-type=\"bookmark\" style=\"display: inline-block; width: 0px; overflow: hidden; line-height: 0;\" class=\"mce_SELRES_start\">\ufeff<\/span><\/iframe><\/p>\n<p>&nbsp;<\/p>\n<h5><b>3- Armado de la carpeta de antecedentes para el 4to llamado<\/b><\/h5>\n<p><span style=\"font-weight: 400;\">En esta es la tercera entrega del ciclo de videos tutoriales elaborado a fin de ofrecer informaci\u00f3n relevante sobre procedimientos <\/span><span style=\"font-weight: 400;\">administrativos y tr\u00e1mites diversos que se deben cumplimentar para acceder a la docencia de nivel secundario en nuestra provincia.<\/span><\/p>\n<p><span style=\"font-weight: 400;\">Este video recorre los requisitos a tener en cuenta en <\/span><strong>el armado de las carpetas de antecedentes para presentarse en un 4to llamado en el Nivel Secundario<\/strong><span style=\"font-weight: 400;\">. <\/span><\/p>\n<p><span style=\"font-weight: 400;\">Las fuentes a partir de las cuales han sido elaborados estos tutoriales son aquellas leyes, decretos, resoluciones, circulares, etc. que componen el marco normativo respecto de dichos tr\u00e1mites.<\/span><\/p>\n<p>&nbsp;<\/p>\n<p style=\"text-align: center;\">pr\u00f3ximamente&#8230;.<\/p>\n<p>&nbsp;<\/p>\n<h5><b>4- Tramitaci\u00f3n del Certificado de Aptitud Psicof\u00edsica para la docencia (por 1ra vez)<\/b><\/h5>\n<p><span style=\"font-weight: 400;\">En esta nueva entrega del ciclo de videos tutoriales elaborado a fin de ofrecer informaci\u00f3n relevante sobre procedimientos <\/span><span style=\"font-weight: 400;\">administrativos y tr\u00e1mites diversos que se deben cumplimentar para acceder a la docencia de nivel secundario en nuestra provincia, se presentan<\/span><span style=\"font-weight: 400;\">&nbsp;los requisitos a tener en cuenta en <\/span><b>la tramitaci\u00f3n del Certificado de aptitud psicof\u00edsica para la docencia (por primera vez)<\/b><span style=\"font-weight: 400;\">.&nbsp;<\/span><\/p>\n<p><span style=\"font-weight: 400;\">Las fuentes a partir de las cuales han sido elaborados estos tutoriales son aquellas leyes, decretos, resoluciones, circulares, etc. que componen el marco normativo respecto de dichos tr\u00e1mites.<\/span><\/p>\n<p>&nbsp;<\/p>\n<p style=\"text-align: center;\"><iframe loading=\"lazy\" src=\"https:\/\/www.youtube.com\/embed\/WtFFI8AsOCU\" width=\"720\" height=\"540\" frameborder=\"0\" allowfullscreen=\"allowfullscreen\"><span data-mce-type=\"bookmark\" style=\"display: inline-block; width: 0px; overflow: hidden; line-height: 0;\" class=\"mce_SELRES_start\">\ufeff<\/span><\/iframe><\/p>\n<p><span style=\"font-weight: 400;\">Para obtener m\u00e1s informaci\u00f3n, podr\u00e1n acceder a la normativa que regula este tr\u00e1mite <a href=\"https:\/\/drive.google.com\/drive\/folders\/1loVRlVGDlr8kEPEPakVQ1Q6h_jKtXQvT\">haciendo clic en el siguiente enlace<\/a>.<\/span><\/p>\n<hr>\n<p><span style=\"font-weight: 400;\">Cabe destacar que cada quince d\u00edas el Centro de Egresados publica un nuevo tutorial sobre un tema espec\u00edfico relacionado con el acceso a la docencia. La publicaci\u00f3n se sube tanto en esta p\u00e1gina como en el canal de <\/span><em><span style=\"font-weight: 400;\">Youtube <\/span><\/em><span style=\"font-weight: 400;\">del Centro de Egresados. Esperamos que la comunidad educativa realice aportes, comentarios y valoraciones sobre los tutoriales a fin de contribuir con la mejora continua de las producciones.<\/span><\/p>\n<hr>\n<p>Nuestros medios de contacto son:<\/p>\n<ul>\n<li>correo-e <a href=\"mailto:centrodeegresados9001@gmail.com\"><span style=\"font-weight: 400;\">centrodeegresados9001@gmail.com<\/span><\/a><\/li>\n<li><a href=\"https:\/\/www.facebook.com\/groups\/220950708070529\/\">Fan Page de Facebook<\/a><\/li>\n<\/ul>\n","protected":false},"excerpt":{"rendered":"<p>&nbsp; Ciclo de videos tutoriales \u201cProtocolo del Egresado\u201d 1- Presentaci\u00f3n Se trata de una propuesta que orientada al fortalecimiento de los trayectos ocupacionales en el inicio de la docencia. Con un dise\u00f1o \u00e1gil y din\u00e1mico, la informaci\u00f3n que proveen los videos est\u00e1 relacionada con las distintas instancias administrativas y tr\u00e1mites diversos que se deben cumplimentar &#8230; <a title=\"\u00c1rea Egresados &#8211; Protocolo\" class=\"read-more\" href=\"https:\/\/ens9001-infd.mendoza.edu.ar\/sitio\/area-egresados-protocolo\/\" aria-label=\"More on \u00c1rea Egresados &#8211; Protocolo\">[+]<\/a><\/p>\n","protected":false},"author":6607,"featured_media":0,"parent":0,"menu_order":0,"comment_status":"closed","ping_status":"closed","template":"","meta":[],"acf":[],"_links":{"self":[{"href":"https:\/\/ens9001-infd.mendoza.edu.ar\/sitio\/wp-json\/wp\/v2\/pages\/8055"}],"collection":[{"href":"https:\/\/ens9001-infd.mendoza.edu.ar\/sitio\/wp-json\/wp\/v2\/pages"}],"about":[{"href":"https:\/\/ens9001-infd.mendoza.edu.ar\/sitio\/wp-json\/wp\/v2\/types\/page"}],"author":[{"embeddable":true,"href":"https:\/\/ens9001-infd.mendoza.edu.ar\/sitio\/wp-json\/wp\/v2\/users\/6607"}],"replies":[{"embeddable":true,"href":"https:\/\/ens9001-infd.mendoza.edu.ar\/sitio\/wp-json\/wp\/v2\/comments?post=8055"}],"version-history":[{"count":15,"href":"https:\/\/ens9001-infd.mendoza.edu.ar\/sitio\/wp-json\/wp\/v2\/pages\/8055\/revisions"}],"predecessor-version":[{"id":21602,"href":"https:\/\/ens9001-infd.mendoza.edu.ar\/sitio\/wp-json\/wp\/v2\/pages\/8055\/revisions\/21602"}],"wp:attachment":[{"href":"https:\/\/ens9001-infd.mendoza.edu.ar\/sitio\/wp-json\/wp\/v2\/media?parent=8055"}],"curies":[{"name":"wp","href":"https:\/\/api.w.org\/{rel}","templated":true}]}}