{"id":7680,"date":"2019-04-10T08:43:38","date_gmt":"2019-04-10T11:43:38","guid":{"rendered":"https:\/\/ens9001-mza.infd.edu.ar\/sitio\/?page_id=7680"},"modified":"2019-05-26T20:25:45","modified_gmt":"2019-05-26T23:25:45","slug":"curso-leo-pero-me-divierto-pensar-ficciones-en-masas","status":"publish","type":"page","link":"https:\/\/ens9001-infd.mendoza.edu.ar\/sitio\/curso-leo-pero-me-divierto-pensar-ficciones-en-masas\/","title":{"rendered":"Curso \u00abLeo pero me divierto. Pensar ficciones en masas\u00bb"},"content":{"rendered":"<p><img decoding=\"async\" loading=\"lazy\" class=\"alignnone size-medium wp-image-7528\" src=\"https:\/\/ens9001-infd.mendoza.edu.ar\/sitio\/wp-content\/uploads\/2019\/04\/Membrete-2-1000x134.png\" alt=\"\" width=\"1000\" height=\"134\" srcset=\"https:\/\/ens9001-infd.mendoza.edu.ar\/sitio\/wp-content\/uploads\/2019\/04\/Membrete-2-1000x134.png 1000w, https:\/\/ens9001-infd.mendoza.edu.ar\/sitio\/wp-content\/uploads\/2019\/04\/Membrete-2-768x103.png 768w, https:\/\/ens9001-infd.mendoza.edu.ar\/sitio\/wp-content\/uploads\/2019\/04\/Membrete-2-1900x255.png 1900w\" sizes=\"(max-width: 1000px) 100vw, 1000px\" \/><\/p>\n<h5>Curso de actualizaci\u00f3n y perfeccionamiento docente con resoluci\u00f3n institucional:<\/h5>\n<h4 style=\"text-align: center;\">Leo pero me divierto. Pensar ficciones en masas<\/h4>\n<p>&nbsp;<\/p>\n<h5><strong><img decoding=\"async\" loading=\"lazy\" class=\"wp-image-7531 alignnone\" src=\"https:\/\/ens9001-infd.mendoza.edu.ar\/sitio\/wp-content\/uploads\/2019\/04\/CFC-Iso-trans-1000x627.png\" alt=\"\" width=\"38\" height=\"23\" srcset=\"https:\/\/ens9001-infd.mendoza.edu.ar\/sitio\/wp-content\/uploads\/2019\/04\/CFC-Iso-trans-1000x627.png 1000w, https:\/\/ens9001-infd.mendoza.edu.ar\/sitio\/wp-content\/uploads\/2019\/04\/CFC-Iso-trans-768x482.png 768w, https:\/\/ens9001-infd.mendoza.edu.ar\/sitio\/wp-content\/uploads\/2019\/04\/CFC-Iso-trans.png 1239w\" sizes=\"(max-width: 38px) 100vw, 38px\" \/>\u00a0Destinatarios<\/strong>:<\/h5>\n<p>Profesores de lengua y literatura, profesores de otras ciencias humanas y sociales, estudiantes, p\u00fablico en general interesado en el tema.<\/p>\n<p>&nbsp;<\/p>\n<h5><strong><img decoding=\"async\" loading=\"lazy\" class=\"wp-image-7531 alignnone\" src=\"https:\/\/ens9001-infd.mendoza.edu.ar\/sitio\/wp-content\/uploads\/2019\/04\/CFC-Iso-trans-1000x627.png\" alt=\"\" width=\"38\" height=\"23\" srcset=\"https:\/\/ens9001-infd.mendoza.edu.ar\/sitio\/wp-content\/uploads\/2019\/04\/CFC-Iso-trans-1000x627.png 1000w, https:\/\/ens9001-infd.mendoza.edu.ar\/sitio\/wp-content\/uploads\/2019\/04\/CFC-Iso-trans-768x482.png 768w, https:\/\/ens9001-infd.mendoza.edu.ar\/sitio\/wp-content\/uploads\/2019\/04\/CFC-Iso-trans.png 1239w\" sizes=\"(max-width: 38px) 100vw, 38px\" \/>\u00a0Profesores responsables<\/strong>:<\/h5>\n<p>Luis Emilio Abraham (UNCuyo, FFyL) &#8211; Inti Soledad Bustos (DGE) &#8211; Gladys Granata (UNCuyo, FFyL) &#8211; Daniel Israel (UNCuyo, FED) &#8211; Diego Niemetz (UNCuyo, FFyL, CONICET) &#8211; Gast\u00f3n Ortiz Bandes (UNCuyo, Colegio Universitario Central) &#8211; Ramiro Z\u00f3 (UNCuyo, FFyL)<\/p>\n<p>&nbsp;<\/p>\n<h5><strong><img decoding=\"async\" loading=\"lazy\" class=\"wp-image-7531 alignnone\" src=\"https:\/\/ens9001-infd.mendoza.edu.ar\/sitio\/wp-content\/uploads\/2019\/04\/CFC-Iso-trans-1000x627.png\" alt=\"\" width=\"38\" height=\"23\" srcset=\"https:\/\/ens9001-infd.mendoza.edu.ar\/sitio\/wp-content\/uploads\/2019\/04\/CFC-Iso-trans-1000x627.png 1000w, https:\/\/ens9001-infd.mendoza.edu.ar\/sitio\/wp-content\/uploads\/2019\/04\/CFC-Iso-trans-768x482.png 768w, https:\/\/ens9001-infd.mendoza.edu.ar\/sitio\/wp-content\/uploads\/2019\/04\/CFC-Iso-trans.png 1239w\" sizes=\"(max-width: 38px) 100vw, 38px\" \/>\u00a0<\/strong>Objetivos de la Formaci\u00f3n:<\/h5>\n<ul>\n<li>Conocer diferentes manifestaciones de la cultura popular\/cultura de masas a trav\u00e9s del an\u00e1lisis de ficciones construidas con diferentes medios y distribuidas por diversos mercados.<\/li>\n<li>Pensar distintas pr\u00e1cticas ficcionales sacando provecho de herramientas te\u00f3ricas que provienen de la teor\u00eda literaria pero tienen un campo de aplicaci\u00f3n mucho m\u00e1s amplio que el de literatura, tal como se la entiende por h\u00e1bito.<\/li>\n<li>Idear estrategias para trabajar con libros, pel\u00edculas, series televisivas, en clases de literatura.<\/li>\n<\/ul>\n<p>&nbsp;<\/p>\n<h5><strong><img decoding=\"async\" loading=\"lazy\" class=\"wp-image-7531 alignnone\" src=\"https:\/\/ens9001-infd.mendoza.edu.ar\/sitio\/wp-content\/uploads\/2019\/04\/CFC-Iso-trans-1000x627.png\" alt=\"\" width=\"38\" height=\"23\" srcset=\"https:\/\/ens9001-infd.mendoza.edu.ar\/sitio\/wp-content\/uploads\/2019\/04\/CFC-Iso-trans-1000x627.png 1000w, https:\/\/ens9001-infd.mendoza.edu.ar\/sitio\/wp-content\/uploads\/2019\/04\/CFC-Iso-trans-768x482.png 768w, https:\/\/ens9001-infd.mendoza.edu.ar\/sitio\/wp-content\/uploads\/2019\/04\/CFC-Iso-trans.png 1239w\" sizes=\"(max-width: 38px) 100vw, 38px\" \/>\u00a0<\/strong>Estructura Curricular:<\/h5>\n<p style=\"text-align: left;\"><strong>M\u00f3dulo I: <\/strong>Introducci\u00f3n te\u00f3rica (Abraham-Israel-Ortiz Bandes)<\/p>\n<p><strong>M\u00f3dulo II:<\/strong> Las ficciones zombis y el monstruo-masa: an\u00e1lisis socio-hist\u00f3rico del g\u00e9nero (Abraham)<\/p>\n<p><strong>M\u00f3dulo III:<\/strong> La novela rosa (Granata)<\/p>\n<p><strong>M\u00f3dulo IV:<\/strong> La ciencia ficci\u00f3n en la encrucijada tecnolog\u00eda-literatura-mercado (Z\u00f3)<\/p>\n<p><strong>M\u00f3dulo V: <\/strong>El terror en la literatura argentina contempor\u00e1nea (Niemetz)<\/p>\n<p><strong>M\u00f3dulo VI: <\/strong>Ficciones en serie (Israel)<\/p>\n<p>&nbsp;<\/p>\n<h5><strong><img decoding=\"async\" loading=\"lazy\" class=\"wp-image-7531 alignnone\" src=\"https:\/\/ens9001-infd.mendoza.edu.ar\/sitio\/wp-content\/uploads\/2019\/04\/CFC-Iso-trans-1000x627.png\" alt=\"\" width=\"38\" height=\"23\" srcset=\"https:\/\/ens9001-infd.mendoza.edu.ar\/sitio\/wp-content\/uploads\/2019\/04\/CFC-Iso-trans-1000x627.png 1000w, https:\/\/ens9001-infd.mendoza.edu.ar\/sitio\/wp-content\/uploads\/2019\/04\/CFC-Iso-trans-768x482.png 768w, https:\/\/ens9001-infd.mendoza.edu.ar\/sitio\/wp-content\/uploads\/2019\/04\/CFC-Iso-trans.png 1239w\" sizes=\"(max-width: 38px) 100vw, 38px\" \/>\u00a0<\/strong>Carga horaria:<\/h5>\n<p>36 horas-reloj (28 presenciales y 8 no-presenciales), equivalentes a 57 horas-c\u00e1tedra.<\/p>\n<p>&nbsp;<\/p>\n<h5><strong><img decoding=\"async\" loading=\"lazy\" class=\"wp-image-7531 alignnone\" src=\"https:\/\/ens9001-infd.mendoza.edu.ar\/sitio\/wp-content\/uploads\/2019\/04\/CFC-Iso-trans-1000x627.png\" alt=\"\" width=\"38\" height=\"23\" srcset=\"https:\/\/ens9001-infd.mendoza.edu.ar\/sitio\/wp-content\/uploads\/2019\/04\/CFC-Iso-trans-1000x627.png 1000w, https:\/\/ens9001-infd.mendoza.edu.ar\/sitio\/wp-content\/uploads\/2019\/04\/CFC-Iso-trans-768x482.png 768w, https:\/\/ens9001-infd.mendoza.edu.ar\/sitio\/wp-content\/uploads\/2019\/04\/CFC-Iso-trans.png 1239w\" sizes=\"(max-width: 38px) 100vw, 38px\" \/>\u00a0<\/strong>D\u00edas y horarios de cursado:<\/h5>\n<p>S\u00e1bados en el horario de 8:30 a 12:30 hs.<\/p>\n<p>&nbsp;<\/p>\n<h5><strong><img decoding=\"async\" loading=\"lazy\" class=\"wp-image-7531 alignnone\" src=\"https:\/\/ens9001-infd.mendoza.edu.ar\/sitio\/wp-content\/uploads\/2019\/04\/CFC-Iso-trans-1000x627.png\" alt=\"\" width=\"38\" height=\"23\" srcset=\"https:\/\/ens9001-infd.mendoza.edu.ar\/sitio\/wp-content\/uploads\/2019\/04\/CFC-Iso-trans-1000x627.png 1000w, https:\/\/ens9001-infd.mendoza.edu.ar\/sitio\/wp-content\/uploads\/2019\/04\/CFC-Iso-trans-768x482.png 768w, https:\/\/ens9001-infd.mendoza.edu.ar\/sitio\/wp-content\/uploads\/2019\/04\/CFC-Iso-trans.png 1239w\" sizes=\"(max-width: 38px) 100vw, 38px\" \/>\u00a0<\/strong>Cronograma de cursado:<\/h5>\n<ul>\n<li>Primer encuentro-M\u00f3dulo I (Israel, Ortiz Bandes, Abraham): <strong>11 de mayo de 2019<\/strong>.<\/li>\n<li>Segundo encuentro-M\u00f3dulo II (Luis Emilio Abraham): <strong>18 de mayo de 2019<\/strong>.<\/li>\n<li>Tercer encuentro-M\u00f3dulo III (Gladys Granata): <strong>01 de junio de 2019<\/strong>.<\/li>\n<li>Cuarto encuentro-M\u00f3dulo IV (Ramiro Z\u00f3, Inti Soledad Bustos): <strong>08 de junio de 2019<\/strong>.<\/li>\n<li>Quinto encuentro-M\u00f3dulo V (Diego Niemetz): <strong>22 de junio de 2019<\/strong>.<\/li>\n<li>Sexto encuentro-M\u00f3dulo VI (Daniel Israel): <strong>29 de junio de 2019<\/strong>.<\/li>\n<li>Mesa redonda: <strong>27 de julio de 2019<\/strong>.<\/li>\n<\/ul>\n<p>&nbsp;<\/p>\n<h5><strong><img decoding=\"async\" loading=\"lazy\" class=\"wp-image-7531 alignnone\" src=\"https:\/\/ens9001-infd.mendoza.edu.ar\/sitio\/wp-content\/uploads\/2019\/04\/CFC-Iso-trans-1000x627.png\" alt=\"\" width=\"38\" height=\"23\" srcset=\"https:\/\/ens9001-infd.mendoza.edu.ar\/sitio\/wp-content\/uploads\/2019\/04\/CFC-Iso-trans-1000x627.png 1000w, https:\/\/ens9001-infd.mendoza.edu.ar\/sitio\/wp-content\/uploads\/2019\/04\/CFC-Iso-trans-768x482.png 768w, https:\/\/ens9001-infd.mendoza.edu.ar\/sitio\/wp-content\/uploads\/2019\/04\/CFC-Iso-trans.png 1239w\" sizes=\"(max-width: 38px) 100vw, 38px\" \/>\u00a0<\/strong>Lugar de Cursado:<\/h5>\n<p>Sede central del Instituto: Chubut y Balcarce &#8211; ciudad de San Mart\u00edn.<\/p>\n<p>&nbsp;<\/p>\n<h5><strong><img decoding=\"async\" loading=\"lazy\" class=\"wp-image-7531 alignnone\" src=\"https:\/\/ens9001-infd.mendoza.edu.ar\/sitio\/wp-content\/uploads\/2019\/04\/CFC-Iso-trans-1000x627.png\" alt=\"\" width=\"38\" height=\"23\" srcset=\"https:\/\/ens9001-infd.mendoza.edu.ar\/sitio\/wp-content\/uploads\/2019\/04\/CFC-Iso-trans-1000x627.png 1000w, https:\/\/ens9001-infd.mendoza.edu.ar\/sitio\/wp-content\/uploads\/2019\/04\/CFC-Iso-trans-768x482.png 768w, https:\/\/ens9001-infd.mendoza.edu.ar\/sitio\/wp-content\/uploads\/2019\/04\/CFC-Iso-trans.png 1239w\" sizes=\"(max-width: 38px) 100vw, 38px\" \/>\u00a0<\/strong>Inicio del cursado:<\/h5>\n<p>Actividad de inicio del Ciclo Lectivo: <strong>S\u00e1bado 13 de abril a las 9:00 hs.<\/strong><\/p>\n<p>&nbsp;<\/p>\n<h5><strong><img decoding=\"async\" loading=\"lazy\" class=\"wp-image-7531 alignnone\" src=\"https:\/\/ens9001-infd.mendoza.edu.ar\/sitio\/wp-content\/uploads\/2019\/04\/CFC-Iso-trans-1000x627.png\" alt=\"\" width=\"38\" height=\"23\" srcset=\"https:\/\/ens9001-infd.mendoza.edu.ar\/sitio\/wp-content\/uploads\/2019\/04\/CFC-Iso-trans-1000x627.png 1000w, https:\/\/ens9001-infd.mendoza.edu.ar\/sitio\/wp-content\/uploads\/2019\/04\/CFC-Iso-trans-768x482.png 768w, https:\/\/ens9001-infd.mendoza.edu.ar\/sitio\/wp-content\/uploads\/2019\/04\/CFC-Iso-trans.png 1239w\" sizes=\"(max-width: 38px) 100vw, 38px\" \/>\u00a0Informes e inscripci\u00f3n<\/strong>:<\/h5>\n<p>Los\/as docentes interesados\/as deber\u00e1n pre-inscribirse a trav\u00e9s del\u00a0formulario digital\u00a0y completar el proceso de inscripci\u00f3n en la oficina de la Asociaci\u00f3n Cooperadora en los siguientes d\u00edas y horarios:<\/p>\n<ul>\n<li>desde el lunes 8 al viernes 12: de 8 a 13 y de 14 a 18 hs.<\/li>\n<\/ul>\n<p>En la oficina de la Asociaci\u00f3n Cooperadora (Chubut y Balcarce, 1\u00ba piso &#8211; San Mart\u00edn) se le informar\u00e1 cu\u00e1l es la documentaci\u00f3n requerida para ser estudiante regular de cada propuesta de formaci\u00f3n continua.<\/p>\n<p>&nbsp;<\/p>\n<h2 style=\"text-align: center;\"><strong>Formulario de pre-inscripci\u00f3n \u2013\u00a0<span style=\"color: #ff0000;\">Inscripciones cerradas<\/span><\/strong><\/h2>\n<p>&nbsp;<\/p>\n<p style=\"text-align: center;\"><a href=\"https:\/\/ens9001-infd.mendoza.edu.ar\/sitio\/ofertas-2019-del-centro-de-formacion-continua-9-001\/\"><strong>Ver m\u00e1s ofertas de Formaci\u00f3n Continua 2019 aqu\u00ed<\/strong><\/a><\/p>\n<p>&nbsp;<\/p>\n","protected":false},"excerpt":{"rendered":"<p>Curso de actualizaci\u00f3n y perfeccionamiento docente con resoluci\u00f3n institucional: Leo pero me divierto. Pensar ficciones en masas &nbsp; \u00a0Destinatarios: Profesores de lengua y literatura, profesores de otras ciencias humanas y sociales, estudiantes, p\u00fablico en general interesado en el tema. &nbsp; \u00a0Profesores responsables: Luis Emilio Abraham (UNCuyo, FFyL) &#8211; Inti Soledad Bustos (DGE) &#8211; Gladys Granata &#8230; <a title=\"Curso \u00abLeo pero me divierto. Pensar ficciones en masas\u00bb\" class=\"read-more\" href=\"https:\/\/ens9001-infd.mendoza.edu.ar\/sitio\/curso-leo-pero-me-divierto-pensar-ficciones-en-masas\/\" aria-label=\"More on Curso \u00abLeo pero me divierto. Pensar ficciones en masas\u00bb\">[+]<\/a><\/p>\n","protected":false},"author":6668,"featured_media":0,"parent":0,"menu_order":0,"comment_status":"closed","ping_status":"closed","template":"","meta":[],"acf":[],"_links":{"self":[{"href":"https:\/\/ens9001-infd.mendoza.edu.ar\/sitio\/wp-json\/wp\/v2\/pages\/7680"}],"collection":[{"href":"https:\/\/ens9001-infd.mendoza.edu.ar\/sitio\/wp-json\/wp\/v2\/pages"}],"about":[{"href":"https:\/\/ens9001-infd.mendoza.edu.ar\/sitio\/wp-json\/wp\/v2\/types\/page"}],"author":[{"embeddable":true,"href":"https:\/\/ens9001-infd.mendoza.edu.ar\/sitio\/wp-json\/wp\/v2\/users\/6668"}],"replies":[{"embeddable":true,"href":"https:\/\/ens9001-infd.mendoza.edu.ar\/sitio\/wp-json\/wp\/v2\/comments?post=7680"}],"version-history":[{"count":7,"href":"https:\/\/ens9001-infd.mendoza.edu.ar\/sitio\/wp-json\/wp\/v2\/pages\/7680\/revisions"}],"predecessor-version":[{"id":8207,"href":"https:\/\/ens9001-infd.mendoza.edu.ar\/sitio\/wp-json\/wp\/v2\/pages\/7680\/revisions\/8207"}],"wp:attachment":[{"href":"https:\/\/ens9001-infd.mendoza.edu.ar\/sitio\/wp-json\/wp\/v2\/media?parent=7680"}],"curies":[{"name":"wp","href":"https:\/\/api.w.org\/{rel}","templated":true}]}}