{"id":7658,"date":"2019-04-09T07:57:04","date_gmt":"2019-04-09T10:57:04","guid":{"rendered":"https:\/\/ens9001-mza.infd.edu.ar\/sitio\/?page_id=7658"},"modified":"2020-06-02T23:25:32","modified_gmt":"2020-06-03T02:25:32","slug":"curso-con-puntaje-docente-educacion-y-participacion-ciudadana-desde-la-perspectiva-de-derechos-humanos","status":"publish","type":"page","link":"https:\/\/ens9001-infd.mendoza.edu.ar\/sitio\/curso-con-puntaje-docente-educacion-y-participacion-ciudadana-desde-la-perspectiva-de-derechos-humanos\/","title":{"rendered":"Curso con puntaje docente: Educaci\u00f3n y participaci\u00f3n ciudadana desde la perspectiva de derechos humanos"},"content":{"rendered":"<p><img decoding=\"async\" loading=\"lazy\" class=\"alignnone size-medium wp-image-7528\" src=\"https:\/\/ens9001-infd.mendoza.edu.ar\/sitio\/wp-content\/uploads\/2019\/04\/Membrete-2-1000x134.png\" alt=\"\" width=\"1000\" height=\"134\" srcset=\"https:\/\/ens9001-infd.mendoza.edu.ar\/sitio\/wp-content\/uploads\/2019\/04\/Membrete-2-1000x134.png 1000w, https:\/\/ens9001-infd.mendoza.edu.ar\/sitio\/wp-content\/uploads\/2019\/04\/Membrete-2-768x103.png 768w, https:\/\/ens9001-infd.mendoza.edu.ar\/sitio\/wp-content\/uploads\/2019\/04\/Membrete-2-1900x255.png 1900w\" sizes=\"(max-width: 1000px) 100vw, 1000px\" \/><\/p>\n<h5>Curso de actualizaci\u00f3n y perfeccionamiento docente\u00a0<strong>(<a href=\"https:\/\/drive.google.com\/file\/d\/1yne9Y3Bcdvi4xtwpYxJam8aaL_scnoN7\/view?usp=sharing\">Resoluci\u00f3n 1698-DGE-19<\/a>)<\/strong>:<\/h5>\n<h4 style=\"text-align: center;\"><span style=\"font-weight: 400;\">Educaci\u00f3n y participaci\u00f3n ciudadana desde la perspectiva de derechos humanos<\/span><\/h4>\n<p>&nbsp;<\/p>\n<h5><strong><img decoding=\"async\" loading=\"lazy\" class=\"wp-image-7531 alignnone\" src=\"https:\/\/ens9001-infd.mendoza.edu.ar\/sitio\/wp-content\/uploads\/2019\/04\/CFC-Iso-trans-1000x627.png\" alt=\"\" width=\"38\" height=\"23\" srcset=\"https:\/\/ens9001-infd.mendoza.edu.ar\/sitio\/wp-content\/uploads\/2019\/04\/CFC-Iso-trans-1000x627.png 1000w, https:\/\/ens9001-infd.mendoza.edu.ar\/sitio\/wp-content\/uploads\/2019\/04\/CFC-Iso-trans-768x482.png 768w, https:\/\/ens9001-infd.mendoza.edu.ar\/sitio\/wp-content\/uploads\/2019\/04\/CFC-Iso-trans.png 1239w\" sizes=\"(max-width: 38px) 100vw, 38px\" \/>\u00a0<\/strong>Resoluci\u00f3n de aprobaci\u00f3n:<\/h5>\n<p><a href=\"https:\/\/drive.google.com\/file\/d\/0BxfczyKA65bPdEtUVFZGdEtBWkdVWGJRRW1hOVFlVHJEZlNB\/view?usp=sharing\">Resoluci\u00f3n N\u00ba 0267-CGES-18<\/a><\/p>\n<p>&nbsp;<\/p>\n<h5><strong><img decoding=\"async\" loading=\"lazy\" class=\"wp-image-7531 alignnone\" src=\"https:\/\/ens9001-infd.mendoza.edu.ar\/sitio\/wp-content\/uploads\/2019\/04\/CFC-Iso-trans-1000x627.png\" alt=\"\" width=\"38\" height=\"23\" srcset=\"https:\/\/ens9001-infd.mendoza.edu.ar\/sitio\/wp-content\/uploads\/2019\/04\/CFC-Iso-trans-1000x627.png 1000w, https:\/\/ens9001-infd.mendoza.edu.ar\/sitio\/wp-content\/uploads\/2019\/04\/CFC-Iso-trans-768x482.png 768w, https:\/\/ens9001-infd.mendoza.edu.ar\/sitio\/wp-content\/uploads\/2019\/04\/CFC-Iso-trans.png 1239w\" sizes=\"(max-width: 38px) 100vw, 38px\" \/>\u00a0Destinatarios<\/strong>:<\/h5>\n<p>Docentes, Directivos y estudiantes avanzados de profesorados.<\/p>\n<p>&nbsp;<\/p>\n<h5><strong><img decoding=\"async\" loading=\"lazy\" class=\"wp-image-7531 alignnone\" src=\"https:\/\/ens9001-infd.mendoza.edu.ar\/sitio\/wp-content\/uploads\/2019\/04\/CFC-Iso-trans-1000x627.png\" alt=\"\" width=\"38\" height=\"23\" srcset=\"https:\/\/ens9001-infd.mendoza.edu.ar\/sitio\/wp-content\/uploads\/2019\/04\/CFC-Iso-trans-1000x627.png 1000w, https:\/\/ens9001-infd.mendoza.edu.ar\/sitio\/wp-content\/uploads\/2019\/04\/CFC-Iso-trans-768x482.png 768w, https:\/\/ens9001-infd.mendoza.edu.ar\/sitio\/wp-content\/uploads\/2019\/04\/CFC-Iso-trans.png 1239w\" sizes=\"(max-width: 38px) 100vw, 38px\" \/>\u00a0<\/strong>Objetivos de la Formaci\u00f3n:<\/h5>\n<ul>\n<li>Comprender las estructuras estatales, los derechos y las responsabilidades nacionales e<br \/>\ninternacionales, los problemas globales y las relaciones entre estos abordajes y el ejercicio de la<br \/>\nciudadan\u00eda.<\/li>\n<li>Analizar nuevas conceptualizaciones sobre la idea de ciudadan\u00eda, participaci\u00f3n democr\u00e1tica y<br \/>\norganizaci\u00f3n social.<\/li>\n<li>Reconocer a la dignidad, la igualdad, la solidaridad y la libertad como valores b\u00e1sicos que orientan<br \/>\nla convivencia y las normas en una sociedad democr\u00e1tica, mediante el an\u00e1lisis cr\u00edtico de los modos<br \/>\nde ejercicio del poder en relaci\u00f3n con el Estado de derecho y el respeto a los derechos humanos.<\/li>\n<li>Comprender y apropiarse de los mecanismos de participaci\u00f3n ciudadana y de otras formas de<br \/>\ninvolucramiento activo en la vida social y democr\u00e1tica.<\/li>\n<li>Brindar herramientas para el ejercicio del poder ciudadano y la defensa de derechos mediante la<br \/>\nutilizaci\u00f3n de las garant\u00edas de que disponen los ciudadanos y ciudadanas para hacerlos valer.<\/li>\n<li>Adquirir valores de equidad y justicia social y capacidades para analizar cr\u00edticamente las<br \/>\ndesigualdades.<\/li>\n<\/ul>\n<p>&nbsp;<\/p>\n<h5><strong><img decoding=\"async\" loading=\"lazy\" class=\"wp-image-7531 alignnone\" src=\"https:\/\/ens9001-infd.mendoza.edu.ar\/sitio\/wp-content\/uploads\/2019\/04\/CFC-Iso-trans-1000x627.png\" alt=\"\" width=\"38\" height=\"23\" srcset=\"https:\/\/ens9001-infd.mendoza.edu.ar\/sitio\/wp-content\/uploads\/2019\/04\/CFC-Iso-trans-1000x627.png 1000w, https:\/\/ens9001-infd.mendoza.edu.ar\/sitio\/wp-content\/uploads\/2019\/04\/CFC-Iso-trans-768x482.png 768w, https:\/\/ens9001-infd.mendoza.edu.ar\/sitio\/wp-content\/uploads\/2019\/04\/CFC-Iso-trans.png 1239w\" sizes=\"(max-width: 38px) 100vw, 38px\" \/>\u00a0<\/strong>Estructura Curricular:<\/h5>\n<p style=\"text-align: left;\"><strong>M\u00f3dulo I: Marco conceptual<\/strong><\/p>\n<ul>\n<li>El Estado<\/li>\n<li>Derechos Humanos<\/li>\n<li>Ciudadan\u00eda<\/li>\n<li>Derechos econ\u00f3micos, sociales y culturales<\/li>\n<\/ul>\n<p><strong>M\u00f3dulo II: Derechos econ\u00f3micos, sociales y culturales y grupos sociales <\/strong><\/p>\n<ul>\n<li>Ni\u00f1os, ni\u00f1as y Adolescentes<\/li>\n<li>Movimiento de Mujeres<\/li>\n<li>Movimiento LGTBIQ<\/li>\n<li>Trabajadores y trabajadoras<\/li>\n<li>Migrantes<\/li>\n<li>Pedagog\u00eda de la memoria<\/li>\n<\/ul>\n<p><strong>M\u00f3dulo III: Educaci\u00f3n como Derecho<\/strong><\/p>\n<ul>\n<li>Ley\u00a0de Educaci\u00f3n Nacional N\u00ba\u00a026.206<\/li>\n<li>La educaci\u00f3n como derecho<\/li>\n<li>Educar en y para derechos humanos.<\/li>\n<li>Recursos did\u00e1cticos seg\u00fan nivel y modalidad<\/li>\n<li>Educaci\u00f3n y participaci\u00f3n Ciudadana desde la perspectiva de derechos humanos<\/li>\n<\/ul>\n<p><strong>M\u00f3dulo IV: Evaluaci\u00f3n<\/strong><\/p>\n<p>&nbsp;<\/p>\n<h5><strong><img decoding=\"async\" loading=\"lazy\" class=\"wp-image-7531 alignnone\" src=\"https:\/\/ens9001-infd.mendoza.edu.ar\/sitio\/wp-content\/uploads\/2019\/04\/CFC-Iso-trans-1000x627.png\" alt=\"\" width=\"38\" height=\"23\" srcset=\"https:\/\/ens9001-infd.mendoza.edu.ar\/sitio\/wp-content\/uploads\/2019\/04\/CFC-Iso-trans-1000x627.png 1000w, https:\/\/ens9001-infd.mendoza.edu.ar\/sitio\/wp-content\/uploads\/2019\/04\/CFC-Iso-trans-768x482.png 768w, https:\/\/ens9001-infd.mendoza.edu.ar\/sitio\/wp-content\/uploads\/2019\/04\/CFC-Iso-trans.png 1239w\" sizes=\"(max-width: 38px) 100vw, 38px\" \/>\u00a0<\/strong>Carga horaria:<\/h5>\n<p>Total: 100 horas c\u00e1tedra<\/p>\n<p>Presenciales: 52 horas c\u00e1tedra<\/p>\n<p>Virtuales: 48 horas c\u00e1tedra<\/p>\n<p>&nbsp;<\/p>\n<h5><strong><img decoding=\"async\" loading=\"lazy\" class=\"wp-image-7531 alignnone\" src=\"https:\/\/ens9001-infd.mendoza.edu.ar\/sitio\/wp-content\/uploads\/2019\/04\/CFC-Iso-trans-1000x627.png\" alt=\"\" width=\"38\" height=\"23\" srcset=\"https:\/\/ens9001-infd.mendoza.edu.ar\/sitio\/wp-content\/uploads\/2019\/04\/CFC-Iso-trans-1000x627.png 1000w, https:\/\/ens9001-infd.mendoza.edu.ar\/sitio\/wp-content\/uploads\/2019\/04\/CFC-Iso-trans-768x482.png 768w, https:\/\/ens9001-infd.mendoza.edu.ar\/sitio\/wp-content\/uploads\/2019\/04\/CFC-Iso-trans.png 1239w\" sizes=\"(max-width: 38px) 100vw, 38px\" \/>\u00a0Lugar, d<\/strong>\u00edas y horarios de cursado:<\/h5>\n<p>En el marco del proyecto de Virtualizaci\u00f3n de la Formaci\u00f3n Continua del Plan de Contingencia Institucional ante la Emergencia Sanitaria.<\/p>\n<p>&nbsp;<\/p>\n<h5><strong><img decoding=\"async\" loading=\"lazy\" class=\"wp-image-7531 alignnone\" src=\"https:\/\/ens9001-infd.mendoza.edu.ar\/sitio\/wp-content\/uploads\/2019\/04\/CFC-Iso-trans-1000x627.png\" alt=\"\" width=\"38\" height=\"23\" srcset=\"https:\/\/ens9001-infd.mendoza.edu.ar\/sitio\/wp-content\/uploads\/2019\/04\/CFC-Iso-trans-1000x627.png 1000w, https:\/\/ens9001-infd.mendoza.edu.ar\/sitio\/wp-content\/uploads\/2019\/04\/CFC-Iso-trans-768x482.png 768w, https:\/\/ens9001-infd.mendoza.edu.ar\/sitio\/wp-content\/uploads\/2019\/04\/CFC-Iso-trans.png 1239w\" sizes=\"(max-width: 38px) 100vw, 38px\" \/>\u00a0<\/strong>Inicio del cursado:<\/h5>\n<p>Actividad de inicio del Ciclo Lectivo del Centro de Formaci\u00f3n Continua: <strong>S\u00e1bado 6 de junio a las 9:30 hs.<\/strong><\/p>\n<p><img decoding=\"async\" loading=\"lazy\" class=\"alignnone wp-image-11107 aligncenter\" src=\"https:\/\/ens9001-infd.mendoza.edu.ar\/sitio\/wp-content\/uploads\/2020\/06\/Web-Daniel-Brailovsky-01-1000x584.jpg\" alt=\"\" width=\"583\" height=\"341\" srcset=\"https:\/\/ens9001-infd.mendoza.edu.ar\/sitio\/wp-content\/uploads\/2020\/06\/Web-Daniel-Brailovsky-01-1000x584.jpg 1000w, https:\/\/ens9001-infd.mendoza.edu.ar\/sitio\/wp-content\/uploads\/2020\/06\/Web-Daniel-Brailovsky-01-768x448.jpg 768w, https:\/\/ens9001-infd.mendoza.edu.ar\/sitio\/wp-content\/uploads\/2020\/06\/Web-Daniel-Brailovsky-01-1900x1109.jpg 1900w, https:\/\/ens9001-infd.mendoza.edu.ar\/sitio\/wp-content\/uploads\/2020\/06\/Web-Daniel-Brailovsky-01.jpg 2000w\" sizes=\"(max-width: 583px) 100vw, 583px\" \/><\/p>\n<h5><strong><img decoding=\"async\" loading=\"lazy\" class=\"wp-image-7531 alignnone\" src=\"https:\/\/ens9001-infd.mendoza.edu.ar\/sitio\/wp-content\/uploads\/2019\/04\/CFC-Iso-trans-1000x627.png\" alt=\"\" width=\"38\" height=\"23\" srcset=\"https:\/\/ens9001-infd.mendoza.edu.ar\/sitio\/wp-content\/uploads\/2019\/04\/CFC-Iso-trans-1000x627.png 1000w, https:\/\/ens9001-infd.mendoza.edu.ar\/sitio\/wp-content\/uploads\/2019\/04\/CFC-Iso-trans-768x482.png 768w, https:\/\/ens9001-infd.mendoza.edu.ar\/sitio\/wp-content\/uploads\/2019\/04\/CFC-Iso-trans.png 1239w\" sizes=\"(max-width: 38px) 100vw, 38px\" \/>\u00a0Inscripci\u00f3n y consultas<\/strong>:<\/h5>\n<p>Los\/as docentes interesados\/as deber\u00e1n pre-inscribirse a trav\u00e9s del\u00a0formulario digital\u00a0y completar el proceso de inscripci\u00f3n de acuerdo a las orientaciones que recibir\u00e1n en su correo electr\u00f3nico enviado desde la Bedel\u00eda del Centro de Formaci\u00f3n Continua: <strong>bedelia.cfc9001@gmail.com<\/strong><\/p>\n<p>Tambi\u00e9n pueden realizar consultas a trav\u00e9s de WhatsApp los siguientes d\u00edas y horarios:<\/p>\n<ul>\n<li>Lunes a viernes: de 10 a 11 y de 17:30 a 18:30 hs.<\/li>\n<\/ul>\n<p>&nbsp;<\/p>\n<p><a href=\"https:\/\/chat.whatsapp.com\/DAEL0ItGLhKLPsfNzV0Lun\"><img decoding=\"async\" loading=\"lazy\" class=\"wp-image-11021 aligncenter\" src=\"https:\/\/ens9001-infd.mendoza.edu.ar\/sitio\/wp-content\/uploads\/2020\/05\/Mesa-de-entradas-CFC-1000x111.jpeg\" alt=\"\" width=\"512\" height=\"57\" srcset=\"https:\/\/ens9001-infd.mendoza.edu.ar\/sitio\/wp-content\/uploads\/2020\/05\/Mesa-de-entradas-CFC-1000x111.jpeg 1000w, https:\/\/ens9001-infd.mendoza.edu.ar\/sitio\/wp-content\/uploads\/2020\/05\/Mesa-de-entradas-CFC-768x85.jpeg 768w, https:\/\/ens9001-infd.mendoza.edu.ar\/sitio\/wp-content\/uploads\/2020\/05\/Mesa-de-entradas-CFC.jpeg 1042w\" sizes=\"(max-width: 512px) 100vw, 512px\" \/><\/a><\/p>\n<p style=\"text-align: center;\"><a href=\"https:\/\/chat.whatsapp.com\/DAEL0ItGLhKLPsfNzV0Lun\"><strong>https:\/\/chat.whatsapp.com\/DAEL0ItGLhKLPsfNzV0Lun<\/strong><\/a><\/p>\n<p>&nbsp;<\/p>\n<p>Las consultas ser\u00e1n respondidas en el transcurso del d\u00eda.<\/p>\n<h2 style=\"padding-left: 30px;\"><\/h2>\n<h2 style=\"text-align: center;\"><strong><a href=\"https:\/\/forms.gle\/avDsraj4aVLsNeAZ7\"><span style=\"text-decoration: underline;\">Formulario de pre-inscripci\u00f3n<\/span><\/a>\u00a0<\/strong><\/h2>\n<p>&nbsp;<\/p>\n<p style=\"text-align: center;\"><a href=\"https:\/\/ens9001-infd.mendoza.edu.ar\/sitio\/propuestas-formativas-2020\/\"><strong>Ver m\u00e1s ofertas de Formaci\u00f3n Continua 2020<\/strong><\/a><\/p>\n<p>&nbsp;<\/p>\n","protected":false},"excerpt":{"rendered":"<p>Curso de actualizaci\u00f3n y perfeccionamiento docente\u00a0(Resoluci\u00f3n 1698-DGE-19): Educaci\u00f3n y participaci\u00f3n ciudadana desde la perspectiva de derechos humanos &nbsp; \u00a0Resoluci\u00f3n de aprobaci\u00f3n: Resoluci\u00f3n N\u00ba 0267-CGES-18 &nbsp; \u00a0Destinatarios: Docentes, Directivos y estudiantes avanzados de profesorados. &nbsp; \u00a0Objetivos de la Formaci\u00f3n: Comprender las estructuras estatales, los derechos y las responsabilidades nacionales e internacionales, los problemas globales y las &#8230; <a title=\"Curso con puntaje docente: Educaci\u00f3n y participaci\u00f3n ciudadana desde la perspectiva de derechos humanos\" class=\"read-more\" href=\"https:\/\/ens9001-infd.mendoza.edu.ar\/sitio\/curso-con-puntaje-docente-educacion-y-participacion-ciudadana-desde-la-perspectiva-de-derechos-humanos\/\" aria-label=\"More on Curso con puntaje docente: Educaci\u00f3n y participaci\u00f3n ciudadana desde la perspectiva de derechos humanos\">[+]<\/a><\/p>\n","protected":false},"author":6668,"featured_media":0,"parent":0,"menu_order":0,"comment_status":"closed","ping_status":"closed","template":"","meta":[],"acf":[],"_links":{"self":[{"href":"https:\/\/ens9001-infd.mendoza.edu.ar\/sitio\/wp-json\/wp\/v2\/pages\/7658"}],"collection":[{"href":"https:\/\/ens9001-infd.mendoza.edu.ar\/sitio\/wp-json\/wp\/v2\/pages"}],"about":[{"href":"https:\/\/ens9001-infd.mendoza.edu.ar\/sitio\/wp-json\/wp\/v2\/types\/page"}],"author":[{"embeddable":true,"href":"https:\/\/ens9001-infd.mendoza.edu.ar\/sitio\/wp-json\/wp\/v2\/users\/6668"}],"replies":[{"embeddable":true,"href":"https:\/\/ens9001-infd.mendoza.edu.ar\/sitio\/wp-json\/wp\/v2\/comments?post=7658"}],"version-history":[{"count":11,"href":"https:\/\/ens9001-infd.mendoza.edu.ar\/sitio\/wp-json\/wp\/v2\/pages\/7658\/revisions"}],"predecessor-version":[{"id":7663,"href":"https:\/\/ens9001-infd.mendoza.edu.ar\/sitio\/wp-json\/wp\/v2\/pages\/7658\/revisions\/7663"}],"wp:attachment":[{"href":"https:\/\/ens9001-infd.mendoza.edu.ar\/sitio\/wp-json\/wp\/v2\/media?parent=7658"}],"curies":[{"name":"wp","href":"https:\/\/api.w.org\/{rel}","templated":true}]}}