{"id":7645,"date":"2019-04-09T00:45:56","date_gmt":"2019-04-09T03:45:56","guid":{"rendered":"https:\/\/ens9001-mza.infd.edu.ar\/sitio\/?page_id=7645"},"modified":"2021-05-08T00:01:32","modified_gmt":"2021-05-08T03:01:32","slug":"curso-con-puntaje-docente-educacion-y-gestion-estatal","status":"publish","type":"page","link":"https:\/\/ens9001-infd.mendoza.edu.ar\/sitio\/curso-con-puntaje-docente-educacion-y-gestion-estatal\/","title":{"rendered":"Post\u00edtulo: Actualizaci\u00f3n acad\u00e9mica en Herramientas para el an\u00e1lisis y gesti\u00f3n de las instituciones de educaci\u00f3n p\u00fablica estatal"},"content":{"rendered":"<p><img decoding=\"async\" loading=\"lazy\" class=\"alignnone size-medium wp-image-7528\" src=\"https:\/\/ens9001-infd.mendoza.edu.ar\/sitio\/wp-content\/uploads\/2019\/04\/Membrete-2-1000x134.png\" alt=\"\" width=\"1000\" height=\"134\" srcset=\"https:\/\/ens9001-infd.mendoza.edu.ar\/sitio\/wp-content\/uploads\/2019\/04\/Membrete-2-1000x134.png 1000w, https:\/\/ens9001-infd.mendoza.edu.ar\/sitio\/wp-content\/uploads\/2019\/04\/Membrete-2-768x103.png 768w, https:\/\/ens9001-infd.mendoza.edu.ar\/sitio\/wp-content\/uploads\/2019\/04\/Membrete-2-1900x255.png 1900w\" sizes=\"(max-width: 1000px) 100vw, 1000px\" \/><\/p>\n<h5>Post\u00edtulo:<\/h5>\n<h4 style=\"text-align: center;\">Actualizaci\u00f3n acad\u00e9mica en Herramientas para el an\u00e1lisis y gesti\u00f3n de las<br \/>\ninstituciones de educaci\u00f3n p\u00fablica estatal<\/h4>\n<p>&nbsp;<\/p>\n<h5><strong><img decoding=\"async\" loading=\"lazy\" class=\"wp-image-7531 alignnone\" src=\"https:\/\/ens9001-infd.mendoza.edu.ar\/sitio\/wp-content\/uploads\/2019\/04\/CFC-Iso-trans-1000x627.png\" alt=\"\" width=\"38\" height=\"23\" srcset=\"https:\/\/ens9001-infd.mendoza.edu.ar\/sitio\/wp-content\/uploads\/2019\/04\/CFC-Iso-trans-1000x627.png 1000w, https:\/\/ens9001-infd.mendoza.edu.ar\/sitio\/wp-content\/uploads\/2019\/04\/CFC-Iso-trans-768x482.png 768w, https:\/\/ens9001-infd.mendoza.edu.ar\/sitio\/wp-content\/uploads\/2019\/04\/CFC-Iso-trans.png 1239w\" sizes=\"(max-width: 38px) 100vw, 38px\" \/>\u00a0<\/strong>Resoluci\u00f3n de aprobaci\u00f3n:<\/h5>\n<p><a href=\"https:\/\/drive.google.com\/file\/d\/1qaX047e6aXhlKsg0xOLJGEsgqIWvvOx5\/view?usp=sharing\">Resoluci\u00f3n N\u00ba 2482-DGE-19<\/a><\/p>\n<p>&nbsp;<\/p>\n<h5><strong><img decoding=\"async\" loading=\"lazy\" class=\"wp-image-7531 alignnone\" src=\"https:\/\/ens9001-infd.mendoza.edu.ar\/sitio\/wp-content\/uploads\/2019\/04\/CFC-Iso-trans-1000x627.png\" alt=\"\" width=\"38\" height=\"23\" srcset=\"https:\/\/ens9001-infd.mendoza.edu.ar\/sitio\/wp-content\/uploads\/2019\/04\/CFC-Iso-trans-1000x627.png 1000w, https:\/\/ens9001-infd.mendoza.edu.ar\/sitio\/wp-content\/uploads\/2019\/04\/CFC-Iso-trans-768x482.png 768w, https:\/\/ens9001-infd.mendoza.edu.ar\/sitio\/wp-content\/uploads\/2019\/04\/CFC-Iso-trans.png 1239w\" sizes=\"(max-width: 38px) 100vw, 38px\" \/>\u00a0<\/strong>Destinatarios:<\/h5>\n<p>Este curso de Actualizaci\u00f3n Acad\u00e9mica est\u00e1 destinado, fundamentalmente a docentes en ejercicio que tienen a su cargo funciones de gesti\u00f3n institucional ligadas a lo educativo en cualquier nivel o modalidad. Tambi\u00e9n a docentes que participan y\/o coordinan proyectos de desarrollo, formaci\u00f3n, extensi\u00f3n y\/o intervenci\u00f3n social (entre otros) en instituciones educativas de cualquier nivel y modalidad. En todos los casos se contempla tambi\u00e9n docentes insertos en instituciones u organizaciones de educaci\u00f3n no formal.<\/p>\n<p>Los requisitos de admisi\u00f3n son: t\u00edtulo docente, t\u00edtulo de educaci\u00f3n superior.<\/p>\n<p>&nbsp;<\/p>\n<h5><strong><img decoding=\"async\" loading=\"lazy\" class=\"wp-image-7531 alignnone\" src=\"https:\/\/ens9001-infd.mendoza.edu.ar\/sitio\/wp-content\/uploads\/2019\/04\/CFC-Iso-trans-1000x627.png\" alt=\"\" width=\"38\" height=\"23\" srcset=\"https:\/\/ens9001-infd.mendoza.edu.ar\/sitio\/wp-content\/uploads\/2019\/04\/CFC-Iso-trans-1000x627.png 1000w, https:\/\/ens9001-infd.mendoza.edu.ar\/sitio\/wp-content\/uploads\/2019\/04\/CFC-Iso-trans-768x482.png 768w, https:\/\/ens9001-infd.mendoza.edu.ar\/sitio\/wp-content\/uploads\/2019\/04\/CFC-Iso-trans.png 1239w\" sizes=\"(max-width: 38px) 100vw, 38px\" \/>\u00a0<\/strong>Objetivos:<\/h5>\n<p>Objetivos generales de la formaci\u00f3n<\/p>\n<p>A trav\u00e9s de la presente propuesta formativa se busca que los\/as cursantes sean capaces de:<\/p>\n<ul>\n<li>Ampliar el desarrollo de competencias para una gesti\u00f3n educativa basada en el impulso de l\u00edneas de acci\u00f3n transformadoras y en la interacci\u00f3n con otros actores de la comunidad educativa.<\/li>\n<li>Realizar an\u00e1lisis cr\u00edtico complejo, multidisciplinar y basado en la diversidad socio-cultural de fen\u00f3menos sociales y pol\u00edticos del pa\u00eds, reconociendo las marcas identitarias regionales.<\/li>\n<li>Utilizar herramientas te\u00f3rico-conceptuales y metodol\u00f3gicas pertinentes para la intervenci\u00f3n social e institucional, en tanto docentes que ejercen cargos de gesti\u00f3n institucional y est\u00e9n a cargo o sean miembros de proyectos de desarrollo socioeducativo.<\/li>\n<\/ul>\n<p>Objetivos espec\u00edficos<\/p>\n<ul>\n<li>Analizar nuevas conceptualizaciones sobre la idea de ciudadan\u00eda, participaci\u00f3n democr\u00e1tica y organizaci\u00f3n social.<\/li>\n<li>Reconocer a la dignidad, la igualdad, y la libertad como valores b\u00e1sicos que orientan la convivencia y las normas en una sociedad democr\u00e1tica y de las instituciones, en este caso, la escuela.<\/li>\n<li>Comprender y apropiarse de los mecanismos de participaci\u00f3n ciudadana, y de otras formas de participaci\u00f3n democr\u00e1tica en la vida social, para el ejercicio del poder ciudadano y la defensa de derechos mediante la utilizaci\u00f3n de las garant\u00edas de que disponen los ciudadanos y ciudadanas para hacerlos valer.<\/li>\n<li>Analizar y apropiarse de los aportes de las nuevas teor\u00edas de gesti\u00f3n de las Instituciones, que se nutre y articula de las aportaciones de otras disciplinas, conformando un nuevo campo de conocimientos que reclama un campo de acci\u00f3n, as\u00ed como de una visi\u00f3n amplia y global.<\/li>\n<\/ul>\n<p>&nbsp;<\/p>\n<h5><strong><img decoding=\"async\" loading=\"lazy\" class=\"wp-image-7531 alignnone\" src=\"https:\/\/ens9001-infd.mendoza.edu.ar\/sitio\/wp-content\/uploads\/2019\/04\/CFC-Iso-trans-1000x627.png\" alt=\"\" width=\"38\" height=\"23\" srcset=\"https:\/\/ens9001-infd.mendoza.edu.ar\/sitio\/wp-content\/uploads\/2019\/04\/CFC-Iso-trans-1000x627.png 1000w, https:\/\/ens9001-infd.mendoza.edu.ar\/sitio\/wp-content\/uploads\/2019\/04\/CFC-Iso-trans-768x482.png 768w, https:\/\/ens9001-infd.mendoza.edu.ar\/sitio\/wp-content\/uploads\/2019\/04\/CFC-Iso-trans.png 1239w\" sizes=\"(max-width: 38px) 100vw, 38px\" \/>\u00a0<\/strong>Estructura Curricular:<\/h5>\n<ul>\n<li>M\u00d3DULO 1: Pensamiento social situado<\/li>\n<li>M\u00d3DULO 2: Econom\u00eda Pol\u00edtica<\/li>\n<li>M\u00d3DULO 3: Comunicaci\u00f3n<\/li>\n<li>M\u00d3DULO 4: Sociedad, Gobierno y Pol\u00edticas P\u00fablicas<\/li>\n<li>M\u00d3DULO 5: Am\u00e9rica Latina<\/li>\n<li>M\u00d3DULO 6: Ejercicio del Poder Institucional<\/li>\n<li>M\u00d3DULO 7: An\u00e1lisis de problemas y mecanismos de resoluci\u00f3n<\/li>\n<li>M\u00d3DULO 8: Planificaci\u00f3n: proyectos y programas educativos<\/li>\n<li>M\u00d3DULO 9: Gesti\u00f3n de organizaciones educativas<\/li>\n<li>M\u00d3DULO 10: Coordinaci\u00f3n y liderazgo institucional<\/li>\n<\/ul>\n<p>&nbsp;<\/p>\n<h5><strong><img decoding=\"async\" loading=\"lazy\" class=\"wp-image-7531 alignnone\" src=\"https:\/\/ens9001-infd.mendoza.edu.ar\/sitio\/wp-content\/uploads\/2019\/04\/CFC-Iso-trans-1000x627.png\" alt=\"\" width=\"38\" height=\"23\" srcset=\"https:\/\/ens9001-infd.mendoza.edu.ar\/sitio\/wp-content\/uploads\/2019\/04\/CFC-Iso-trans-1000x627.png 1000w, https:\/\/ens9001-infd.mendoza.edu.ar\/sitio\/wp-content\/uploads\/2019\/04\/CFC-Iso-trans-768x482.png 768w, https:\/\/ens9001-infd.mendoza.edu.ar\/sitio\/wp-content\/uploads\/2019\/04\/CFC-Iso-trans.png 1239w\" sizes=\"(max-width: 38px) 100vw, 38px\" \/>\u00a0<\/strong>Carga horaria:<\/h5>\n<p>El trayecto tendr\u00e1 205 horas reloj (155 hs. presenciales y 50 hs. virtuales, en su dise\u00f1o original; adecuado hoy ante la emergencia sanitaria)<\/p>\n<p>&nbsp;<\/p>\n<h5><strong><img decoding=\"async\" loading=\"lazy\" class=\"wp-image-7531 alignnone\" src=\"https:\/\/ens9001-infd.mendoza.edu.ar\/sitio\/wp-content\/uploads\/2019\/04\/CFC-Iso-trans-1000x627.png\" alt=\"\" width=\"38\" height=\"23\" srcset=\"https:\/\/ens9001-infd.mendoza.edu.ar\/sitio\/wp-content\/uploads\/2019\/04\/CFC-Iso-trans-1000x627.png 1000w, https:\/\/ens9001-infd.mendoza.edu.ar\/sitio\/wp-content\/uploads\/2019\/04\/CFC-Iso-trans-768x482.png 768w, https:\/\/ens9001-infd.mendoza.edu.ar\/sitio\/wp-content\/uploads\/2019\/04\/CFC-Iso-trans.png 1239w\" sizes=\"(max-width: 38px) 100vw, 38px\" \/>\u00a0<\/strong>Duraci\u00f3n:<\/h5>\n<p>Un a\u00f1o de cursado.<\/p>\n<p>&nbsp;<\/p>\n<h5><strong><img decoding=\"async\" loading=\"lazy\" class=\"wp-image-7531 alignnone\" src=\"https:\/\/ens9001-infd.mendoza.edu.ar\/sitio\/wp-content\/uploads\/2019\/04\/CFC-Iso-trans-1000x627.png\" alt=\"\" width=\"38\" height=\"23\" srcset=\"https:\/\/ens9001-infd.mendoza.edu.ar\/sitio\/wp-content\/uploads\/2019\/04\/CFC-Iso-trans-1000x627.png 1000w, https:\/\/ens9001-infd.mendoza.edu.ar\/sitio\/wp-content\/uploads\/2019\/04\/CFC-Iso-trans-768x482.png 768w, https:\/\/ens9001-infd.mendoza.edu.ar\/sitio\/wp-content\/uploads\/2019\/04\/CFC-Iso-trans.png 1239w\" sizes=\"(max-width: 38px) 100vw, 38px\" \/>\u00a0Lugar, d<\/strong>\u00edas y horarios de cursado:<\/h5>\n<p>En el marco del Proyecto de Virtualizaci\u00f3n de la Formaci\u00f3n Continua del Plan de Contingencia Institucional ante la Emergencia Sanitaria.<\/p>\n<p>Los encuentros virtuales sincr\u00f3nicos y las instancias presenciales, en el caso que puedan llevarse a cabo, se realizar\u00e1n los d\u00edas <strong>jueves entre las 19:00 y las 21:30 hs.<\/strong><\/p>\n<p>&nbsp;<\/p>\n<h5><strong><img decoding=\"async\" loading=\"lazy\" class=\"wp-image-7531 alignnone\" src=\"https:\/\/ens9001-infd.mendoza.edu.ar\/sitio\/wp-content\/uploads\/2019\/04\/CFC-Iso-trans-1000x627.png\" alt=\"\" width=\"38\" height=\"23\" srcset=\"https:\/\/ens9001-infd.mendoza.edu.ar\/sitio\/wp-content\/uploads\/2019\/04\/CFC-Iso-trans-1000x627.png 1000w, https:\/\/ens9001-infd.mendoza.edu.ar\/sitio\/wp-content\/uploads\/2019\/04\/CFC-Iso-trans-768x482.png 768w, https:\/\/ens9001-infd.mendoza.edu.ar\/sitio\/wp-content\/uploads\/2019\/04\/CFC-Iso-trans.png 1239w\" sizes=\"(max-width: 38px) 100vw, 38px\" \/>\u00a0<\/strong>Inicio del cursado:<\/h5>\n<p>Actividad de inicio de las actividades acad\u00e9micas del Centro de Formaci\u00f3n Continua: <strong>S\u00e1bado 8 de mayo a las 9:00 hs.<\/strong><\/p>\n<p>&nbsp;<\/p>\n<h5><strong><img decoding=\"async\" loading=\"lazy\" class=\"wp-image-7531 alignnone\" src=\"https:\/\/ens9001-infd.mendoza.edu.ar\/sitio\/wp-content\/uploads\/2019\/04\/CFC-Iso-trans-1000x627.png\" alt=\"\" width=\"38\" height=\"23\" srcset=\"https:\/\/ens9001-infd.mendoza.edu.ar\/sitio\/wp-content\/uploads\/2019\/04\/CFC-Iso-trans-1000x627.png 1000w, https:\/\/ens9001-infd.mendoza.edu.ar\/sitio\/wp-content\/uploads\/2019\/04\/CFC-Iso-trans-768x482.png 768w, https:\/\/ens9001-infd.mendoza.edu.ar\/sitio\/wp-content\/uploads\/2019\/04\/CFC-Iso-trans.png 1239w\" sizes=\"(max-width: 38px) 100vw, 38px\" \/>\u00a0Inscripci\u00f3n y consultas<\/strong>:<\/h5>\n<p>Los\/as docentes interesados\/as deber\u00e1n pre-inscribirse a trav\u00e9s del\u00a0formulario digital\u00a0y completar el proceso de inscripci\u00f3n de acuerdo a las orientaciones que recibir\u00e1n en su correo electr\u00f3nico enviado desde la Bedel\u00eda del Centro de Formaci\u00f3n Continua: <strong>bedelia.cfc9001@gmail.com<\/strong><\/p>\n<p>Tambi\u00e9n pueden realizar consultas a trav\u00e9s de WhatsApp los siguientes d\u00edas y horarios:<\/p>\n<ul>\n<li>Lunes a viernes: de 10 a 11 y de 16:00 a 17:00 hs.<\/li>\n<\/ul>\n<p>&nbsp;<\/p>\n<p><a href=\"https:\/\/chat.whatsapp.com\/DAEL0ItGLhKLPsfNzV0Lun\"><img decoding=\"async\" loading=\"lazy\" class=\"wp-image-11021 aligncenter\" src=\"https:\/\/ens9001-infd.mendoza.edu.ar\/sitio\/wp-content\/uploads\/2020\/05\/Mesa-de-entradas-CFC-1000x111.jpeg\" alt=\"\" width=\"512\" height=\"57\" srcset=\"https:\/\/ens9001-infd.mendoza.edu.ar\/sitio\/wp-content\/uploads\/2020\/05\/Mesa-de-entradas-CFC-1000x111.jpeg 1000w, https:\/\/ens9001-infd.mendoza.edu.ar\/sitio\/wp-content\/uploads\/2020\/05\/Mesa-de-entradas-CFC-768x85.jpeg 768w, https:\/\/ens9001-infd.mendoza.edu.ar\/sitio\/wp-content\/uploads\/2020\/05\/Mesa-de-entradas-CFC.jpeg 1042w\" sizes=\"(max-width: 512px) 100vw, 512px\" \/><\/a><\/p>\n<p style=\"text-align: center;\"><a href=\"https:\/\/chat.whatsapp.com\/KQbusqF0DrjAYFCHbXi5Q8\" target=\"_blank\" rel=\"noopener\"><strong>https:\/\/chat.whatsapp.com\/KQbusqF0DrjAYFCHbXi5Q8<\/strong><\/a><\/p>\n<p>&nbsp;<\/p>\n<p>Las consultas ser\u00e1n respondidas en el transcurso del d\u00eda.<\/p>\n<p>&nbsp;<\/p>\n<h2 style=\"text-align: center;\"><span style=\"text-decoration: underline;\"><a href=\"https:\/\/forms.gle\/vRMBKcNDadoByGBG9\" target=\"_blank\" rel=\"noopener\"><strong>Formulario de pre-inscripci\u00f3n<\/strong><\/a><\/span><\/h2>\n<p style=\"text-align: center;\"><a href=\"https:\/\/ens9001-infd.mendoza.edu.ar\/sitio\/propuestas-de-formacion-continua-2021\/\" target=\"_blank\" rel=\"noopener\"><span style=\"text-decoration: underline;\"><strong>Ver m\u00e1s ofertas de Formaci\u00f3n Continua 2021<\/strong><\/span><\/a><\/p>\n","protected":false},"excerpt":{"rendered":"<p>Post\u00edtulo: Actualizaci\u00f3n acad\u00e9mica en Herramientas para el an\u00e1lisis y gesti\u00f3n de las instituciones de educaci\u00f3n p\u00fablica estatal &nbsp; \u00a0Resoluci\u00f3n de aprobaci\u00f3n: Resoluci\u00f3n N\u00ba 2482-DGE-19 &nbsp; \u00a0Destinatarios: Este curso de Actualizaci\u00f3n Acad\u00e9mica est\u00e1 destinado, fundamentalmente a docentes en ejercicio que tienen a su cargo funciones de gesti\u00f3n institucional ligadas a lo educativo en cualquier nivel o &#8230; <a title=\"Post\u00edtulo: Actualizaci\u00f3n acad\u00e9mica en Herramientas para el an\u00e1lisis y gesti\u00f3n de las instituciones de educaci\u00f3n p\u00fablica estatal\" class=\"read-more\" href=\"https:\/\/ens9001-infd.mendoza.edu.ar\/sitio\/curso-con-puntaje-docente-educacion-y-gestion-estatal\/\" aria-label=\"More on Post\u00edtulo: Actualizaci\u00f3n acad\u00e9mica en Herramientas para el an\u00e1lisis y gesti\u00f3n de las instituciones de educaci\u00f3n p\u00fablica estatal\">[+]<\/a><\/p>\n","protected":false},"author":6668,"featured_media":0,"parent":0,"menu_order":0,"comment_status":"closed","ping_status":"closed","template":"","meta":[],"acf":[],"_links":{"self":[{"href":"https:\/\/ens9001-infd.mendoza.edu.ar\/sitio\/wp-json\/wp\/v2\/pages\/7645"}],"collection":[{"href":"https:\/\/ens9001-infd.mendoza.edu.ar\/sitio\/wp-json\/wp\/v2\/pages"}],"about":[{"href":"https:\/\/ens9001-infd.mendoza.edu.ar\/sitio\/wp-json\/wp\/v2\/types\/page"}],"author":[{"embeddable":true,"href":"https:\/\/ens9001-infd.mendoza.edu.ar\/sitio\/wp-json\/wp\/v2\/users\/6668"}],"replies":[{"embeddable":true,"href":"https:\/\/ens9001-infd.mendoza.edu.ar\/sitio\/wp-json\/wp\/v2\/comments?post=7645"}],"version-history":[{"count":36,"href":"https:\/\/ens9001-infd.mendoza.edu.ar\/sitio\/wp-json\/wp\/v2\/pages\/7645\/revisions"}],"predecessor-version":[{"id":13237,"href":"https:\/\/ens9001-infd.mendoza.edu.ar\/sitio\/wp-json\/wp\/v2\/pages\/7645\/revisions\/13237"}],"wp:attachment":[{"href":"https:\/\/ens9001-infd.mendoza.edu.ar\/sitio\/wp-json\/wp\/v2\/media?parent=7645"}],"curies":[{"name":"wp","href":"https:\/\/api.w.org\/{rel}","templated":true}]}}