{"id":7634,"date":"2019-04-08T23:41:36","date_gmt":"2019-04-09T02:41:36","guid":{"rendered":"https:\/\/ens9001-mza.infd.edu.ar\/sitio\/?page_id=7634"},"modified":"2019-05-26T20:28:31","modified_gmt":"2019-05-26T23:28:31","slug":"diplomatura-de-posgrado-en-capacitacion-politica-y-analisis-de-la-realidad-politica-socioeconomica-y-cultural-argentina","status":"publish","type":"page","link":"https:\/\/ens9001-infd.mendoza.edu.ar\/sitio\/diplomatura-de-posgrado-en-capacitacion-politica-y-analisis-de-la-realidad-politica-socioeconomica-y-cultural-argentina\/","title":{"rendered":"Diplomatura de Posgrado en capacitaci\u00f3n pol\u00edtica y an\u00e1lisis de la realidad pol\u00edtica, socioecon\u00f3mica y cultural argentina"},"content":{"rendered":"<p><img decoding=\"async\" loading=\"lazy\" class=\"alignnone size-medium wp-image-7528\" src=\"https:\/\/ens9001-infd.mendoza.edu.ar\/sitio\/wp-content\/uploads\/2019\/04\/Membrete-2-1000x134.png\" alt=\"\" width=\"1000\" height=\"134\" srcset=\"https:\/\/ens9001-infd.mendoza.edu.ar\/sitio\/wp-content\/uploads\/2019\/04\/Membrete-2-1000x134.png 1000w, https:\/\/ens9001-infd.mendoza.edu.ar\/sitio\/wp-content\/uploads\/2019\/04\/Membrete-2-768x103.png 768w, https:\/\/ens9001-infd.mendoza.edu.ar\/sitio\/wp-content\/uploads\/2019\/04\/Membrete-2-1900x255.png 1900w\" sizes=\"(max-width: 1000px) 100vw, 1000px\" \/><\/p>\n<h5>Convenio de Formaci\u00f3n Continua:<\/h5>\n<h4 style=\"text-align: center;\">Diplomatura de Posgrado en capacitaci\u00f3n pol\u00edtica y<br \/>\nan\u00e1lisis de la realidad pol\u00edtica, socioecon\u00f3mica y cultural argentina<br \/>\n(en convenio con la Facultad de Ciencias Pol\u00edticas y Sociales de la UNCuyo)<\/h4>\n<p>&nbsp;<\/p>\n<h5><strong><img decoding=\"async\" loading=\"lazy\" class=\"wp-image-7531 alignnone\" src=\"https:\/\/ens9001-infd.mendoza.edu.ar\/sitio\/wp-content\/uploads\/2019\/04\/CFC-Iso-trans-1000x627.png\" alt=\"\" width=\"38\" height=\"23\" srcset=\"https:\/\/ens9001-infd.mendoza.edu.ar\/sitio\/wp-content\/uploads\/2019\/04\/CFC-Iso-trans-1000x627.png 1000w, https:\/\/ens9001-infd.mendoza.edu.ar\/sitio\/wp-content\/uploads\/2019\/04\/CFC-Iso-trans-768x482.png 768w, https:\/\/ens9001-infd.mendoza.edu.ar\/sitio\/wp-content\/uploads\/2019\/04\/CFC-Iso-trans.png 1239w\" sizes=\"(max-width: 38px) 100vw, 38px\" \/>\u00a0<\/strong>Destinatarios:<\/h5>\n<p>Dirigida a graduados\/as de diversas disciplinas, nacionales o extranjeros\/as, o a profesionales con estudios superiores de al menos 4 (cuatro) a\u00f1os de extensi\u00f3n.<\/p>\n<h5><strong><img decoding=\"async\" loading=\"lazy\" class=\"wp-image-7531 alignnone\" src=\"https:\/\/ens9001-infd.mendoza.edu.ar\/sitio\/wp-content\/uploads\/2019\/04\/CFC-Iso-trans-1000x627.png\" alt=\"\" width=\"38\" height=\"23\" srcset=\"https:\/\/ens9001-infd.mendoza.edu.ar\/sitio\/wp-content\/uploads\/2019\/04\/CFC-Iso-trans-1000x627.png 1000w, https:\/\/ens9001-infd.mendoza.edu.ar\/sitio\/wp-content\/uploads\/2019\/04\/CFC-Iso-trans-768x482.png 768w, https:\/\/ens9001-infd.mendoza.edu.ar\/sitio\/wp-content\/uploads\/2019\/04\/CFC-Iso-trans.png 1239w\" sizes=\"(max-width: 38px) 100vw, 38px\" \/> Contenidos:<\/strong><\/h5>\n<p><img decoding=\"async\" loading=\"lazy\" class=\" wp-image-7635 aligncenter\" src=\"https:\/\/ens9001-infd.mendoza.edu.ar\/sitio\/wp-content\/uploads\/2019\/04\/IMG-20190328-WA0030-707x1000.jpg\" alt=\"\" width=\"592\" height=\"838\" srcset=\"https:\/\/ens9001-infd.mendoza.edu.ar\/sitio\/wp-content\/uploads\/2019\/04\/IMG-20190328-WA0030-707x1000.jpg 707w, https:\/\/ens9001-infd.mendoza.edu.ar\/sitio\/wp-content\/uploads\/2019\/04\/IMG-20190328-WA0030.jpg 724w\" sizes=\"(max-width: 592px) 100vw, 592px\" \/><\/p>\n<h5><\/h5>\n<h5><strong><img decoding=\"async\" loading=\"lazy\" class=\"wp-image-7531 alignnone\" src=\"https:\/\/ens9001-infd.mendoza.edu.ar\/sitio\/wp-content\/uploads\/2019\/04\/CFC-Iso-trans-1000x627.png\" alt=\"\" width=\"38\" height=\"23\" srcset=\"https:\/\/ens9001-infd.mendoza.edu.ar\/sitio\/wp-content\/uploads\/2019\/04\/CFC-Iso-trans-1000x627.png 1000w, https:\/\/ens9001-infd.mendoza.edu.ar\/sitio\/wp-content\/uploads\/2019\/04\/CFC-Iso-trans-768x482.png 768w, https:\/\/ens9001-infd.mendoza.edu.ar\/sitio\/wp-content\/uploads\/2019\/04\/CFC-Iso-trans.png 1239w\" sizes=\"(max-width: 38px) 100vw, 38px\" \/> Carga horaria y duraci\u00f3n:<\/strong><\/h5>\n<p>Siete meses &#8211; total de 140 horas reloj.<\/p>\n<h5><strong><img decoding=\"async\" loading=\"lazy\" class=\"wp-image-7531 alignnone\" src=\"https:\/\/ens9001-infd.mendoza.edu.ar\/sitio\/wp-content\/uploads\/2019\/04\/CFC-Iso-trans-1000x627.png\" alt=\"\" width=\"38\" height=\"23\" srcset=\"https:\/\/ens9001-infd.mendoza.edu.ar\/sitio\/wp-content\/uploads\/2019\/04\/CFC-Iso-trans-1000x627.png 1000w, https:\/\/ens9001-infd.mendoza.edu.ar\/sitio\/wp-content\/uploads\/2019\/04\/CFC-Iso-trans-768x482.png 768w, https:\/\/ens9001-infd.mendoza.edu.ar\/sitio\/wp-content\/uploads\/2019\/04\/CFC-Iso-trans.png 1239w\" sizes=\"(max-width: 38px) 100vw, 38px\" \/> Inicio del cursado:<\/strong><\/h5>\n<p>Actividad de inicio del Ciclo Lectivo: <strong>S\u00e1bado 13 de abril a las 9:00 hs.<\/strong><\/p>\n<h5><strong><img decoding=\"async\" loading=\"lazy\" class=\"wp-image-7531 alignnone\" src=\"https:\/\/ens9001-infd.mendoza.edu.ar\/sitio\/wp-content\/uploads\/2019\/04\/CFC-Iso-trans-1000x627.png\" alt=\"\" width=\"38\" height=\"23\" srcset=\"https:\/\/ens9001-infd.mendoza.edu.ar\/sitio\/wp-content\/uploads\/2019\/04\/CFC-Iso-trans-1000x627.png 1000w, https:\/\/ens9001-infd.mendoza.edu.ar\/sitio\/wp-content\/uploads\/2019\/04\/CFC-Iso-trans-768x482.png 768w, https:\/\/ens9001-infd.mendoza.edu.ar\/sitio\/wp-content\/uploads\/2019\/04\/CFC-Iso-trans.png 1239w\" sizes=\"(max-width: 38px) 100vw, 38px\" \/>\u00a0Lugar, d\u00edas y horarios de cursado<\/strong>:<\/h5>\n<div class=\"row\">\n<div class=\"col-md-9\">\n<p>Lunes y mi\u00e9rcoles de 19:00 a 21:30 hs. en la sede central del Instituto (Chubut y Balcarce, ciudad de San Mart\u00edn).<\/p>\n<\/div>\n<\/div>\n<h5><strong><img decoding=\"async\" loading=\"lazy\" class=\"wp-image-7531 alignnone\" src=\"https:\/\/ens9001-infd.mendoza.edu.ar\/sitio\/wp-content\/uploads\/2019\/04\/CFC-Iso-trans-1000x627.png\" alt=\"\" width=\"38\" height=\"23\" srcset=\"https:\/\/ens9001-infd.mendoza.edu.ar\/sitio\/wp-content\/uploads\/2019\/04\/CFC-Iso-trans-1000x627.png 1000w, https:\/\/ens9001-infd.mendoza.edu.ar\/sitio\/wp-content\/uploads\/2019\/04\/CFC-Iso-trans-768x482.png 768w, https:\/\/ens9001-infd.mendoza.edu.ar\/sitio\/wp-content\/uploads\/2019\/04\/CFC-Iso-trans.png 1239w\" sizes=\"(max-width: 38px) 100vw, 38px\" \/>\u00a0Costo<\/strong>:<\/h5>\n<p>Seis cuotas de $ 1.000.-<\/p>\n<h5><strong><img decoding=\"async\" loading=\"lazy\" class=\"wp-image-7531 alignnone\" src=\"https:\/\/ens9001-infd.mendoza.edu.ar\/sitio\/wp-content\/uploads\/2019\/04\/CFC-Iso-trans-1000x627.png\" alt=\"\" width=\"38\" height=\"23\" srcset=\"https:\/\/ens9001-infd.mendoza.edu.ar\/sitio\/wp-content\/uploads\/2019\/04\/CFC-Iso-trans-1000x627.png 1000w, https:\/\/ens9001-infd.mendoza.edu.ar\/sitio\/wp-content\/uploads\/2019\/04\/CFC-Iso-trans-768x482.png 768w, https:\/\/ens9001-infd.mendoza.edu.ar\/sitio\/wp-content\/uploads\/2019\/04\/CFC-Iso-trans.png 1239w\" sizes=\"(max-width: 38px) 100vw, 38px\" \/>\u00a0Informes e inscripci\u00f3n<\/strong>:<\/h5>\n<p>Los\/as interesados\/as deber\u00e1n pre-inscribirse a trav\u00e9s del\u00a0formulario digital\u00a0y completar el proceso de inscripci\u00f3n en la oficina de la Asociaci\u00f3n Cooperadora en los siguientes d\u00edas y horarios:<\/p>\n<ul>\n<li>Mi\u00e9rcoles 10: de 9:30 a 12:00 hs.<\/li>\n<li>Viernes 12: de 9:30 a 12:00 hs. y\u00a0 de 18:00 a 20:30 hs.<\/li>\n<\/ul>\n<p>En la oficina de la Asociaci\u00f3n Cooperadora (Chubut y Balcarce, 1\u00ba piso &#8211; San Mart\u00edn) se informar\u00e1 cu\u00e1l es la documentaci\u00f3n requerida para ser estudiante regular de cada propuesta de formaci\u00f3n continua.<\/p>\n<p>&nbsp;<\/p>\n<h2 style=\"text-align: center;\"><strong>Formulario de pre-inscripci\u00f3n \u2013\u00a0<span style=\"color: #ff0000;\">Inscripciones cerradas<\/span><\/strong><\/h2>\n<p style=\"text-align: center;\">\n<p style=\"text-align: center;\"><a href=\"https:\/\/ens9001-infd.mendoza.edu.ar\/sitio\/ofertas-2019-del-centro-de-formacion-continua-9-001\/\"><strong>Ver m\u00e1s ofertas de Formaci\u00f3n Continua 2019<\/strong><\/a><\/p>\n<p>&nbsp;<\/p>\n<p>&nbsp;<\/p>\n<p><img decoding=\"async\" loading=\"lazy\" class=\"wp-image-7638 aligncenter\" src=\"https:\/\/ens9001-infd.mendoza.edu.ar\/sitio\/wp-content\/uploads\/2019\/04\/Diplomatura-1000x750.jpg\" alt=\"\" width=\"879\" height=\"659\" srcset=\"https:\/\/ens9001-infd.mendoza.edu.ar\/sitio\/wp-content\/uploads\/2019\/04\/Diplomatura-1000x750.jpg 1000w, https:\/\/ens9001-infd.mendoza.edu.ar\/sitio\/wp-content\/uploads\/2019\/04\/Diplomatura-768x576.jpg 768w, https:\/\/ens9001-infd.mendoza.edu.ar\/sitio\/wp-content\/uploads\/2019\/04\/Diplomatura.jpg 1024w\" sizes=\"(max-width: 879px) 100vw, 879px\" \/><\/p>\n","protected":false},"excerpt":{"rendered":"<p>Convenio de Formaci\u00f3n Continua: Diplomatura de Posgrado en capacitaci\u00f3n pol\u00edtica y an\u00e1lisis de la realidad pol\u00edtica, socioecon\u00f3mica y cultural argentina (en convenio con la Facultad de Ciencias Pol\u00edticas y Sociales de la UNCuyo) &nbsp; \u00a0Destinatarios: Dirigida a graduados\/as de diversas disciplinas, nacionales o extranjeros\/as, o a profesionales con estudios superiores de al menos 4 (cuatro) &#8230; <a title=\"Diplomatura de Posgrado en capacitaci\u00f3n pol\u00edtica y an\u00e1lisis de la realidad pol\u00edtica, socioecon\u00f3mica y cultural argentina\" class=\"read-more\" href=\"https:\/\/ens9001-infd.mendoza.edu.ar\/sitio\/diplomatura-de-posgrado-en-capacitacion-politica-y-analisis-de-la-realidad-politica-socioeconomica-y-cultural-argentina\/\" aria-label=\"More on Diplomatura de Posgrado en capacitaci\u00f3n pol\u00edtica y an\u00e1lisis de la realidad pol\u00edtica, socioecon\u00f3mica y cultural argentina\">[+]<\/a><\/p>\n","protected":false},"author":6668,"featured_media":0,"parent":0,"menu_order":0,"comment_status":"closed","ping_status":"closed","template":"","meta":[],"acf":[],"_links":{"self":[{"href":"https:\/\/ens9001-infd.mendoza.edu.ar\/sitio\/wp-json\/wp\/v2\/pages\/7634"}],"collection":[{"href":"https:\/\/ens9001-infd.mendoza.edu.ar\/sitio\/wp-json\/wp\/v2\/pages"}],"about":[{"href":"https:\/\/ens9001-infd.mendoza.edu.ar\/sitio\/wp-json\/wp\/v2\/types\/page"}],"author":[{"embeddable":true,"href":"https:\/\/ens9001-infd.mendoza.edu.ar\/sitio\/wp-json\/wp\/v2\/users\/6668"}],"replies":[{"embeddable":true,"href":"https:\/\/ens9001-infd.mendoza.edu.ar\/sitio\/wp-json\/wp\/v2\/comments?post=7634"}],"version-history":[{"count":9,"href":"https:\/\/ens9001-infd.mendoza.edu.ar\/sitio\/wp-json\/wp\/v2\/pages\/7634\/revisions"}],"predecessor-version":[{"id":8210,"href":"https:\/\/ens9001-infd.mendoza.edu.ar\/sitio\/wp-json\/wp\/v2\/pages\/7634\/revisions\/8210"}],"wp:attachment":[{"href":"https:\/\/ens9001-infd.mendoza.edu.ar\/sitio\/wp-json\/wp\/v2\/media?parent=7634"}],"curies":[{"name":"wp","href":"https:\/\/api.w.org\/{rel}","templated":true}]}}