{"id":7622,"date":"2019-04-08T22:19:59","date_gmt":"2019-04-09T01:19:59","guid":{"rendered":"https:\/\/ens9001-mza.infd.edu.ar\/sitio\/?page_id=7622"},"modified":"2019-05-26T20:26:40","modified_gmt":"2019-05-26T23:26:40","slug":"curso-de-capacitacion-tecnico-profesional-autocad-2d-basico","status":"publish","type":"page","link":"https:\/\/ens9001-infd.mendoza.edu.ar\/sitio\/curso-de-capacitacion-tecnico-profesional-autocad-2d-basico\/","title":{"rendered":"Curso de capacitaci\u00f3n t\u00e9cnico-profesional: AutoCAD 2D b\u00e1sico"},"content":{"rendered":"<p><img decoding=\"async\" loading=\"lazy\" class=\"alignnone size-medium wp-image-7528\" src=\"https:\/\/ens9001-infd.mendoza.edu.ar\/sitio\/wp-content\/uploads\/2019\/04\/Membrete-2-1000x134.png\" alt=\"\" width=\"1000\" height=\"134\" srcset=\"https:\/\/ens9001-infd.mendoza.edu.ar\/sitio\/wp-content\/uploads\/2019\/04\/Membrete-2-1000x134.png 1000w, https:\/\/ens9001-infd.mendoza.edu.ar\/sitio\/wp-content\/uploads\/2019\/04\/Membrete-2-768x103.png 768w, https:\/\/ens9001-infd.mendoza.edu.ar\/sitio\/wp-content\/uploads\/2019\/04\/Membrete-2-1900x255.png 1900w\" sizes=\"(max-width: 1000px) 100vw, 1000px\" \/><\/p>\n<h5>Curso de capacitaci\u00f3n t\u00e9cnico-profesional:<\/h5>\n<h4 style=\"text-align: center;\"><span style=\"font-weight: 400;\">AutoCAD 2D b\u00e1sico<\/span><\/h4>\n<h5><strong><img decoding=\"async\" loading=\"lazy\" class=\"wp-image-7531 alignnone\" src=\"https:\/\/ens9001-infd.mendoza.edu.ar\/sitio\/wp-content\/uploads\/2019\/04\/CFC-Iso-trans-1000x627.png\" alt=\"\" width=\"38\" height=\"23\" srcset=\"https:\/\/ens9001-infd.mendoza.edu.ar\/sitio\/wp-content\/uploads\/2019\/04\/CFC-Iso-trans-1000x627.png 1000w, https:\/\/ens9001-infd.mendoza.edu.ar\/sitio\/wp-content\/uploads\/2019\/04\/CFC-Iso-trans-768x482.png 768w, https:\/\/ens9001-infd.mendoza.edu.ar\/sitio\/wp-content\/uploads\/2019\/04\/CFC-Iso-trans.png 1239w\" sizes=\"(max-width: 38px) 100vw, 38px\" \/>\u00a0<\/strong>Destinatarios:<\/h5>\n<p>Todas aquellas personas con perfil t\u00e9cnico, preferentemente estudiantes de carreras afines, o que est\u00e9n interesadas en adquirir capacitaci\u00f3n y herramientas digitales para la producci\u00f3n y representaci\u00f3n gr\u00e1fica.<\/p>\n<h5><strong><img decoding=\"async\" loading=\"lazy\" class=\"wp-image-7531 alignnone\" src=\"https:\/\/ens9001-infd.mendoza.edu.ar\/sitio\/wp-content\/uploads\/2019\/04\/CFC-Iso-trans-1000x627.png\" alt=\"\" width=\"38\" height=\"23\" srcset=\"https:\/\/ens9001-infd.mendoza.edu.ar\/sitio\/wp-content\/uploads\/2019\/04\/CFC-Iso-trans-1000x627.png 1000w, https:\/\/ens9001-infd.mendoza.edu.ar\/sitio\/wp-content\/uploads\/2019\/04\/CFC-Iso-trans-768x482.png 768w, https:\/\/ens9001-infd.mendoza.edu.ar\/sitio\/wp-content\/uploads\/2019\/04\/CFC-Iso-trans.png 1239w\" sizes=\"(max-width: 38px) 100vw, 38px\" \/>\u00a0<\/strong>Objetivos:<\/h5>\n<ul>\n<li>Proporcionar a los cursantes los conceptos b\u00e1sicos de la representaci\u00f3n gr\u00e1fica digital en dos dimensiones utilizando uno de los software de mayor uso a nivel mundial, con el fin de que los mismos puedan resolver diferentes situaciones al momento de confeccionar documentaci\u00f3n gr\u00e1fica t\u00e9cnica y que implementen su propio modo de trabajo.<\/li>\n<li>Favorecer la apropiaci\u00f3n de\u00a0la herramienta a fin de que\u00a0puedan desarrollar t\u00e9cnicas m\u00e1s avanzadas de representaci\u00f3n gr\u00e1fica digital, con m\u00e1s alcance frente a requerimientos de mayor complejidad.<\/li>\n<\/ul>\n<h5><strong><img decoding=\"async\" loading=\"lazy\" class=\"wp-image-7531 alignnone\" src=\"https:\/\/ens9001-infd.mendoza.edu.ar\/sitio\/wp-content\/uploads\/2019\/04\/CFC-Iso-trans-1000x627.png\" alt=\"\" width=\"38\" height=\"23\" srcset=\"https:\/\/ens9001-infd.mendoza.edu.ar\/sitio\/wp-content\/uploads\/2019\/04\/CFC-Iso-trans-1000x627.png 1000w, https:\/\/ens9001-infd.mendoza.edu.ar\/sitio\/wp-content\/uploads\/2019\/04\/CFC-Iso-trans-768x482.png 768w, https:\/\/ens9001-infd.mendoza.edu.ar\/sitio\/wp-content\/uploads\/2019\/04\/CFC-Iso-trans.png 1239w\" sizes=\"(max-width: 38px) 100vw, 38px\" \/>\u00a0<\/strong>Clases:<\/h5>\n<ul>\n<li>Clase 1: Conocimiento y utilizaci\u00f3n del entorno digital autoCAD<\/li>\n<\/ul>\n<p>Introducci\u00f3n al entorno digital e interfaz del software, caracter\u00edsticas generales.<\/p>\n<ul>\n<li>Clase 2: Herramientas de ayudas al dibujo<\/li>\n<\/ul>\n<p>Configuraci\u00f3n de los par\u00e1metros de dibujo y referencia a objetos.<\/p>\n<ul>\n<li>Clase 3: Comandos b\u00e1sicos de graficaci\u00f3n<\/li>\n<\/ul>\n<p>Herramientas para crear formas geom\u00e9tricas y l\u00edneas.<\/p>\n<ul>\n<li>Clase 4: Edici\u00f3n y modificaci\u00f3n de objetos<\/li>\n<\/ul>\n<p>Editar y modificar los elementos creados para adaptarlos seg\u00fan se requiera.<\/p>\n<ul>\n<li>Clase 5: Administrador de propiedades de los objetos<\/li>\n<\/ul>\n<p>Todos los elementos que dibujamos tienen propiedades a trav\u00e9s de su apariencia.<\/p>\n<ul>\n<li>Clase 6: Comando de manejo de archivos<\/li>\n<\/ul>\n<p>Apertura, guardado, recuperaci\u00f3n, exportaci\u00f3n e importaci\u00f3n de archivos.<\/p>\n<ul>\n<li>Clase 7: Administrador de propiedades de capas o layers<\/li>\n<\/ul>\n<p>Atributo, visibilidad, bloqueo, propiedades y edici\u00f3n de las capas o layers.<\/p>\n<ul>\n<li>Clase 8: Texto y tramas o hatch:<\/li>\n<\/ul>\n<p>Estilos de textos, propiedades. Relleno o tramas de objetos, estilo de los mismos.<\/p>\n<ul>\n<li>Clase 9: Bloques:<\/li>\n<\/ul>\n<p>Creaci\u00f3n y edici\u00f3n de bloques para la generaci\u00f3n de una biblioteca de uso general.<\/p>\n<ul>\n<li>Clase 10: Acotaci\u00f3n<\/li>\n<\/ul>\n<p>Propiedades y formas de acotar los elementos dibujados. Configuraci\u00f3n.<\/p>\n<ul>\n<li>Clase 11: Impresi\u00f3n en el espacio de trabajo<\/li>\n<\/ul>\n<p>Configuraci\u00f3n para la impresi\u00f3n de los trabajos en el espacio de trabajo.<\/p>\n<ul>\n<li>Clase 12: Impresi\u00f3n en el espacio papel<\/li>\n<\/ul>\n<p>Configuraci\u00f3n para la impresi\u00f3n de los trabajos en el espacio papel.<\/p>\n<h5><strong><img decoding=\"async\" loading=\"lazy\" class=\"wp-image-7531 alignnone\" src=\"https:\/\/ens9001-infd.mendoza.edu.ar\/sitio\/wp-content\/uploads\/2019\/04\/CFC-Iso-trans-1000x627.png\" alt=\"\" width=\"38\" height=\"23\" srcset=\"https:\/\/ens9001-infd.mendoza.edu.ar\/sitio\/wp-content\/uploads\/2019\/04\/CFC-Iso-trans-1000x627.png 1000w, https:\/\/ens9001-infd.mendoza.edu.ar\/sitio\/wp-content\/uploads\/2019\/04\/CFC-Iso-trans-768x482.png 768w, https:\/\/ens9001-infd.mendoza.edu.ar\/sitio\/wp-content\/uploads\/2019\/04\/CFC-Iso-trans.png 1239w\" sizes=\"(max-width: 38px) 100vw, 38px\" \/>\u00a0<\/strong>Carga horaria:<\/h5>\n<p>Total horas: 24 horas reloj.<\/p>\n<h5><strong><img decoding=\"async\" loading=\"lazy\" class=\"wp-image-7531 alignnone\" src=\"https:\/\/ens9001-infd.mendoza.edu.ar\/sitio\/wp-content\/uploads\/2019\/04\/CFC-Iso-trans-1000x627.png\" alt=\"\" width=\"38\" height=\"23\" srcset=\"https:\/\/ens9001-infd.mendoza.edu.ar\/sitio\/wp-content\/uploads\/2019\/04\/CFC-Iso-trans-1000x627.png 1000w, https:\/\/ens9001-infd.mendoza.edu.ar\/sitio\/wp-content\/uploads\/2019\/04\/CFC-Iso-trans-768x482.png 768w, https:\/\/ens9001-infd.mendoza.edu.ar\/sitio\/wp-content\/uploads\/2019\/04\/CFC-Iso-trans.png 1239w\" sizes=\"(max-width: 38px) 100vw, 38px\" \/>\u00a0<\/strong>D\u00edas y horarios de cursado:<\/h5>\n<p>Mi\u00e9rcoles de 18:30 a 20:30 hs.<\/p>\n<h5><strong><img decoding=\"async\" loading=\"lazy\" class=\"wp-image-7531 alignnone\" src=\"https:\/\/ens9001-infd.mendoza.edu.ar\/sitio\/wp-content\/uploads\/2019\/04\/CFC-Iso-trans-1000x627.png\" alt=\"\" width=\"38\" height=\"23\" srcset=\"https:\/\/ens9001-infd.mendoza.edu.ar\/sitio\/wp-content\/uploads\/2019\/04\/CFC-Iso-trans-1000x627.png 1000w, https:\/\/ens9001-infd.mendoza.edu.ar\/sitio\/wp-content\/uploads\/2019\/04\/CFC-Iso-trans-768x482.png 768w, https:\/\/ens9001-infd.mendoza.edu.ar\/sitio\/wp-content\/uploads\/2019\/04\/CFC-Iso-trans.png 1239w\" sizes=\"(max-width: 38px) 100vw, 38px\" \/>\u00a0<\/strong>Lugar de Cursado:<\/h5>\n<p>Sede central del Instituto: Chubut y Balcarce &#8211; ciudad de San Mart\u00edn.<\/p>\n<h5><strong><img decoding=\"async\" loading=\"lazy\" class=\"wp-image-7531 alignnone\" src=\"https:\/\/ens9001-infd.mendoza.edu.ar\/sitio\/wp-content\/uploads\/2019\/04\/CFC-Iso-trans-1000x627.png\" alt=\"\" width=\"38\" height=\"23\" srcset=\"https:\/\/ens9001-infd.mendoza.edu.ar\/sitio\/wp-content\/uploads\/2019\/04\/CFC-Iso-trans-1000x627.png 1000w, https:\/\/ens9001-infd.mendoza.edu.ar\/sitio\/wp-content\/uploads\/2019\/04\/CFC-Iso-trans-768x482.png 768w, https:\/\/ens9001-infd.mendoza.edu.ar\/sitio\/wp-content\/uploads\/2019\/04\/CFC-Iso-trans.png 1239w\" sizes=\"(max-width: 38px) 100vw, 38px\" \/>\u00a0<\/strong>Inicio del cursado:<\/h5>\n<p>Actividad de inicio del Ciclo Lectivo del Centro de Formaci\u00f3n Continua: <strong>S\u00e1bado 13 de abril a las 9:00 hs.<\/strong><\/p>\n<h5><strong><img decoding=\"async\" loading=\"lazy\" class=\"wp-image-7531 alignnone\" src=\"https:\/\/ens9001-infd.mendoza.edu.ar\/sitio\/wp-content\/uploads\/2019\/04\/CFC-Iso-trans-1000x627.png\" alt=\"\" width=\"38\" height=\"23\" srcset=\"https:\/\/ens9001-infd.mendoza.edu.ar\/sitio\/wp-content\/uploads\/2019\/04\/CFC-Iso-trans-1000x627.png 1000w, https:\/\/ens9001-infd.mendoza.edu.ar\/sitio\/wp-content\/uploads\/2019\/04\/CFC-Iso-trans-768x482.png 768w, https:\/\/ens9001-infd.mendoza.edu.ar\/sitio\/wp-content\/uploads\/2019\/04\/CFC-Iso-trans.png 1239w\" sizes=\"(max-width: 38px) 100vw, 38px\" \/>\u00a0Informes e inscripci\u00f3n<\/strong>:<\/h5>\n<p>Los\/as interesados\/as deber\u00e1n pre-inscribirse a trav\u00e9s del\u00a0formulario digital\u00a0y completar el proceso de inscripci\u00f3n en la oficina de la Asociaci\u00f3n Cooperadora en los siguientes d\u00edas y horarios:<\/p>\n<ul>\n<li>desde el lunes 8 al viernes 12: de 8 a 13 y de 14 a 18 hs.<\/li>\n<\/ul>\n<p>En la oficina de la Asociaci\u00f3n Cooperadora (Chubut y Balcarce, 1\u00ba piso &#8211; San Mart\u00edn) se le informar\u00e1 cu\u00e1l es la documentaci\u00f3n requerida para ser estudiante regular de cada propuesta de formaci\u00f3n continua.<\/p>\n<p>&nbsp;<\/p>\n<h2 style=\"padding-left: 30px;\"><\/h2>\n<h2 style=\"text-align: center;\"><strong>Formulario de pre-inscripci\u00f3n \u2013\u00a0<span style=\"color: #ff0000;\">Inscripciones cerradas<\/span><\/strong><\/h2>\n<p>&nbsp;<\/p>\n<p style=\"text-align: center;\"><a href=\"https:\/\/ens9001-infd.mendoza.edu.ar\/sitio\/ofertas-2019-del-centro-de-formacion-continua-9-001\/\"><strong>Ver m\u00e1s ofertas de Formaci\u00f3n Continua 2019<\/strong><\/a><\/p>\n<p>&nbsp;<\/p>\n","protected":false},"excerpt":{"rendered":"<p>Curso de capacitaci\u00f3n t\u00e9cnico-profesional: AutoCAD 2D b\u00e1sico \u00a0Destinatarios: Todas aquellas personas con perfil t\u00e9cnico, preferentemente estudiantes de carreras afines, o que est\u00e9n interesadas en adquirir capacitaci\u00f3n y herramientas digitales para la producci\u00f3n y representaci\u00f3n gr\u00e1fica. \u00a0Objetivos: Proporcionar a los cursantes los conceptos b\u00e1sicos de la representaci\u00f3n gr\u00e1fica digital en dos dimensiones utilizando uno de los &#8230; <a title=\"Curso de capacitaci\u00f3n t\u00e9cnico-profesional: AutoCAD 2D b\u00e1sico\" class=\"read-more\" href=\"https:\/\/ens9001-infd.mendoza.edu.ar\/sitio\/curso-de-capacitacion-tecnico-profesional-autocad-2d-basico\/\" aria-label=\"More on Curso de capacitaci\u00f3n t\u00e9cnico-profesional: AutoCAD 2D b\u00e1sico\">[+]<\/a><\/p>\n","protected":false},"author":6668,"featured_media":0,"parent":0,"menu_order":0,"comment_status":"closed","ping_status":"closed","template":"","meta":[],"acf":[],"_links":{"self":[{"href":"https:\/\/ens9001-infd.mendoza.edu.ar\/sitio\/wp-json\/wp\/v2\/pages\/7622"}],"collection":[{"href":"https:\/\/ens9001-infd.mendoza.edu.ar\/sitio\/wp-json\/wp\/v2\/pages"}],"about":[{"href":"https:\/\/ens9001-infd.mendoza.edu.ar\/sitio\/wp-json\/wp\/v2\/types\/page"}],"author":[{"embeddable":true,"href":"https:\/\/ens9001-infd.mendoza.edu.ar\/sitio\/wp-json\/wp\/v2\/users\/6668"}],"replies":[{"embeddable":true,"href":"https:\/\/ens9001-infd.mendoza.edu.ar\/sitio\/wp-json\/wp\/v2\/comments?post=7622"}],"version-history":[{"count":10,"href":"https:\/\/ens9001-infd.mendoza.edu.ar\/sitio\/wp-json\/wp\/v2\/pages\/7622\/revisions"}],"predecessor-version":[{"id":8208,"href":"https:\/\/ens9001-infd.mendoza.edu.ar\/sitio\/wp-json\/wp\/v2\/pages\/7622\/revisions\/8208"}],"wp:attachment":[{"href":"https:\/\/ens9001-infd.mendoza.edu.ar\/sitio\/wp-json\/wp\/v2\/media?parent=7622"}],"curies":[{"name":"wp","href":"https:\/\/api.w.org\/{rel}","templated":true}]}}