{"id":7606,"date":"2019-04-08T19:31:14","date_gmt":"2019-04-08T22:31:14","guid":{"rendered":"https:\/\/ens9001-mza.infd.edu.ar\/sitio\/?page_id=7606"},"modified":"2019-05-26T20:27:40","modified_gmt":"2019-05-26T23:27:40","slug":"formarnos-interuniversitario-federal-2019-programa-de-formacion-de-dirigentes-en-gestion-publica-y-social","status":"publish","type":"page","link":"https:\/\/ens9001-infd.mendoza.edu.ar\/sitio\/formarnos-interuniversitario-federal-2019-programa-de-formacion-de-dirigentes-en-gestion-publica-y-social\/","title":{"rendered":"Formarnos Interuniversitario Federal 2019 \u2013 Programa de Formaci\u00f3n de Dirigentes en Gesti\u00f3n P\u00fablica y Social"},"content":{"rendered":"<p><img decoding=\"async\" loading=\"lazy\" class=\"alignnone size-medium wp-image-7528\" src=\"https:\/\/ens9001-infd.mendoza.edu.ar\/sitio\/wp-content\/uploads\/2019\/04\/Membrete-2-1000x134.png\" alt=\"\" width=\"1000\" height=\"134\" srcset=\"https:\/\/ens9001-infd.mendoza.edu.ar\/sitio\/wp-content\/uploads\/2019\/04\/Membrete-2-1000x134.png 1000w, https:\/\/ens9001-infd.mendoza.edu.ar\/sitio\/wp-content\/uploads\/2019\/04\/Membrete-2-768x103.png 768w, https:\/\/ens9001-infd.mendoza.edu.ar\/sitio\/wp-content\/uploads\/2019\/04\/Membrete-2-1900x255.png 1900w\" sizes=\"(max-width: 1000px) 100vw, 1000px\" \/><\/p>\n<h5>Convenio de Formaci\u00f3n Continua:<\/h5>\n<h4 style=\"text-align: center;\">\u201cFormarnos Interuniversitario Federal\u201d<br \/>\nPrograma de Formaci\u00f3n de Dirigentes en Gesti\u00f3n P\u00fablica y Social<br \/>\n(en convenio con la Universidad Nacional de Lan\u00fas)<\/h4>\n<p>&nbsp;<\/p>\n<h5><strong><img decoding=\"async\" loading=\"lazy\" class=\"wp-image-7531 alignnone\" src=\"https:\/\/ens9001-infd.mendoza.edu.ar\/sitio\/wp-content\/uploads\/2019\/04\/CFC-Iso-trans-1000x627.png\" alt=\"\" width=\"38\" height=\"23\" srcset=\"https:\/\/ens9001-infd.mendoza.edu.ar\/sitio\/wp-content\/uploads\/2019\/04\/CFC-Iso-trans-1000x627.png 1000w, https:\/\/ens9001-infd.mendoza.edu.ar\/sitio\/wp-content\/uploads\/2019\/04\/CFC-Iso-trans-768x482.png 768w, https:\/\/ens9001-infd.mendoza.edu.ar\/sitio\/wp-content\/uploads\/2019\/04\/CFC-Iso-trans.png 1239w\" sizes=\"(max-width: 38px) 100vw, 38px\" \/>\u00a0<\/strong>\u00bfQu\u00e9 es Formarnos?<\/h5>\n<p>Formarnos es una unidad de formaci\u00f3n para la gesti\u00f3n p\u00fablica y social dependiente del \u00e1rea del vicerrectorado de la Universidad Nacional de Lan\u00fas. Nuestra universidad se define como instituci\u00f3n comprometida con la comunidad. No se enclaustra, sino que se abre en m\u00faltiples propuestas de interrelaci\u00f3n con los hombres y mujeres de nuestra comunidad. El Programa Formarnos tiene como tarea central contribuir a fortalecer este aspecto fundamental de la identidad de la UNLa y de nuestra cosmovisi\u00f3n acerca del rol que deben cumplir las universidades en general.<\/p>\n<h5><strong><img decoding=\"async\" loading=\"lazy\" class=\"wp-image-7531 alignnone\" src=\"https:\/\/ens9001-infd.mendoza.edu.ar\/sitio\/wp-content\/uploads\/2019\/04\/CFC-Iso-trans-1000x627.png\" alt=\"\" width=\"38\" height=\"23\" srcset=\"https:\/\/ens9001-infd.mendoza.edu.ar\/sitio\/wp-content\/uploads\/2019\/04\/CFC-Iso-trans-1000x627.png 1000w, https:\/\/ens9001-infd.mendoza.edu.ar\/sitio\/wp-content\/uploads\/2019\/04\/CFC-Iso-trans-768x482.png 768w, https:\/\/ens9001-infd.mendoza.edu.ar\/sitio\/wp-content\/uploads\/2019\/04\/CFC-Iso-trans.png 1239w\" sizes=\"(max-width: 38px) 100vw, 38px\" \/> \u00bfA qui\u00e9nes est\u00e1 dirigido?<\/strong><\/h5>\n<p>Formarnos est\u00e1 dirigido a todos aquellos que se encuentren en la b\u00fasqueda de la construcci\u00f3n pol\u00edtica y les interesen las cuestiones pol\u00edtico-sociales, pero tambi\u00e9n a quienes se desenvuelvan en \u00e1mbitos p\u00fablicos y est\u00e9n interesados en una capacitaci\u00f3n para reforzar su formaci\u00f3n. Contamos con actividades dirigidas a toda la comunidad, sin discriminar en edad, sexo o nivel educativo. Adem\u00e1s, son totalmente gratuitas.<\/p>\n<h5><strong><img decoding=\"async\" loading=\"lazy\" class=\"wp-image-7531 alignnone\" src=\"https:\/\/ens9001-infd.mendoza.edu.ar\/sitio\/wp-content\/uploads\/2019\/04\/CFC-Iso-trans-1000x627.png\" alt=\"\" width=\"38\" height=\"23\" srcset=\"https:\/\/ens9001-infd.mendoza.edu.ar\/sitio\/wp-content\/uploads\/2019\/04\/CFC-Iso-trans-1000x627.png 1000w, https:\/\/ens9001-infd.mendoza.edu.ar\/sitio\/wp-content\/uploads\/2019\/04\/CFC-Iso-trans-768x482.png 768w, https:\/\/ens9001-infd.mendoza.edu.ar\/sitio\/wp-content\/uploads\/2019\/04\/CFC-Iso-trans.png 1239w\" sizes=\"(max-width: 38px) 100vw, 38px\" \/> \u00bfQu\u00e9 tem\u00e1ticas aborda?<\/strong><\/h5>\n<p>Formarnos se propone la formaci\u00f3n de hombres y mujeres comprometidos con la patria y con la constituci\u00f3n de una Am\u00e9rica Latina unida, solidaria y democr\u00e1tica con sentido social. En este sentido, abordamos tem\u00e1ticas tales como econom\u00eda solidaria, pol\u00edticas p\u00fablicas, comunicaci\u00f3n y medios, integraci\u00f3n regional, formulaci\u00f3n de programas y proyectos, g\u00e9nero y diversidad, liderazgo y toma de decisiones, salud comunitaria, derechos humanos, emprendedorismo, entre muchos otros temas m\u00e1s.<\/p>\n<p style=\"text-align: center;\"><iframe loading=\"lazy\" src=\"https:\/\/www.youtube.com\/embed\/IzNQHDclUCE\" width=\"560\" height=\"315\" frameborder=\"0\" allowfullscreen=\"allowfullscreen\"><\/iframe><\/p>\n<p>&nbsp;<\/p>\n<p><img decoding=\"async\" loading=\"lazy\" class=\" wp-image-7610 aligncenter\" src=\"https:\/\/ens9001-infd.mendoza.edu.ar\/sitio\/wp-content\/uploads\/2019\/04\/Formarnos-707x1000.jpg\" alt=\"\" width=\"560\" height=\"792\" srcset=\"https:\/\/ens9001-infd.mendoza.edu.ar\/sitio\/wp-content\/uploads\/2019\/04\/Formarnos-707x1000.jpg 707w, https:\/\/ens9001-infd.mendoza.edu.ar\/sitio\/wp-content\/uploads\/2019\/04\/Formarnos-768x1086.jpg 768w, https:\/\/ens9001-infd.mendoza.edu.ar\/sitio\/wp-content\/uploads\/2019\/04\/Formarnos.jpg 842w\" sizes=\"(max-width: 560px) 100vw, 560px\" \/><\/p>\n<h5><strong><img decoding=\"async\" loading=\"lazy\" class=\"wp-image-7531 alignnone\" src=\"https:\/\/ens9001-infd.mendoza.edu.ar\/sitio\/wp-content\/uploads\/2019\/04\/CFC-Iso-trans-1000x627.png\" alt=\"\" width=\"38\" height=\"23\" srcset=\"https:\/\/ens9001-infd.mendoza.edu.ar\/sitio\/wp-content\/uploads\/2019\/04\/CFC-Iso-trans-1000x627.png 1000w, https:\/\/ens9001-infd.mendoza.edu.ar\/sitio\/wp-content\/uploads\/2019\/04\/CFC-Iso-trans-768x482.png 768w, https:\/\/ens9001-infd.mendoza.edu.ar\/sitio\/wp-content\/uploads\/2019\/04\/CFC-Iso-trans.png 1239w\" sizes=\"(max-width: 38px) 100vw, 38px\" \/>\u00a0Inicio del cursado<\/strong>:<\/h5>\n<p>Actividad de inicio del Ciclo Lectivo: <strong>S\u00e1bado 13 de abril a las 9:00 hs.<\/strong><\/p>\n<p>&nbsp;<\/p>\n<h5><strong><img decoding=\"async\" loading=\"lazy\" class=\"wp-image-7531 alignnone\" src=\"https:\/\/ens9001-infd.mendoza.edu.ar\/sitio\/wp-content\/uploads\/2019\/04\/CFC-Iso-trans-1000x627.png\" alt=\"\" width=\"38\" height=\"23\" srcset=\"https:\/\/ens9001-infd.mendoza.edu.ar\/sitio\/wp-content\/uploads\/2019\/04\/CFC-Iso-trans-1000x627.png 1000w, https:\/\/ens9001-infd.mendoza.edu.ar\/sitio\/wp-content\/uploads\/2019\/04\/CFC-Iso-trans-768x482.png 768w, https:\/\/ens9001-infd.mendoza.edu.ar\/sitio\/wp-content\/uploads\/2019\/04\/CFC-Iso-trans.png 1239w\" sizes=\"(max-width: 38px) 100vw, 38px\" \/>\u00a0Cronograma posterior<\/strong>:<\/h5>\n<div class=\"row\">\n<ul>\n<li class=\"col-md-3 calendario-icon\"><span class=\"mes\">ABRIL\u00a0<\/span><span class=\"dia\">23:\u00a0<\/span>Apertura<\/li>\n<\/ul>\n<div class=\"col-md-9\">\n<p style=\"padding-left: 30px;\">Ana Jaramillo y Nerio Neirotti<\/p>\n<\/div>\n<\/div>\n<div class=\"row\">\n<ul>\n<li class=\"col-md-3 calendario-icon\"><span class=\"mes\">MAYO\u00a0<\/span><span class=\"dia\">02:\u00a0<\/span>Pensamiento nacional y latinoamericano<\/li>\n<\/ul>\n<div class=\"col-md-9\">\n<p style=\"padding-left: 30px;\">Clase a cargo de: Mario Oporto<\/p>\n<\/div>\n<\/div>\n<div class=\"row\">\n<ul>\n<li class=\"col-md-3 calendario-icon\"><span class=\"mes\">MAYO\u00a0<\/span><span class=\"dia\">09:\u00a0<\/span>Sociedad, Estado y pol\u00edticas p\u00fablicas<\/li>\n<\/ul>\n<div class=\"col-md-9\">\n<p style=\"padding-left: 30px;\">Clase a cargo de: Nerio Neirotti<\/p>\n<\/div>\n<\/div>\n<div class=\"row\">\n<ul>\n<li class=\"col-md-3 calendario-icon\"><span class=\"mes\">MAYO\u00a0<\/span><span class=\"dia\">16:\u00a0<\/span>Diagn\u00f3stico y dise\u00f1o de proyectos<\/li>\n<\/ul>\n<div class=\"col-md-9\">\n<p style=\"padding-left: 30px;\">Clase a cargo de: Luciana Carpinacci<\/p>\n<\/div>\n<\/div>\n<div class=\"row\">\n<ul>\n<li class=\"col-md-3 calendario-icon\"><span class=\"mes\">MAYO\u00a0<\/span><span class=\"dia\">23:\u00a0<\/span>Econom\u00eda pol\u00edtica (para no economistas)<\/li>\n<\/ul>\n<div class=\"col-md-9\">\n<p style=\"padding-left: 30px;\">Clase a cargo de: Oscar Tangelson<\/p>\n<\/div>\n<\/div>\n<div class=\"row\">\n<ul>\n<li class=\"col-md-3 calendario-icon\"><span class=\"mes\">MAYO\u00a0<\/span><span class=\"dia\">30:\u00a0<\/span>Jornadas con mesas de gesti\u00f3n<\/li>\n<\/ul>\n<div class=\"col-md-9\">\n<p style=\"padding-left: 30px;\">El Instituto decide invitados\/as<\/p>\n<\/div>\n<\/div>\n<div class=\"row\">\n<ul>\n<li class=\"col-md-3 calendario-icon\"><span class=\"mes\">JUNIO\u00a0<\/span><span class=\"dia\">06:\u00a0<\/span>An\u00e1lisis pol\u00edtico y actores sociales<\/li>\n<\/ul>\n<div class=\"col-md-9\">\n<p style=\"padding-left: 30px;\">Clase a cargo de: Marcelo Koenig y Mat\u00edas Mattalini<\/p>\n<\/div>\n<\/div>\n<div class=\"row\">\n<ul>\n<li class=\"col-md-3 calendario-icon\"><span class=\"mes\">JUNIO\u00a0<\/span><span class=\"dia\">13:\u00a0<\/span>Argentina en la regi\u00f3n y el mundo<\/li>\n<\/ul>\n<div class=\"col-md-9\">\n<p style=\"padding-left: 30px;\">Clase a cargo de: Aritz Recalde y Nicol\u00e1s Canosa<\/p>\n<\/div>\n<\/div>\n<div class=\"row\">\n<ul>\n<li class=\"col-md-3 calendario-icon\"><span class=\"mes\">JUNIO\u00a0<\/span><span class=\"dia\">27:\u00a0<\/span>Liderazgo y gesti\u00f3n de organizaciones<\/li>\n<\/ul>\n<div class=\"col-md-9\">\n<p style=\"padding-left: 30px;\">Clase a cargo de: Claudia Bernazza<\/p>\n<\/div>\n<\/div>\n<div class=\"row\">\n<ul>\n<li class=\"col-md-3 calendario-icon\"><span class=\"mes\">JULIO\u00a0<\/span><span class=\"dia\">04:\u00a0<\/span>Comunicaci\u00f3n popular<\/li>\n<\/ul>\n<div class=\"col-md-9\">\n<p style=\"padding-left: 30px;\">Clase a cargo de: Fernando Buen Abad<\/p>\n<\/div>\n<\/div>\n<div class=\"row\">\n<ul>\n<li class=\"col-md-3 calendario-icon\"><span class=\"mes\">JULIO\u00a0<\/span><span class=\"dia\">11:\u00a0<\/span>Jornada de cierre<\/li>\n<\/ul>\n<div class=\"col-md-9\">\n<p style=\"padding-left: 30px;\">Entrega de certificados<\/p>\n<p>&nbsp;<\/p>\n<\/div>\n<\/div>\n<h5><strong><img decoding=\"async\" loading=\"lazy\" class=\"wp-image-7531 alignnone\" src=\"https:\/\/ens9001-infd.mendoza.edu.ar\/sitio\/wp-content\/uploads\/2019\/04\/CFC-Iso-trans-1000x627.png\" alt=\"\" width=\"38\" height=\"23\" srcset=\"https:\/\/ens9001-infd.mendoza.edu.ar\/sitio\/wp-content\/uploads\/2019\/04\/CFC-Iso-trans-1000x627.png 1000w, https:\/\/ens9001-infd.mendoza.edu.ar\/sitio\/wp-content\/uploads\/2019\/04\/CFC-Iso-trans-768x482.png 768w, https:\/\/ens9001-infd.mendoza.edu.ar\/sitio\/wp-content\/uploads\/2019\/04\/CFC-Iso-trans.png 1239w\" sizes=\"(max-width: 38px) 100vw, 38px\" \/>\u00a0Informes e inscripci\u00f3n<\/strong>:<\/h5>\n<p>Los\/as interesados\/as deber\u00e1n pre-inscribirse a trav\u00e9s del\u00a0formulario digital\u00a0y completar el proceso de inscripci\u00f3n en la oficina de la Asociaci\u00f3n Cooperadora en los siguientes d\u00edas y horarios:<\/p>\n<ul>\n<li>desde el lunes 8 al viernes 12: de 8 a 13 y de 14 a 18 hs.<\/li>\n<\/ul>\n<p>En la oficina de la Asociaci\u00f3n Cooperadora (Chubut y Balcarce, 1\u00ba piso &#8211; San Mart\u00edn) se informar\u00e1 cu\u00e1l es la documentaci\u00f3n requerida para ser estudiante regular de cada propuesta de formaci\u00f3n continua.<\/p>\n<p>&nbsp;<\/p>\n<h2 style=\"text-align: center;\"><strong>Formulario de pre-inscripci\u00f3n \u2013\u00a0<span style=\"color: #ff0000;\">Inscripciones cerradas<\/span><\/strong><\/h2>\n<p>&nbsp;<\/p>\n<p style=\"text-align: center;\"><a href=\"https:\/\/ens9001-infd.mendoza.edu.ar\/sitio\/ofertas-2019-del-centro-de-formacion-continua-9-001\/\"><strong>Ver m\u00e1s ofertas de Formaci\u00f3n Continua 2019<\/strong><\/a><\/p>\n<p>&nbsp;<\/p>\n","protected":false},"excerpt":{"rendered":"<p>Convenio de Formaci\u00f3n Continua: \u201cFormarnos Interuniversitario Federal\u201d Programa de Formaci\u00f3n de Dirigentes en Gesti\u00f3n P\u00fablica y Social (en convenio con la Universidad Nacional de Lan\u00fas) &nbsp; \u00a0\u00bfQu\u00e9 es Formarnos? Formarnos es una unidad de formaci\u00f3n para la gesti\u00f3n p\u00fablica y social dependiente del \u00e1rea del vicerrectorado de la Universidad Nacional de Lan\u00fas. Nuestra universidad se &#8230; <a title=\"Formarnos Interuniversitario Federal 2019 \u2013 Programa de Formaci\u00f3n de Dirigentes en Gesti\u00f3n P\u00fablica y Social\" class=\"read-more\" href=\"https:\/\/ens9001-infd.mendoza.edu.ar\/sitio\/formarnos-interuniversitario-federal-2019-programa-de-formacion-de-dirigentes-en-gestion-publica-y-social\/\" aria-label=\"More on Formarnos Interuniversitario Federal 2019 \u2013 Programa de Formaci\u00f3n de Dirigentes en Gesti\u00f3n P\u00fablica y Social\">[+]<\/a><\/p>\n","protected":false},"author":6668,"featured_media":0,"parent":0,"menu_order":0,"comment_status":"closed","ping_status":"closed","template":"","meta":[],"acf":[],"_links":{"self":[{"href":"https:\/\/ens9001-infd.mendoza.edu.ar\/sitio\/wp-json\/wp\/v2\/pages\/7606"}],"collection":[{"href":"https:\/\/ens9001-infd.mendoza.edu.ar\/sitio\/wp-json\/wp\/v2\/pages"}],"about":[{"href":"https:\/\/ens9001-infd.mendoza.edu.ar\/sitio\/wp-json\/wp\/v2\/types\/page"}],"author":[{"embeddable":true,"href":"https:\/\/ens9001-infd.mendoza.edu.ar\/sitio\/wp-json\/wp\/v2\/users\/6668"}],"replies":[{"embeddable":true,"href":"https:\/\/ens9001-infd.mendoza.edu.ar\/sitio\/wp-json\/wp\/v2\/comments?post=7606"}],"version-history":[{"count":11,"href":"https:\/\/ens9001-infd.mendoza.edu.ar\/sitio\/wp-json\/wp\/v2\/pages\/7606\/revisions"}],"predecessor-version":[{"id":8209,"href":"https:\/\/ens9001-infd.mendoza.edu.ar\/sitio\/wp-json\/wp\/v2\/pages\/7606\/revisions\/8209"}],"wp:attachment":[{"href":"https:\/\/ens9001-infd.mendoza.edu.ar\/sitio\/wp-json\/wp\/v2\/media?parent=7606"}],"curies":[{"name":"wp","href":"https:\/\/api.w.org\/{rel}","templated":true}]}}