{"id":7595,"date":"2019-04-08T16:22:55","date_gmt":"2019-04-08T19:22:55","guid":{"rendered":"https:\/\/ens9001-mza.infd.edu.ar\/sitio\/?page_id=7595"},"modified":"2021-05-08T00:05:58","modified_gmt":"2021-05-08T03:05:58","slug":"postitulo-especializacion-docente-de-nivel-superior-en-educacion-permanente-de-jovenes-y-adultos-epja","status":"publish","type":"page","link":"https:\/\/ens9001-infd.mendoza.edu.ar\/sitio\/postitulo-especializacion-docente-de-nivel-superior-en-educacion-permanente-de-jovenes-y-adultos-epja\/","title":{"rendered":"Post\u00edtulo: Especializaci\u00f3n Docente de Nivel Superior en  Educaci\u00f3n Permanente de J\u00f3venes y Adultos (EPJA)"},"content":{"rendered":"<p><img decoding=\"async\" loading=\"lazy\" class=\"alignnone size-medium wp-image-7528\" src=\"https:\/\/ens9001-infd.mendoza.edu.ar\/sitio\/wp-content\/uploads\/2019\/04\/Membrete-2-1000x134.png\" alt=\"\" width=\"1000\" height=\"134\" srcset=\"https:\/\/ens9001-infd.mendoza.edu.ar\/sitio\/wp-content\/uploads\/2019\/04\/Membrete-2-1000x134.png 1000w, https:\/\/ens9001-infd.mendoza.edu.ar\/sitio\/wp-content\/uploads\/2019\/04\/Membrete-2-768x103.png 768w, https:\/\/ens9001-infd.mendoza.edu.ar\/sitio\/wp-content\/uploads\/2019\/04\/Membrete-2-1900x255.png 1900w\" sizes=\"(max-width: 1000px) 100vw, 1000px\" \/><\/p>\n<h5>Post\u00edtulo:<\/h5>\n<h4 style=\"text-align: center;\">Especializaci\u00f3n Docente de Nivel Superior en<br \/>\nEducaci\u00f3n Permanente de J\u00f3venes y Adultos (EPJA)<\/h4>\n<p>&nbsp;<\/p>\n<h5><strong><img decoding=\"async\" loading=\"lazy\" class=\"wp-image-7531 alignnone\" src=\"https:\/\/ens9001-infd.mendoza.edu.ar\/sitio\/wp-content\/uploads\/2019\/04\/CFC-Iso-trans-1000x627.png\" alt=\"\" width=\"38\" height=\"23\" srcset=\"https:\/\/ens9001-infd.mendoza.edu.ar\/sitio\/wp-content\/uploads\/2019\/04\/CFC-Iso-trans-1000x627.png 1000w, https:\/\/ens9001-infd.mendoza.edu.ar\/sitio\/wp-content\/uploads\/2019\/04\/CFC-Iso-trans-768x482.png 768w, https:\/\/ens9001-infd.mendoza.edu.ar\/sitio\/wp-content\/uploads\/2019\/04\/CFC-Iso-trans.png 1239w\" sizes=\"(max-width: 38px) 100vw, 38px\" \/>\u00a0<\/strong>Resoluci\u00f3n de aprobaci\u00f3n:<\/h5>\n<p><a href=\"https:\/\/drive.google.com\/file\/d\/0BxfczyKA65bPQUpnZkVGYVZHR3RVSk5rRy04R2F0RzlqZ2xZ\/view?usp=sharing\"><span style=\"text-decoration: underline;\">Resoluci\u00f3n N\u00ba 717-DGE-19<\/span><\/a><\/p>\n<p>&nbsp;<\/p>\n<h5><strong><img decoding=\"async\" loading=\"lazy\" class=\"wp-image-7531 alignnone\" src=\"https:\/\/ens9001-infd.mendoza.edu.ar\/sitio\/wp-content\/uploads\/2019\/04\/CFC-Iso-trans-1000x627.png\" alt=\"\" width=\"38\" height=\"23\" srcset=\"https:\/\/ens9001-infd.mendoza.edu.ar\/sitio\/wp-content\/uploads\/2019\/04\/CFC-Iso-trans-1000x627.png 1000w, https:\/\/ens9001-infd.mendoza.edu.ar\/sitio\/wp-content\/uploads\/2019\/04\/CFC-Iso-trans-768x482.png 768w, https:\/\/ens9001-infd.mendoza.edu.ar\/sitio\/wp-content\/uploads\/2019\/04\/CFC-Iso-trans.png 1239w\" sizes=\"(max-width: 38px) 100vw, 38px\" \/>\u00a0<\/strong>Destinatarios:<\/h5>\n<p>Los aspirantes a ingresar al post\u00edtulo deber\u00e1n:<\/p>\n<ol>\n<li>Ser docentes en ejercicio en escuelas de la Modalidad de Educaci\u00f3n Permenente de J\u00f3venes y Adultos de la jurisdicci\u00f3n o contar con bono de puntajes para acceder a la modalidad.<\/li>\n<li>Acreditar t\u00edtulo docente de nivel y\/o modalidad educativa.<\/li>\n<\/ol>\n<p>&nbsp;<\/p>\n<h5><strong><img decoding=\"async\" loading=\"lazy\" class=\"wp-image-7531 alignnone\" src=\"https:\/\/ens9001-infd.mendoza.edu.ar\/sitio\/wp-content\/uploads\/2019\/04\/CFC-Iso-trans-1000x627.png\" alt=\"\" width=\"38\" height=\"23\" srcset=\"https:\/\/ens9001-infd.mendoza.edu.ar\/sitio\/wp-content\/uploads\/2019\/04\/CFC-Iso-trans-1000x627.png 1000w, https:\/\/ens9001-infd.mendoza.edu.ar\/sitio\/wp-content\/uploads\/2019\/04\/CFC-Iso-trans-768x482.png 768w, https:\/\/ens9001-infd.mendoza.edu.ar\/sitio\/wp-content\/uploads\/2019\/04\/CFC-Iso-trans.png 1239w\" sizes=\"(max-width: 38px) 100vw, 38px\" \/>\u00a0<\/strong>Objetivos:<\/h5>\n<p>El Especialista Docente de Nivel Superior en Educaci\u00f3n Permanente de J\u00f3venes y Adultos es un docente que posee conocimientos espec\u00edficos sobre el nivel y\/o modalidad educativa a su cargo y sobre los problemas que plantea su promoci\u00f3n y ense\u00f1anza dentro y fuera de la escuelas.<\/p>\n<p>Asimismo, podr\u00e1 elaborar proyectos institucionales dirigidos a la promoci\u00f3n y\/o ense\u00f1anza de los contenidos espec\u00edficos adecuados a las escuelas de la modalidad de Educaci\u00f3n Permanente de J\u00f3venes y Adultos.<\/p>\n<p>Tambi\u00e9n podr\u00e1 asesorar en el proyecto curricular de la instituci\u00f3n escolar en torno a distintas decisiones a tomar en relaci\u00f3n con la ense\u00f1anza (selecci\u00f3n de textos, recortes te\u00f3ricos, metodolog\u00edas, estrategias, recursos, etc.) desde una perspectiva integradora y respetuosa de la diversidad.<\/p>\n<p>En este marco, los objetivos de esta especializaci\u00f3n son:<\/p>\n<ul>\n<li>Especializar la formaci\u00f3n de los docentes que desempe\u00f1an sus tareas en instituciones de la Modalidad de Educaci\u00f3n Permanente de J\u00f3venes y Adultos de Mendoza, profundizando sus conocimientos de la modalidad.<\/li>\n<li>Crear un espacio de discusi\u00f3n cr\u00edtica en torno a las caracter\u00edsticas de la Educaci\u00f3n Permanente de J\u00f3venes y Adultos y sus instituciones en la Provincia de Mendoza.<\/li>\n<li>Ampliar el campo de la experiencia de los docentes a trav\u00e9s del aprendizaje de nuevos conocimientos e instrumentos que le permiten dise\u00f1ar nuevas estrategias de trabajo en las aulas de la Educaci\u00f3n Permanente de J\u00f3venes y Adultos, en el marco de los dise\u00f1os curriculares provinciales.<\/li>\n<li>Proponer m\u00faltiples recursos para la formaci\u00f3n, producci\u00f3n e intercambio de experiencias relacionadas con los aprendizajes en contexto de ense\u00f1anza-aprendizaje con j\u00f3venes y adultos.<\/li>\n<li>Establecer el registro y la sistematizaci\u00f3n de experiencias como herramienta privilegiada para acompa\u00f1ar procesos de evaluaci\u00f3n y autoevaluaci\u00f3n.<\/li>\n<\/ul>\n<p>Adem\u00e1s, en tanto esta especializaci\u00f3n se propone promover el desarrollo de las capacidades docentes enunciadas en los dise\u00f1os curriculares provinciales, cabe recuperarlas aqu\u00ed. Ellas son:<\/p>\n<ol>\n<li>Asume personal y colectivamente el sentido \u00e9tico-pol\u00edtico del trabajo.<\/li>\n<li>Promueve situaciones de ense\u00f1anza que posibilitan el desarrollo humano.<\/li>\n<li>Es mediador\/a en los aprendizajes.<\/li>\n<li>Reconoce y valida saberes construidos por el\/ la estudiante a partir de la experiencia social, cultural y productiva.<\/li>\n<li>Genera estrategias que atienden y respetan la diversidad.<\/li>\n<li>Participa activamente en la construcci\u00f3n del proyecto educativo del Centro.<\/li>\n<\/ol>\n<p>&nbsp;<\/p>\n<h5><strong><img decoding=\"async\" loading=\"lazy\" class=\"wp-image-7531 alignnone\" src=\"https:\/\/ens9001-infd.mendoza.edu.ar\/sitio\/wp-content\/uploads\/2019\/04\/CFC-Iso-trans-1000x627.png\" alt=\"\" width=\"38\" height=\"23\" srcset=\"https:\/\/ens9001-infd.mendoza.edu.ar\/sitio\/wp-content\/uploads\/2019\/04\/CFC-Iso-trans-1000x627.png 1000w, https:\/\/ens9001-infd.mendoza.edu.ar\/sitio\/wp-content\/uploads\/2019\/04\/CFC-Iso-trans-768x482.png 768w, https:\/\/ens9001-infd.mendoza.edu.ar\/sitio\/wp-content\/uploads\/2019\/04\/CFC-Iso-trans.png 1239w\" sizes=\"(max-width: 38px) 100vw, 38px\" \/>\u00a0<\/strong>Estructura Curricular:<\/h5>\n<ul>\n<li>La pr\u00e1ctica pedag\u00f3gica en educaci\u00f3n de j\u00f3venes y adultos<\/li>\n<li>Historia de la educaci\u00f3n de adultos<\/li>\n<li>Sujetos y educaci\u00f3n en el contexto comunitario<\/li>\n<li>Instituciones educativas y su relaci\u00f3n con otras instituciones<\/li>\n<li>Construcci\u00f3n curricular en el campo de la educaci\u00f3n de j\u00f3venes y adultos<\/li>\n<li>Cultura escrita de j\u00f3venes y adultos<\/li>\n<li>Educaci\u00f3n de j\u00f3venes y adultos y trabajo<\/li>\n<li>Lenguajes art\u00edsticos<\/li>\n<li>Desarrollo de capacidades y trabajo interdisciplinar<\/li>\n<li>Ense\u00f1anza basada en contextos problematizadores 1<\/li>\n<li>Ense\u00f1anza basada en contextos problematizadores 2<\/li>\n<li>Desarrollo de proyectos de acci\u00f3n<\/li>\n<li>Sistematizaci\u00f3n de la pr\u00e1ctica pedag\u00f3gica como estrategia de producci\u00f3n de conocimiento<\/li>\n<li>Seminario de profundizaci\u00f3n: Nivel primario<\/li>\n<li>Seminario de profundizaci\u00f3n: Nivel secundario<\/li>\n<\/ul>\n<p>&nbsp;<\/p>\n<h5><strong><img decoding=\"async\" loading=\"lazy\" class=\"wp-image-7531 alignnone\" src=\"https:\/\/ens9001-infd.mendoza.edu.ar\/sitio\/wp-content\/uploads\/2019\/04\/CFC-Iso-trans-1000x627.png\" alt=\"\" width=\"38\" height=\"23\" srcset=\"https:\/\/ens9001-infd.mendoza.edu.ar\/sitio\/wp-content\/uploads\/2019\/04\/CFC-Iso-trans-1000x627.png 1000w, https:\/\/ens9001-infd.mendoza.edu.ar\/sitio\/wp-content\/uploads\/2019\/04\/CFC-Iso-trans-768x482.png 768w, https:\/\/ens9001-infd.mendoza.edu.ar\/sitio\/wp-content\/uploads\/2019\/04\/CFC-Iso-trans.png 1239w\" sizes=\"(max-width: 38px) 100vw, 38px\" \/>\u00a0<\/strong>Carga horaria:<\/h5>\n<p>Total horas: 400 horas reloj.<\/p>\n<p>&nbsp;<\/p>\n<h5><strong><img decoding=\"async\" loading=\"lazy\" class=\"wp-image-7531 alignnone\" src=\"https:\/\/ens9001-infd.mendoza.edu.ar\/sitio\/wp-content\/uploads\/2019\/04\/CFC-Iso-trans-1000x627.png\" alt=\"\" width=\"38\" height=\"23\" srcset=\"https:\/\/ens9001-infd.mendoza.edu.ar\/sitio\/wp-content\/uploads\/2019\/04\/CFC-Iso-trans-1000x627.png 1000w, https:\/\/ens9001-infd.mendoza.edu.ar\/sitio\/wp-content\/uploads\/2019\/04\/CFC-Iso-trans-768x482.png 768w, https:\/\/ens9001-infd.mendoza.edu.ar\/sitio\/wp-content\/uploads\/2019\/04\/CFC-Iso-trans.png 1239w\" sizes=\"(max-width: 38px) 100vw, 38px\" \/>\u00a0<\/strong>Duraci\u00f3n:<\/h5>\n<p>Dos a\u00f1os de cursado.<\/p>\n<p>&nbsp;<\/p>\n<h5><strong><img decoding=\"async\" loading=\"lazy\" class=\"wp-image-7531 alignnone\" src=\"https:\/\/ens9001-infd.mendoza.edu.ar\/sitio\/wp-content\/uploads\/2019\/04\/CFC-Iso-trans-1000x627.png\" alt=\"\" width=\"38\" height=\"23\" srcset=\"https:\/\/ens9001-infd.mendoza.edu.ar\/sitio\/wp-content\/uploads\/2019\/04\/CFC-Iso-trans-1000x627.png 1000w, https:\/\/ens9001-infd.mendoza.edu.ar\/sitio\/wp-content\/uploads\/2019\/04\/CFC-Iso-trans-768x482.png 768w, https:\/\/ens9001-infd.mendoza.edu.ar\/sitio\/wp-content\/uploads\/2019\/04\/CFC-Iso-trans.png 1239w\" sizes=\"(max-width: 38px) 100vw, 38px\" \/>\u00a0Lugar, d<\/strong>\u00edas y horarios de cursado:<\/h5>\n<p>En el marco del proyecto de Virtualizaci\u00f3n de la Formaci\u00f3n Continua del Plan de Contingencia Institucional ante la Emergencia Sanitaria.<\/p>\n<p>Los encuentros virtuales sincr\u00f3nicos y las instancias presenciales, en el caso que puedan llevarse a cabo, se realizar\u00e1n los d\u00edas <strong>s\u00e1bado entre las 9:00 y las 12:30 hs.<\/strong><\/p>\n<p>&nbsp;<\/p>\n<h5><strong><img decoding=\"async\" loading=\"lazy\" class=\"wp-image-7531 alignnone\" src=\"https:\/\/ens9001-infd.mendoza.edu.ar\/sitio\/wp-content\/uploads\/2019\/04\/CFC-Iso-trans-1000x627.png\" alt=\"\" width=\"38\" height=\"23\" srcset=\"https:\/\/ens9001-infd.mendoza.edu.ar\/sitio\/wp-content\/uploads\/2019\/04\/CFC-Iso-trans-1000x627.png 1000w, https:\/\/ens9001-infd.mendoza.edu.ar\/sitio\/wp-content\/uploads\/2019\/04\/CFC-Iso-trans-768x482.png 768w, https:\/\/ens9001-infd.mendoza.edu.ar\/sitio\/wp-content\/uploads\/2019\/04\/CFC-Iso-trans.png 1239w\" sizes=\"(max-width: 38px) 100vw, 38px\" \/>\u00a0<\/strong>Inicio del cursado:<\/h5>\n<p>Actividad de inicio de las actividades acad\u00e9micas del Centro de Formaci\u00f3n Continua: <strong>S\u00e1bado 8 de mayo a las 9:00 hs.<\/strong><\/p>\n<p>&nbsp;<\/p>\n<h5><strong><img decoding=\"async\" loading=\"lazy\" class=\"wp-image-7531 alignnone\" src=\"https:\/\/ens9001-infd.mendoza.edu.ar\/sitio\/wp-content\/uploads\/2019\/04\/CFC-Iso-trans-1000x627.png\" alt=\"\" width=\"38\" height=\"23\" srcset=\"https:\/\/ens9001-infd.mendoza.edu.ar\/sitio\/wp-content\/uploads\/2019\/04\/CFC-Iso-trans-1000x627.png 1000w, https:\/\/ens9001-infd.mendoza.edu.ar\/sitio\/wp-content\/uploads\/2019\/04\/CFC-Iso-trans-768x482.png 768w, https:\/\/ens9001-infd.mendoza.edu.ar\/sitio\/wp-content\/uploads\/2019\/04\/CFC-Iso-trans.png 1239w\" sizes=\"(max-width: 38px) 100vw, 38px\" \/>\u00a0Inscripci\u00f3n y consultas<\/strong>:<\/h5>\n<p>Los\/as docentes interesados\/as deber\u00e1n pre-inscribirse a trav\u00e9s del\u00a0formulario digital\u00a0y completar el proceso de inscripci\u00f3n de acuerdo a las orientaciones que recibir\u00e1n en su correo electr\u00f3nico enviado desde la Bedel\u00eda del Centro de Formaci\u00f3n Continua: <strong>bedelia.cfc9001@gmail.com<\/strong><\/p>\n<p>Tambi\u00e9n pueden realizar consultas a trav\u00e9s de WhatsApp los siguientes d\u00edas y horarios:<\/p>\n<ul>\n<li>Lunes a viernes: de 10 a 11 y de 16:00 a 17:00 hs.<\/li>\n<\/ul>\n<p>&nbsp;<\/p>\n<p><a href=\"https:\/\/chat.whatsapp.com\/DAEL0ItGLhKLPsfNzV0Lun\"><img decoding=\"async\" loading=\"lazy\" class=\"wp-image-11021 aligncenter\" src=\"https:\/\/ens9001-infd.mendoza.edu.ar\/sitio\/wp-content\/uploads\/2020\/05\/Mesa-de-entradas-CFC-1000x111.jpeg\" alt=\"\" width=\"512\" height=\"57\" srcset=\"https:\/\/ens9001-infd.mendoza.edu.ar\/sitio\/wp-content\/uploads\/2020\/05\/Mesa-de-entradas-CFC-1000x111.jpeg 1000w, https:\/\/ens9001-infd.mendoza.edu.ar\/sitio\/wp-content\/uploads\/2020\/05\/Mesa-de-entradas-CFC-768x85.jpeg 768w, https:\/\/ens9001-infd.mendoza.edu.ar\/sitio\/wp-content\/uploads\/2020\/05\/Mesa-de-entradas-CFC.jpeg 1042w\" sizes=\"(max-width: 512px) 100vw, 512px\" \/><\/a><\/p>\n<p style=\"text-align: center;\"><a href=\"https:\/\/chat.whatsapp.com\/KQbusqF0DrjAYFCHbXi5Q8\" target=\"_blank\" rel=\"noopener\"><strong>https:\/\/chat.whatsapp.com\/KQbusqF0DrjAYFCHbXi5Q8<\/strong><\/a><\/p>\n<p>&nbsp;<\/p>\n<p>Las consultas ser\u00e1n respondidas en el transcurso del d\u00eda.<\/p>\n<p>&nbsp;<\/p>\n<h2 style=\"text-align: center;\"><span style=\"text-decoration: underline;\"><a href=\"https:\/\/forms.gle\/vRMBKcNDadoByGBG9\" target=\"_blank\" rel=\"noopener\"><strong>Formulario de pre-inscripci\u00f3n<\/strong><\/a><\/span><\/h2>\n<p style=\"text-align: center;\"><a href=\"https:\/\/ens9001-infd.mendoza.edu.ar\/sitio\/propuestas-de-formacion-continua-2021\/\" target=\"_blank\" rel=\"noopener\"><span style=\"text-decoration: underline;\"><strong>Ver m\u00e1s ofertas de Formaci\u00f3n Continua 2021<\/strong><\/span><\/a><\/p>\n","protected":false},"excerpt":{"rendered":"<p>Post\u00edtulo: Especializaci\u00f3n Docente de Nivel Superior en Educaci\u00f3n Permanente de J\u00f3venes y Adultos (EPJA) &nbsp; \u00a0Resoluci\u00f3n de aprobaci\u00f3n: Resoluci\u00f3n N\u00ba 717-DGE-19 &nbsp; \u00a0Destinatarios: Los aspirantes a ingresar al post\u00edtulo deber\u00e1n: Ser docentes en ejercicio en escuelas de la Modalidad de Educaci\u00f3n Permenente de J\u00f3venes y Adultos de la jurisdicci\u00f3n o contar con bono de puntajes &#8230; <a title=\"Post\u00edtulo: Especializaci\u00f3n Docente de Nivel Superior en  Educaci\u00f3n Permanente de J\u00f3venes y Adultos (EPJA)\" class=\"read-more\" href=\"https:\/\/ens9001-infd.mendoza.edu.ar\/sitio\/postitulo-especializacion-docente-de-nivel-superior-en-educacion-permanente-de-jovenes-y-adultos-epja\/\" aria-label=\"More on Post\u00edtulo: Especializaci\u00f3n Docente de Nivel Superior en  Educaci\u00f3n Permanente de J\u00f3venes y Adultos (EPJA)\">[+]<\/a><\/p>\n","protected":false},"author":6668,"featured_media":0,"parent":0,"menu_order":0,"comment_status":"closed","ping_status":"closed","template":"","meta":[],"acf":[],"_links":{"self":[{"href":"https:\/\/ens9001-infd.mendoza.edu.ar\/sitio\/wp-json\/wp\/v2\/pages\/7595"}],"collection":[{"href":"https:\/\/ens9001-infd.mendoza.edu.ar\/sitio\/wp-json\/wp\/v2\/pages"}],"about":[{"href":"https:\/\/ens9001-infd.mendoza.edu.ar\/sitio\/wp-json\/wp\/v2\/types\/page"}],"author":[{"embeddable":true,"href":"https:\/\/ens9001-infd.mendoza.edu.ar\/sitio\/wp-json\/wp\/v2\/users\/6668"}],"replies":[{"embeddable":true,"href":"https:\/\/ens9001-infd.mendoza.edu.ar\/sitio\/wp-json\/wp\/v2\/comments?post=7595"}],"version-history":[{"count":19,"href":"https:\/\/ens9001-infd.mendoza.edu.ar\/sitio\/wp-json\/wp\/v2\/pages\/7595\/revisions"}],"predecessor-version":[{"id":13240,"href":"https:\/\/ens9001-infd.mendoza.edu.ar\/sitio\/wp-json\/wp\/v2\/pages\/7595\/revisions\/13240"}],"wp:attachment":[{"href":"https:\/\/ens9001-infd.mendoza.edu.ar\/sitio\/wp-json\/wp\/v2\/media?parent=7595"}],"curies":[{"name":"wp","href":"https:\/\/api.w.org\/{rel}","templated":true}]}}