{"id":7557,"date":"2019-04-08T09:48:14","date_gmt":"2019-04-08T12:48:14","guid":{"rendered":"https:\/\/ens9001-mza.infd.edu.ar\/sitio\/?page_id=7557"},"modified":"2019-10-28T17:44:54","modified_gmt":"2019-10-28T20:44:54","slug":"ofertas-2019-del-centro-de-formacion-continua-9-001","status":"publish","type":"page","link":"https:\/\/ens9001-infd.mendoza.edu.ar\/sitio\/ofertas-2019-del-centro-de-formacion-continua-9-001\/","title":{"rendered":"Propuestas formativas 2019"},"content":{"rendered":"<p><img decoding=\"async\" loading=\"lazy\" class=\"alignnone size-medium wp-image-7528\" src=\"https:\/\/ens9001-infd.mendoza.edu.ar\/sitio\/wp-content\/uploads\/2019\/04\/Membrete-2-1000x134.png\" alt=\"\" width=\"1000\" height=\"134\" srcset=\"https:\/\/ens9001-infd.mendoza.edu.ar\/sitio\/wp-content\/uploads\/2019\/04\/Membrete-2-1000x134.png 1000w, https:\/\/ens9001-infd.mendoza.edu.ar\/sitio\/wp-content\/uploads\/2019\/04\/Membrete-2-768x103.png 768w, https:\/\/ens9001-infd.mendoza.edu.ar\/sitio\/wp-content\/uploads\/2019\/04\/Membrete-2-1900x255.png 1900w\" sizes=\"(max-width: 1000px) 100vw, 1000px\" \/><\/p>\n<p>Las propuestas de Formaci\u00f3n Continua para el ciclo lectivo 2019 son las siguientes:<\/p>\n<h4><strong><img decoding=\"async\" loading=\"lazy\" class=\"wp-image-7531 alignnone\" src=\"https:\/\/ens9001-infd.mendoza.edu.ar\/sitio\/wp-content\/uploads\/2019\/04\/CFC-Iso-trans-1000x627.png\" alt=\"\" width=\"38\" height=\"23\" srcset=\"https:\/\/ens9001-infd.mendoza.edu.ar\/sitio\/wp-content\/uploads\/2019\/04\/CFC-Iso-trans-1000x627.png 1000w, https:\/\/ens9001-infd.mendoza.edu.ar\/sitio\/wp-content\/uploads\/2019\/04\/CFC-Iso-trans-768x482.png 768w, https:\/\/ens9001-infd.mendoza.edu.ar\/sitio\/wp-content\/uploads\/2019\/04\/CFC-Iso-trans.png 1239w\" sizes=\"(max-width: 38px) 100vw, 38px\" \/>\u00a0<\/strong><strong>Post\u00edtulos docentes<\/strong><\/h4>\n<ul>\n<li><a href=\"https:\/\/ens9001-infd.mendoza.edu.ar\/sitio\/postitulo-prevencion-de-conflictos-en-instituciones-educativas\/\"><span style=\"font-weight: 400;\">Actualizaci\u00f3n Acad\u00e9mica en Construcci\u00f3n de Alternativas para la Prevenci\u00f3n de Conflictos en las Instituciones Educativas<\/span><\/a><span style=\"font-weight: 400;\">\u00a0<span style=\"color: #ff0000;\"><strong>&#8211; Inscripciones cerradas<\/strong><\/span><\/span><\/li>\n<li><a href=\"https:\/\/ens9001-infd.mendoza.edu.ar\/sitio\/postitulo\/\"><span style=\"font-weight: 400;\">Actualizaci\u00f3n Acad\u00e9mica en Legislaci\u00f3n y Administraci\u00f3n Escolar<\/span><\/a> <span style=\"font-weight: 400;\"><span style=\"color: #ff0000;\"><strong>&#8211; Inscripciones cerradas<\/strong><\/span><\/span><\/li>\n<li><a href=\"https:\/\/ens9001-infd.mendoza.edu.ar\/sitio\/postitulo-especializacion-docente-de-nivel-superior-en-educacion-permanente-de-jovenes-y-adultos-epja\/\"><span style=\"font-weight: 400;\">Especializaci\u00f3n Docente de Nivel Superior en\u00a0<\/span><span style=\"font-weight: 400;\">Educaci\u00f3n Permanente de J\u00f3venes y Adultos (EPJA)<\/span><\/a><span style=\"font-weight: 400;\"> <span style=\"color: #ff0000;\"><strong>&#8211; Inscripciones cerradas<\/strong><\/span><\/span><\/li>\n<li><a href=\"https:\/\/ens9001-infd.mendoza.edu.ar\/sitio\/actualizacion-academica-en-elaboracion-de-proyectos-interdisciplinares-e-innovacion-educativa\/\"><span style=\"font-weight: 400;\">Actualizaci\u00f3n Acad\u00e9mica en elaboraci\u00f3n de proyectos interdisciplinares e innovaci\u00f3n educativa<\/span><\/a><span style=\"font-weight: 400;\"> <span style=\"color: #ff0000;\"><strong>&#8211; Inscripciones cerradas<\/strong><\/span><\/span><\/li>\n<\/ul>\n<p>&nbsp;<\/p>\n<h4><strong><img decoding=\"async\" loading=\"lazy\" class=\"wp-image-7531 alignnone\" src=\"https:\/\/ens9001-infd.mendoza.edu.ar\/sitio\/wp-content\/uploads\/2019\/04\/CFC-Iso-trans-1000x627.png\" alt=\"\" width=\"38\" height=\"23\" srcset=\"https:\/\/ens9001-infd.mendoza.edu.ar\/sitio\/wp-content\/uploads\/2019\/04\/CFC-Iso-trans-1000x627.png 1000w, https:\/\/ens9001-infd.mendoza.edu.ar\/sitio\/wp-content\/uploads\/2019\/04\/CFC-Iso-trans-768x482.png 768w, https:\/\/ens9001-infd.mendoza.edu.ar\/sitio\/wp-content\/uploads\/2019\/04\/CFC-Iso-trans.png 1239w\" sizes=\"(max-width: 38px) 100vw, 38px\" \/>\u00a0Cursos de actualizaci\u00f3n y perfeccionamiento docente (Res. N\u00ba 1835-DGE-15)<\/strong><\/h4>\n<ul>\n<li><a href=\"https:\/\/ens9001-infd.mendoza.edu.ar\/sitio\/curso-con-puntaje-docente-entornos-virtuales-de-aprendizaje\/\"><span style=\"font-weight: 400;\">Entornos Virtuales de Aprendizaje. Plataformas educativas, clase virtual y recursos web 2.0<\/span><\/a><span style=\"font-weight: 400;\"> <span style=\"color: #ff0000;\"><strong>&#8211; Inscripciones cerradas<\/strong><\/span><\/span><\/li>\n<li><a href=\"https:\/\/ens9001-infd.mendoza.edu.ar\/sitio\/curso-con-puntaje-docente-%e2%80%8babordando-los-desafios-de-la-inclusion-discapacidad-enfermedades-raras-y-subjetividad-docente\/\"><span style=\"font-weight: 400;\">Abordando los desaf\u00edos de la Inclusi\u00f3n: Discapacidad, Enfermedades Raras y Subjetividad Docente<\/span><\/a><span style=\"font-weight: 400; color: #339966;\"> <strong>&#8211; <span style=\"color: #ff0000;\">Inscripciones cerradas<\/span><\/strong><\/span><\/li>\n<li><a href=\"https:\/\/ens9001-infd.mendoza.edu.ar\/sitio\/curso-con-puntaje-docente-educacion-y-participacion-ciudadana-desde-la-perspectiva-de-derechos-humanos\/\"><span style=\"font-weight: 400;\">Educaci\u00f3n y participaci\u00f3n ciudadana desde la perspectiva de derechos humanos<\/span><\/a><span style=\"font-weight: 400;\"> <span style=\"color: #ff0000;\"><strong>&#8211; Inscripciones cerradas<\/strong><\/span><\/span><\/li>\n<\/ul>\n<p>&nbsp;<\/p>\n<h4><strong><img decoding=\"async\" loading=\"lazy\" class=\"wp-image-7531 alignnone\" src=\"https:\/\/ens9001-infd.mendoza.edu.ar\/sitio\/wp-content\/uploads\/2019\/04\/CFC-Iso-trans-1000x627.png\" alt=\"\" width=\"38\" height=\"23\" srcset=\"https:\/\/ens9001-infd.mendoza.edu.ar\/sitio\/wp-content\/uploads\/2019\/04\/CFC-Iso-trans-1000x627.png 1000w, https:\/\/ens9001-infd.mendoza.edu.ar\/sitio\/wp-content\/uploads\/2019\/04\/CFC-Iso-trans-768x482.png 768w, https:\/\/ens9001-infd.mendoza.edu.ar\/sitio\/wp-content\/uploads\/2019\/04\/CFC-Iso-trans.png 1239w\" sizes=\"(max-width: 38px) 100vw, 38px\" \/>\u00a0Acciones formativas con certificaci\u00f3n institucional<\/strong><\/h4>\n<ul>\n<li><a href=\"https:\/\/ens9001-infd.mendoza.edu.ar\/sitio\/curso-leo-pero-me-divierto-pensar-ficciones-en-masas\/\">Curso \u00abLeo pero me divierto. Pensar ficciones en masas\u00bb<\/a><span style=\"font-weight: 400;\"> <span style=\"color: #ff0000;\"><strong>&#8211; Inscripciones cerradas<\/strong><\/span><\/span><\/li>\n<\/ul>\n<p>&nbsp;<\/p>\n<h4><strong><img decoding=\"async\" loading=\"lazy\" class=\"wp-image-7531 alignnone\" src=\"https:\/\/ens9001-infd.mendoza.edu.ar\/sitio\/wp-content\/uploads\/2019\/04\/CFC-Iso-trans-1000x627.png\" alt=\"\" width=\"38\" height=\"23\" srcset=\"https:\/\/ens9001-infd.mendoza.edu.ar\/sitio\/wp-content\/uploads\/2019\/04\/CFC-Iso-trans-1000x627.png 1000w, https:\/\/ens9001-infd.mendoza.edu.ar\/sitio\/wp-content\/uploads\/2019\/04\/CFC-Iso-trans-768x482.png 768w, https:\/\/ens9001-infd.mendoza.edu.ar\/sitio\/wp-content\/uploads\/2019\/04\/CFC-Iso-trans.png 1239w\" sizes=\"(max-width: 38px) 100vw, 38px\" \/>\u00a0Cursos de capacitaci\u00f3n docente para la modalidad de Educaci\u00f3n T\u00e9cnico Profesional<\/strong><\/h4>\n<ul>\n<li><span style=\"font-weight: 400;\">Pr\u00e1cticas profesionalizantes, formaci\u00f3n y desarrollo local\u00a0<span style=\"color: #ff0000;\"><strong>&#8211; Inscripciones cerradas<\/strong><\/span><\/span><\/li>\n<li><span style=\"font-weight: 400;\">La formaci\u00f3n profesional continua en el \u00e1mbito de la Educaci\u00f3n T\u00e9cnico-Profesional: dise\u00f1o y gesti\u00f3n de trayectorias formativas modulares\u00a0<span style=\"color: #ff0000;\"><strong>&#8211; Inscripciones cerradas<\/strong><\/span><\/span><\/li>\n<\/ul>\n<p>&nbsp;<\/p>\n<h4><strong><img decoding=\"async\" loading=\"lazy\" class=\"wp-image-7531 alignnone\" src=\"https:\/\/ens9001-infd.mendoza.edu.ar\/sitio\/wp-content\/uploads\/2019\/04\/CFC-Iso-trans-1000x627.png\" alt=\"\" width=\"38\" height=\"23\" srcset=\"https:\/\/ens9001-infd.mendoza.edu.ar\/sitio\/wp-content\/uploads\/2019\/04\/CFC-Iso-trans-1000x627.png 1000w, https:\/\/ens9001-infd.mendoza.edu.ar\/sitio\/wp-content\/uploads\/2019\/04\/CFC-Iso-trans-768x482.png 768w, https:\/\/ens9001-infd.mendoza.edu.ar\/sitio\/wp-content\/uploads\/2019\/04\/CFC-Iso-trans.png 1239w\" sizes=\"(max-width: 38px) 100vw, 38px\" \/>\u00a0Ateneos did\u00e1cticos<\/strong><\/h4>\n<div class=\"page\" title=\"Page 7\">\n<div class=\"layoutArea\">\n<div class=\"column\">\n<p><strong>Nivel primario<\/strong><\/p>\n<ul>\n<li>\u201cCartas que van y vienen\u201d\u00a0(Primer Ciclo \/ Lengua)\u00a0<span style=\"font-weight: 400;\"><span style=\"color: #ff0000;\"><strong>&#8211; Inscripciones cerradas<\/strong><\/span><\/span><\/li>\n<li>\u00a1Qu\u00e9 maestros! Ense\u00f1anza de la escritura (Primer Ciclo \/ Lengua)\u00a0<span style=\"font-weight: 400;\"><span style=\"color: #ff0000;\"><strong>&#8211; Inscripciones cerradas<\/strong><\/span><\/span><\/li>\n<li>\u201cLa producci\u00f3n de textos escritos. Descripciones\u201d\u00a0\u00a0(Segundo Ciclo \/ Lengua)<span style=\"font-weight: 400;\"><span style=\"color: #ff0000;\"><strong>&#8211; Inscripciones cerradas<\/strong><\/span><\/span><\/li>\n<li>\u201cLos distintos significados de la suma y de la resta\u201d\u00a0(Primer Ciclo \/ Matem\u00e1tica)\u00a0<span style=\"font-weight: 400;\"><span style=\"color: #ff0000;\"><strong>&#8211; Inscripciones cerradas<\/strong><\/span><\/span><\/li>\n<li>\u00abC\u00e1lculo mental de sumas y restas\u00bb (Primer Ciclo \/ Matem\u00e1tica)\u00a0<span style=\"font-weight: 400;\"><span style=\"color: #ff0000;\"><strong>&#8211; Inscripciones cerradas<\/strong><\/span><\/span><\/li>\n<li>\u201cResolver problemas, un punto de partida para el trabajo matem\u00e1tico\u201d\u00a0(Segundo Ciclo \/ Matem\u00e1tica)\u00a0<span style=\"font-weight: 400;\"><span style=\"color: #ff0000;\"><strong>&#8211; Inscripciones cerradas<\/strong><\/span><\/span><\/li>\n<li>\u00abLas r\u00fabricas de evaluaci\u00f3n en Ciencias Naturales\u00bb\u00a0(Primer Ciclo \/ Ciencias Naturales)\u00a0<span style=\"font-weight: 400;\"><span style=\"color: #ff0000;\"><strong>&#8211; Inscripciones cerradas<\/strong><\/span><\/span><\/li>\n<li>\u201cLas r\u00fabricas de evaluaci\u00f3n como oportunidades de ense\u00f1anza y aprendizaje en Ciencias Naturales\u201d (Segundo Ciclo \/ Ciencias Naturales)\u00a0<span style=\"font-weight: 400;\"><span style=\"color: #ff0000;\"><strong>&#8211; Inscripciones cerradas<\/strong><\/span><\/span><\/li>\n<li>\u00abDesarrollo de habilidades de producci\u00f3n y comprensi\u00f3n en Lengua Inglesa\u00bb\u00a0(Primer y Segundo Ciclo \/ Ingl\u00e9s-Interdisciplinar)\u00a0<span style=\"font-weight: 400;\"><span style=\"color: #ff0000;\"><strong>&#8211; Inscripciones cerradas<\/strong><\/span><\/span><\/li>\n<li>\u201cLa vida cotidiana en los espacios rurales\u201d\u00a0(Primer Ciclo \/ Ciencias Sociales)\u00a0<span style=\"font-weight: 400;\"><span style=\"color: #ff0000;\"><strong>&#8211; Inscripciones cerradas<\/strong><\/span><\/span><\/li>\n<\/ul>\n<p>&nbsp;<\/p>\n<p><strong>Nivel Secundario<\/strong><\/p>\n<div class=\"page\" title=\"Page 6\">\n<div class=\"section\">\n<div class=\"layoutArea\">\n<div class=\"column\">\n<ul>\n<li>\u201cLa ense\u00f1anza de la producci\u00f3n de textos expositivos\u201d (Ciclo B\u00e1sico \/ Lengua)\u00a0<span style=\"font-weight: 400;\"><span style=\"color: #ff0000;\"><strong>&#8211; Inscripciones cerradas<\/strong><\/span><\/span><\/li>\n<li>\u00bfPuede haber mitos en ciencia?\u00a0(Ciclo B\u00e1sico \/ Lengua)<span style=\"font-weight: 400;\"><span style=\"color: #ff0000;\"><strong>&#8211; Inscripciones cerradas<\/strong><\/span><\/span><\/li>\n<li>\u00abEl paisaje como escritura e imagen. \u00bfLos paisajes se escriben o se ven?\u00bb\u00a0(Ciclo B\u00e1sico \/ Lengua)<span style=\"font-weight: 400;\"><span style=\"color: #ff0000;\"><strong>&#8211; Inscripciones cerradas<\/strong><\/span><\/span><\/li>\n<li>\u00abEl g\u00e9nero policial\u00bb (Ciclo B\u00e1sico \/ Lengua)<span style=\"font-weight: 400;\"><span style=\"color: #ff0000;\"><strong>&#8211; Inscripciones cerradas<\/strong><\/span><\/span><\/li>\n<li>\u201cLa ense\u00f1anza de la producci\u00f3n de rese\u00f1as literarias\u201d\u00a0(Ciclo Orientado \/ Lengua)<span style=\"font-weight: 400;\"><span style=\"color: #ff0000;\"><strong>&#8211; Inscripciones cerradas<\/strong><\/span><\/span><\/li>\n<li>\n<div class=\"page\" title=\"Page 8\">\u00a0\u00abMujeres Escritoras\u00bb\u00a0(Ciclo Orientado \/ Lengua)\u00a0<span style=\"font-weight: 400;\"><span style=\"color: #ff0000;\"><strong>&#8211; Inscripciones cerradas<\/strong><\/span><\/span><\/div>\n<\/li>\n<li>\u00ab\u00bfC\u00f3mo medir el Desarrollo Humano?\u00bb\u00a0\u00a0(Ciclo B\u00e1sico \/ Matem\u00e1tica-Interdisciplinar)\u00a0<span style=\"font-weight: 400;\"><span style=\"color: #ff0000;\"><strong>&#8211; Inscripciones cerradas<\/strong><\/span><\/span><\/li>\n<li>\u00abLa experimentaci\u00f3n en el Aula\u00bb (Ciclo B\u00e1sico y Orientado \/ Ciencias Naturales)\u00a0<span style=\"font-weight: 400;\"><span style=\"color: #ff0000;\"><strong>&#8211; Inscripciones cerradas<\/strong><\/span><\/span><\/li>\n<li>\u201cLas historias de la Ciencia\u201d\u00a0(Ciclo B\u00e1sico y Orientado \/ Ciencias Naturales)\u00a0<span style=\"font-weight: 400;\"><span style=\"color: #ff0000;\"><strong>&#8211; Inscripciones cerradas<\/strong><\/span><\/span><\/li>\n<li>\u201cLa resoluci\u00f3n de problemas en la ense\u00f1anza de las Ciencias Sociales\u201d\u00a0(Ciclo B\u00e1sico y Orientado \/ Ciencias Sociales)\u00a0<span style=\"font-weight: 400;\"><span style=\"color: #ff0000;\"><strong>&#8211; Inscripciones cerradas<\/strong><\/span><\/span><\/li>\n<li>\u00abLos miedos en la sociedad feudal a trav\u00e9s de la historia y el cine\u00bb\u00a0(Ciclo B\u00e1sico \/ Ciencias Sociales)\u00a0<span style=\"font-weight: 400;\"><span style=\"color: #ff0000;\"><strong>&#8211; Inscripciones cerradas<\/strong><\/span><\/span><\/li>\n<\/ul>\n<\/div>\n<\/div>\n<\/div>\n<\/div>\n<\/div>\n<\/div>\n<\/div>\n<h4><\/h4>\n<h4><strong><img decoding=\"async\" loading=\"lazy\" class=\"wp-image-7531 alignnone\" src=\"https:\/\/ens9001-infd.mendoza.edu.ar\/sitio\/wp-content\/uploads\/2019\/04\/CFC-Iso-trans-1000x627.png\" alt=\"\" width=\"38\" height=\"23\" srcset=\"https:\/\/ens9001-infd.mendoza.edu.ar\/sitio\/wp-content\/uploads\/2019\/04\/CFC-Iso-trans-1000x627.png 1000w, https:\/\/ens9001-infd.mendoza.edu.ar\/sitio\/wp-content\/uploads\/2019\/04\/CFC-Iso-trans-768x482.png 768w, https:\/\/ens9001-infd.mendoza.edu.ar\/sitio\/wp-content\/uploads\/2019\/04\/CFC-Iso-trans.png 1239w\" sizes=\"(max-width: 38px) 100vw, 38px\" \/>\u00a0Cursos para la ense\u00f1anza<\/strong><\/h4>\n<div class=\"page\" title=\"Page 7\">\n<div class=\"layoutArea\">\n<div class=\"column\">\n<p><strong>Nivel primario<\/strong><\/p>\n<\/div>\n<\/div>\n<\/div>\n<ul>\n<li>\u00abAprender Matem\u00e1tica\u00bb (Segundo Ciclo \/ Matem\u00e1tica)\u00a0<span style=\"font-weight: 400;\"><span style=\"color: #ff0000;\"><strong>&#8211; Inscripciones cerradas<\/strong><\/span><\/span><\/li>\n<li>\u00abLa ense\u00f1anza de la producci\u00f3n escrita de textos\u00bb\u00a0(Segundo Ciclo \/ Lengua)\u00a0<span style=\"font-weight: 400;\"><span style=\"color: #ff0000;\"><strong>&#8211; Inscripciones cerradas<\/strong><\/span><\/span><\/li>\n<li>\u00abA la luz de las Ciencias\u00bb\u00a0(Primer Ciclo \/ Ciencias Naturales)\u00a0<span style=\"font-weight: 400;\"><span style=\"color: #ff0000;\"><strong>&#8211; Inscripciones cerradas<\/strong><\/span><\/span><\/li>\n<li>\u00abAprender a Investigar en la escuela, explorando el funcionamiento del cuerpo humano\u00bb\u00a0(Segundo Ciclo \/ Ciencias Naturales)\u00a0<span style=\"font-weight: 400;\"><span style=\"color: #ff0000;\"><strong>&#8211; Inscripciones cerradas<\/strong><\/span><\/span><\/li>\n<\/ul>\n<p>&nbsp;<\/p>\n<p><strong>Nivel secundario<\/strong><\/p>\n<ul>\n<li>\u00abDise\u00f1o de recorridos de lectura en torno a temas y problemas de la literatura\u00bb\u00a0(Ciclo Orientado \/ Lengua)\u00a0<span style=\"font-weight: 400;\"><span style=\"color: #ff0000;\"><strong>&#8211; Inscripciones cerradas<\/strong><\/span><\/span><\/li>\n<li>\u00abCiencia en Llamas\u00bb\u00a0(Ciclo B\u00e1sico y Orientado \/ Ciencias Naturales)\u00a0<span style=\"font-weight: 400;\"><span style=\"color: #ff0000;\"><strong>&#8211; Inscripciones cerradas<\/strong><\/span><\/span><\/li>\n<\/ul>\n<p>&nbsp;<\/p>\n<p><strong>Todos los niveles<\/strong><\/p>\n<ul>\n<li>\u00abEnlightening your communicative skills through culture\u00bb (Ingl\u00e9s)\u00a0<span style=\"font-weight: 400;\"><span style=\"color: #ff0000;\"><strong>&#8211; Inscripciones cerradas<\/strong><\/span><\/span><\/li>\n<\/ul>\n<p>&nbsp;<\/p>\n<p>&nbsp;<\/p>\n<h4><strong><img decoding=\"async\" loading=\"lazy\" class=\"wp-image-7531 alignnone\" src=\"https:\/\/ens9001-infd.mendoza.edu.ar\/sitio\/wp-content\/uploads\/2019\/04\/CFC-Iso-trans-1000x627.png\" alt=\"\" width=\"38\" height=\"23\" srcset=\"https:\/\/ens9001-infd.mendoza.edu.ar\/sitio\/wp-content\/uploads\/2019\/04\/CFC-Iso-trans-1000x627.png 1000w, https:\/\/ens9001-infd.mendoza.edu.ar\/sitio\/wp-content\/uploads\/2019\/04\/CFC-Iso-trans-768x482.png 768w, https:\/\/ens9001-infd.mendoza.edu.ar\/sitio\/wp-content\/uploads\/2019\/04\/CFC-Iso-trans.png 1239w\" sizes=\"(max-width: 38px) 100vw, 38px\" \/>\u00a0Cursos de capacitaci\u00f3n t\u00e9cnico-profesional<\/strong><\/h4>\n<ul>\n<li><a href=\"https:\/\/ens9001-infd.mendoza.edu.ar\/sitio\/curso-de-capacitacion-tecnico-profesional-autocad-2d-basico\/\">Curso de AutoCAD 2D b\u00e1sico<\/a><span style=\"font-weight: 400;\"> <span style=\"color: #ff0000;\"><strong>&#8211; Inscripciones cerradas<\/strong><\/span><\/span><\/li>\n<li><a href=\"https:\/\/ens9001-infd.mendoza.edu.ar\/sitio\/taller-de-comportamiento-del-consumidor\/\">Comportamiento del Consumidor<\/a> <span style=\"font-weight: 400;\"><span style=\"color: #ff0000;\"><strong>&#8211; Inscripciones cerradas<\/strong><\/span><\/span><\/li>\n<\/ul>\n<p>&nbsp;<\/p>\n<h4><strong><img decoding=\"async\" loading=\"lazy\" class=\"wp-image-7531 alignnone\" src=\"https:\/\/ens9001-infd.mendoza.edu.ar\/sitio\/wp-content\/uploads\/2019\/04\/CFC-Iso-trans-1000x627.png\" alt=\"\" width=\"38\" height=\"23\" srcset=\"https:\/\/ens9001-infd.mendoza.edu.ar\/sitio\/wp-content\/uploads\/2019\/04\/CFC-Iso-trans-1000x627.png 1000w, https:\/\/ens9001-infd.mendoza.edu.ar\/sitio\/wp-content\/uploads\/2019\/04\/CFC-Iso-trans-768x482.png 768w, https:\/\/ens9001-infd.mendoza.edu.ar\/sitio\/wp-content\/uploads\/2019\/04\/CFC-Iso-trans.png 1239w\" sizes=\"(max-width: 38px) 100vw, 38px\" \/>\u00a0Convenios de Formaci\u00f3n Continua<\/strong><\/h4>\n<ul>\n<li><a href=\"https:\/\/ens9001-infd.mendoza.edu.ar\/sitio\/formarnos-interuniversitario-federal-2019-programa-de-formacion-de-dirigentes-en-gestion-publica-y-social\/\">\u00abFormarnos Interuniversitario Federal\u00bb &#8211; Programa de Formaci\u00f3n de Dirigentes en Gesti\u00f3n P\u00fablica y Social (en convenio con la Universidad Nacional de Lan\u00fas)<\/a><span style=\"font-weight: 400;\"> <span style=\"color: #ff0000;\"><strong>&#8211; Inscripciones cerradas<\/strong><\/span><\/span><\/li>\n<li><a href=\"https:\/\/ens9001-infd.mendoza.edu.ar\/sitio\/diplomatura-de-posgrado-en-capacitacion-politica-y-analisis-de-la-realidad-politica-socioeconomica-y-cultural-argentina\/\">Diplomatura de Posgrado en capacitaci\u00f3n pol\u00edtica y an\u00e1lisis de la realidad pol\u00edtica, socioecon\u00f3mica y cultural argentina (en convenio con la Facultad de Ciencias Pol\u00edticas y Sociales de la UNCuyo<\/a><span style=\"font-weight: 400;\"> <span style=\"color: #ff0000;\"><strong>&#8211; Inscripciones cerradas<\/strong><\/span><\/span><\/li>\n<li>Licenciatura en Higiene y Seguridad Laboral para T\u00e9cnicos Superiores en Higiene y Seguridad Laboral (en convenio con la Universidad de Congreso)\u00a0<span style=\"font-weight: 400;\"><span style=\"color: #ff0000;\"><strong>&#8211; Inscripciones cerradas<\/strong><\/span><\/span><\/li>\n<li>Licenciatura en Gesti\u00f3n Ambiental para T\u00e9cnicos Superiores en Higiene y Seguridad Laboral\u00a0(en convenio con la Universidad de Congreso)\u00a0<span style=\"font-weight: 400;\"><span style=\"color: #ff0000;\"><strong>&#8211; Inscripciones cerradas<\/strong><\/span><\/span><\/li>\n<li>Licenciatura en Administraci\u00f3n P\u00fablica para T\u00e9cnicos Superiores en Administraci\u00f3n P\u00fablica\u00a0(en convenio con la Universidad de Congreso)\u00a0<span style=\"font-weight: 400;\"><span style=\"color: #ff0000;\"><strong>&#8211; Inscripciones cerradas<\/strong><\/span><\/span><\/li>\n<\/ul>\n<p>&nbsp;<\/p>\n<pre>Aqu\u00ed pueden acceder a las <a href=\"https:\/\/ens9001-infd.mendoza.edu.ar\/sitio\/resoluciones-de-propuestas-formativas-postitulos\/\"><span style=\"text-decoration: underline;\"><strong>resoluciones aprobatorias de los Post\u00edtulos Docentes<\/strong><\/span><\/a> vigentes en nuestra instituci\u00f3n.<\/pre>\n","protected":false},"excerpt":{"rendered":"<p>Las propuestas de Formaci\u00f3n Continua para el ciclo lectivo 2019 son las siguientes: \u00a0Post\u00edtulos docentes Actualizaci\u00f3n Acad\u00e9mica en Construcci\u00f3n de Alternativas para la Prevenci\u00f3n de Conflictos en las Instituciones Educativas\u00a0&#8211; Inscripciones cerradas Actualizaci\u00f3n Acad\u00e9mica en Legislaci\u00f3n y Administraci\u00f3n Escolar &#8211; Inscripciones cerradas Especializaci\u00f3n Docente de Nivel Superior en\u00a0Educaci\u00f3n Permanente de J\u00f3venes y Adultos (EPJA) &#8211; &#8230; <a title=\"Propuestas formativas 2019\" class=\"read-more\" href=\"https:\/\/ens9001-infd.mendoza.edu.ar\/sitio\/ofertas-2019-del-centro-de-formacion-continua-9-001\/\" aria-label=\"More on Propuestas formativas 2019\">[+]<\/a><\/p>\n","protected":false},"author":652,"featured_media":0,"parent":0,"menu_order":0,"comment_status":"closed","ping_status":"closed","template":"","meta":[],"acf":[],"_links":{"self":[{"href":"https:\/\/ens9001-infd.mendoza.edu.ar\/sitio\/wp-json\/wp\/v2\/pages\/7557"}],"collection":[{"href":"https:\/\/ens9001-infd.mendoza.edu.ar\/sitio\/wp-json\/wp\/v2\/pages"}],"about":[{"href":"https:\/\/ens9001-infd.mendoza.edu.ar\/sitio\/wp-json\/wp\/v2\/types\/page"}],"author":[{"embeddable":true,"href":"https:\/\/ens9001-infd.mendoza.edu.ar\/sitio\/wp-json\/wp\/v2\/users\/652"}],"replies":[{"embeddable":true,"href":"https:\/\/ens9001-infd.mendoza.edu.ar\/sitio\/wp-json\/wp\/v2\/comments?post=7557"}],"version-history":[{"count":42,"href":"https:\/\/ens9001-infd.mendoza.edu.ar\/sitio\/wp-json\/wp\/v2\/pages\/7557\/revisions"}],"predecessor-version":[{"id":9673,"href":"https:\/\/ens9001-infd.mendoza.edu.ar\/sitio\/wp-json\/wp\/v2\/pages\/7557\/revisions\/9673"}],"wp:attachment":[{"href":"https:\/\/ens9001-infd.mendoza.edu.ar\/sitio\/wp-json\/wp\/v2\/media?parent=7557"}],"curies":[{"name":"wp","href":"https:\/\/api.w.org\/{rel}","templated":true}]}}