{"id":6499,"date":"2018-10-03T17:40:59","date_gmt":"2018-10-03T20:40:59","guid":{"rendered":"https:\/\/ens9001-mza.infd.edu.ar\/sitio\/?page_id=6499"},"modified":"2019-02-10T10:13:04","modified_gmt":"2019-02-10T13:13:04","slug":"ingreso-ciclo-lectivo-2019-profesorados-y-tecnicaturas","status":"publish","type":"page","link":"https:\/\/ens9001-infd.mendoza.edu.ar\/sitio\/ingreso-ciclo-lectivo-2019-profesorados-y-tecnicaturas\/","title":{"rendered":"Ingreso Ciclo Lectivo 2019 &#8211; Profesorados y Tecnicaturas (hasta cierre de inscripciones al inicio de los talleres en febrero del a\u00f1o siguiente)"},"content":{"rendered":"<h4>Cronograma<\/h4>\n<ul>\n<li><b>Pre<\/b>&#8211;<b>inscripci\u00f3n<\/b> en l\u00ednea profesorados y tecnicaturas: <strong><strong><strong>cerradas, excepto T. S. en Agronom\u00eda.<\/strong><\/strong><\/strong><\/li>\n<li><b>Inscripci\u00f3n<\/b> y <b>recepci\u00f3n<\/b> <b>de<\/b> <b>la<\/b> <b>documentaci\u00f3n<\/b>:\u00a0Luego de la pre-inscripci\u00f3n en l\u00ednea (del resto de las carreras excepto T.S. en Agronom\u00eda), cada aspirante deber\u00e1 presentarse en el Instituto con sus papeles hasta el d\u00eda <b>viernes<\/b>\u00a07\u00a0<b>de<\/b> <b>diciembre<\/b>.<\/li>\n<\/ul>\n<h4>Documentaci\u00f3n a presentar<\/h4>\n<ul>\n<li>Fotocopia de DNI<\/li>\n<li>Dos (2) foto tipo carnet<\/li>\n<li>Acta de nacimiento legalizada: No es requisito que sea actual. Se recibe fotocopia de acta legalizada, present\u00e1ndola como original para certificar en el momento como \u201ccopia fiel\u201d por parte de qui\u00e9n recibe la documentaci\u00f3n.<\/li>\n<li>Nota de pedido de certificado psico-f\u00edsico entregado en Cooperadora.<\/li>\n<li>Fotocopia de Certificado Anal\u00edtico, constancia de tr\u00e1mite u otra documentaci\u00f3n que acredite finalizaci\u00f3n del nivel anterior; en cualquier caso acompa\u00f1ado por el original para certificar \u201ccopia fiel\u201d en el momento.<\/li>\n<li>En caso de personas mayores de 25 a\u00f1os: presentar certificado u otra documentaci\u00f3n que acredite cursado <em><strong>incompleto<\/strong><\/em> del nivel anterior; en cualquier caso acompa\u00f1ado por el original para certificar \u201ccopia fiel\u201d en el momento.<\/li>\n<li>Comprobante de aporte a la Asociaci\u00f3n Cooperadora y dem\u00e1s comprobantes y material entregado en la misma.<\/li>\n<\/ul>\n<h4>Documentaci\u00f3n para descargar<\/h4>\n<ul>\n<li><a href=\"https:\/\/drive.google.com\/open?id=1YNPzfvRC2uy-jdLT7qTw_Mk6N4mHl3fE\">Contrato Pedag\u00f3gico<\/a><\/li>\n<\/ul>\n<h4 style=\"text-align: left;\"><b><strong>Formularios de Pre-Inscripciones<\/strong><\/b><\/h4>\n<h5><b>Profesorados<\/b><\/h5>\n<p><i><span style=\"font-weight: 400;\">Sede San Mart\u00edn <span style=\"color: #ff0000;\">(pre-inscripciones cerradas)<\/span><\/span><\/i><\/p>\n<ul>\n<li style=\"font-weight: 400;\">Profesorado de Educaci\u00f3n Especial con Orientaci\u00f3n en Discapacidad Intelectual<\/li>\n<li style=\"font-weight: 400;\">Profesorado de Educaci\u00f3n Inicial<\/li>\n<li style=\"font-weight: 400;\">Profesorado de Educaci\u00f3n Primaria<\/li>\n<li style=\"font-weight: 400;\">Profesorado de Educaci\u00f3n Secundaria en Biolog\u00eda<\/li>\n<li style=\"font-weight: 400;\">Profesorado de Educaci\u00f3n Secundaria en Geograf\u00eda<\/li>\n<li style=\"font-weight: 400;\">Profesorado de Educaci\u00f3n Secundaria en Historia<\/li>\n<li style=\"font-weight: 400;\">Profesorado de Educaci\u00f3n Secundaria en Ingl\u00e9s<\/li>\n<li style=\"font-weight: 400;\">Profesorado de Educaci\u00f3n Secundaria en Lengua y Literatura<\/li>\n<\/ul>\n<p><i><span style=\"font-weight: 400;\">Sede Palmira\u00a0<span style=\"color: #ff0000;\">(pre-inscripciones cerradas)<\/span><\/span><\/i><\/p>\n<ul>\n<li style=\"font-weight: 400;\"><span style=\"font-weight: 400;\">Profesorado de Educaci\u00f3n Primaria<\/span><\/li>\n<\/ul>\n<h5><\/h5>\n<h5><b><br \/>\nTecnicaturas<\/b><\/h5>\n<p><i><span style=\"font-weight: 400;\">Sede Jun\u00edn\u00a0<\/span><\/i><\/p>\n<ul>\n<li><a href=\"https:\/\/docs.google.com\/forms\/d\/e\/1FAIpQLSctCyUVgWS4wzxzI0Rc7AVs9dgTWeWx4DYNFkqDWjvsKi0tgA\/viewform\"><span style=\"font-weight: 400;\">Tecnicatura Superior en Agronom\u00eda<\/span><\/a><\/li>\n<\/ul>\n<p><i><span style=\"font-weight: 400;\">Sede San Mart\u00edn\u00a0<span style=\"color: #ff0000;\">(pre-inscripciones cerradas)<\/span><\/span><\/i><\/p>\n<ul>\n<li style=\"font-weight: 400;\"><span style=\"font-weight: 400;\">Tecnicatura Superior en Administraci\u00f3n P\u00fablica<\/span><\/li>\n<li style=\"font-weight: 400;\"><span style=\"font-weight: 400;\">Tecnicatura Superior en Comunicaci\u00f3n Social<\/span><\/li>\n<li style=\"font-weight: 400;\"><span style=\"font-weight: 400;\">Tecnicatura Superior en Dise\u00f1o de Indumentaria y Textil<\/span><\/li>\n<li style=\"font-weight: 400;\"><span style=\"font-weight: 400;\">Tecnicatura Superior en Enolog\u00eda e Industrias Frutihort\u00edcolas<\/span><\/li>\n<\/ul>\n<p><i><span style=\"font-weight: 400;\">Sede Palmira\u00a0<span style=\"color: #ff0000;\">(pre-inscripciones cerradas)<\/span><\/span><\/i><\/p>\n<ul>\n<li style=\"font-weight: 400;\"><span style=\"font-weight: 400;\">Tecnicatura Superior en Higiene y Seguridad<\/span><\/li>\n<li style=\"font-weight: 400;\"><span style=\"font-weight: 400;\">Tecnicatura Superior en Transporte Ferroviario<\/span><\/li>\n<\/ul>\n<p><span style=\"font-weight: 400;\">Sede Tres Porte\u00f1as\u00a0<i><span style=\"color: #ff0000;\">(pre-inscripciones cerradas)<\/span><\/i><\/span><\/p>\n<ul>\n<li style=\"font-weight: 400;\"><span style=\"font-weight: 400;\">Tecnicatura Superior en Dise\u00f1o de Indumentaria y Textil<\/span><\/li>\n<\/ul>\n<h4 style=\"text-align: left;\">Planes de Estudio por Carreras<\/h4>\n<h5>Profesorados<\/h5>\n<p><span style=\"font-family: arial, helvetica, sans-serif; font-size: 10pt;\"><strong>D<\/strong><\/span><span style=\"font-family: arial, helvetica, sans-serif; font-size: 10pt;\"><strong>uraci\u00f3n:<\/strong> 4 A\u00f1os<br \/>\n<\/span><\/p>\n<ul>\n<li dir=\"ltr\"><a href=\"https:\/\/ens9001-infd.mendoza.edu.ar\/sitio\/educacion-especial\/\">Profesorado de Educaci\u00f3n Especial con Orientaci\u00f3n en Discapacidad Intelectual<\/a><\/li>\n<li dir=\"ltr\"><a href=\"https:\/\/ens9001-infd.mendoza.edu.ar\/sitio\/educacion-inicial\/\">Profesorado de Educaci\u00f3n Inicial<\/a><\/li>\n<li dir=\"ltr\"><a href=\"https:\/\/ens9001-infd.mendoza.edu.ar\/sitio\/educacion-primaria\/\">Profesorado de Educaci\u00f3n Primaria<\/a><\/li>\n<li dir=\"ltr\"><a href=\"https:\/\/ens9001-infd.mendoza.edu.ar\/sitio\/biologia\/\">Profesorado de Educaci\u00f3n Secundaria en Biolog\u00eda<\/a><\/li>\n<li dir=\"ltr\"><a href=\"https:\/\/ens9001-infd.mendoza.edu.ar\/sitio\/geografia-3\/\">Profesorado de Educaci\u00f3n Secundaria en Geograf\u00eda<\/a><\/li>\n<li dir=\"ltr\"><a href=\"https:\/\/ens9001-infd.mendoza.edu.ar\/sitio\/historia-3\/\">Profesorado de Educaci\u00f3n Secundaria en Historia<\/a><\/li>\n<li dir=\"ltr\"><a href=\"https:\/\/ens9001-infd.mendoza.edu.ar\/sitio\/ingles-2\/\">Profesorado de Educaci\u00f3n Secundaria en Ingl\u00e9s<\/a><\/li>\n<li dir=\"ltr\"><a href=\"https:\/\/ens9001-infd.mendoza.edu.ar\/sitio\/lengua-y-literatura\/\">Profesorado de Educaci\u00f3n Secundaria en Lengua y Literatura<\/a><\/li>\n<\/ul>\n<h5 dir=\"ltr\"><\/h5>\n<h5 dir=\"ltr\">Tecnicaturas<\/h5>\n<p><span style=\"font-family: arial, helvetica, sans-serif; font-size: 10pt;\"><strong>Duraci\u00f3n:<\/strong> 3 a\u00f1os<\/span><\/p>\n<ul>\n<li><a href=\"https:\/\/ens9001-infd.mendoza.edu.ar\/sitio\/publica\/\">Tecnicatura Superior en Administraci\u00f3n P\u00fablica<\/a><\/li>\n<li><a href=\"https:\/\/ens9001-infd.mendoza.edu.ar\/sitio\/comunicacion-social\/\">Tecnicatura Superior en Comunicaci\u00f3n Social<\/a><\/li>\n<li><a href=\"https:\/\/ens9001-infd.mendoza.edu.ar\/sitio\/diseno-de-indumentaria\/\">Tecnicatura Superior en\u00a0Dise\u00f1o de Indumentaria y Textil<\/a><\/li>\n<li><a href=\"https:\/\/ens9001-infd.mendoza.edu.ar\/sitio\/enologia-e-industrias-frutihorticolas\/\">Tecnicatura Superior en Enolog\u00eda e Industrias Frutihort\u00edcolas<\/a><\/li>\n<li><a href=\"https:\/\/ens9001-infd.mendoza.edu.ar\/sitio\/tecnicatura-superior-en-higiene-y-seguridad-laboral\/\">Tecnicatura Superior en Higiene y Seguridad<\/a><\/li>\n<li><a href=\"https:\/\/ens9001-infd.mendoza.edu.ar\/sitio\/transporte-ferroviario\/\">Tecnicatura Superior en Transporte Ferroviario<\/a><\/li>\n<\/ul>\n<p><span style=\"font-family: arial, helvetica, sans-serif; font-size: 12pt;\">\u00a0<\/span><\/p>\n<h4>Informaci\u00f3n y Consultas<\/h4>\n<p><strong>Sede San Mart\u00edn<\/strong><br \/>\nHorario de atenci\u00f3n Profesorados: de 8:00 a 12:00 hs. y de 14:30 a 18:00 hs.<br \/>\nHorario de atenci\u00f3n Tecnicaturas: de 18:30 a 21:30 hs.<\/p>\n<p>Chubut y Balcarce, San Mart\u00edn<br \/>\nTel: 4420888<br \/>\ncorreo-e: ingresoiesdyt9001@gmail.com<\/p>\n<p><strong>Sede Palmira<\/strong><br \/>\nHorario de atenci\u00f3n:\u00a0de 18:30 a 21:30 hs.<br \/>\nCalle Garibaldi 76, Esc. Marco Sastre, Palmira<\/p>\n<p><strong>Sede Tres Porte\u00f1as<\/strong><br \/>\nHorario de atenci\u00f3n:\u00a0de 17 a 20 hs.<br \/>\nCIC Tres Porte\u00f1as<\/p>\n","protected":false},"excerpt":{"rendered":"<p>Cronograma Pre&#8211;inscripci\u00f3n en l\u00ednea profesorados y tecnicaturas: cerradas, excepto T. S. en Agronom\u00eda. Inscripci\u00f3n y recepci\u00f3n de la documentaci\u00f3n:\u00a0Luego de la pre-inscripci\u00f3n en l\u00ednea (del resto de las carreras excepto T.S. en Agronom\u00eda), cada aspirante deber\u00e1 presentarse en el Instituto con sus papeles hasta el d\u00eda viernes\u00a07\u00a0de diciembre. Documentaci\u00f3n a presentar Fotocopia de DNI Dos &#8230; <a title=\"Ingreso Ciclo Lectivo 2019 &#8211; Profesorados y Tecnicaturas (hasta cierre de inscripciones al inicio de los talleres en febrero del a\u00f1o siguiente)\" class=\"read-more\" href=\"https:\/\/ens9001-infd.mendoza.edu.ar\/sitio\/ingreso-ciclo-lectivo-2019-profesorados-y-tecnicaturas\/\" aria-label=\"More on Ingreso Ciclo Lectivo 2019 &#8211; Profesorados y Tecnicaturas (hasta cierre de inscripciones al inicio de los talleres en febrero del a\u00f1o siguiente)\">[+]<\/a><\/p>\n","protected":false},"author":6607,"featured_media":0,"parent":0,"menu_order":0,"comment_status":"closed","ping_status":"closed","template":"","meta":[],"acf":[],"_links":{"self":[{"href":"https:\/\/ens9001-infd.mendoza.edu.ar\/sitio\/wp-json\/wp\/v2\/pages\/6499"}],"collection":[{"href":"https:\/\/ens9001-infd.mendoza.edu.ar\/sitio\/wp-json\/wp\/v2\/pages"}],"about":[{"href":"https:\/\/ens9001-infd.mendoza.edu.ar\/sitio\/wp-json\/wp\/v2\/types\/page"}],"author":[{"embeddable":true,"href":"https:\/\/ens9001-infd.mendoza.edu.ar\/sitio\/wp-json\/wp\/v2\/users\/6607"}],"replies":[{"embeddable":true,"href":"https:\/\/ens9001-infd.mendoza.edu.ar\/sitio\/wp-json\/wp\/v2\/comments?post=6499"}],"version-history":[{"count":38,"href":"https:\/\/ens9001-infd.mendoza.edu.ar\/sitio\/wp-json\/wp\/v2\/pages\/6499\/revisions"}],"predecessor-version":[{"id":7315,"href":"https:\/\/ens9001-infd.mendoza.edu.ar\/sitio\/wp-json\/wp\/v2\/pages\/6499\/revisions\/7315"}],"wp:attachment":[{"href":"https:\/\/ens9001-infd.mendoza.edu.ar\/sitio\/wp-json\/wp\/v2\/media?parent=6499"}],"curies":[{"name":"wp","href":"https:\/\/api.w.org\/{rel}","templated":true}]}}