{"id":6024,"date":"2018-08-30T19:40:33","date_gmt":"2018-08-30T22:40:33","guid":{"rendered":"https:\/\/ens9001-mza.infd.edu.ar\/sitio\/area-estudiantes-sede-san-martin-tecnicaturas-inscripciones-mesas\/"},"modified":"2026-05-12T20:55:48","modified_gmt":"2026-05-12T23:55:48","slug":"tecnicaturas-mesas","status":"publish","type":"page","link":"https:\/\/ens9001-infd.mendoza.edu.ar\/sitio\/tecnicaturas-mesas\/","title":{"rendered":"Tecnicaturas &#8211; Mesas de Ex\u00e1menes"},"content":{"rendered":"\n<p><\/p>\n\n\n<p>\u00a0<\/p>\n<h4 style=\"text-align: center;\">TURNO DE MAYO 2026<\/h4>\n<ul>\n<li><a href=\"https:\/\/ens9001-infd.mendoza.edu.ar\/sitio\/wp-content\/uploads\/2026\/05\/ADMINISTRACION-ESTUDIANTES.pdf\" target=\"_blank\" rel=\"noopener\">ADMINISTRACIO\u0301N ESTUDIANTES<\/a><\/li>\n<li><a href=\"https:\/\/ens9001-infd.mendoza.edu.ar\/sitio\/wp-content\/uploads\/2026\/05\/COMUNICACION-ESTUDIANTES.pdf\" target=\"_blank\" rel=\"noopener\">COMUNICACIO\u0301N ESTUDIANTES<\/a><\/li>\n<li><a href=\"https:\/\/ens9001-infd.mendoza.edu.ar\/sitio\/wp-content\/uploads\/2026\/05\/DISENO-ESTUDIANTES.pdf\" target=\"_blank\" rel=\"noopener\">DISEN\u0303O ESTUDIANTES<\/a><\/li>\n<li><a href=\"https:\/\/ens9001-infd.mendoza.edu.ar\/sitio\/wp-content\/uploads\/2026\/05\/HIGIENE-ESTUDIANTES.pdf\" target=\"_blank\" rel=\"noopener\">HIGIENE ESTUDIANTES<\/a><\/li>\n<li><a href=\"https:\/\/ens9001-infd.mendoza.edu.ar\/sitio\/wp-content\/uploads\/2026\/05\/MAYO-AGRONOMIA-2026-ESTUDIANTES.pdf\" target=\"_blank\" rel=\"noopener\">AGRONOMI\u0301A ESTUDIANTES<\/a><\/li>\n<li><a href=\"https:\/\/ens9001-infd.mendoza.edu.ar\/sitio\/wp-content\/uploads\/2026\/05\/MESAS-MAYO-2026-ENOLOGIA-ESTUDIANTES.pdf\" target=\"_blank\" rel=\"noopener\">ENOLOGI\u0301A ESTUDIANTES<\/a><\/li>\n<li>FP3: SE ANUNCIAN POR BEDEL\u00cdA<\/li>\n<\/ul>\n<p>Consultar fechas de inscripciones. Se podr\u00e1n borrar de las mesas hasta 48 hs h\u00e1biles previas a la mesa correspondiente.\u00a0<\/p>\n<h4>Las inscripciones se realizan por la plataforma de gesti\u00f3n, en el siguiente link:<\/h4>\n<ul>\n<li><a href=\"https:\/\/dti.mendoza.edu.ar\/superior\/alumnos\/public\/\">Inscripciones en este enlace<\/a><\/li>\n<li><a href=\"https:\/\/ens9001-infd.mendoza.edu.ar\/sitio\/wp-content\/uploads\/2025\/07\/GUI\u0301A-BA\u0301SICA-PARA-INSCRIPCIO\u0301N-A-MESAS-TURNO-JULIO-AGOSTO-225.pptx\">GUI\u0301A BA\u0301SICA PARA INSCRIPCIO\u0301N A MESAS<\/a><\/li>\n<\/ul>\n<h4>\u00a0<\/h4>\n<h4>\u00a0<\/h4>","protected":false},"excerpt":{"rendered":"<p>\u00a0 TURNO DE MAYO 2026 ADMINISTRACIO\u0301N ESTUDIANTES COMUNICACIO\u0301N ESTUDIANTES DISEN\u0303O ESTUDIANTES HIGIENE ESTUDIANTES AGRONOMI\u0301A ESTUDIANTES ENOLOGI\u0301A ESTUDIANTES FP3: SE ANUNCIAN POR BEDEL\u00cdA Consultar fechas de inscripciones. Se podr\u00e1n borrar de las mesas hasta 48 hs h\u00e1biles previas a la mesa correspondiente.\u00a0 Las inscripciones se realizan por la plataforma de gesti\u00f3n, en el siguiente link: Inscripciones &#8230; <a title=\"Tecnicaturas &#8211; Mesas de Ex\u00e1menes\" class=\"read-more\" href=\"https:\/\/ens9001-infd.mendoza.edu.ar\/sitio\/tecnicaturas-mesas\/\" aria-label=\"More on Tecnicaturas &#8211; Mesas de Ex\u00e1menes\">[+]<\/a><\/p>\n","protected":false},"author":6607,"featured_media":0,"parent":0,"menu_order":0,"comment_status":"closed","ping_status":"closed","template":"","meta":[],"acf":[],"_links":{"self":[{"href":"https:\/\/ens9001-infd.mendoza.edu.ar\/sitio\/wp-json\/wp\/v2\/pages\/6024"}],"collection":[{"href":"https:\/\/ens9001-infd.mendoza.edu.ar\/sitio\/wp-json\/wp\/v2\/pages"}],"about":[{"href":"https:\/\/ens9001-infd.mendoza.edu.ar\/sitio\/wp-json\/wp\/v2\/types\/page"}],"author":[{"embeddable":true,"href":"https:\/\/ens9001-infd.mendoza.edu.ar\/sitio\/wp-json\/wp\/v2\/users\/6607"}],"replies":[{"embeddable":true,"href":"https:\/\/ens9001-infd.mendoza.edu.ar\/sitio\/wp-json\/wp\/v2\/comments?post=6024"}],"version-history":[{"count":106,"href":"https:\/\/ens9001-infd.mendoza.edu.ar\/sitio\/wp-json\/wp\/v2\/pages\/6024\/revisions"}],"predecessor-version":[{"id":22883,"href":"https:\/\/ens9001-infd.mendoza.edu.ar\/sitio\/wp-json\/wp\/v2\/pages\/6024\/revisions\/22883"}],"wp:attachment":[{"href":"https:\/\/ens9001-infd.mendoza.edu.ar\/sitio\/wp-json\/wp\/v2\/media?parent=6024"}],"curies":[{"name":"wp","href":"https:\/\/api.w.org\/{rel}","templated":true}]}}