{"id":6005,"date":"2018-08-30T19:40:21","date_gmt":"2018-08-30T22:40:21","guid":{"rendered":"https:\/\/ens9001-mza.infd.edu.ar\/sitio\/del-diseno-curricular-a-las-practicas-de-ensenanza-en-la-modalidad-de-educacion-permanente-de-jovenes-y-adultos\/"},"modified":"2018-08-30T19:40:21","modified_gmt":"2018-08-30T22:40:21","slug":"del-diseno-curricular-a-las-practicas-de-ensenanza-en-la-modalidad-de-educacion-permanente-de-jovenes-y-adultos","status":"publish","type":"page","link":"https:\/\/ens9001-infd.mendoza.edu.ar\/sitio\/del-diseno-curricular-a-las-practicas-de-ensenanza-en-la-modalidad-de-educacion-permanente-de-jovenes-y-adultos\/","title":{"rendered":"Del dise\u00f1o curricular a las pr\u00e1cticas de ense\u00f1anza en la Modalidad de Educaci\u00f3n Permanente de J\u00f3venes y Adultos"},"content":{"rendered":"<p dir=\"ltr\"><img decoding=\"async\" loading=\"lazy\" style=\"display: block; margin-left: auto; margin-right: auto;\" src=\"https:\/\/farm5.staticflickr.com\/4415\/37324030072_ab36033efc_m.jpg\" border=\"0\" alt=\"Captura de pantalla 2017-09-27 a la(s) 12.52.03\" width=\"240\" height=\"225\"><\/p>\n<p dir=\"ltr\"><span style=\"font-family: arial, helvetica, sans-serif; font-size: 10pt;\">El&nbsp;<strong>&Aacute;rea de Desarrollo Profesional Docente y T&eacute;cnico<\/strong>&nbsp;del IESD y T 9-001 \u00abGral. Jos&eacute; de San Mart&iacute;n\u00bb comunica que se&nbsp;<strong>encuentra abierta la inscripci&oacute;n<\/strong>&nbsp;en el&nbsp;Curso&nbsp;<em><strong>&ldquo;Del dise&ntilde;o curricular a las pr&aacute;cticas de ense&ntilde;anza en la&nbsp;Modalidad de Educaci&oacute;n Permanente de J&oacute;venes y Adultos&rdquo;<\/strong><\/em><\/span><\/p>\n<p><span style=\"font-family: arial, helvetica, sans-serif; font-size: 10pt;\"><strong>&bull;&nbsp;Modalidad:<\/strong>&nbsp;Semipresencial (encuentros presenciales y actividades en el Campus Virtual)<\/span><\/p>\n<p><span style=\"font-family: arial, helvetica, sans-serif; font-size: 10pt;\"><strong>&bull;&nbsp;Destinatarios:<\/strong>&nbsp;Docentes y directivos de nivel primario y secundario de la Modalidad de Educaci&oacute;n Permanente de J&oacute;venes y Adultos<\/span><\/p>\n<p><span style=\"font-family: arial, helvetica, sans-serif; font-size: 10pt;\"><strong>&bull;&nbsp;Equipo docente<\/strong>:<\/span><\/p>\n<ul>\n<li><span style=\"font-family: arial, helvetica, sans-serif; font-size: 10pt;\">Gustavo Forn&eacute;s<\/span><\/li>\n<li><span style=\"font-family: arial, helvetica, sans-serif; font-size: 10pt;\">Gustavo Mart&iacute;nez<\/span><\/li>\n<li><span style=\"font-family: arial, helvetica, sans-serif; font-size: 10pt;\">Jimena Spagnolo<\/span><\/li>\n<li><span style=\"font-family: arial, helvetica, sans-serif; font-size: 10pt;\">Aisha Saturnino<\/span><\/li>\n<li><span style=\"font-family: arial, helvetica, sans-serif; font-size: 10pt;\">Patricia Terranova<\/span><\/li>\n<li><span style=\"font-family: arial, helvetica, sans-serif; font-size: 10pt;\">Alejandro Manzur<\/span><\/li>\n<li><span style=\"font-family: arial, helvetica, sans-serif; font-size: 10pt;\">Heber Maidana<\/span><\/li>\n<\/ul>\n<p><span style=\"font-family: arial, helvetica, sans-serif; font-size: 10pt;\"><strong>&bull;&nbsp;Resoluci&oacute;n:&nbsp;<\/strong><a href=\"https:\/\/drive.google.com\/file\/d\/0BxfczyKA65bPdDJMZnVRbXVFd3M\/view?usp=sharing\">0081-SPECE-17<\/a><\/span><\/p>\n<p><span style=\"font-family: arial, helvetica, sans-serif; font-size: 10pt;\"><strong>&bull;&nbsp;Puntaje:&nbsp;<\/strong>0,057855 (para t&iacute;tulos de base con 3 puntos) y 0,304500 (para t&iacute;tulos de base con 16 puntos)<\/span><\/p>\n<p><span style=\"font-family: arial, helvetica, sans-serif; font-size: 10pt;\"><strong>&bull;&nbsp;Lugar de cursado:<\/strong>&nbsp;Sede San Mart&iacute;n del IESDyT 9-001 &#8211; Chubut y Balcarce<\/span><\/p>\n<p><span style=\"font-family: arial, helvetica, sans-serif; font-size: 10pt;\"><strong><strong>&bull;&nbsp;<\/strong>Cronograma:&nbsp;<\/strong><a title=\"https:\/\/docs.google.com\/document\/d\/150wAKNcLJILwwRlWgomgyJ12zDSWi7XPtQxUd50U8YI\/edit?usp=sharing\" href=\"https:\/\/docs.google.com\/document\/d\/150wAKNcLJILwwRlWgomgyJ12zDSWi7XPtQxUd50U8YI\/edit?usp=sharing\" target=\"PRINCIPAL\">hacer clic aqu&iacute;<\/a><\/span><\/p>\n<p><span style=\"font-family: arial, helvetica, sans-serif; font-size: 10pt;\"><strong>&bull;&nbsp;Inscripci&oacute;n<\/strong>:<\/span><\/p>\n<ul>\n<li><span style=\"font-family: arial, helvetica, sans-serif; font-size: 10pt;\">Lugar:&nbsp;Oficina de la Asociaci&oacute;n Cooperadora<\/span><\/li>\n<li><span style=\"font-family: arial, helvetica, sans-serif; font-size: 10pt;\">D&iacute;as y hora:&nbsp;Lunes a Viernes de 8:00 a 18:00 hs.<\/span><\/li>\n<li><span style=\"font-family: arial, helvetica, sans-serif; font-size: 10pt;\">Valor:&nbsp;$ 300.-<\/span><\/li>\n<li><span style=\"font-family: arial, helvetica, sans-serif; font-size: 10pt;\">Cupos limitados<\/span><\/li>\n<\/ul>\n<p><span id=\"docs-internal-guid-32f72506-c404-878a-c3a4-68a5bcfa15d7\" style=\"font-family: arial, helvetica, sans-serif; font-size: 10pt;\"><strong>&bull;&nbsp;Formulario de&nbsp;<a title=\"https:\/\/goo.gl\/5dx3Eu\" href=\"https:\/\/goo.gl\/5dx3Eu\" target=\"PRINCIPAL\">pre-inscripci&oacute;n en l&iacute;nea (hacer clic aqu&iacute;)<\/a><\/strong><\/span><\/p><\/p>\n","protected":false},"excerpt":{"rendered":"<p>El&nbsp;&Aacute;rea de Desarrollo Profesional Docente y T&eacute;cnico&nbsp;del IESD y T 9-001 \u00abGral. Jos&eacute; de San Mart&iacute;n\u00bb comunica que se&nbsp;encuentra abierta la inscripci&oacute;n&nbsp;en el&nbsp;Curso&nbsp;&ldquo;Del dise&ntilde;o curricular a las pr&aacute;cticas de ense&ntilde;anza en la&nbsp;Modalidad de Educaci&oacute;n Permanente de J&oacute;venes y Adultos&rdquo; &bull;&nbsp;Modalidad:&nbsp;Semipresencial (encuentros presenciales y actividades en el Campus Virtual) &bull;&nbsp;Destinatarios:&nbsp;Docentes y directivos de nivel primario y &#8230; <a title=\"Del dise\u00f1o curricular a las pr\u00e1cticas de ense\u00f1anza en la Modalidad de Educaci\u00f3n Permanente de J\u00f3venes y Adultos\" class=\"read-more\" href=\"https:\/\/ens9001-infd.mendoza.edu.ar\/sitio\/del-diseno-curricular-a-las-practicas-de-ensenanza-en-la-modalidad-de-educacion-permanente-de-jovenes-y-adultos\/\" aria-label=\"More on Del dise\u00f1o curricular a las pr\u00e1cticas de ense\u00f1anza en la Modalidad de Educaci\u00f3n Permanente de J\u00f3venes y Adultos\">[+]<\/a><\/p>\n","protected":false},"author":6607,"featured_media":0,"parent":0,"menu_order":0,"comment_status":"closed","ping_status":"closed","template":"","meta":[],"acf":[],"_links":{"self":[{"href":"https:\/\/ens9001-infd.mendoza.edu.ar\/sitio\/wp-json\/wp\/v2\/pages\/6005"}],"collection":[{"href":"https:\/\/ens9001-infd.mendoza.edu.ar\/sitio\/wp-json\/wp\/v2\/pages"}],"about":[{"href":"https:\/\/ens9001-infd.mendoza.edu.ar\/sitio\/wp-json\/wp\/v2\/types\/page"}],"author":[{"embeddable":true,"href":"https:\/\/ens9001-infd.mendoza.edu.ar\/sitio\/wp-json\/wp\/v2\/users\/6607"}],"replies":[{"embeddable":true,"href":"https:\/\/ens9001-infd.mendoza.edu.ar\/sitio\/wp-json\/wp\/v2\/comments?post=6005"}],"version-history":[{"count":0,"href":"https:\/\/ens9001-infd.mendoza.edu.ar\/sitio\/wp-json\/wp\/v2\/pages\/6005\/revisions"}],"wp:attachment":[{"href":"https:\/\/ens9001-infd.mendoza.edu.ar\/sitio\/wp-json\/wp\/v2\/media?parent=6005"}],"curies":[{"name":"wp","href":"https:\/\/api.w.org\/{rel}","templated":true}]}}