{"id":5989,"date":"2018-08-30T19:40:11","date_gmt":"2018-08-30T22:40:11","guid":{"rendered":"https:\/\/ens9001-mza.infd.edu.ar\/sitio\/%c2%93nuevas-tecnicas-de-estimacion-y-control-de-la-calidad-de-la-uva-en-el-vinedo-aplicadas-por-la-escuela-australiana%c2%94-%c2%93la-calidad-del-vino-desde-el-vinedo-conforme-los-principios-de-la-es\/"},"modified":"2018-08-30T19:40:11","modified_gmt":"2018-08-30T22:40:11","slug":"%c2%93nuevas-tecnicas-de-estimacion-y-control-de-la-calidad-de-la-uva-en-el-vinedo-aplicadas-por-la-escuela-australiana%c2%94-%c2%93la-calidad-del-vino-desde-el-vinedo-conforme-los-principios-de-la-es","status":"publish","type":"page","link":"https:\/\/ens9001-infd.mendoza.edu.ar\/sitio\/%c2%93nuevas-tecnicas-de-estimacion-y-control-de-la-calidad-de-la-uva-en-el-vinedo-aplicadas-por-la-escuela-australiana%c2%94-%c2%93la-calidad-del-vino-desde-el-vinedo-conforme-los-principios-de-la-es\/","title":{"rendered":"\u0093Nuevas t\u00e9cnicas de estimaci\u00f3n y control de la calidad de la uva en el vi\u00f1edo aplicadas por la escuela australiana\u0094 \u0093La calidad del vino desde el vi\u00f1edo conforme los principios de la escuela europea\u0094"},"content":{"rendered":"<p><span style=\"font-family: arial, helvetica, sans-serif; font-size: 10pt;\">El &Aacute;rea de Desarrollo Profesional Docente y T&eacute;cnico del IESD y T 9-001 \u00abGral. Jos&eacute; de San Mart&iacute;n\u00bb comunica que se encuentra abierta la inscripci&oacute;n en los Cursos de Desarrollo Profesional Docente y T&eacute;cnico <strong>&ldquo;Nuevas t&eacute;cnicas de estimaci&oacute;n y control de la calidad de la uva en el vi&ntilde;edo aplicadas por la escuela australiana&rdquo;<\/strong> y <strong>&ldquo;La calidad del vino desde el vi&ntilde;edo conforme los principios de la escuela europea&rdquo;<\/strong>, a cargo del Ingeniero Agr&oacute;nomo Ger&oacute;nimo Agust&iacute;n Antonetti y del Doctor Carlos Mariano Mauad<\/span><\/p>\n<p><span style=\"font-family: arial, helvetica, sans-serif; font-size: 10pt;\"><strong>Resoluciones N&ordm;:<\/strong> 0159-SPECE-2016 \/ 0160-SPECE-2016<\/span><\/p>\n<p><span style=\"font-family: arial, helvetica, sans-serif; font-size: 10pt;\"><strong>Modalidad:<\/strong> Presencial<\/span><\/p>\n<p><span style=\"font-family: arial, helvetica, sans-serif; font-size: 10pt;\"><strong>Destinatarios:<\/strong> Docentes y Estudiantes Avanzados de Educaci&oacute;n T&eacute;cnico Profesional: de las Ciencias Biol&oacute;gicas, de la Qu&iacute;mica y de las Ciencias Agrarias. Bodegueros y Productores de la Zona Este.<br \/><\/span><br \/><span style=\"font-family: arial, helvetica, sans-serif; font-size: 10pt;\"><strong>Carga horaria:<\/strong> 40 horas reloj cada curso<\/span><br \/><span style=\"font-family: arial, helvetica, sans-serif; font-size: 10pt;\"><br \/><strong>Inicio:<\/strong> <br \/><em>Apertura Oficial<\/em>&nbsp;Jueves 15 de Junio de 2017, a las 18:00 horas, en el I.E.S.D. y T. 9-001. Chubut y Balcarce. Departamento de Gral. San Mart&iacute;n.<\/span><br \/><span style=\"font-family: arial, helvetica, sans-serif; font-size: 10pt;\"><em>Segundo Encuentro:<\/em> 22 de junio, a las 18:00 horas, en Sal&oacute;n Cultural Cervantes. Calle San Mart&iacute;n 151. Departamento de Jun&iacute;n.&nbsp;<\/span><\/p>\n<p><span style=\"font-family: arial, helvetica, sans-serif; font-size: 10pt;\"><strong>Inscripci&oacute;n<\/strong> <a href=\"https:\/\/docs.google.com\/forms\/d\/e\/1FAIpQLSetX68G8GFXo9XK2hWN21zihfbXtd2jPjza8iZV9M-QrnZGpg\/viewform\">en l&iacute;nea (clic aqu&iacute;)<\/a><\/span><\/p>\n<p><span style=\"font-family: arial, helvetica, sans-serif; font-size: 10pt;\"><strong>Consultas e informes<\/strong>: Profesora Silvana S. Valero. Por Correo-e capacitacion9001@gmail.com o telef&oacute;nicamente al 263-4420888<\/span><\/p><\/p>\n","protected":false},"excerpt":{"rendered":"<p>El &Aacute;rea de Desarrollo Profesional Docente y T&eacute;cnico del IESD y T 9-001 \u00abGral. Jos&eacute; de San Mart&iacute;n\u00bb comunica que se encuentra abierta la inscripci&oacute;n en los Cursos de Desarrollo Profesional Docente y T&eacute;cnico &ldquo;Nuevas t&eacute;cnicas de estimaci&oacute;n y control de la calidad de la uva en el vi&ntilde;edo aplicadas por la escuela australiana&rdquo; y &#8230; <a title=\"\u0093Nuevas t\u00e9cnicas de estimaci\u00f3n y control de la calidad de la uva en el vi\u00f1edo aplicadas por la escuela australiana\u0094 \u0093La calidad del vino desde el vi\u00f1edo conforme los principios de la escuela europea\u0094\" class=\"read-more\" href=\"https:\/\/ens9001-infd.mendoza.edu.ar\/sitio\/%c2%93nuevas-tecnicas-de-estimacion-y-control-de-la-calidad-de-la-uva-en-el-vinedo-aplicadas-por-la-escuela-australiana%c2%94-%c2%93la-calidad-del-vino-desde-el-vinedo-conforme-los-principios-de-la-es\/\" aria-label=\"More on \u0093Nuevas t\u00e9cnicas de estimaci\u00f3n y control de la calidad de la uva en el vi\u00f1edo aplicadas por la escuela australiana\u0094 \u0093La calidad del vino desde el vi\u00f1edo conforme los principios de la escuela europea\u0094\">[+]<\/a><\/p>\n","protected":false},"author":6607,"featured_media":0,"parent":0,"menu_order":0,"comment_status":"closed","ping_status":"closed","template":"","meta":[],"acf":[],"_links":{"self":[{"href":"https:\/\/ens9001-infd.mendoza.edu.ar\/sitio\/wp-json\/wp\/v2\/pages\/5989"}],"collection":[{"href":"https:\/\/ens9001-infd.mendoza.edu.ar\/sitio\/wp-json\/wp\/v2\/pages"}],"about":[{"href":"https:\/\/ens9001-infd.mendoza.edu.ar\/sitio\/wp-json\/wp\/v2\/types\/page"}],"author":[{"embeddable":true,"href":"https:\/\/ens9001-infd.mendoza.edu.ar\/sitio\/wp-json\/wp\/v2\/users\/6607"}],"replies":[{"embeddable":true,"href":"https:\/\/ens9001-infd.mendoza.edu.ar\/sitio\/wp-json\/wp\/v2\/comments?post=5989"}],"version-history":[{"count":0,"href":"https:\/\/ens9001-infd.mendoza.edu.ar\/sitio\/wp-json\/wp\/v2\/pages\/5989\/revisions"}],"wp:attachment":[{"href":"https:\/\/ens9001-infd.mendoza.edu.ar\/sitio\/wp-json\/wp\/v2\/media?parent=5989"}],"curies":[{"name":"wp","href":"https:\/\/api.w.org\/{rel}","templated":true}]}}