{"id":5966,"date":"2018-08-30T19:39:58","date_gmt":"2018-08-30T22:39:58","guid":{"rendered":"https:\/\/ens9001-mza.infd.edu.ar\/sitio\/curso-la-practica-de-la-comunicacion-una-herramienta-indispensable-para-la-prevencion-y-resolucion-de-conflictos-en-las-instituciones-educativas\/"},"modified":"2018-08-30T19:39:58","modified_gmt":"2018-08-30T22:39:58","slug":"curso-la-practica-de-la-comunicacion-una-herramienta-indispensable-para-la-prevencion-y-resolucion-de-conflictos-en-las-instituciones-educativas","status":"publish","type":"page","link":"https:\/\/ens9001-infd.mendoza.edu.ar\/sitio\/curso-la-practica-de-la-comunicacion-una-herramienta-indispensable-para-la-prevencion-y-resolucion-de-conflictos-en-las-instituciones-educativas\/","title":{"rendered":"Curso: La pr\u00e1ctica de la comunicaci\u00f3n. Una herramienta indispensable para la prevenci\u00f3n y resoluci\u00f3n de conflictos en las instituciones educativas"},"content":{"rendered":"<p><span style=\"font-family: arial, helvetica, sans-serif; font-size: 10pt;\">El &Aacute;rea de Desarrollo Profesional Docente y T&eacute;cnico del IESD y T 9-001 \u00abGral. Jos&eacute; de San Mart&iacute;n\u00bb comunica que se encuentra abierta la inscripci&oacute;n en el Curso de Capacitaci&oacute;n y Perfeccionamiento Docente &ldquo;La pr&aacute;ctica de la comunicaci&oacute;n. Una herramienta indispensable para la prevenci&oacute;n y resoluci&oacute;n de conflictos en las instituciones educativas&rdquo;, a cargo de las profesoras Mar&iacute;a Victoria Mar&uacute;n y Carolina Acerbis.<\/span><\/p>\n<p><span style=\"font-family: arial, helvetica, sans-serif; font-size: 10pt;\">&bull;&nbsp;<strong>Resoluci&oacute;n N&ordm;<\/strong>: 0063-SPECE-2016<\/span><\/p>\n<p><span style=\"font-family: arial, helvetica, sans-serif; font-size: 10pt;\">&bull;&nbsp;<strong>Modalidad<\/strong>: Presencial<\/span><\/p>\n<p><span style=\"font-family: arial, helvetica, sans-serif; font-size: 10pt;\">&bull;&nbsp;<strong>Destinatarios<\/strong>: Supervisores, Directivos, Servicios de Orientaci&oacute;n y Profesores.<\/span><\/p>\n<p><span style=\"font-family: arial, helvetica, sans-serif; font-size: 10pt;\">&bull;&nbsp;<strong>Carga horaria<\/strong>: 36 horas reloj<\/span><\/p>\n<p><span style=\"font-family: arial, helvetica, sans-serif; font-size: 10pt;\">&bull;&nbsp;<strong>Inicio<\/strong>: S&aacute;bado 03 de setiembre de 2016, a las 10:30 horas.<\/span><\/p>\n<p><span style=\"font-family: arial, helvetica, sans-serif; font-size: 10pt;\">&bull;&nbsp;<strong>Cronograma<\/strong>: Nueve encuentros a realizarse los d&iacute;as s&aacute;bados.<\/span><\/p>\n<p><span style=\"font-family: arial, helvetica, sans-serif; font-size: 10pt;\">&bull;&nbsp;<strong>Lugar<\/strong>: I.E.S.D. y T. 9-001. Chubut y Balcarce. Ciudad. Departamento de Gral. San Mart&iacute;n. Mendoza.<\/span><\/p>\n<p><span style=\"font-family: arial, helvetica, sans-serif; font-size: 10pt;\">&bull;&nbsp;<strong>Cupo<\/strong>: 70 personas<\/span><\/p>\n<p><span style=\"font-family: arial, helvetica, sans-serif; font-size: 10pt;\">&bull;&nbsp;<strong>Inscripci&oacute;n en l&iacute;nea<\/strong>:&nbsp;<a title=\"https:\/\/docs.google.com\/forms\/d\/e\/1FAIpQLSf6En9AavzYiXZPvHUIvh1he1wjc3PV_SYAfa1ast-OZ0-yDQ\/viewform\" href=\"https:\/\/docs.google.com\/forms\/d\/e\/1FAIpQLSf6En9AavzYiXZPvHUIvh1he1wjc3PV_SYAfa1ast-OZ0-yDQ\/viewform\" target=\"_NEW\">hacer clic aqu&iacute;<\/a>&nbsp;<\/span><\/p>\n<p><span style=\"font-family: arial, helvetica, sans-serif; font-size: 10pt;\">&bull;&nbsp;<strong>Consultas e informes:<\/strong>&nbsp;Profesora Silvana S. Valero. Correo: valerosilvana@yahoo.com.ar o telef&oacute;nicamente al&nbsp;<a href=\"tel:263-4420888\">263-4420888<\/a><\/span><\/p><\/p>\n","protected":false},"excerpt":{"rendered":"<p>El &Aacute;rea de Desarrollo Profesional Docente y T&eacute;cnico del IESD y T 9-001 \u00abGral. Jos&eacute; de San Mart&iacute;n\u00bb comunica que se encuentra abierta la inscripci&oacute;n en el Curso de Capacitaci&oacute;n y Perfeccionamiento Docente &ldquo;La pr&aacute;ctica de la comunicaci&oacute;n. Una herramienta indispensable para la prevenci&oacute;n y resoluci&oacute;n de conflictos en las instituciones educativas&rdquo;, a cargo de &#8230; <a title=\"Curso: La pr\u00e1ctica de la comunicaci\u00f3n. Una herramienta indispensable para la prevenci\u00f3n y resoluci\u00f3n de conflictos en las instituciones educativas\" class=\"read-more\" href=\"https:\/\/ens9001-infd.mendoza.edu.ar\/sitio\/curso-la-practica-de-la-comunicacion-una-herramienta-indispensable-para-la-prevencion-y-resolucion-de-conflictos-en-las-instituciones-educativas\/\" aria-label=\"More on Curso: La pr\u00e1ctica de la comunicaci\u00f3n. Una herramienta indispensable para la prevenci\u00f3n y resoluci\u00f3n de conflictos en las instituciones educativas\">[+]<\/a><\/p>\n","protected":false},"author":6607,"featured_media":0,"parent":0,"menu_order":0,"comment_status":"closed","ping_status":"closed","template":"","meta":[],"acf":[],"_links":{"self":[{"href":"https:\/\/ens9001-infd.mendoza.edu.ar\/sitio\/wp-json\/wp\/v2\/pages\/5966"}],"collection":[{"href":"https:\/\/ens9001-infd.mendoza.edu.ar\/sitio\/wp-json\/wp\/v2\/pages"}],"about":[{"href":"https:\/\/ens9001-infd.mendoza.edu.ar\/sitio\/wp-json\/wp\/v2\/types\/page"}],"author":[{"embeddable":true,"href":"https:\/\/ens9001-infd.mendoza.edu.ar\/sitio\/wp-json\/wp\/v2\/users\/6607"}],"replies":[{"embeddable":true,"href":"https:\/\/ens9001-infd.mendoza.edu.ar\/sitio\/wp-json\/wp\/v2\/comments?post=5966"}],"version-history":[{"count":0,"href":"https:\/\/ens9001-infd.mendoza.edu.ar\/sitio\/wp-json\/wp\/v2\/pages\/5966\/revisions"}],"wp:attachment":[{"href":"https:\/\/ens9001-infd.mendoza.edu.ar\/sitio\/wp-json\/wp\/v2\/media?parent=5966"}],"curies":[{"name":"wp","href":"https:\/\/api.w.org\/{rel}","templated":true}]}}