{"id":5961,"date":"2018-08-30T19:39:55","date_gmt":"2018-08-30T22:39:55","guid":{"rendered":"https:\/\/ens9001-mza.infd.edu.ar\/sitio\/quienes-somos-que-ofrecemos\/"},"modified":"2025-12-19T12:52:45","modified_gmt":"2025-12-19T15:52:45","slug":"idiomas-2","status":"publish","type":"page","link":"https:\/\/ens9001-infd.mendoza.edu.ar\/sitio\/idiomas-2\/","title":{"rendered":"Centro de Idiomas"},"content":{"rendered":"<p dir=\"ltr\" style=\"text-align: center;\"><a href=\"https:\/\/ens9001-infd.mendoza.edu.ar\/sitio\/wp-content\/uploads\/2025\/12\/Portadas-Tecnicaturas-4.png\"><img decoding=\"async\" loading=\"lazy\" class=\"aligncenter wp-image-22505 \" src=\"https:\/\/ens9001-infd.mendoza.edu.ar\/sitio\/wp-content\/uploads\/2025\/12\/Portadas-Tecnicaturas-4.png\" alt=\"\" width=\"1034\" height=\"383\" srcset=\"https:\/\/ens9001-infd.mendoza.edu.ar\/sitio\/wp-content\/uploads\/2025\/12\/Portadas-Tecnicaturas-4.png 851w, https:\/\/ens9001-infd.mendoza.edu.ar\/sitio\/wp-content\/uploads\/2025\/12\/Portadas-Tecnicaturas-4-768x284.png 768w\" sizes=\"(max-width: 1034px) 100vw, 1034px\" \/><\/a><\/p>\n<p><\/p>\n\n\n<p><strong>CENTRO DE ENSE\u00d1ANZA DE IDIOMAS (CEI)<\/strong><\/p>\n\n\n\n<p>El IES 9-001 &#8216;Gral. Jos\u00e9 de San Mart\u00edn&#8217; se enorgullece de contar con su Centro de Ense\u00f1anza de<br>Idiomas (CEI). Este espacio inclusivo est\u00e1 dise\u00f1ado para satisfacer<br>las necesidades de estudiantes, egresados, docentes, profesionales y trabajadores de la<br>comunidad en general. Adem\u00e1s, al estar integrado en el \u00c1rea de Formaci\u00f3n Continua y<br>Profesional, nuestras certificaciones cuentan con el respaldo de la Direcci\u00f3n de Educaci\u00f3n Superior<br>(DES).<br><\/p>\n\n\n\n<p><strong>NUESTROS OBJETIVOS<br><\/strong>Con esta propuesta formativa en idiomas, nos proponemos:<br>\uf0b7 Brindar herramientas ling\u00fc\u00edsticas y culturales que ampl\u00eden tu formaci\u00f3n, mejoren tu<br>desempe\u00f1o acad\u00e9mico y laboral, y aumenten tus oportunidades en el mercado laboral.<br>\uf0b7 Ofrecer una formaci\u00f3n integral en idiomas, desarrollando todas las habilidades<br>comunicativas.<br>\uf0b7 Aportar al crecimiento socioecon\u00f3mico, cultural y educativo de nuestra comunidad a<br>trav\u00e9s de la ense\u00f1anza de idiomas y la promoci\u00f3n de la comprensi\u00f3n intercultural.<br><\/p>\n\n\n\n<p><strong>NUESTRO EQUIPO<\/strong><br>Nuestro equipo docente est\u00e1 formado por profesionales dedicados y apasionados por la<br>ense\u00f1anza, comprometidos con tu aprendizaje y el fortalecimiento de tus habilidades<br>comunicativas.<br>\uf0b7 Jefatura de Formaci\u00f3n Continua y Profesional: Prof. Adriana Gonz\u00e1lez<br>\uf0b7 Equipo Docente<br><\/p>\n\n\n\n<p><strong>NUESTRA OFERTA FORMATIVA<\/strong><br>Te ofrecemos una variedad de cursos en siete idiomas, disponibles en modalidades anuales y<br>cuatrimestrales, adaptados a diferentes niveles de competencia:<br>\uf0b7 Cursos Anuales (marzo a noviembre):<\/p>\n\n\n\n<ul>\n<li>Curso Regular de Idioma Chino (nivel: Principiante (A1))<\/li>\n\n\n\n<li>Curso Regular de Idioma Alem\u00e1n (niveles: Principiante (A1) y Pre-Intermedio (A2))<\/li>\n\n\n\n<li>Curso Regular de Idioma Portugu\u00e9s (niveles: Principiante (A1) a B1 (Intermedio)<\/li>\n\n\n\n<li>Curso Regular de Idioma Franc\u00e9s (niveles: Principiante (A1) a Intermedio (B1))<\/li>\n\n\n\n<li>Curso Regular de Idioma Ingl\u00e9s (niveles: Principiante (A1) a Intermedio Avanzado (B2))<\/li>\n\n\n\n<li>Curso Regular de Idioma Italiano (niveles: Principiante (A1) a Intermedio Avanzado<br>(B2))<br>\uf0b7 Cursos Cuatrimestrales:<\/li>\n\n\n\n<li>Lengua de Se\u00f1as Argentina (niveles: 1 a 3)<\/li>\n\n\n\n<li>Curso de Conversaci\u00f3n en Ingl\u00e9s: Mis Primeros Pasos (nivel pre-intermedio requerido)<\/li>\n\n\n\n<li>Curso de Conversaci\u00f3n en Ingl\u00e9s (nivel intermedio requerido)<\/li>\n\n\n\n<li>Curso de Conversaci\u00f3n en Italiano (nivel intermedio requerido)<\/li>\n\n\n\n<li>Curso de Conversaci\u00f3n en Portugu\u00e9s (nivel intermedio requerido) \u2013 resoluci\u00f3n en tr\u00e1mite<\/li>\n\n\n\n<li>Curso de Conversaci\u00f3n en Franc\u00e9s (nivel intermedio requerido) \u2013 resoluci\u00f3n en tr\u00e1mite<\/li>\n<\/ul>\n\n\n\n<p>\uf0b7 Adem\u00e1s, a lo largo del a\u00f1o realizamos jornadas y talleres de los distintos idiomas, que te<br>permitir\u00e1n acercarte a la cultura de cada uno y vivir experiencias de aprendizaje m\u00e1s<br>completas.<br><\/p>\n\n\n\n<p><strong>DESCRIPCI\u00d3N DE LOS NIVELES<\/strong><br>Si te preguntas cual es el nivel m\u00e1s adecuado para tu formaci\u00f3n en idiomas, te brindamos una<br>breve descripci\u00f3n de los niveles de competencia ling\u00fc\u00edstica seg\u00fan el Marco Com\u00fan Europeo de<br>Referencia para las Lenguas (MCER) para que puedas autoevaluarte:<br>\uf0b7 Usuario B\u00e1sico &#8211; Principiante (A1)<br>Este nivel es ideal para quienes:<\/p>\n\n\n\n<ul>\n<li>No tienen conocimientos previos del idioma.<\/li>\n\n\n\n<li>Cuentan con una base poco s\u00f3lida del idioma dado que s\u00f3lo lo han estudiado en la<br>secundaria o universidad.<\/li>\n\n\n\n<li>Reconocen alguna estructura gramatical, pero desconocen su uso y significado.<br>\uf0b7 Usuario B\u00e1sico &#8211; Pre-Intermedio (A2)<br>Este nivel es ideal para quienes:<\/li>\n\n\n\n<li>Cuentan con conocimientos previos, habiendo completado el nivel A1 (principiante) en<br>nuestro CEI o en otro instituto en los \u00faltimos 2 a\u00f1os.<\/li>\n\n\n\n<li>Necesitan intensificar la apropiaci\u00f3n y ampliar la variedad de estructuras gramaticales y<br>expresiones b\u00e1sicas de uso cotidiano para comunicarse en diversos contextos<br>comunicativos.<\/li>\n\n\n\n<li>Deben mejorar su habilidad auditiva, debiendo repetir un mismo audio varias veces<br>para poder comprender.<\/li>\n\n\n\n<li>Tienen dificultades para expresar sus ideas de forma oral y\/o escrita, aunque puede<br>hacerse entender.<br>\uf0b7 Usuario Independiente &#8211; Intermedio (B1)<br>Este nivel es ideal para quienes:<\/li>\n\n\n\n<li>Cuentan con una buena base del idioma escrito y hablado, pero necesitan afianzar<br>algunas estructuras gramaticales y frases.<\/li>\n\n\n\n<li>Comprenden textos simples y estructuras b\u00e1sicas sin mayores dificultades.<\/li>\n\n\n\n<li>Han mantenido contacto asiduo con el idioma por varios a\u00f1os y se comunican de<br>manera estrat\u00e9gica.<\/li>\n\n\n\n<li>Desean incorporar frases y estructuras gramaticales m\u00e1s complejas y variadas para<br>comunicarse en contextos cotidianos.<\/li>\n\n\n\n<li>Necesitan expresarse con mayor claridad y fluidez.<br>\uf0b7 Usuario Independiente &#8211; Intermedio Avanzado (B2)<\/li>\n<\/ul>\n\n\n\n<p>Este nivel es ideal para quienes:<\/p>\n\n\n\n<ul>\n<li>Tienen una base s\u00f3lida del idioma hablado y escrito.<\/li>\n\n\n\n<li>Tienen buen manejo de las estructuras gramaticales y diversas frases propias de<br>diversos contextos comunicativos.<\/li>\n\n\n\n<li>Expresan sus ideas, por escrito o en forma oral, de manera fluida y en gran variedad de<br>contextos.<\/li>\n\n\n\n<li>Necesitan pulir su idioma y mantener el contacto con el mismo.<\/li>\n\n\n\n<li>Aspiran a acceder a oportunidades laborales o educativas en el exterior.<\/li>\n<\/ul>\n\n\n\n<p><\/p>\n\n\n\n<p><strong>INSTANCIA NIVELATORIA<br><\/strong>Al momento de inscribirte formalmente en alguno de nuestros cursos, si no seleccion\u00e1s la opci\u00f3n<br>A1 (Principiante), deber\u00e1s rendir una instancia nivelatoria.<br>Este proceso nos permite ubicarte en el nivel m\u00e1s adecuado para tu aprendizaje y garantizarte una<br>experiencia educativa \u00f3ptima.<br>\u00bfQui\u00e9nes deben rendirla?<\/p>\n\n\n\n<p>Quienes no se inscriban en el nivel A1 (Principiante) de cualquiera de nuestros idiomas.<\/p>\n\n\n\n<p>Quienes no hayan cursado en el CEI durante los \u00faltimos dos a\u00f1os.<br>\u00bfEn qu\u00e9 consiste?<\/p>\n\n\n\n<p>Podr\u00e1 ser s\u00f3lo una entrevista oral de aproximadamente 10 minutos, dirigida por uno de<br>nuestros docentes y\/o una instancia escrita, seg\u00fan disponga cada docente.<br>\u00bfC\u00f3mo se desarrolla?<\/p>\n\n\n\n<p>Se realiza 100% en el idioma al que te inscribiste.<\/p>\n\n\n\n<p>Es virtual y se lleva a cabo en un horario asignado por el docente.<\/p>\n\n\n\n<p>Al finalizar, el docente determinar\u00e1 tu nivel de dominio del idioma y te orientar\u00e1 sobre el<br>curso m\u00e1s adecuado.<br><\/p>\n\n\n\n<p><strong>COSTO DE LOS CURSOS<br><\/strong>Se abona una inscripci\u00f3n anual y 10 cuotas (cursos anuales) o 5 cuotas (cursos cuatrimestrales). El<br>costo se informa al momento de la inscripci\u00f3n.<br><strong>BECAS<\/strong><br>Si sos estudiante, docente, docente jubilado o egresado del IES 9001 tendr\u00e1s una bonificaci\u00f3n<br>especial: en la cuota 5 de los cursos cuatrimestrales y en las cuotas 9 y 10 de los cursos anuales.<br>Para acceder al beneficio, deber\u00e1s presentar documentaci\u00f3n que acredite tu relaci\u00f3n con la<br>instituci\u00f3n.<br><strong>CERTIFICACIONES<\/strong><br>Nuestros cursos se encuentran avalados por la Direcci\u00f3n de Educaci\u00f3n Superior (DES), por lo que<br>cuentan con puntaje docente.<\/p>\n\n\n\n<p><strong>Contacto<\/strong><\/p>\n\n\n\n<p>centrodeidiomas9001@gmail.com<\/p>\n","protected":false},"excerpt":{"rendered":"<p>CENTRO DE ENSE\u00d1ANZA DE IDIOMAS (CEI) El IES 9-001 &#8216;Gral. Jos\u00e9 de San Mart\u00edn&#8217; se enorgullece de contar con su Centro de Ense\u00f1anza deIdiomas (CEI). Este espacio inclusivo est\u00e1 dise\u00f1ado para satisfacerlas necesidades de estudiantes, egresados, docentes, profesionales y trabajadores de lacomunidad en general. Adem\u00e1s, al estar integrado en el \u00c1rea de Formaci\u00f3n Continua yProfesional, &#8230; <a title=\"Centro de Idiomas\" class=\"read-more\" href=\"https:\/\/ens9001-infd.mendoza.edu.ar\/sitio\/idiomas-2\/\" aria-label=\"More on Centro de Idiomas\">[+]<\/a><\/p>\n","protected":false},"author":6607,"featured_media":0,"parent":0,"menu_order":0,"comment_status":"closed","ping_status":"closed","template":"","meta":[],"acf":[],"_links":{"self":[{"href":"https:\/\/ens9001-infd.mendoza.edu.ar\/sitio\/wp-json\/wp\/v2\/pages\/5961"}],"collection":[{"href":"https:\/\/ens9001-infd.mendoza.edu.ar\/sitio\/wp-json\/wp\/v2\/pages"}],"about":[{"href":"https:\/\/ens9001-infd.mendoza.edu.ar\/sitio\/wp-json\/wp\/v2\/types\/page"}],"author":[{"embeddable":true,"href":"https:\/\/ens9001-infd.mendoza.edu.ar\/sitio\/wp-json\/wp\/v2\/users\/6607"}],"replies":[{"embeddable":true,"href":"https:\/\/ens9001-infd.mendoza.edu.ar\/sitio\/wp-json\/wp\/v2\/comments?post=5961"}],"version-history":[{"count":38,"href":"https:\/\/ens9001-infd.mendoza.edu.ar\/sitio\/wp-json\/wp\/v2\/pages\/5961\/revisions"}],"predecessor-version":[{"id":22511,"href":"https:\/\/ens9001-infd.mendoza.edu.ar\/sitio\/wp-json\/wp\/v2\/pages\/5961\/revisions\/22511"}],"wp:attachment":[{"href":"https:\/\/ens9001-infd.mendoza.edu.ar\/sitio\/wp-json\/wp\/v2\/media?parent=5961"}],"curies":[{"name":"wp","href":"https:\/\/api.w.org\/{rel}","templated":true}]}}