{"id":5945,"date":"2018-08-30T19:39:46","date_gmt":"2018-08-30T22:39:46","guid":{"rendered":"https:\/\/ens9001-mza.infd.edu.ar\/sitio\/solicitud-de-certificado-analitico-definitivo\/"},"modified":"2018-11-23T12:24:16","modified_gmt":"2018-11-23T15:24:16","slug":"solicitud-de-certificado-analitico-definitivo","status":"publish","type":"page","link":"https:\/\/ens9001-infd.mendoza.edu.ar\/sitio\/solicitud-de-certificado-analitico-definitivo\/","title":{"rendered":"Solicitud de Certificado Anal\u00edtico Definitivo"},"content":{"rendered":"<p><strong>Estimados\/as Egresados\/as<\/strong><\/p>\n<p>En esta secci\u00f3n encontrar\u00e1 informaci\u00f3n muy importante con los pasos a seguir para la obtenci\u00f3n de su Certificado Anal\u00edtico definitivo.<br \/>\nLos pasos del tr\u00e1mite son:<\/p>\n<p><strong>Primero<\/strong> deber\u00e1 presentarse ante los referentes Institucionales del Programa \u201cConectar Igualdad\u201d, Secretaria Prof. Marina Fern\u00e1ndez y la Prof. Cecilia \u00a0Maranzana de 8 a 12:30 hs. de Lunes a viernes y \u00a0lunes , mi\u00e9rcoles\u00a0 y viernes de 14:30 a 16:30 hs. para iniciar el Procedimiento T\u00e9cnico-Administrativo para la Devoluci\u00f3n de Netobooks:<\/p>\n<p>Conforme la normativa vigente (Res. CFE N\u00b0 227\/2014), se informan los pasos a nivel institucional para la devoluci\u00f3n de netbooks recibidas bajo la forma jur\u00eddica de comodato:<\/p>\n<ol>\n<li>En ning\u00fan supuesto y bajo ning\u00fan concepto podr\u00e1 el comodatario retener la netbook y est\u00e1 obligado a mantenerla en buen estado de conservaci\u00f3n y a utilizar el equipamiento recibido conforme su destino y no comercializarlo.<\/li>\n<li>Corresponde la devoluci\u00f3n de la netbook en los siguientes casos:\n<ol>\n<li>Alumnos que hayan perdido la condici\u00f3n de \u201cregular\u201d en el establecimiento.<\/li>\n<li>Egresados que hayan completado la carrera en un per\u00edodo mayor de 5 a\u00f1os, desde el momento de su inscripci\u00f3n y hasta la residencia inclusive. El tr\u00e1mite de devoluci\u00f3n deber\u00e1 quedar concluido para el retiro del t\u00edtulo y certificado anal\u00edtico completo. Caso contrario, corresponde la cesi\u00f3n definitiva del equipo.<\/li>\n<li>Personal docente incluyendo profesores, tutores, bibliotecarios, bedeles y otros actores que hagan uso de licencias prolongadas (m\u00e1s de 30 d\u00edas) que renuncien o se acojan al beneficio de la jubilaci\u00f3n.<\/li>\n<\/ol>\n<\/li>\n<li>La devoluci\u00f3n de la m\u00e1quina implica los siguientes pasos:\n<ol>\n<li>Revisi\u00f3n del aparato y de sus accesorios por el R.F. (referente t\u00e9cnico) institucional quien emitir\u00e1 dictamen sobre el estado de aquella e informar\u00e1 al R.A. (referente administrativo) institucional a cargo, quienes en conjunto determinar\u00e1n la necesidad o no de ser enviada al Servicio T\u00e9cnico provisto por el Programa.<\/li>\n<li>El R.A. informar\u00e1 a la Secretar\u00eda correspondiente sobre la finalizaci\u00f3n del tr\u00e1mite y, posteriormente, proceder\u00e1 a la baja correspondiente del Aplicativo ConIg dependiente de la ANSES. La baja del Aplicativo ConIg en los casos de netbooks que han debido ser enviada a servicio t\u00e9cnico o que se ha debido pedir la restituci\u00f3n de la m\u00e1quina y sus accesorios, o de alguno\/s del\/ de los complemento\/s, no puede ser realizada hasta que se haya completado el tr\u00e1mite solicitado, a saber: devoluci\u00f3n de servicio t\u00e9cnico o reposici\u00f3n correspondiente.<\/li>\n<\/ol>\n<\/li>\n<li>El no cumplimiento de la devoluci\u00f3n de la m\u00e1quina en los casos que correspondiere habilita a las autoridades institucionales al requerimiento de la misma, previa notificaci\u00f3n, la que deber\u00e1 ser entregada en un plazo de treinta (30) d\u00edas y en buen estado de conservaci\u00f3n. En caso de persistir la no restituci\u00f3n del bien,\u00a0 las autoridades quedan habilitadas para solicitar el reintegro inmediato de la m\u00e1quina y la comunicaci\u00f3n del incumplimiento contractual\u00a0 al Aplicativo ConIg dependiente de la ANSES.<\/li>\n<\/ol>\n<p><strong>Segundo<\/strong>, solicitar el anal\u00edtico a la Secretaria de T\u00edtulos, con la Secretaria Prof. Anal\u00eda Secotaro y Asistentes auxiliares Marcela Bufa, Prof. Juan Carlos Arduzo y Prof. Pablo Suarez.<\/p>\n<p style=\"text-align: center;\"><a href=\"https:\/\/docs.google.com\/forms\/d\/1LeFnrkLGFzb07t_GUlojSF8xH9SR0mDjZyymyt-Sr2U\/viewform\">Para hacerlo compeltar el siguiente formulario de solicitud<\/a><\/p>\n<p>Luego te finalizado el tr\u00e1mite y de que el certificado est\u00e9 disponible, el presonal de\u00a0la Secretaria de Certificaciones y T\u00edtulos\u00a0se comunicar\u00e1 con usted para informarle sobre la entrega de su t\u00edtulo, acto de colaci\u00f3n y dem\u00e1s eventos institucionales.<\/p>\n<p>Horario de Atenci\u00f3n de la Secretar\u00eda de T\u00edtulos: Lunes 16 a 18, Martes y Viernes de 9 a 11hs.; y Lunes a Viernes de 18:30 a 21hs.<\/p>\n<p><strong>Algunas sugerencias de la Secretar\u00eda de T\u00edtulos a tener en cuenta:<\/strong><\/p>\n<ul>\n<li>El T\u00edtulo no se puede enmarcar, doblar, conservar tal cual se lo entrega.<\/li>\n<li>Llevar el certificado a \u00a0la regional para hacerlo registrar. Los d\u00edas de atenci\u00f3n: D\u00edas que atienden, lunes, mi\u00e9rcoles, viernes de 8 a 12hs.<\/li>\n<li>Si lo llega a extraviar, realizar la denuncia en registro civil y traerla con una nota solicitando el duplicado.<\/li>\n<\/ul>\n","protected":false},"excerpt":{"rendered":"<p>Estimados\/as Egresados\/as En esta secci\u00f3n encontrar\u00e1 informaci\u00f3n muy importante con los pasos a seguir para la obtenci\u00f3n de su Certificado Anal\u00edtico definitivo. Los pasos del tr\u00e1mite son: Primero deber\u00e1 presentarse ante los referentes Institucionales del Programa \u201cConectar Igualdad\u201d, Secretaria Prof. Marina Fern\u00e1ndez y la Prof. Cecilia \u00a0Maranzana de 8 a 12:30 hs. de Lunes a &#8230; <a title=\"Solicitud de Certificado Anal\u00edtico Definitivo\" class=\"read-more\" href=\"https:\/\/ens9001-infd.mendoza.edu.ar\/sitio\/solicitud-de-certificado-analitico-definitivo\/\" aria-label=\"More on Solicitud de Certificado Anal\u00edtico Definitivo\">[+]<\/a><\/p>\n","protected":false},"author":6607,"featured_media":0,"parent":0,"menu_order":0,"comment_status":"closed","ping_status":"closed","template":"","meta":[],"acf":[],"_links":{"self":[{"href":"https:\/\/ens9001-infd.mendoza.edu.ar\/sitio\/wp-json\/wp\/v2\/pages\/5945"}],"collection":[{"href":"https:\/\/ens9001-infd.mendoza.edu.ar\/sitio\/wp-json\/wp\/v2\/pages"}],"about":[{"href":"https:\/\/ens9001-infd.mendoza.edu.ar\/sitio\/wp-json\/wp\/v2\/types\/page"}],"author":[{"embeddable":true,"href":"https:\/\/ens9001-infd.mendoza.edu.ar\/sitio\/wp-json\/wp\/v2\/users\/6607"}],"replies":[{"embeddable":true,"href":"https:\/\/ens9001-infd.mendoza.edu.ar\/sitio\/wp-json\/wp\/v2\/comments?post=5945"}],"version-history":[{"count":3,"href":"https:\/\/ens9001-infd.mendoza.edu.ar\/sitio\/wp-json\/wp\/v2\/pages\/5945\/revisions"}],"predecessor-version":[{"id":7121,"href":"https:\/\/ens9001-infd.mendoza.edu.ar\/sitio\/wp-json\/wp\/v2\/pages\/5945\/revisions\/7121"}],"wp:attachment":[{"href":"https:\/\/ens9001-infd.mendoza.edu.ar\/sitio\/wp-json\/wp\/v2\/media?parent=5945"}],"curies":[{"name":"wp","href":"https:\/\/api.w.org\/{rel}","templated":true}]}}