{"id":5900,"date":"2018-08-30T19:39:18","date_gmt":"2018-08-30T22:39:18","guid":{"rendered":"https:\/\/ens9001-mza.infd.edu.ar\/sitio\/integracion-de-necesidades-educativas-especiales-y-practicas-pedagogicas-inclusivas-su-tratamiento-legal-y-pedagogico-didactico%c2%94\/"},"modified":"2018-08-30T19:39:18","modified_gmt":"2018-08-30T22:39:18","slug":"integracion-de-necesidades-educativas-especiales-y-practicas-pedagogicas-inclusivas-su-tratamiento-legal-y-pedagogico-didactico%c2%94","status":"publish","type":"page","link":"https:\/\/ens9001-infd.mendoza.edu.ar\/sitio\/integracion-de-necesidades-educativas-especiales-y-practicas-pedagogicas-inclusivas-su-tratamiento-legal-y-pedagogico-didactico%c2%94\/","title":{"rendered":"Integraci\u00f3n de Necesidades Educativas Especiales y Pr\u00e1cticas Pedag\u00f3gicas Inclusivas. Su Tratamiento Legal y Pedag\u00f3gico Did\u00e1ctico\u0094"},"content":{"rendered":"<p><span style=\"font-size: 10pt; font-family: arial, helvetica, sans-serif;\">El &Aacute;rea de Desarrollo Profesional Docente y T&eacute;cnico del IESD y T 9-001 \u00abGral. Jos&eacute; de San Mart&iacute;n\u00bb comunica que se encuentra abierta la inscripci&oacute;n en el Curso de Capacitaci&oacute;n y Perfeccionamiento Docente &ldquo;<strong>Integraci&oacute;n de Necesidades Educativas Especiales y Pr&aacute;cticas Pedag&oacute;gicas Inclusivas. Su Tratamiento Legal y Pedag&oacute;gico Did&aacute;ctico<\/strong>&rdquo;, a cargo de las profesoras Mar&iacute;a Victoria MAR&Uacute;N y Carolina ACERBIS.<\/span><\/p>\n<p><span style=\"font-size: 10pt; font-family: arial, helvetica, sans-serif;\">&bull; <strong>Resoluci&oacute;n N&ordm;:<\/strong> 0313-SPECE-2013<\/span><\/p>\n<p><span style=\"font-size: 10pt; font-family: arial, helvetica, sans-serif;\">&bull; <strong>Modalidad:<\/strong> Presencial<\/span><\/p>\n<p><span style=\"font-size: 10pt; font-family: arial, helvetica, sans-serif;\">&bull; <strong>Destinatarios:<\/strong> Supervisores, Directivos, Servicios de Orientaci&oacute;n y Profesores.<\/span><\/p>\n<p><span style=\"font-size: 10pt; font-family: arial, helvetica, sans-serif;\">&bull; <strong>Carga horaria:<\/strong> 20 horas reloj<\/span><\/p>\n<p><span style=\"font-size: 10pt; font-family: arial, helvetica, sans-serif;\">&bull; <strong>Inicio:<\/strong> Viernes 18 de setiembre de 2015, de 19:00 a 21:00 horas<\/span><\/p>\n<p><span style=\"font-size: 10pt; font-family: arial, helvetica, sans-serif;\">&bull; <strong>Cronograma:<\/strong> Cuatro encuentros a realizarse los d&iacute;as 18\/09, 25\/09 y 02\/10 y 09\/10, de 19:00 a 21:00 horas.<\/span><\/p>\n<p><span style=\"font-size: 10pt; font-family: arial, helvetica, sans-serif;\">&bull; <strong>Lugar:<\/strong> I.E.S.D. y T. 9-001. Chubut y Balcarce. Ciudad. Departamento de Gral. San Mart&iacute;n. Mendoza.<\/span><\/p>\n<p><span style=\"font-size: 10pt; font-family: arial, helvetica, sans-serif;\">&bull; <strong>Cupo:<\/strong> 50 personas<br \/>&nbsp;<\/span><br \/><span style=\"font-size: 10pt; font-family: arial, helvetica, sans-serif;\">&bull; <strong>Inscripci&oacute;n<\/strong>: <a href=\"https:\/\/docs.google.com\/forms\/d\/1OG73zYUsQ3-PobA8Tpgf7SHFP9olyzDLiToxW6o_1_0\/viewform\">en l&iacute;nea (hacer clic aqu&iacute;)<\/a><br \/>&nbsp;<\/span><br \/><span style=\"font-size: 10pt; font-family: arial, helvetica, sans-serif;\">&bull; <strong>Consultas e informes:<\/strong> Profesora Silvana S. Valero. Correo: valerosilvana@yahoo.com.ar o telef&oacute;nicamente al 263-4420888<\/span><\/p><\/p>\n","protected":false},"excerpt":{"rendered":"<p>El &Aacute;rea de Desarrollo Profesional Docente y T&eacute;cnico del IESD y T 9-001 \u00abGral. Jos&eacute; de San Mart&iacute;n\u00bb comunica que se encuentra abierta la inscripci&oacute;n en el Curso de Capacitaci&oacute;n y Perfeccionamiento Docente &ldquo;Integraci&oacute;n de Necesidades Educativas Especiales y Pr&aacute;cticas Pedag&oacute;gicas Inclusivas. Su Tratamiento Legal y Pedag&oacute;gico Did&aacute;ctico&rdquo;, a cargo de las profesoras Mar&iacute;a Victoria &#8230; <a title=\"Integraci\u00f3n de Necesidades Educativas Especiales y Pr\u00e1cticas Pedag\u00f3gicas Inclusivas. Su Tratamiento Legal y Pedag\u00f3gico Did\u00e1ctico\u0094\" class=\"read-more\" href=\"https:\/\/ens9001-infd.mendoza.edu.ar\/sitio\/integracion-de-necesidades-educativas-especiales-y-practicas-pedagogicas-inclusivas-su-tratamiento-legal-y-pedagogico-didactico%c2%94\/\" aria-label=\"More on Integraci\u00f3n de Necesidades Educativas Especiales y Pr\u00e1cticas Pedag\u00f3gicas Inclusivas. Su Tratamiento Legal y Pedag\u00f3gico Did\u00e1ctico\u0094\">[+]<\/a><\/p>\n","protected":false},"author":6607,"featured_media":0,"parent":0,"menu_order":0,"comment_status":"closed","ping_status":"closed","template":"","meta":[],"acf":[],"_links":{"self":[{"href":"https:\/\/ens9001-infd.mendoza.edu.ar\/sitio\/wp-json\/wp\/v2\/pages\/5900"}],"collection":[{"href":"https:\/\/ens9001-infd.mendoza.edu.ar\/sitio\/wp-json\/wp\/v2\/pages"}],"about":[{"href":"https:\/\/ens9001-infd.mendoza.edu.ar\/sitio\/wp-json\/wp\/v2\/types\/page"}],"author":[{"embeddable":true,"href":"https:\/\/ens9001-infd.mendoza.edu.ar\/sitio\/wp-json\/wp\/v2\/users\/6607"}],"replies":[{"embeddable":true,"href":"https:\/\/ens9001-infd.mendoza.edu.ar\/sitio\/wp-json\/wp\/v2\/comments?post=5900"}],"version-history":[{"count":0,"href":"https:\/\/ens9001-infd.mendoza.edu.ar\/sitio\/wp-json\/wp\/v2\/pages\/5900\/revisions"}],"wp:attachment":[{"href":"https:\/\/ens9001-infd.mendoza.edu.ar\/sitio\/wp-json\/wp\/v2\/media?parent=5900"}],"curies":[{"name":"wp","href":"https:\/\/api.w.org\/{rel}","templated":true}]}}