{"id":5895,"date":"2018-08-30T19:39:15","date_gmt":"2018-08-30T22:39:15","guid":{"rendered":"https:\/\/ens9001-mza.infd.edu.ar\/sitio\/area-docentes-sedes\/"},"modified":"2026-05-14T18:25:32","modified_gmt":"2026-05-14T21:25:32","slug":"area-docentes","status":"publish","type":"page","link":"https:\/\/ens9001-infd.mendoza.edu.ar\/sitio\/area-docentes\/","title":{"rendered":"\u00c1rea Docentes"},"content":{"rendered":"<div class=\"wp-block-image\">\n<figure class=\"aligncenter size-medium\"><img decoding=\"async\" loading=\"lazy\" width=\"800\" height=\"1000\" src=\"https:\/\/ens9001-infd.mendoza.edu.ar\/sitio\/wp-content\/uploads\/2025\/12\/WhatsApp-Image-2025-12-22-at-12.57.41-800x1000.jpeg\" alt=\"\" class=\"wp-image-22533\" srcset=\"https:\/\/ens9001-infd.mendoza.edu.ar\/sitio\/wp-content\/uploads\/2025\/12\/WhatsApp-Image-2025-12-22-at-12.57.41-800x1000.jpeg 800w, https:\/\/ens9001-infd.mendoza.edu.ar\/sitio\/wp-content\/uploads\/2025\/12\/WhatsApp-Image-2025-12-22-at-12.57.41-768x960.jpeg 768w, https:\/\/ens9001-infd.mendoza.edu.ar\/sitio\/wp-content\/uploads\/2025\/12\/WhatsApp-Image-2025-12-22-at-12.57.41.jpeg 1080w\" sizes=\"(max-width: 800px) 100vw, 800px\" \/><\/figure><\/div>\n\n\n<p class=\"has-text-align-center\">&nbsp;<\/p>\n\n\n\n<hr class=\"wp-block-separator has-alpha-channel-opacity\"\/>\n\n\n\n<h2 class=\"wp-block-heading has-text-align-center has-text-color\" style=\"color:#084983\">SUPLENCIAS 2026<\/h2>\n\n\n\n<p>Se informa al personal docente del IES N\u00b0 9-001 que se encuentran habilitadas las inscripciones para cubrir suplencias de nivel superior correspondientes al ciclo lectivo 2026.<br>La inscripci\u00f3n se realiza de manera virtual, a trav\u00e9s del Sistema de Gesti\u00f3n Acad\u00e9mica, conforme a los procedimientos habituales. <a href=\"https:\/\/dti.mendoza.edu.ar\/superior\/docentes\/public\/\" target=\"_blank\" rel=\"noreferrer noopener\">Se puede ingresar desde este enlace<\/a>.<br>Se solicita a los docentes interesados completar la inscripci\u00f3n y verificar que la informaci\u00f3n cargada sea correcta y est\u00e9 actualizada. Este per\u00edodo de inscripci\u00f3n cierra el 06 de febrero de 2026.<br>Es importante destacar que se debe elegir espec\u00edficamente el IES, la carrera y el espacio curricular de inter\u00e9s para quedar correctamente postulado.<br>Ante cualquier consulta, podr\u00e1n comunicarse por los canales institucionales habituales.<\/p>\n\n\n\n<hr class=\"wp-block-separator has-alpha-channel-opacity\"\/>\n\n\n\n<h2 class=\"wp-block-heading\">MESAS DE EX\u00c1MENES<\/h2>\n\n\n\n<div class=\"wp-block-group is-layout-constrained\"><div class=\"wp-block-group__inner-container\">\n<h4 class=\"wp-block-heading\">TURNO DE MAYO 2026 <\/h4>\n\n\n\n<h4 class=\"wp-block-heading\">Cronograma de Mesas<\/h4>\n\n\n\n<p><\/p>\n<ul>\n<li><a href=\"https:\/\/ens9001-infd.mendoza.edu.ar\/sitio\/wp-content\/uploads\/2026\/05\/ESPECIAL-DOCENTES-1.pdf\" target=\"_blank\" rel=\"noopener\">ESPECIAL DOCENTES<\/a><\/li>\n<li><a href=\"https:\/\/ens9001-infd.mendoza.edu.ar\/sitio\/wp-content\/uploads\/2026\/05\/PRIMARIA-TM-DOCENTES-1.pdf\" target=\"_blank\" rel=\"noopener\">PRIMARIA TM DOCENTES<\/a><\/li>\n<li><a href=\"https:\/\/ens9001-infd.mendoza.edu.ar\/sitio\/wp-content\/uploads\/2026\/05\/INICIAL-DOCENTES.pdf\" target=\"_blank\" rel=\"noopener\">INICIAL DOCENTES<\/a><\/li>\n<li><a href=\"https:\/\/ens9001-infd.mendoza.edu.ar\/sitio\/wp-content\/uploads\/2026\/05\/PRIMARIA-TT-DOCENTES.pdf\" target=\"_blank\" rel=\"noopener\">PRIMARIA TT DOCENTES<\/a><\/li>\n<li><a href=\"https:\/\/ens9001-infd.mendoza.edu.ar\/sitio\/wp-content\/uploads\/2026\/05\/INGLES-DOCENTES.pdf\" target=\"_blank\" rel=\"noopener\">INGLE\u0301S DOCENTES<\/a><\/li>\n<li><a href=\"https:\/\/ens9001-infd.mendoza.edu.ar\/sitio\/wp-content\/uploads\/2026\/05\/GEOGRAFIA-DOCENTES-1.pdf\" target=\"_blank\" rel=\"noopener\">GEOGRAFI\u0301A DOCENTES<\/a><\/li>\n<li><a href=\"https:\/\/ens9001-infd.mendoza.edu.ar\/sitio\/wp-content\/uploads\/2026\/05\/BIOLOGIA-DOCENTES.pdf\" target=\"_blank\" rel=\"noopener\">BIOLOGI\u0301A DOCENTES<\/a><\/li>\n<li><a href=\"https:\/\/ens9001-infd.mendoza.edu.ar\/sitio\/wp-content\/uploads\/2026\/05\/HIGIENE-DOCENTES.pdf\" target=\"_blank\" rel=\"noopener\">HIGIENE DOCENTES<\/a><\/li>\n<li><a href=\"https:\/\/ens9001-infd.mendoza.edu.ar\/sitio\/wp-content\/uploads\/2026\/05\/DISENO-DOCENTES.pdf\" target=\"_blank\" rel=\"noopener\">DISEN\u0303O DOCENTES<\/a><\/li>\n<li><a href=\"https:\/\/ens9001-infd.mendoza.edu.ar\/sitio\/wp-content\/uploads\/2026\/05\/COMUNICACION-DOCENTES.pdf\" target=\"_blank\" rel=\"noopener\">COMUNICACIO\u0301N DOCENTES<\/a><\/li>\n<li><a href=\"https:\/\/ens9001-infd.mendoza.edu.ar\/sitio\/wp-content\/uploads\/2026\/05\/PRTEC-DOCENTES.pdf\" target=\"_blank\" rel=\"noopener\">PROTEC DOCENTES<\/a><\/li>\n<li><a href=\"https:\/\/ens9001-infd.mendoza.edu.ar\/sitio\/wp-content\/uploads\/2026\/05\/ADMINISTRACION-DOCENTES.pdf\" target=\"_blank\" rel=\"noopener\">ADMINISTRACIO\u0301N DOCENTES<\/a><\/li>\n<li><a href=\"https:\/\/ens9001-infd.mendoza.edu.ar\/sitio\/wp-content\/uploads\/2026\/05\/HISTORIA-DOCENTES.pdf\" target=\"_blank\" rel=\"noopener\">HISTORIA DOCENTES<\/a><\/li>\n<li><a href=\"https:\/\/ens9001-infd.mendoza.edu.ar\/sitio\/wp-content\/uploads\/2026\/05\/LENGUA-DOCENTES-1.pdf\" target=\"_blank\" rel=\"noopener\">LENGUA DOCENTES<\/a><\/li>\n<li><a href=\"https:\/\/ens9001-infd.mendoza.edu.ar\/sitio\/wp-content\/uploads\/2026\/05\/MESAS-MAYO-2026-ENOLOGIA-DOCENTES.pdf\" target=\"_blank\" rel=\"noopener\">ENOLOGI\u0301A DOCENTES<\/a><\/li>\n<li><a href=\"https:\/\/ens9001-infd.mendoza.edu.ar\/sitio\/wp-content\/uploads\/2026\/05\/MAYO-AGRONOMIA-2026-DOCENTES.pdf\" target=\"_blank\" rel=\"noopener\">AGRONOMI\u0301A DOCENTES<\/a><\/li>\n<\/ul>\n\n\n\n<p>ANTE CUALQUIER DUDA, INCONSISTENCIA O FALTANTE, COMUNICARSE CON COORDINACI\u00d3N DE CARRERA<\/p>\n<\/div><\/div>\n\n\n\n<hr class=\"wp-block-separator has-alpha-channel-opacity\"\/>\n\n\n\n<h2 class=\"wp-block-heading has-text-align-center has-text-color\" style=\"color:#35426b\">Concurso de Traslados y Permutas &#8211; 2025<\/h2>\n\n\n\n<p class=\"has-text-align-center\"><a href=\"https:\/\/ens9001-infd.mendoza.edu.ar\/sitio\/wp-content\/uploads\/2025\/09\/Anexo-I-resolucion-de-traslados-y-permutas-Ciclo-2025-1.pdf\">Anexo I resolucion de traslados y permutas &#8211; Ciclo 2025<\/a><\/p>\n\n\n\n<p class=\"has-text-align-center\"><a href=\"https:\/\/ens9001-infd.mendoza.edu.ar\/sitio\/wp-content\/uploads\/2025\/09\/Anexo-II-resolucion-de-traslados-y-permutas-Ciclo-2025-1.pdf\">Anexo II resolucion de traslados y permutas &#8211; Ciclo 2025<\/a><\/p>\n\n\n\n<p class=\"has-text-align-center\"><a href=\"https:\/\/ens9001-infd.mendoza.edu.ar\/sitio\/wp-content\/uploads\/2025\/09\/RS-2025-332-25-GDEMZA-CGES_DGE-Resol.-Convocatoria-a-Concurso-de-Traslado-Ordinario-de-horas-ca\u0301tedra-frente-a-estudiantes-y-cargos-base-del-escalafo\u0301n-docente-ciclo-lectivo-2025-1.pdf\">RS-2025-332-25-GDEMZA-CGES_DGE Resol. Convocatoria a Concurso de Traslado Ordinario de horas ca\u0301tedra frente a estudiantes y cargos base del escalafo\u0301n docente, ciclo lectivo 2025<\/a><\/p>\n\n\n<div class=\"wp-block-image\">\n<figure class=\"aligncenter size-full is-resized\"><img decoding=\"async\" loading=\"lazy\" src=\"https:\/\/ens9001-infd.mendoza.edu.ar\/sitio\/wp-content\/uploads\/2025\/09\/WhatsApp-Image-2025-09-20-at-10.20.59.jpeg\" alt=\"\" class=\"wp-image-22254\" width=\"551\" height=\"675\" srcset=\"https:\/\/ens9001-infd.mendoza.edu.ar\/sitio\/wp-content\/uploads\/2025\/09\/WhatsApp-Image-2025-09-20-at-10.20.59.jpeg 1080w, https:\/\/ens9001-infd.mendoza.edu.ar\/sitio\/wp-content\/uploads\/2025\/09\/WhatsApp-Image-2025-09-20-at-10.20.59-816x1000.jpeg 816w, https:\/\/ens9001-infd.mendoza.edu.ar\/sitio\/wp-content\/uploads\/2025\/09\/WhatsApp-Image-2025-09-20-at-10.20.59-768x942.jpeg 768w\" sizes=\"(max-width: 551px) 100vw, 551px\" \/><\/figure><\/div>\n\n\n<p class=\"has-text-align-center\">&nbsp;<\/p>\n\n\n\n<hr class=\"wp-block-separator has-alpha-channel-opacity\"\/>\n\n\n\n<figure class=\"wp-block-image\"><a href=\"https:\/\/ens9001-infd.mendoza.edu.ar\/sitio\/salidas-educativas-2\/\"><img decoding=\"async\" src=\"https:\/\/ens9001-infd.mendoza.edu.ar\/sitio\/wp-content\/uploads\/2024\/06\/Salidas-Educativas.png\" alt=\"\"\/><\/a><\/figure>\n\n\n\n<p class=\"has-text-align-center\"><\/p>\n\n\n\n<hr class=\"wp-block-separator has-alpha-channel-opacity\"\/>\n\n\n\n<div class=\"wp-block-columns is-layout-flex wp-container-3\">\n<div class=\"wp-block-column is-layout-flow\" style=\"flex-basis:100%\">\n<div dir=\"auto\" style=\"text-align: center;\">&nbsp;<\/div>\n<\/div>\n<\/div>\n\n\n\n<div dir=\"auto\" style=\"text-align: center;\">\u00c1rea de Certificaciones y T\u00edtulos:&nbsp;<a href=\"mailto:cert.cooperadora9001@gmail.com\" target=\"_blank\" rel=\"noopener\">cert.cooperadora9001@gmail.com<\/a><\/div>\n\n\n\n<div dir=\"auto\" style=\"text-align: center;\">Asoc. Cooperadora:&nbsp;<a href=\"mailto:9001cooperadora@gmail.com\" target=\"_blank\" rel=\"noopener\">9001cooperadora@<wbr>gmail.com <\/a>&#8211; Whatsapp: 2635021289<\/div>\n","protected":false},"excerpt":{"rendered":"<p>&nbsp; SUPLENCIAS 2026 Se informa al personal docente del IES N\u00b0 9-001 que se encuentran habilitadas las inscripciones para cubrir suplencias de nivel superior correspondientes al ciclo lectivo 2026.La inscripci\u00f3n se realiza de manera virtual, a trav\u00e9s del Sistema de Gesti\u00f3n Acad\u00e9mica, conforme a los procedimientos habituales. Se puede ingresar desde este enlace.Se solicita a &#8230; <a title=\"\u00c1rea Docentes\" class=\"read-more\" href=\"https:\/\/ens9001-infd.mendoza.edu.ar\/sitio\/area-docentes\/\" aria-label=\"More on \u00c1rea Docentes\">[+]<\/a><\/p>\n","protected":false},"author":6607,"featured_media":0,"parent":0,"menu_order":0,"comment_status":"closed","ping_status":"closed","template":"","meta":[],"acf":[],"_links":{"self":[{"href":"https:\/\/ens9001-infd.mendoza.edu.ar\/sitio\/wp-json\/wp\/v2\/pages\/5895"}],"collection":[{"href":"https:\/\/ens9001-infd.mendoza.edu.ar\/sitio\/wp-json\/wp\/v2\/pages"}],"about":[{"href":"https:\/\/ens9001-infd.mendoza.edu.ar\/sitio\/wp-json\/wp\/v2\/types\/page"}],"author":[{"embeddable":true,"href":"https:\/\/ens9001-infd.mendoza.edu.ar\/sitio\/wp-json\/wp\/v2\/users\/6607"}],"replies":[{"embeddable":true,"href":"https:\/\/ens9001-infd.mendoza.edu.ar\/sitio\/wp-json\/wp\/v2\/comments?post=5895"}],"version-history":[{"count":98,"href":"https:\/\/ens9001-infd.mendoza.edu.ar\/sitio\/wp-json\/wp\/v2\/pages\/5895\/revisions"}],"predecessor-version":[{"id":22944,"href":"https:\/\/ens9001-infd.mendoza.edu.ar\/sitio\/wp-json\/wp\/v2\/pages\/5895\/revisions\/22944"}],"wp:attachment":[{"href":"https:\/\/ens9001-infd.mendoza.edu.ar\/sitio\/wp-json\/wp\/v2\/media?parent=5895"}],"curies":[{"name":"wp","href":"https:\/\/api.w.org\/{rel}","templated":true}]}}