{"id":5889,"date":"2018-08-30T19:39:11","date_gmt":"2018-08-30T22:39:11","guid":{"rendered":"https:\/\/ens9001-mza.infd.edu.ar\/sitio\/actividades\/"},"modified":"2022-05-20T13:38:17","modified_gmt":"2022-05-20T16:38:17","slug":"actividades","status":"publish","type":"page","link":"https:\/\/ens9001-infd.mendoza.edu.ar\/sitio\/actividades\/","title":{"rendered":"\u00c1rea de Deportes &#8211; Electiva Actividad f\u00edsica, deporte y recreaci\u00f3n"},"content":{"rendered":"<h5 style=\"text-align: right;\"><span style=\"font-size: 14pt;\"><strong><span style=\"font-family: arial, helvetica, sans-serif;\">\u00c1rea Deportes, Tiempo Libre y Calidad de Vida<br \/>\n<\/span><\/strong><\/span><\/h5>\n<h5 style=\"text-align: right;\"><span style=\"font-family: arial, helvetica, sans-serif; font-size: 10pt;\">Electiva Actividad f\u00edsica, deporte y recreaci\u00f3n<\/span><\/h5>\n<div style=\"width: 640px;\" class=\"wp-video\"><!--[if lt IE 9]><script>document.createElement('video');<\/script><![endif]-->\n<video class=\"wp-video-shortcode\" id=\"video-5889-1\" width=\"640\" height=\"352\" preload=\"metadata\" controls=\"controls\"><source type=\"video\/mp4\" src=\"https:\/\/ens9001-infd.mendoza.edu.ar\/sitio\/wp-content\/uploads\/2021\/11\/WhatsApp-Video-2021-10-28-at-10.23.47-AM.mp4?_=1\" \/><a href=\"https:\/\/ens9001-infd.mendoza.edu.ar\/sitio\/wp-content\/uploads\/2021\/11\/WhatsApp-Video-2021-10-28-at-10.23.47-AM.mp4\">https:\/\/ens9001-infd.mendoza.edu.ar\/sitio\/wp-content\/uploads\/2021\/11\/WhatsApp-Video-2021-10-28-at-10.23.47-AM.mp4<\/a><\/video><\/div>\n<div class=\"_38vo\">\n<div><img decoding=\"async\" class=\"_s0 _4ooo _5xib _5sq7 _44ma _rw img aligncenter\" role=\"img\" src=\"https:\/\/scontent.fmdz2-1.fna.fbcdn.net\/v\/t1.6435-1\/p111x111\/39099565_1270670416409364_3229317310644748288_n.jpg?_nc_cat=108&amp;ccb=1-5&amp;_nc_sid=dbb9e7&amp;_nc_ohc=s2sbkw5IPfgAX_ejcSE&amp;_nc_ht=scontent.fmdz2-1.fna&amp;oh=06262c6147c1b3f10c6acad8037d303a&amp;oe=61B69347\" alt=\"\" aria-label=\"Area de Deportes IES 9-001&quot;Gral. Jose de San Martin&quot;\" \/><\/div>\n<\/div>\n<div class=\"clearfix _42ef\">\n<div class=\"rfloat _ohf\" style=\"text-align: center;\">\n<h4>&#8212;&#8212;&#8211;<\/h4>\n<h4 style=\"text-align: center;\">Horarios 2022<\/h4>\n<h5 style=\"text-align: center;\"><img decoding=\"async\" loading=\"lazy\" class=\"aligncenter size-medium wp-image-15869\" src=\"https:\/\/ens9001-infd.mendoza.edu.ar\/sitio\/wp-content\/uploads\/2022\/05\/horarios-deporte-2022-LEO-2-828x1000.jpg\" alt=\"\" width=\"828\" height=\"1000\" srcset=\"https:\/\/ens9001-infd.mendoza.edu.ar\/sitio\/wp-content\/uploads\/2022\/05\/horarios-deporte-2022-LEO-2-828x1000.jpg 828w, https:\/\/ens9001-infd.mendoza.edu.ar\/sitio\/wp-content\/uploads\/2022\/05\/horarios-deporte-2022-LEO-2-1572x1900.jpg 1572w, https:\/\/ens9001-infd.mendoza.edu.ar\/sitio\/wp-content\/uploads\/2022\/05\/horarios-deporte-2022-LEO-2-768x928.jpg 768w, https:\/\/ens9001-infd.mendoza.edu.ar\/sitio\/wp-content\/uploads\/2022\/05\/horarios-deporte-2022-LEO-2-1271x1536.jpg 1271w, https:\/\/ens9001-infd.mendoza.edu.ar\/sitio\/wp-content\/uploads\/2022\/05\/horarios-deporte-2022-LEO-2-1695x2048.jpg 1695w\" sizes=\"(max-width: 828px) 100vw, 828px\" \/><\/h5>\n<\/div>\n<div class=\"u_c3pyo2ta4\">\n<div>\n<div class=\"_6a _5u5j\">\n<div class=\"_6a _6b\" style=\"text-align: center;\"><\/div>\n<div class=\"_6a _5u5j _6b\"><\/div>\n<\/div>\n<\/div>\n<\/div>\n<\/div>\n<h5 style=\"text-align: center;\"><\/h5>\n<p style=\"text-align: center;\"><a href=\"https:\/\/ens9001-infd.mendoza.edu.ar\/sitio\/area-estudiantes-sede-san-martin-profesorados-materias-electivas-generales-2022\/\"><img decoding=\"async\" src=\"https:\/\/lh3.googleusercontent.com\/-GyVkIwzW7N4\/VXL1GJY1A4I\/AAAAAAAAIZw\/Xq5Tab461F0\/s512\/area%252520deportes%252520-%252520inscripciones.jpg\" width=\"540\" border=\"0\" \/><\/a><\/p>\n","protected":false},"excerpt":{"rendered":"<p>\u00c1rea Deportes, Tiempo Libre y Calidad de Vida Electiva Actividad f\u00edsica, deporte y recreaci\u00f3n &#8212;&#8212;&#8211; Horarios 2022<\/p>\n","protected":false},"author":6607,"featured_media":0,"parent":0,"menu_order":0,"comment_status":"closed","ping_status":"closed","template":"","meta":[],"acf":[],"_links":{"self":[{"href":"https:\/\/ens9001-infd.mendoza.edu.ar\/sitio\/wp-json\/wp\/v2\/pages\/5889"}],"collection":[{"href":"https:\/\/ens9001-infd.mendoza.edu.ar\/sitio\/wp-json\/wp\/v2\/pages"}],"about":[{"href":"https:\/\/ens9001-infd.mendoza.edu.ar\/sitio\/wp-json\/wp\/v2\/types\/page"}],"author":[{"embeddable":true,"href":"https:\/\/ens9001-infd.mendoza.edu.ar\/sitio\/wp-json\/wp\/v2\/users\/6607"}],"replies":[{"embeddable":true,"href":"https:\/\/ens9001-infd.mendoza.edu.ar\/sitio\/wp-json\/wp\/v2\/comments?post=5889"}],"version-history":[{"count":48,"href":"https:\/\/ens9001-infd.mendoza.edu.ar\/sitio\/wp-json\/wp\/v2\/pages\/5889\/revisions"}],"predecessor-version":[{"id":15870,"href":"https:\/\/ens9001-infd.mendoza.edu.ar\/sitio\/wp-json\/wp\/v2\/pages\/5889\/revisions\/15870"}],"wp:attachment":[{"href":"https:\/\/ens9001-infd.mendoza.edu.ar\/sitio\/wp-json\/wp\/v2\/media?parent=5889"}],"curies":[{"name":"wp","href":"https:\/\/api.w.org\/{rel}","templated":true}]}}