{"id":5862,"date":"2018-08-30T19:38:57","date_gmt":"2018-08-30T22:38:57","guid":{"rendered":"https:\/\/ens9001-mza.infd.edu.ar\/sitio\/imagen-institucional\/"},"modified":"2025-09-08T11:25:22","modified_gmt":"2025-09-08T14:25:22","slug":"imagen-institucional","status":"publish","type":"page","link":"https:\/\/ens9001-infd.mendoza.edu.ar\/sitio\/imagen-institucional\/","title":{"rendered":"Imagen institucional"},"content":{"rendered":"<p>La imagen de una instituci\u00f3n es el conjunto de creencias y asociaciones que aprecia la comunidad, es una representaci\u00f3n mental y un hecho emocional conformado por una sumatoria de valores percibidos. Por este motivo, y reconociendo el valor de la construcci\u00f3n colectiva y de la participaci\u00f3n de quienes conforman la comunidad del IESDyT 9-001 \u00abGral. Jos\u00e9 de San Mart\u00edn\u00bb, el equipo de gesti\u00f3n inici\u00f3 un camino de elaboraci\u00f3n y definici\u00f3n de la imagen institucional a trav\u00e9s de lo que se denomin\u00f3 la convocatoria abierta a la \u201cElecci\u00f3n del Logotipo Institucional\u201d.<\/p>\n<p>Es fundamental proyectar una imagen que represente la instituci\u00f3n y permita llegar a todos\/as, quienes de distintas maneras dialogan con ella: estudiantes, docentes,&nbsp;egresados, personal de apoyo acad\u00e9mico, jubilados, autoridades, organismos p\u00fablicos y privados, etc.,&nbsp;para que todo lo actuado por la instituci\u00f3n se articule tambi\u00e9n en su imagen y que todo acto&nbsp;de comunicaci\u00f3n sea coherente con ella.<\/p>\n<p>Para cumplir con este cometido, el equipo de gesti\u00f3n, en continuidad con su proyecto de gesti\u00f3n, encomend\u00f3 realizar la convocatoria y su correspondiente implementaci\u00f3n t\u00e9cnica al CeCIED &#8211;<em>Centro de Comunicaci\u00f3n Institucional y Educaci\u00f3n a Distancia<\/em>-. Dicha implementaci\u00f3n se desarroll\u00f3 en dos fases, una primera fase que en la que la que se recibieron las propuestas de todos\/as aquellos\/as participantes que quisieron participar que tienen o han tenido alguna relaci\u00f3n acad\u00e9mica y\/o laboral con la Instituci\u00f3n. Luego una segunda fase, en la que la comisi\u00f3n ad hoc denominada&nbsp;<em>Comisi\u00f3n de Selecci\u00f3n<\/em>, se reuni\u00f3 para realizar mediante voto directo la elecci\u00f3n del logotipo institucional de entre las propuestas realizadas, elecci\u00f3n posteriormente avalada por el Consejo Directivo de la Instituci\u00f3n.<\/p>\n<p dir=\"ltr\" style=\"text-align: justify;\">As\u00ed es que a los 15 d\u00edas del mes de Agosto del a\u00f1o 2014, <strong>en ocasi\u00f3n de la conmemoraci\u00f3n del 164\u00ba Aniversario del fallecimiento del General San Mart\u00edn<\/strong>, la Comisi\u00f3n de Selecci\u00f3n vot\u00f3 por unanimidad el logotipo que se presenta a continuaci\u00f3n.<\/p>\n<p style=\"text-align: center;\"><iframe loading=\"lazy\" src=\"\/\/www.youtube.com\/embed\/qz8HjqdEW9E?rel=0&amp;wmode=transparent\" width=\"503\" height=\"283\" frameborder=\"0\"><\/iframe><\/p>\n<p>El equipo de gesti\u00f3n y la comisi\u00f3n de selecci\u00f3n&nbsp;valoran positivamente&nbsp;el inter\u00e9s de cada participante en presentar su propuesta y&nbsp;les agradece&nbsp;por ser parte de este hito tan importante que inaugur\u00f3 un camino conjunto participativo y democr\u00e1tico de elaboraci\u00f3n y definici\u00f3n de la imagen institucional del instituto.<\/p>\n<h6><b>Redise\u00f1o en el marco del 50\u00ba Aniversario<\/b><\/h6>\n<p style=\"text-align: center;\"><img decoding=\"async\" loading=\"lazy\" class=\"alignnone size-full wp-image-14761\" src=\"https:\/\/ens9001-infd.mendoza.edu.ar\/sitio\/wp-content\/uploads\/2021\/10\/Logo-Instituto-y-50-an\u0303os.png\" alt=\"\" width=\"350\" height=\"160\"><\/p>\n","protected":false},"excerpt":{"rendered":"<p>La imagen de una instituci\u00f3n es el conjunto de creencias y asociaciones que aprecia la comunidad, es una representaci\u00f3n mental y un hecho emocional conformado por una sumatoria de valores percibidos. Por este motivo, y reconociendo el valor de la construcci\u00f3n colectiva y de la participaci\u00f3n de quienes conforman la comunidad del IESDyT 9-001 \u00abGral. &#8230; <a title=\"Imagen institucional\" class=\"read-more\" href=\"https:\/\/ens9001-infd.mendoza.edu.ar\/sitio\/imagen-institucional\/\" aria-label=\"More on Imagen institucional\">[+]<\/a><\/p>\n","protected":false},"author":6607,"featured_media":0,"parent":0,"menu_order":0,"comment_status":"closed","ping_status":"closed","template":"","meta":[],"acf":[],"_links":{"self":[{"href":"https:\/\/ens9001-infd.mendoza.edu.ar\/sitio\/wp-json\/wp\/v2\/pages\/5862"}],"collection":[{"href":"https:\/\/ens9001-infd.mendoza.edu.ar\/sitio\/wp-json\/wp\/v2\/pages"}],"about":[{"href":"https:\/\/ens9001-infd.mendoza.edu.ar\/sitio\/wp-json\/wp\/v2\/types\/page"}],"author":[{"embeddable":true,"href":"https:\/\/ens9001-infd.mendoza.edu.ar\/sitio\/wp-json\/wp\/v2\/users\/6607"}],"replies":[{"embeddable":true,"href":"https:\/\/ens9001-infd.mendoza.edu.ar\/sitio\/wp-json\/wp\/v2\/comments?post=5862"}],"version-history":[{"count":3,"href":"https:\/\/ens9001-infd.mendoza.edu.ar\/sitio\/wp-json\/wp\/v2\/pages\/5862\/revisions"}],"predecessor-version":[{"id":22043,"href":"https:\/\/ens9001-infd.mendoza.edu.ar\/sitio\/wp-json\/wp\/v2\/pages\/5862\/revisions\/22043"}],"wp:attachment":[{"href":"https:\/\/ens9001-infd.mendoza.edu.ar\/sitio\/wp-json\/wp\/v2\/media?parent=5862"}],"curies":[{"name":"wp","href":"https:\/\/api.w.org\/{rel}","templated":true}]}}