{"id":5830,"date":"2018-08-30T19:38:42","date_gmt":"2018-08-30T22:38:42","guid":{"rendered":"https:\/\/ens9001-mza.infd.edu.ar\/sitio\/economia-social-y-desarrollo-local\/"},"modified":"2018-10-04T14:15:54","modified_gmt":"2018-10-04T17:15:54","slug":"economia-social-y-desarrollo-local","status":"publish","type":"page","link":"https:\/\/ens9001-infd.mendoza.edu.ar\/sitio\/economia-social-y-desarrollo-local\/","title":{"rendered":"Econom\u00eda social y Desarrollo local"},"content":{"rendered":"<ul>\n<li><strong>T\u00edtulo a otorgar<\/strong>:\u00a0T\u00e9cnico Superior en\u00a0Econom\u00eda social y Desarrollo local<\/li>\n<li><strong>Aprobado por<\/strong> Res.\u00a0N\u00b0 458-DGE\/06<\/li>\n<li><strong>Duraci\u00f3n de la Carrera<\/strong>: 3 a\u00f1os<\/li>\n<li><strong>Carga horaria total de formaci\u00f3n del estudiante<\/strong>: 1610 reloj (2415 hs\u00a0c\u00e1tedra)<\/li>\n<\/ul>\n<p>&nbsp;<\/p>\n<p><span class=\"bumpedFont15\"><strong>\u00c1rea socio-ocupacional:\u00a0<\/strong><\/span><\/p>\n<p>El t\u00e9cnico superior en econom\u00eda social y desarrollo local estar\u00e1 capacitado para asesorar, brindar orientaci\u00f3n y capacitar a comunidades respecto de sus propios recursos, producir conocimientos y gestionar espacios de convocatoria para promover organizaciones y asociaciones comunitarias.<\/p>\n<p>&nbsp;<\/p>\n<p><strong>Plan de Estudios<\/strong><\/p>\n<p>1\u00ba a\u00f1o<\/p>\n<p>Problem\u00e1tica Sociocultural y Antropol\u00f3gica<br \/>\nTerritorio y Desarrollo Local<br \/>\nLenguajes e Imaginarios Sociales<br \/>\nInform\u00e1tica Aplicada<br \/>\nEconom\u00eda General<br \/>\nProblematizaci\u00f3n del Mundo del Trabajo<br \/>\nEstad\u00edstica Aplicada al Desarrollo Local<br \/>\nEconom\u00eda Social I Procesos Productivos<br \/>\nPr\u00e1ctica Profesional I<\/p>\n<p>2\u00ba a\u00f1o<\/p>\n<p>Econom\u00eda Social II<br \/>\nMetodolog\u00eda de la Investigaci\u00f3n Social<br \/>\nTaller de Comunicaci\u00f3n y Participaci\u00f3n Social<br \/>\nTaller de Programas y Proyectos<br \/>\nPr\u00e1ctica Profesional II<br \/>\nMedio Ambiente, Territorio y Desarrollo Sustentable<br \/>\nProcesos Latinoamericanos del Desarrollo<\/p>\n<p>3\u00ba a\u00f1o<\/p>\n<p>Estado y Sociedad<br \/>\nGesti\u00f3n, Administraci\u00f3n y Planeamiento Estrat\u00e9gico<br \/>\nGrupos Organizaciones y Redes<br \/>\nPortugu\u00e9s<br \/>\nPr\u00e1ctica Profesional III<br \/>\nLegislaci\u00f3n y \u00c9tica Profesional<br \/>\nIntercambios y Comercializaci\u00f3n<br \/>\nComunidades de Aprendizaje<\/p>\n","protected":false},"excerpt":{"rendered":"<p>T\u00edtulo a otorgar:\u00a0T\u00e9cnico Superior en\u00a0Econom\u00eda social y Desarrollo local Aprobado por Res.\u00a0N\u00b0 458-DGE\/06 Duraci\u00f3n de la Carrera: 3 a\u00f1os Carga horaria total de formaci\u00f3n del estudiante: 1610 reloj (2415 hs\u00a0c\u00e1tedra) &nbsp; \u00c1rea socio-ocupacional:\u00a0 El t\u00e9cnico superior en econom\u00eda social y desarrollo local estar\u00e1 capacitado para asesorar, brindar orientaci\u00f3n y capacitar a comunidades respecto de sus &#8230; <a title=\"Econom\u00eda social y Desarrollo local\" class=\"read-more\" href=\"https:\/\/ens9001-infd.mendoza.edu.ar\/sitio\/economia-social-y-desarrollo-local\/\" aria-label=\"More on Econom\u00eda social y Desarrollo local\">[+]<\/a><\/p>\n","protected":false},"author":6607,"featured_media":0,"parent":0,"menu_order":0,"comment_status":"closed","ping_status":"closed","template":"","meta":[],"acf":[],"_links":{"self":[{"href":"https:\/\/ens9001-infd.mendoza.edu.ar\/sitio\/wp-json\/wp\/v2\/pages\/5830"}],"collection":[{"href":"https:\/\/ens9001-infd.mendoza.edu.ar\/sitio\/wp-json\/wp\/v2\/pages"}],"about":[{"href":"https:\/\/ens9001-infd.mendoza.edu.ar\/sitio\/wp-json\/wp\/v2\/types\/page"}],"author":[{"embeddable":true,"href":"https:\/\/ens9001-infd.mendoza.edu.ar\/sitio\/wp-json\/wp\/v2\/users\/6607"}],"replies":[{"embeddable":true,"href":"https:\/\/ens9001-infd.mendoza.edu.ar\/sitio\/wp-json\/wp\/v2\/comments?post=5830"}],"version-history":[{"count":3,"href":"https:\/\/ens9001-infd.mendoza.edu.ar\/sitio\/wp-json\/wp\/v2\/pages\/5830\/revisions"}],"predecessor-version":[{"id":6591,"href":"https:\/\/ens9001-infd.mendoza.edu.ar\/sitio\/wp-json\/wp\/v2\/pages\/5830\/revisions\/6591"}],"wp:attachment":[{"href":"https:\/\/ens9001-infd.mendoza.edu.ar\/sitio\/wp-json\/wp\/v2\/media?parent=5830"}],"curies":[{"name":"wp","href":"https:\/\/api.w.org\/{rel}","templated":true}]}}