{"id":5828,"date":"2018-08-30T19:38:42","date_gmt":"2018-08-30T22:38:42","guid":{"rendered":"https:\/\/ens9001-mza.infd.edu.ar\/sitio\/gestion-socio-cultural\/"},"modified":"2018-10-04T14:19:29","modified_gmt":"2018-10-04T17:19:29","slug":"gestion-socio-cultural","status":"publish","type":"page","link":"https:\/\/ens9001-infd.mendoza.edu.ar\/sitio\/gestion-socio-cultural\/","title":{"rendered":"Gesti\u00f3n Socio Cultural"},"content":{"rendered":"<ul>\n<li><strong>T\u00edtulo a otorgar<\/strong>:\u00a0T\u00e9cnico Superior en\u00a0Gesti\u00f3n Sociocultural<\/li>\n<li><strong>Aprobado por<\/strong> Res.\u00a0N\u00b0 721-DGE\/07<\/li>\n<li><strong>Duraci\u00f3n de la Carrera<\/strong>: 3 a\u00f1os<\/li>\n<li><strong>Carga horaria total de formaci\u00f3n del estudiante<\/strong>: 1800 reloj (2700 hs\u00a0c\u00e1tedra)<\/li>\n<\/ul>\n<p>&nbsp;<\/p>\n<p><span class=\"bumpedFont15\"><strong>\u00c1rea socio-ocupacional<\/strong><\/span><\/p>\n<p>El T\u00e9cnico Superior en Gesti\u00f3n Sociocultural estar\u00e1 capacitado para la participaci\u00f3n en el desarrollo de dispositivos y acciones socioculturales, as\u00ed como para el asesoramiento de emprendimientos de producci\u00f3n de bienes y servicios socioculturales, y dispositivos de comunicaci\u00f3n, de capacitaci\u00f3n y mediaci\u00f3n en organizaciones comunitarias, con orientaci\u00f3n al desarrollo local.<\/p>\n<p>&nbsp;<\/p>\n<p><strong>Plan de Estudios<\/strong><\/p>\n<p>1\u00ba a\u00f1o<\/p>\n<p>Problem\u00e1ticas socio-culturales y del trabajo<br \/>\nHistoria social moderna y contempor\u00e1nea<br \/>\nPol\u00edticas culturales, territorio y desarrollo<br \/>\nInvestigaci\u00f3n social<br \/>\nGesti\u00f3n socio cultural I<br \/>\nPr\u00e1ctica profesional I<br \/>\nAntropolog\u00eda y sociolog\u00eda de la cultura<br \/>\nTIC en la gesti\u00f3n sociocultural<\/p>\n<p>2\u00ba a\u00f1o<\/p>\n<p>Comunicaci\u00f3n, medios y nuevas tecnolog\u00edas<br \/>\nEconom\u00eda del sector socio cultural<br \/>\nHistoria socio- cultural latinoamericana y argentina<br \/>\nGesti\u00f3n socio cultural II<br \/>\nLenguajes art\u00edsticos<br \/>\nPr\u00e1ctica profesional II<br \/>\nCiudadan\u00eda y espacio p\u00fablico<br \/>\nArte latinoamericano<br \/>\nGesti\u00f3n y producci\u00f3n de espect\u00e1culos<\/p>\n<p>3\u00ba a\u00f1o<\/p>\n<p>Gesti\u00f3n econ\u00f3mica de proyectos socio culturales y marketing<br \/>\nHistoria y cultura regional<br \/>\nEst\u00e9tica contempor\u00e1nea<br \/>\nPatrimonio cultural<br \/>\nAnimaci\u00f3n socio cultural<br \/>\nIngl\u00e9s<br \/>\nPr\u00e1ctica profesional III<br \/>\nExpresiones regionales: la vendimia<br \/>\nSeminario de gesti\u00f3n intercultural<\/p>\n","protected":false},"excerpt":{"rendered":"<p>T\u00edtulo a otorgar:\u00a0T\u00e9cnico Superior en\u00a0Gesti\u00f3n Sociocultural Aprobado por Res.\u00a0N\u00b0 721-DGE\/07 Duraci\u00f3n de la Carrera: 3 a\u00f1os Carga horaria total de formaci\u00f3n del estudiante: 1800 reloj (2700 hs\u00a0c\u00e1tedra) &nbsp; \u00c1rea socio-ocupacional El T\u00e9cnico Superior en Gesti\u00f3n Sociocultural estar\u00e1 capacitado para la participaci\u00f3n en el desarrollo de dispositivos y acciones socioculturales, as\u00ed como para el asesoramiento de &#8230; <a title=\"Gesti\u00f3n Socio Cultural\" class=\"read-more\" href=\"https:\/\/ens9001-infd.mendoza.edu.ar\/sitio\/gestion-socio-cultural\/\" aria-label=\"More on Gesti\u00f3n Socio Cultural\">[+]<\/a><\/p>\n","protected":false},"author":6607,"featured_media":0,"parent":0,"menu_order":0,"comment_status":"closed","ping_status":"closed","template":"","meta":[],"acf":[],"_links":{"self":[{"href":"https:\/\/ens9001-infd.mendoza.edu.ar\/sitio\/wp-json\/wp\/v2\/pages\/5828"}],"collection":[{"href":"https:\/\/ens9001-infd.mendoza.edu.ar\/sitio\/wp-json\/wp\/v2\/pages"}],"about":[{"href":"https:\/\/ens9001-infd.mendoza.edu.ar\/sitio\/wp-json\/wp\/v2\/types\/page"}],"author":[{"embeddable":true,"href":"https:\/\/ens9001-infd.mendoza.edu.ar\/sitio\/wp-json\/wp\/v2\/users\/6607"}],"replies":[{"embeddable":true,"href":"https:\/\/ens9001-infd.mendoza.edu.ar\/sitio\/wp-json\/wp\/v2\/comments?post=5828"}],"version-history":[{"count":2,"href":"https:\/\/ens9001-infd.mendoza.edu.ar\/sitio\/wp-json\/wp\/v2\/pages\/5828\/revisions"}],"predecessor-version":[{"id":6593,"href":"https:\/\/ens9001-infd.mendoza.edu.ar\/sitio\/wp-json\/wp\/v2\/pages\/5828\/revisions\/6593"}],"wp:attachment":[{"href":"https:\/\/ens9001-infd.mendoza.edu.ar\/sitio\/wp-json\/wp\/v2\/media?parent=5828"}],"curies":[{"name":"wp","href":"https:\/\/api.w.org\/{rel}","templated":true}]}}