{"id":5809,"date":"2018-08-30T19:38:34","date_gmt":"2018-08-30T22:38:34","guid":{"rendered":"https:\/\/ens9001-mza.infd.edu.ar\/sitio\/integracion-de-necesidades-educativas-especiales-y-practicas-pedagogicas-inclusivas\/"},"modified":"2018-08-30T19:38:34","modified_gmt":"2018-08-30T22:38:34","slug":"integracion-de-necesidades-educativas-especiales-y-practicas-pedagogicas-inclusivas","status":"publish","type":"page","link":"https:\/\/ens9001-infd.mendoza.edu.ar\/sitio\/integracion-de-necesidades-educativas-especiales-y-practicas-pedagogicas-inclusivas\/","title":{"rendered":"Integraci\u00f3n de Necesidades Educativas Especiales y Pr\u00e1cticas Pedag\u00f3gicas Inclusivas"},"content":{"rendered":"<p><span style=\"font-family: tahoma, arial, helvetica, sans-serif; font-size: 10pt;\"><strong><img decoding=\"async\" style=\"float: left; border: 0; margin: 10px;\" src=\"https:\/\/lh4.googleusercontent.com\/-60oRqUUdosE\/UEdaQf4_FmI\/AAAAAAAAEUQ\/dbi0PgB9K1w\/s240\/Plumas%2520de%2520color.jpg\" border=\"0\" width=\"100\">Curso:<\/strong> <em>\u00abIntegraci&oacute;n de Necesidades Educativas Especiales y Pr&aacute;cticas Pedag&oacute;gicas Inclusivas. Su Tratamiento Legal y Pedag&oacute;gico Did&aacute;ctico\u00bb<\/em>.<\/span><\/p>\n<p><span style=\"font-family: tahoma, arial, helvetica, sans-serif; font-size: 10pt;\"><strong>Capacitadoras:<\/strong>&nbsp;Prof. Mar&iacute;a Victoria MAR&Uacute;N<\/span><span style=\"font-family: tahoma, arial, helvetica, sans-serif; font-size: 10pt;\">&nbsp;y Prof. Carolina &nbsp;ACERBIS<\/span><\/p>\n<p><span style=\"font-family: tahoma, arial, helvetica, sans-serif; font-size: 10pt;\"><strong>Inicio:<\/strong>&nbsp;&nbsp;05 de setiembre de 2014, de 18:30 a 20:30 horas<\/span><\/p>\n<p><span style=\"font-family: tahoma, arial, helvetica, sans-serif; font-size: 10pt;\"><strong>Cronograma:<\/strong>&nbsp; <br \/>05 de setiembre<\/span><br \/><span style=\"font-family: tahoma, arial, helvetica, sans-serif; font-size: 10pt;\">12 de setiembre<\/span><br \/><span style=\"font-family: tahoma, arial, helvetica, sans-serif; font-size: 10pt;\">19 de setiembre<\/span><br \/><span style=\"font-family: tahoma, arial, helvetica, sans-serif; font-size: 10pt;\">26 de setiembre<\/span><\/p>\n<p><span style=\"font-family: tahoma, arial, helvetica, sans-serif; font-size: 10pt;\"><strong>Modalidad: <\/strong>Presencial<\/span><\/p>\n<p><span style=\"font-family: tahoma, arial, helvetica, sans-serif; font-size: 10pt;\"><strong>Lugar de la Capacitaci&oacute;n:<\/strong> I.E.S.D. y T. 9-001, Chubut y Balcarce del Dpto. de Gral. San Mart&iacute;n-Mendoza. Aula 19.<\/span><\/p>\n<p><span style=\"font-family: tahoma, arial, helvetica, sans-serif; font-size: 10pt;\"><strong>Carga horaria:<\/strong>&nbsp; 20 horas reloj.<\/span><\/p>\n<p><span style=\"font-family: tahoma, arial, helvetica, sans-serif; font-size: 10pt;\"><strong>Destinatarios:<\/strong>&nbsp;Docentes de Nivel Inicial, Primario y Nivel Secundario. Docentes de Educaci&oacute;n Especial Directivos y Supervisores.<\/span><\/p>\n<p><span style=\"font-family: tahoma, arial, helvetica, sans-serif; font-size: 10pt;\"><strong>Resoluci&oacute;n N&ordm;:<\/strong> 0313-SPCE-2013<\/span><\/p>\n<p><span style=\"font-family: tahoma, arial, helvetica, sans-serif; font-size: 10pt;\"><strong>Cupo m&aacute;ximo:<\/strong>&nbsp;&nbsp;35 asistentes<\/span><br \/><span style=\"font-family: tahoma, arial, helvetica, sans-serif; font-size: 10pt;\">&nbsp;<\/span><br \/><span style=\"font-family: tahoma, arial, helvetica, sans-serif; font-size: 10pt;\"><strong>Consultas e Informes:<\/strong>&nbsp;<span style=\"font-family: tahoma, arial, helvetica, sans-serif; font-size: 10pt;\">Prof. Silvana S.Valero , correo-e:&nbsp;<\/span>valerosilvana@yahoo.com.ar- Tel. 263-420888 (de ma&ntilde;ana)<\/span><\/p>\n<p><span style=\"font-family: tahoma, arial, helvetica, sans-serif; font-size: 10pt;\"><strong>Inscripci&oacute;n:<\/strong>&nbsp;<a href=\"https:\/\/docs.google.com\/forms\/d\/1Oi0zzy4Tj-DgoNXKY7tFMrImKmnzGV6uiRSJK-8PVXY\/viewform?edit_requested=true\">en l&iacute;nea (hacer clic aqu&iacute;)<\/a><\/span><\/p>\n<p><\/p><\/p>\n","protected":false},"excerpt":{"rendered":"<p>Curso: \u00abIntegraci&oacute;n de Necesidades Educativas Especiales y Pr&aacute;cticas Pedag&oacute;gicas Inclusivas. Su Tratamiento Legal y Pedag&oacute;gico Did&aacute;ctico\u00bb. Capacitadoras:&nbsp;Prof. Mar&iacute;a Victoria MAR&Uacute;N&nbsp;y Prof. Carolina &nbsp;ACERBIS Inicio:&nbsp;&nbsp;05 de setiembre de 2014, de 18:30 a 20:30 horas Cronograma:&nbsp; 05 de setiembre12 de setiembre19 de setiembre26 de setiembre Modalidad: Presencial Lugar de la Capacitaci&oacute;n: I.E.S.D. y T. 9-001, Chubut y &#8230; <a title=\"Integraci\u00f3n de Necesidades Educativas Especiales y Pr\u00e1cticas Pedag\u00f3gicas Inclusivas\" class=\"read-more\" href=\"https:\/\/ens9001-infd.mendoza.edu.ar\/sitio\/integracion-de-necesidades-educativas-especiales-y-practicas-pedagogicas-inclusivas\/\" aria-label=\"More on Integraci\u00f3n de Necesidades Educativas Especiales y Pr\u00e1cticas Pedag\u00f3gicas Inclusivas\">[+]<\/a><\/p>\n","protected":false},"author":6607,"featured_media":0,"parent":0,"menu_order":0,"comment_status":"closed","ping_status":"closed","template":"","meta":[],"acf":[],"_links":{"self":[{"href":"https:\/\/ens9001-infd.mendoza.edu.ar\/sitio\/wp-json\/wp\/v2\/pages\/5809"}],"collection":[{"href":"https:\/\/ens9001-infd.mendoza.edu.ar\/sitio\/wp-json\/wp\/v2\/pages"}],"about":[{"href":"https:\/\/ens9001-infd.mendoza.edu.ar\/sitio\/wp-json\/wp\/v2\/types\/page"}],"author":[{"embeddable":true,"href":"https:\/\/ens9001-infd.mendoza.edu.ar\/sitio\/wp-json\/wp\/v2\/users\/6607"}],"replies":[{"embeddable":true,"href":"https:\/\/ens9001-infd.mendoza.edu.ar\/sitio\/wp-json\/wp\/v2\/comments?post=5809"}],"version-history":[{"count":0,"href":"https:\/\/ens9001-infd.mendoza.edu.ar\/sitio\/wp-json\/wp\/v2\/pages\/5809\/revisions"}],"wp:attachment":[{"href":"https:\/\/ens9001-infd.mendoza.edu.ar\/sitio\/wp-json\/wp\/v2\/media?parent=5809"}],"curies":[{"name":"wp","href":"https:\/\/api.w.org\/{rel}","templated":true}]}}