{"id":5799,"date":"2018-08-30T19:38:30","date_gmt":"2018-08-30T22:38:30","guid":{"rendered":"https:\/\/ens9001-mza.infd.edu.ar\/sitio\/autoridades\/"},"modified":"2025-12-18T11:58:26","modified_gmt":"2025-12-18T14:58:26","slug":"autoridades","status":"publish","type":"page","link":"https:\/\/ens9001-infd.mendoza.edu.ar\/sitio\/autoridades\/","title":{"rendered":"Autoridades"},"content":{"rendered":"\n<p class=\"p1\"><\/p>\n\n\n\n<p class=\"has-text-align-center\"><strong><u>EQUIPO DE GESTI\u00d3N<\/u><\/strong><\/p>\n\n\n\n<p class=\"has-text-align-center\">Rectora:<br><em>Prof. Andrea Soledad SORIA<\/em><\/p>\n\n\n\n<p class=\"has-text-align-center\">Director de Nivel Superior:<br><em>Prof. Norberto Daniel<\/em> <em>SOSA<\/em><\/p>\n\n\n\n<p class=\"has-text-align-center\">Regente:<br><em>Lic. Ra\u00fal Alejandro S\u00c1NCHEZ<\/em><\/p>\n\n\n\n<p class=\"has-text-align-center\"><\/p>\n\n\n\n<p class=\"has-text-align-center\"><strong><u>CONSEJO ACAD\u00c9MICO<\/u><\/strong><\/p>\n\n\n\n<p class=\"has-text-align-center\">Jefa de Formaci\u00f3n Inicial Docente:<br><em>Prof. Rosa Lorena<\/em> <em>FIORELLI<\/em><\/p>\n\n\n\n<p class=\"has-text-align-center\">Jefe de Formaci\u00f3n Inicial T\u00e9cnica:<br><em>Prof. Dar\u00edo Mohamed RAD<\/em><\/p>\n\n\n\n<p class=\"has-text-align-center\">Jefa de Formaci\u00f3n Continua:<br><em>Prof<\/em>.<em> Adriana GONZ\u00c1LEZ<\/em><\/p>\n\n\n\n<p class=\"has-text-align-center\">Jefa de Investigaci\u00f3n:<br><em>Prof. Mar\u00eda Eva LEROUC<\/em><\/p>\n\n\n\n<p class=\"has-text-align-center\">Coordindora Profesorado de Educaci\u00f3n Inicial:<br><em>Prof. Ivana Gabriela BASLUT<\/em><\/p>\n\n\n\n<p class=\"has-text-align-center\">Coordinadora Profesorado de Educaci\u00f3n Primaria:<br><em>Prof. Cintia Lourdes BARRIONUEVO<\/em><\/p>\n\n\n\n<p class=\"has-text-align-center\">Coordinadora Profesorado de Educaci\u00f3n Especial con Orientaci\u00f3n en Discapacidad Intelectual:<br><em>Prof. Cecilia Laura MAZA<\/em><\/p>\n\n\n\n<p class=\"has-text-align-center\">Coordinadora Profesorado de Educaci\u00f3n Secundaria en Biolog\u00eda:<br><em>Prof. Soledad LUQUEZ<\/em><\/p>\n\n\n\n<p class=\"has-text-align-center\">Coordinadora Profesorado de Educaci\u00f3n Secundaria en Geograf\u00eda:&nbsp;<br><em>Prof. Judith RESTIFFO<\/em><\/p>\n\n\n\n<p class=\"has-text-align-center\">Coordinador Profesorado de Educaci\u00f3n Secundaria en Historia:<br><em>Prof.&nbsp;Fernando ARENAS<\/em><\/p>\n\n\n\n<p class=\"has-text-align-center\">Coordinadora Profesorado de Educaci\u00f3n Secundaria en Lengua y Literatura:<br><em>Prof. Cecilia Bel\u00e9n RESTIFFO<\/em><\/p>\n\n\n\n<p class=\"has-text-align-center\">Coordinadora Profesorado de Ingl\u00e9s:<br><em>Prof. Ariadna Marc<\/em>ela<em> COCCONI<\/em><\/p>\n\n\n\n<p class=\"has-text-align-center\">Coordinador Tecnicatura Superior en Administraci\u00f3n P\u00fablica:<br><em>Prof. Alejandro Rafael GIBOIN<\/em><\/p>\n\n\n\n<p class=\"has-text-align-center\">Coordinador Tecnicatura Superior en Agronom\u00eda:<br><em>Prof. Oscar Alberto SU\u00c1REZ RASTEL<\/em><\/p>\n\n\n\n<p class=\"has-text-align-center\">Coordinadora Tecnicatura Superior en Comunicaci\u00f3n Social:<br><em>Prof. Natalia Rosa PRIGIONE<\/em><\/p>\n\n\n\n<p class=\"has-text-align-center\">Coordinadora Tecnicatura Superior en Dise\u00f1o de Indumentaria, Textil y Accesorios:<br><em>Prof. Gabriela Alejandra NEGRI<\/em><\/p>\n\n\n\n<p class=\"has-text-align-center\">Coordinador Tecnicatura Superior en Enolog\u00eda e Industria de los Alimentos:<br><em>Prof. Marcelo Fabi\u00e1n RAMOS<\/em><\/p>\n\n\n\n<p class=\"has-text-align-center\">Coordinadora Tecnicatura Superior en Higiene y Seguridad con Orientaci\u00f3n en Calidad y Medio Ambiente:<br><em>Prof. Ver\u00f3nica Natalia PONCE<\/em><\/p>\n\n\n\n<p class=\"has-text-align-center\"><strong><u>CONSEJO DIRECTIVO<\/u><\/strong><\/p>\n\n\n\n<p class=\"has-text-align-center\"><strong>CLAUSTRO DOCENTE:<\/strong><\/p>\n\n\n\n<p class=\"has-text-align-center\">Consejeros Titulares<\/p>\n\n\n\n<p class=\"has-text-align-center\"><em>Di Marco, Vanesa Lorena (2024-2028)<\/em><\/p>\n\n\n\n<p class=\"has-text-align-center\"><em>Arias, H\u00e9ctor Mart\u00edn Miguel (2024-2026)<\/em><\/p>\n\n\n\n<p class=\"has-text-align-center\"><em>Gruini, Leticia Isabel (2024-2026)<\/em><\/p>\n\n\n\n<p class=\"has-text-align-center\"> <em>Cabeza, Jimena Beatriz (2024<\/em>-2026)<\/p>\n\n\n\n<p class=\"has-text-align-center\"> <em>Gonz\u00e1les, M\u00f3nica (2024-2028)<\/em><\/p>\n\n\n\n<div class=\"wp-block-group is-nowrap is-layout-flex wp-container-2\">\n<div class=\"wp-block-group is-vertical is-layout-flex wp-container-1\">\n<p class=\"has-text-align-right\">                                                                                     <\/p>\n<\/div>\n<\/div>\n\n\n\n<p class=\"has-text-align-center\">Consejeros Suplentes<\/p>\n\n\n\n<div class=\"wp-block-group is-vertical is-content-justification-center is-layout-flex wp-container-3\">\n<p class=\"has-text-align-center\"><em>Gargantini, Ver\u00f3nica Elina (2024-2026)<\/em><\/p>\n\n\n\n<p class=\"has-text-align-center\"><em>Lerouc, Mar\u00eda Eva (2024-2026)<\/em><\/p>\n\n\n\n<p class=\"has-text-align-center\"><em>C\u00f3nsoli, Marina Eugenia (2024-2026)<\/em><\/p>\n\n\n\n<p class=\"has-text-align-center\"><em>Gonz\u00e1lez, M\u00f3nica Patricia (2024-2028)<\/em><\/p>\n<\/div>\n\n\n\n<p class=\"has-text-align-center\"><strong>CLAUSTRO NO DOCENTE<\/strong>:<\/p>\n\n\n\n<p class=\"has-text-align-center\">Consejero Titular<\/p>\n\n\n\n<p class=\"has-text-align-center\"><em>Arias, Mariano Jes\u00fas (2024-2026)<\/em><\/p>\n\n\n\n<p class=\"has-text-align-center\">Consejero Suplente<\/p>\n\n\n\n<p class=\"has-text-align-center\"><em>Cosas, Laura Rosana (2024-2026)<\/em><\/p>\n\n\n\n<p class=\"has-text-align-center\"><strong>CLAUSTRO ESTUDIANTES<\/strong>:<\/p>\n\n\n\n<p class=\"has-text-align-center\">Consejeros Titulares<\/p>\n\n\n\n<div class=\"wp-block-group is-vertical is-content-justification-center is-layout-flex wp-container-4\">\n<p class=\"has-text-align-center\"><em>Ontiveros, Facundo Jerem\u00edas (2024-2026)<\/em><\/p>\n\n\n\n<p class=\"has-text-align-center\"><em>Costilla Flores, Cintia Viviana (2024-2026)<\/em><\/p>\n\n\n\n<p class=\"has-text-align-center\"><em>Vega Garc\u00eda, Daniela Estefan\u00eda (2024-2026)<\/em><\/p>\n<\/div>\n\n\n\n<p class=\"has-text-align-center\">Consejeros Suplentes<\/p>\n\n\n\n<div class=\"wp-block-group is-vertical is-content-justification-center is-layout-flex wp-container-5\">\n<p class=\"has-text-align-center\"><em>Ju\u00e1rez, Melina Estefan\u00eda (2024-2026)<\/em><\/p>\n\n\n\n<p class=\"has-text-align-center\"><em>Salinas Lucero, Camila Ail\u00e9n (2024-2026)<\/em><\/p>\n\n\n\n<p class=\"has-text-align-center\"><em>Pereira, Andrea Melisa (2024-2026)<\/em><\/p>\n<\/div>\n\n\n\n<p class=\"has-text-align-center\"><strong>CLAUSTRO EGRESADOS<\/strong>:<\/p>\n\n\n\n<p class=\"has-text-align-center\">Consejero Titular<\/p>\n\n\n\n<p class=\"has-text-align-center\"><em>Sosa, Mar\u00eda Lourdes Griselda (2024-2026)<\/em><\/p>\n\n\n\n<p class=\"has-text-align-center\">Consejero Suplente<\/p>\n\n\n\n<p class=\"has-text-align-center\"><em>Palacio, Sonia Carina (2024-2026)<\/em><\/p>\n","protected":false},"excerpt":{"rendered":"<p>EQUIPO DE GESTI\u00d3N Rectora:Prof. Andrea Soledad SORIA Director de Nivel Superior:Prof. Norberto Daniel SOSA Regente:Lic. Ra\u00fal Alejandro S\u00c1NCHEZ CONSEJO ACAD\u00c9MICO Jefa de Formaci\u00f3n Inicial Docente:Prof. Rosa Lorena FIORELLI Jefe de Formaci\u00f3n Inicial T\u00e9cnica:Prof. Dar\u00edo Mohamed RAD Jefa de Formaci\u00f3n Continua:Prof. Adriana GONZ\u00c1LEZ Jefa de Investigaci\u00f3n:Prof. Mar\u00eda Eva LEROUC Coordindora Profesorado de Educaci\u00f3n Inicial:Prof. Ivana Gabriela &#8230; <a title=\"Autoridades\" class=\"read-more\" href=\"https:\/\/ens9001-infd.mendoza.edu.ar\/sitio\/autoridades\/\" aria-label=\"More on Autoridades\">[+]<\/a><\/p>\n","protected":false},"author":6607,"featured_media":0,"parent":0,"menu_order":0,"comment_status":"closed","ping_status":"closed","template":"","meta":[],"acf":[],"_links":{"self":[{"href":"https:\/\/ens9001-infd.mendoza.edu.ar\/sitio\/wp-json\/wp\/v2\/pages\/5799"}],"collection":[{"href":"https:\/\/ens9001-infd.mendoza.edu.ar\/sitio\/wp-json\/wp\/v2\/pages"}],"about":[{"href":"https:\/\/ens9001-infd.mendoza.edu.ar\/sitio\/wp-json\/wp\/v2\/types\/page"}],"author":[{"embeddable":true,"href":"https:\/\/ens9001-infd.mendoza.edu.ar\/sitio\/wp-json\/wp\/v2\/users\/6607"}],"replies":[{"embeddable":true,"href":"https:\/\/ens9001-infd.mendoza.edu.ar\/sitio\/wp-json\/wp\/v2\/comments?post=5799"}],"version-history":[{"count":38,"href":"https:\/\/ens9001-infd.mendoza.edu.ar\/sitio\/wp-json\/wp\/v2\/pages\/5799\/revisions"}],"predecessor-version":[{"id":22494,"href":"https:\/\/ens9001-infd.mendoza.edu.ar\/sitio\/wp-json\/wp\/v2\/pages\/5799\/revisions\/22494"}],"wp:attachment":[{"href":"https:\/\/ens9001-infd.mendoza.edu.ar\/sitio\/wp-json\/wp\/v2\/media?parent=5799"}],"curies":[{"name":"wp","href":"https:\/\/api.w.org\/{rel}","templated":true}]}}