{"id":5779,"date":"2018-08-30T19:38:24","date_gmt":"2018-08-30T22:38:24","guid":{"rendered":"https:\/\/ens9001-mza.infd.edu.ar\/sitio\/area-social-legal-y-pedagogica\/"},"modified":"2022-10-17T13:00:51","modified_gmt":"2022-10-17T16:00:51","slug":"area-social-legal-y-pedagogica","status":"publish","type":"page","link":"https:\/\/ens9001-infd.mendoza.edu.ar\/sitio\/area-social-legal-y-pedagogica\/","title":{"rendered":"\u00c1rea Social, Legal y Pedag\u00f3gica"},"content":{"rendered":"<p><strong>\u00bfCu\u00e1l es la finalidad del A. S. L. y P.?<\/strong><\/p>\n<p>Nuestro espacio tiene como finalidad acompan\u0303ar a nuestros estudiantes en su proceso de formacio\u0301n profesional y personal a trave\u0301s del asesoramiento y orientacio\u0301n, ofrecido por nuestro equipo interdisciplinario formado por psico\u0301logos, abogados, psicopedagogas y profesionales en nin\u0303ez adolescencia y familia , los cuales trabajaran en red con profesores , bedeles y coordinadores de nuestro instituto y dema\u0301s efectores sociales con el fin de dar solucio\u0301n a tema\u0301ticas psicosociales abordada por nuestra a\u0301rea.<\/p>\n<p><strong>\u00bfQu\u00e9 ofrece a los estudiantes?<\/strong><\/p>\n<ul>\n<li>Atenci\u00f3n y apoyo a estudiantes con problemas de aprendizaje, personales, sociales, socio-afectivo, fonoaudiol\u00f3gico, legal, etc. (entrevistas, orientaci\u00f3n y derivaci\u00f3n en caso de ser necesario).<\/li>\n<li>Orientaci\u00f3n y asesoramiento para la organizaci\u00f3n del estudio\u00a0 y ex\u00e1menes.<\/li>\n<li>An\u00e1lisis de dudas sobre la carrera y reorientaci\u00f3n vocacional si fuera solicitada.<\/li>\n<li>Contacto y seguimiento de estudiantes con discapacidad, seg\u00fan las necesidades que ellos expresan (entrevistas, orientaci\u00f3n y derivaci\u00f3n en caso de ser necesario).<\/li>\n<\/ul>\n<p><strong>\u00bfQui\u00e9nes integran el \u00e1rea?<\/strong><\/p>\n<p>Estamos a tu disposicio\u0301n de lunes a viernes en distintos horarios:<\/p>\n<ul type=\"disc\">\n<li>Lic. Julieta Cruz ( Lic. en Minoridad y Familia) &#8211; cel. 2634566974<\/li>\n<li>Dr. Emilio Mar\u00f3n (Abogado) &#8211; cel. 2634276950<\/li>\n<li>Tec. Leonardo Palana &#8211; cel. 2634790407<\/li>\n<\/ul>\n<div class=\"page\" title=\"Page 1\">\n<div class=\"layoutArea\">\n<div class=\"column\">\u00a0<\/div>\n<\/div>\n<\/div>\n<p><strong>\u00bfD\u00f3nde funciona?<\/strong><\/p>\n<p>En la Sede San Mart\u00edn del Instituto.<\/p>\n<div class=\"page\" title=\"Page 1\">\n<div class=\"layoutArea\">\n<div class=\"column\">\u00a0<\/div>\n<\/div>\n<\/div>\n\n\n<p><\/p>\n","protected":false},"excerpt":{"rendered":"<p>\u00bfCu\u00e1l es la finalidad del A. S. L. y P.? Nuestro espacio tiene como finalidad acompan\u0303ar a nuestros estudiantes en su proceso de formacio\u0301n profesional y personal a trave\u0301s del asesoramiento y orientacio\u0301n, ofrecido por nuestro equipo interdisciplinario formado por psico\u0301logos, abogados, psicopedagogas y profesionales en nin\u0303ez adolescencia y familia , los cuales trabajaran en &#8230; <a title=\"\u00c1rea Social, Legal y Pedag\u00f3gica\" class=\"read-more\" href=\"https:\/\/ens9001-infd.mendoza.edu.ar\/sitio\/area-social-legal-y-pedagogica\/\" aria-label=\"More on \u00c1rea Social, Legal y Pedag\u00f3gica\">[+]<\/a><\/p>\n","protected":false},"author":6607,"featured_media":0,"parent":0,"menu_order":0,"comment_status":"closed","ping_status":"closed","template":"","meta":[],"acf":[],"_links":{"self":[{"href":"https:\/\/ens9001-infd.mendoza.edu.ar\/sitio\/wp-json\/wp\/v2\/pages\/5779"}],"collection":[{"href":"https:\/\/ens9001-infd.mendoza.edu.ar\/sitio\/wp-json\/wp\/v2\/pages"}],"about":[{"href":"https:\/\/ens9001-infd.mendoza.edu.ar\/sitio\/wp-json\/wp\/v2\/types\/page"}],"author":[{"embeddable":true,"href":"https:\/\/ens9001-infd.mendoza.edu.ar\/sitio\/wp-json\/wp\/v2\/users\/6607"}],"replies":[{"embeddable":true,"href":"https:\/\/ens9001-infd.mendoza.edu.ar\/sitio\/wp-json\/wp\/v2\/comments?post=5779"}],"version-history":[{"count":2,"href":"https:\/\/ens9001-infd.mendoza.edu.ar\/sitio\/wp-json\/wp\/v2\/pages\/5779\/revisions"}],"predecessor-version":[{"id":16747,"href":"https:\/\/ens9001-infd.mendoza.edu.ar\/sitio\/wp-json\/wp\/v2\/pages\/5779\/revisions\/16747"}],"wp:attachment":[{"href":"https:\/\/ens9001-infd.mendoza.edu.ar\/sitio\/wp-json\/wp\/v2\/media?parent=5779"}],"curies":[{"name":"wp","href":"https:\/\/api.w.org\/{rel}","templated":true}]}}