{"id":5777,"date":"2018-08-30T19:38:23","date_gmt":"2018-08-30T22:38:23","guid":{"rendered":"https:\/\/ens9001-mza.infd.edu.ar\/sitio\/area-deportes\/"},"modified":"2025-09-07T19:57:42","modified_gmt":"2025-09-07T22:57:42","slug":"area-deportes","status":"publish","type":"page","link":"https:\/\/ens9001-infd.mendoza.edu.ar\/sitio\/area-deportes\/","title":{"rendered":"\u00c1rea Deportes"},"content":{"rendered":"<p><span style=\"font-weight: 400;\">Desde el \u00e1rea de Deportes tenemos el agrado de ofrecer a los\/as estudiantes una serie de actividades deportivas y recreativas en distintos horarios, d\u00edas y sedes.<\/span><\/p>\n<p><span style=\"font-weight: 400;\">Practicar ejercicio conlleva multitud de beneficios para los estudiantes, puesto que tanto f\u00edsica como mentalmente se convierte en una afici\u00f3n que logra muchas ventajas. S<\/span><span style=\"font-size: inherit;\">upone un alivio al estr\u00e9s generado por los estudios, ex\u00e1menes, entregas de trabajos. Estimula mental y f\u00edsicamente a quien lo practica y ayuda a canalizar los nervios, el estado de \u00e1nimo mejora debido a la segregaci\u00f3n de endorfinas y se eliminan tensiones. Al terminar se consigue una sensaci\u00f3n de bienestar \u00fanica que ayuda a tener m\u00e1s ganas, actitud y entrega frente al estudio.<\/span><\/p>\n<p><span style=\"font-weight: 400;\">Un buen estado de salud repercute en un mejor rendimiento frente a los libros y apuntes. Estar en buena forma f\u00edsica ayuda a no caer enfermo con tanta frecuencia, lo que puede impedir que podamos asistir a clase o no se tengan fuerzas para estudiar. La musculatura estar\u00e1 m\u00e1s fuerte y el cuerpo aguantar\u00e1 jornadas largas de estudio, siendo m\u00e1s dif\u00edcil que aparezcan, por ejemplo, dolores de espalda o lumbares.<\/span><\/p>\n<p><span style=\"font-weight: 400;\">Hacer deporte fomenta la capacidad de atenci\u00f3n&nbsp; y concentraci\u00f3n y refuerza las habilidades cognitivas del cerebro, ya que el incremento de la funci\u00f3n del coraz\u00f3n y de la producci\u00f3n de endorfinas influye de forma positiva en las conexiones que realizan las neuronas.<\/span><\/p>\n<p><span style=\"font-weight: 400;\">Adem\u00e1s de estos beneficios f\u00edsicos, tambi\u00e9n repercute en ciertas actitudes como el esfuerzo, el compromiso, el trabajo en equipo si se trata de la pr\u00e1ctica de disciplinas de este tipo\u2026 Todo ello influye tambi\u00e9n en la forma en la que nos enfrentamos al estudio y que son igualmente importantes a la hora de hacer un trabajo o de preparar un examen.<\/span><\/p>\n<p><span style=\"font-weight: 400;\">Cuando se practica un deporte la circulaci\u00f3n sangu\u00ednea y la respiraci\u00f3n mejoran, por eso, el cerebro se encuentra m\u00e1s atento y concentrado ya que el riego le llega mucho mejor y el ox\u00edgeno hace que las c\u00e9lulas tambi\u00e9n se encuentren m\u00e1s saludables.<\/span><\/p>\n<p><span style=\"font-weight: 400;\">El deporte ayuda a descansar mejor, algo que es fundamental para un estudiante. Si lo practicas por la ma\u00f1ana te ayudar\u00e1 a activarte y lo notar\u00e1s a la hora de conciliar el sue\u00f1o por la noche, lo que te ayudar\u00e1 a rendir mucho mejor al d\u00eda siguiente.<\/span><\/p>\n<p><span style=\"font-weight: 400;\">Todo esto, y mucho m\u00e1s, no lo notar\u00e1s nada m\u00e1s que empieces a practicar deporte, es cuesti\u00f3n de constancia y compromiso, as\u00ed poco a poco apreciar\u00e1s los beneficios que puede conllevar para tu mente y tu cuerpo hacer ejercicio de manera habitual. A veces puede bastar con salir a andar media hora todos los d\u00edas, o a correr, o dar una vuelta en bicicleta, no es necesario hacer grandes est\u00edmulos, porque con poquito que hagas ya sentir\u00e1s sus beneficios.<\/span><\/p>\n<p>El proyecto del <strong>\u00c1rea Deportes<\/strong> se orienta a la presentaci\u00f3n, conocimiento y pr\u00e1ctica de diferentes pr\u00e1cticas deportivas, como lo pueden ser el Fut-sal, el b\u00e1squet, el h\u00e1ndbol, el hockey, el v\u00f3ley; y diferentes actividades como por ejemplo el aer\u00f3bics, el baile, las murgas, caminatas saludables, excursiones, salidas y muchas m\u00e1s; teniendo en cuenta la infraestructura y las instalaciones con las que contar\u00eda en un futuro el Instituto de nivel superior docente (play\u00f3n deportivo multiuso).<\/p>\n<p>Objetivos:<\/p>\n<ul>\n<li>Incentivar a la comunidad educativa a participar de las diferentes pr\u00e1cticas deportivas a desarrollarse.<\/li>\n<li>Educar al joven-adulto mediante la misma pr\u00e1ctica deportiva, promoviendo la contenci\u00f3n, la recreaci\u00f3n y la ense\u00f1anza de diferentes valores y h\u00e1bitos que lo ayuden a formarse como buenos deportistas y personas de bien.<\/li>\n<li>Fomentar un sentido de pertenencia para-con la Instituci\u00f3n aun mayor, por parte del plantel de educandos y empleados del Establecimiento.<\/li>\n<li>Brindarle una opci\u00f3n m\u00e1s a los adolescentes y adultos, en relaci\u00f3n al esparcimiento y el uso de su tiempo libre.<\/li>\n<\/ul>\n<h4 style=\"text-align: center;\"><strong><a href=\"https:\/\/ens9001-infd.mendoza.edu.ar\/sitio\/udies-2025\/\"><em>Inscripcione<\/em>s<\/a> <em>2\u00b0 Cuatrimestre<\/em><\/strong> <em>2025<\/em><\/h4>\n<h4>Galer\u00eda<\/h4>\n<h5><a href=\"https:\/\/www.youtube.com\/watch?v=X8X8qr1YpK4\"><strong>Videos: <\/strong><\/a><\/h5>\n<ul>\n<li><a href=\"https:\/\/drive.google.com\/file\/d\/1_OXex4OaYap-NKkgdT6cQUVekvzVwsS1\/view?usp=sharing\">Presentaci\u00f3n del \u00c1rea<\/a><\/li>\n<li><a href=\"https:\/\/www.youtube.com\/watch?v=X8X8qr1YpK4\">Defensa Personal<\/a><\/li>\n<li><a href=\"https:\/\/www.youtube.com\/watch?v=0jKk2qRmCic\">Invitaci\u00f3n Cierre ciclo 2021 del \u00c1rea de Deportes<\/a><\/li>\n<\/ul>\n<h5><strong>Radio: <\/strong><\/h5>\n<ul>\n<li><a href=\"https:\/\/www.facebook.com\/LatinoAmericaFM102.9\/videos\/1113804225817704\/UzpfSTEyNjcxMjQyMjY3NjM5ODM6MjI2NjU1MjU2NjgyMTEzOQ\/?hc_ref=ARRysiZL1dhyQflKxKjvjFUs8ogMc-iGwEx7tZSIi8zjaSkgfQvJe9DahSNqzgQmP5M&amp;fref=nf&amp;__xts__[0]=68.ARDyoNBiSvOejD0BjBh9KJkQIRSuIayZjmBXKOmPavAzmbQWUqliVARy9qqbUeHK_3ZSPHYWZCnjCHG7vPCwCeYWT6tmRmyDlStGWbqyGPVjVWUOFjbYE5hhQvsFPm4a6j2S_hQdaCamYUzvI2yF_nNSmgtBDHkmCs8PDHaQjFbOckJ6E8IlkU9p1q4GLlwBkr_suke97GUjgL4yNH5ineHY9rwHN3jvrFoYMChumj-hzZm4TZFyYy1YprVhbwN5Fgccru4XqIo9CSrVC-94v6Qp4O2VkjJpUZbSXRltofsgy9zqmnMko7U&amp;__tn__=kC-R\"><span class=\"fwn fcg\"><span class=\"fcg\"><span class=\"fwb\">Nota en LatinoAm\u00e9rica FM 102.9<\/span><\/span><\/span><\/a><\/li>\n<\/ul>\n<h5><a href=\"https:\/\/photos.google.com\/u\/1\/share\/AF1QipNfhDf2j8D_MxEbeNPpyDSxCmjxYAaSacywb9jIAscQF7frjDMhJjLJh2IGThNsfQ?key=cUFjOTJ6b0xwdHlxLWNCay1na0dmNXNhak81M0tR\">Fotos<\/a><\/h5>\n<h5 style=\"text-align: left;\"><a href=\"https:\/\/www.facebook.com\/Area-de-Deportes-IES-9-001Gral-Jose-de-San-Martin-1267124226763983\/?hc_ref=ARQdT9UqVAIFX9sedkyGBQ86UTNdvRTVQiMieLGEAjwqBPTpfnPYZXwmOg13tTjQ6cU&amp;fref=nf&amp;__xts__[0]=68.ARALZ3aErnLKHJ21JlaX2Q8XdzCou_UTJ_OOcAk6mJyw0P7PEDqmI6vfQebi1HzOAklr3FvLIMQ4DF8tvgix3qB2Ixj_uz2tZlXqyG21xsjK9vqIT2rBRUxxh7lFiO7kBtxACY6JPmzRKm8zlYR-m94v1GPgtlsYyXsWrpVYg9a28pw5FHQd4VLQ9PDBsPSJtkl1fPadCmiCSNYA-iYS9Y3EAOulFK1gxOMpZocNPXkx7MRec2wU81aUs-vdAFsGRTPVKpL5sYeI30OX-PoVZ3DKsKjSWIF3nXf_lTTp9CJhC7Vj06fVlIk\">Fanpage de Facebook<\/a><\/h5>\n<div class=\"_38vo\"><\/div>\n<p>&#8212;&#8212;&#8212;&#8212;&#8212;&#8212;&#8212;&#8212;-<\/p>\n<p><img decoding=\"async\" loading=\"lazy\" class=\"wp-image-19223 aligncenter\" src=\"https:\/\/ens9001-infd.mendoza.edu.ar\/sitio\/wp-content\/uploads\/2024\/04\/Logo-Deportes-1000x355.jpg\" alt=\"\" width=\"606\" height=\"215\" srcset=\"https:\/\/ens9001-infd.mendoza.edu.ar\/sitio\/wp-content\/uploads\/2024\/04\/Logo-Deportes-1000x355.jpg 1000w, https:\/\/ens9001-infd.mendoza.edu.ar\/sitio\/wp-content\/uploads\/2024\/04\/Logo-Deportes-768x272.jpg 768w, https:\/\/ens9001-infd.mendoza.edu.ar\/sitio\/wp-content\/uploads\/2024\/04\/Logo-Deportes.jpg 1280w\" sizes=\"(max-width: 606px) 100vw, 606px\" \/><\/p>\n<p style=\"text-align: center;\"><strong>Profesores a cargo:<br \/>\n<\/strong>Pablo Suarez<br \/>\nMat\u00edas&nbsp;Sfreddo<br \/>\nFabio&nbsp;Saraceno<br \/>\nCristian&nbsp;Egea<br \/>\nMar\u00eda&nbsp;Lara<br \/>\nAdrian Campos<br \/>\nDar\u00edo Guti\u00e9rrez<\/p>\n<p>&nbsp; &nbsp; &nbsp; &nbsp; &nbsp; &nbsp; &nbsp; &nbsp; &nbsp; &nbsp; &nbsp; &nbsp; &nbsp; &nbsp; &nbsp; &nbsp; &nbsp; &nbsp; &nbsp; &nbsp; &nbsp; &nbsp; &nbsp; &nbsp; &nbsp; &nbsp; &nbsp; &nbsp; &nbsp; &nbsp; &nbsp; &nbsp; &nbsp; &nbsp; &nbsp; &nbsp; &nbsp; &nbsp; &nbsp; &nbsp; &nbsp; &nbsp; &nbsp; &nbsp; &nbsp; &nbsp; &nbsp; &nbsp; &nbsp; &nbsp; &nbsp; &nbsp;Ver\u00f3nica Gargantini<\/p>\n<p style=\"text-align: center;\"><img decoding=\"async\" loading=\"lazy\" class=\"alignnone size-medium wp-image-19276\" src=\"https:\/\/ens9001-infd.mendoza.edu.ar\/sitio\/wp-content\/uploads\/2024\/05\/IMG-20240516-WA0075-1-865x1000.jpg\" alt=\"\" width=\"865\" height=\"1000\" srcset=\"https:\/\/ens9001-infd.mendoza.edu.ar\/sitio\/wp-content\/uploads\/2024\/05\/IMG-20240516-WA0075-1-865x1000.jpg 865w, https:\/\/ens9001-infd.mendoza.edu.ar\/sitio\/wp-content\/uploads\/2024\/05\/IMG-20240516-WA0075-1-768x888.jpg 768w, https:\/\/ens9001-infd.mendoza.edu.ar\/sitio\/wp-content\/uploads\/2024\/05\/IMG-20240516-WA0075-1.jpg 951w\" sizes=\"(max-width: 865px) 100vw, 865px\" \/><\/p>\n<h2 style=\"text-align: center;\"><a href=\"https:\/\/docs.google.com\/spreadsheets\/d\/1o6EiR1kqOkkjk0nrNb23a5ofSoxiYluZBBnosaMmPss\/edit?usp=sharing\"><strong>&nbsp;PEP Sistema de Correlativas<\/strong><\/a><\/h2>\n<p style=\"text-align: center;\">\n","protected":false},"excerpt":{"rendered":"<p>Desde el \u00e1rea de Deportes tenemos el agrado de ofrecer a los\/as estudiantes una serie de actividades deportivas y recreativas en distintos horarios, d\u00edas y sedes. Practicar ejercicio conlleva multitud de beneficios para los estudiantes, puesto que tanto f\u00edsica como mentalmente se convierte en una afici\u00f3n que logra muchas ventajas. Supone un alivio al estr\u00e9s &#8230; <a title=\"\u00c1rea Deportes\" class=\"read-more\" href=\"https:\/\/ens9001-infd.mendoza.edu.ar\/sitio\/area-deportes\/\" aria-label=\"More on \u00c1rea Deportes\">[+]<\/a><\/p>\n","protected":false},"author":6607,"featured_media":0,"parent":0,"menu_order":0,"comment_status":"closed","ping_status":"closed","template":"","meta":[],"acf":[],"_links":{"self":[{"href":"https:\/\/ens9001-infd.mendoza.edu.ar\/sitio\/wp-json\/wp\/v2\/pages\/5777"}],"collection":[{"href":"https:\/\/ens9001-infd.mendoza.edu.ar\/sitio\/wp-json\/wp\/v2\/pages"}],"about":[{"href":"https:\/\/ens9001-infd.mendoza.edu.ar\/sitio\/wp-json\/wp\/v2\/types\/page"}],"author":[{"embeddable":true,"href":"https:\/\/ens9001-infd.mendoza.edu.ar\/sitio\/wp-json\/wp\/v2\/users\/6607"}],"replies":[{"embeddable":true,"href":"https:\/\/ens9001-infd.mendoza.edu.ar\/sitio\/wp-json\/wp\/v2\/comments?post=5777"}],"version-history":[{"count":20,"href":"https:\/\/ens9001-infd.mendoza.edu.ar\/sitio\/wp-json\/wp\/v2\/pages\/5777\/revisions"}],"predecessor-version":[{"id":21903,"href":"https:\/\/ens9001-infd.mendoza.edu.ar\/sitio\/wp-json\/wp\/v2\/pages\/5777\/revisions\/21903"}],"wp:attachment":[{"href":"https:\/\/ens9001-infd.mendoza.edu.ar\/sitio\/wp-json\/wp\/v2\/media?parent=5777"}],"curies":[{"name":"wp","href":"https:\/\/api.w.org\/{rel}","templated":true}]}}