{"id":5774,"date":"2018-08-30T19:38:22","date_gmt":"2018-08-30T22:38:22","guid":{"rendered":"https:\/\/ens9001-mza.infd.edu.ar\/sitio\/biblioteca-2\/"},"modified":"2026-03-02T16:03:53","modified_gmt":"2026-03-02T19:03:53","slug":"biblioteca-2","status":"publish","type":"page","link":"https:\/\/ens9001-infd.mendoza.edu.ar\/sitio\/biblioteca-2\/","title":{"rendered":"Biblioteca"},"content":{"rendered":"<p style=\"text-align: right;\"><strong><em>\u201c\u00bfQu\u00e9 tenemos sin bibliotecas? No tenemos pasado y no tenemos futuro\u201d Ray Bradbury<\/em><\/strong><\/p>\n<h4>Biblioteca \u201c<strong>Prof. Gisela Anal\u00eda Casagrande<\/strong>\u201d<\/h4>\n<p style=\"text-align: center;\"><iframe loading=\"lazy\" title=\"YouTube video player\" src=\"https:\/\/www.youtube.com\/embed\/ZUiaAD1CwIE\" width=\"640\" height=\"360\" frameborder=\"0\" allowfullscreen=\"allowfullscreen\"><\/iframe><\/p>\n<p>La biblioteca funciona f\u00edsicamente en planta alta del edificio sito entre las calles Balcarce y Chubut del Dpto. San Mart\u00edn en los siguientes horarios:<\/p>\n<p style=\"text-align: center;\">\n<p>Los\/as estudiantes pueden registrarse como usuario activos\/as, instalarse con sus netbook en las mesas de lectura y conectarse a internet. Tambi\u00e9n pueden acceder a uso <em>in situ<\/em> de un equipo inform\u00e1tico disponible para consultas de trabajos de producci\u00f3n institucional de los diferentes profesorados, tecnicaturas y post\u00edtulos.<\/p>\n<p>En las estanter\u00edas de la biblioteca encontr\u00e1s el acerbo bibliogr\u00e1fico soporte papel, la videoteca y archivos formato pdf disponible que que puede llevarse en un pendrive. En dicho espacio se encuentra adem\u00e1s el sector de mapas y materiales de referencia como l\u00e1minas y elementos para el uso en el aula.<\/p>\n<p>La\u00a0<strong>Biblioteca Virtual<\/strong>, por su parte, se trata de una sala dentro de la plataforma educativa de la instituci\u00f3n que se denomina<strong>\u00a0A14-Biblioteca,\u00a0<\/strong>donde el\/la estudiante puede encontrar informaci\u00f3n\u00a0\u00fatil, interesante y variada.<\/p>\n<p>El material bibliogr\u00e1fico es enriquecido y actualizado gracias al aporte de los profesores que facilitan carpetas con material de estudio a fin que los estudiantes puedan consultar las obras alojadas en la biblioteca virtual, descargar pdf o hacer lectura on line en los enlaces compartidos.<\/p>\n<p><span style=\"font-weight: 400;\">HORARIOS DE BIBLIOTECA<\/span><\/p>\n<table style=\"height: 132px;\" width=\"723\">\n<tbody>\n<tr>\n<td><span style=\"font-weight: 400;\">TURNO MA\u00d1ANA<\/span><\/td>\n<td><span style=\"font-weight: 400;\">08.00 hs. a 12.30 hs.<\/span><\/td>\n<td><\/td>\n<\/tr>\n<tr>\n<td><span style=\"font-weight: 400;\">TURNO SIESTA<\/span><\/td>\n<td><span style=\"font-weight: 400;\">12.00 hs. a 16.30 hs.<\/span><\/td>\n<td><\/td>\n<\/tr>\n<tr>\n<td><span style=\"font-weight: 400;\">TURNO TARDE<\/span><\/td>\n<td><span style=\"font-weight: 400;\">16.00 hs. a 20.30 hs<\/span><span style=\"font-weight: 400;\">.<\/span><\/td>\n<td><span style=\"font-weight: 400;\">Silvia Guevara<\/span><\/td>\n<\/tr>\n<\/tbody>\n<\/table>\n<p><a href=\"https:\/\/ens9001-infd.mendoza.edu.ar\/aula\/index.cgi?id_curso=144&amp;id_curso_ant=125\">Para explorar todo esto hac\u00e9 clic aqu\u00ed<\/a><\/p>\n<p>Adicionalmente dejamos a disposici\u00f3n el <a href=\"https:\/\/drive.google.com\/open?id=0B9tTbyHm1r2eRE5fcDNKbzU1RWVMMWtsZ1MyXy1ZNHVKdk1N\">Reglamento de la Biblioteca<\/a> aprobado por Res. N\u00ba 012-CD-2019 del IES 9-001<\/p>\n<p><strong><em>Equipo de biblioteca<\/em><\/strong><\/p>\n<p style=\"text-align: justify;\">\n","protected":false},"excerpt":{"rendered":"<p>\u201c\u00bfQu\u00e9 tenemos sin bibliotecas? No tenemos pasado y no tenemos futuro\u201d Ray Bradbury Biblioteca \u201cProf. Gisela Anal\u00eda Casagrande\u201d La biblioteca funciona f\u00edsicamente en planta alta del edificio sito entre las calles Balcarce y Chubut del Dpto. San Mart\u00edn en los siguientes horarios: Los\/as estudiantes pueden registrarse como usuario activos\/as, instalarse con sus netbook en las &#8230; <a title=\"Biblioteca\" class=\"read-more\" href=\"https:\/\/ens9001-infd.mendoza.edu.ar\/sitio\/biblioteca-2\/\" aria-label=\"More on Biblioteca\">[+]<\/a><\/p>\n","protected":false},"author":6607,"featured_media":0,"parent":0,"menu_order":0,"comment_status":"closed","ping_status":"closed","template":"","meta":[],"acf":[],"_links":{"self":[{"href":"https:\/\/ens9001-infd.mendoza.edu.ar\/sitio\/wp-json\/wp\/v2\/pages\/5774"}],"collection":[{"href":"https:\/\/ens9001-infd.mendoza.edu.ar\/sitio\/wp-json\/wp\/v2\/pages"}],"about":[{"href":"https:\/\/ens9001-infd.mendoza.edu.ar\/sitio\/wp-json\/wp\/v2\/types\/page"}],"author":[{"embeddable":true,"href":"https:\/\/ens9001-infd.mendoza.edu.ar\/sitio\/wp-json\/wp\/v2\/users\/6607"}],"replies":[{"embeddable":true,"href":"https:\/\/ens9001-infd.mendoza.edu.ar\/sitio\/wp-json\/wp\/v2\/comments?post=5774"}],"version-history":[{"count":7,"href":"https:\/\/ens9001-infd.mendoza.edu.ar\/sitio\/wp-json\/wp\/v2\/pages\/5774\/revisions"}],"predecessor-version":[{"id":22660,"href":"https:\/\/ens9001-infd.mendoza.edu.ar\/sitio\/wp-json\/wp\/v2\/pages\/5774\/revisions\/22660"}],"wp:attachment":[{"href":"https:\/\/ens9001-infd.mendoza.edu.ar\/sitio\/wp-json\/wp\/v2\/media?parent=5774"}],"curies":[{"name":"wp","href":"https:\/\/api.w.org\/{rel}","templated":true}]}}