{"id":5763,"date":"2018-08-30T19:38:18","date_gmt":"2018-08-30T22:38:18","guid":{"rendered":"https:\/\/ens9001-mza.infd.edu.ar\/sitio\/tecnicaturas-4\/"},"modified":"2025-09-29T15:34:29","modified_gmt":"2025-09-29T18:34:29","slug":"carreras","status":"publish","type":"page","link":"https:\/\/ens9001-infd.mendoza.edu.ar\/sitio\/carreras\/","title":{"rendered":"Oferta Acad\u00e9mica"},"content":{"rendered":"\n<h2 class=\"wp-block-heading has-text-color\" style=\"color:#2f7faa\">Profesorados<\/h2>\n\n\n\n<p>Todos nuestros profesorados tienen una duraci\u00f3n de 4 (cuatro) a\u00f1os:<\/p>\n\n\n\n<ul>\n<li><a href=\"https:\/\/ens9001-infd.mendoza.edu.ar\/sitio\/educacion-primaria\/\" target=\"_blank\" rel=\"noreferrer noopener\">Profesorado de Educaci\u00f3n PRIMARIA<\/a><\/li>\n\n\n\n<li><a href=\"https:\/\/ens9001-infd.mendoza.edu.ar\/sitio\/educacion-inicial\/\" target=\"_blank\" rel=\"noreferrer noopener\">Profesorado de Educaci\u00f3n INICIAL<\/a><\/li>\n\n\n\n<li><a href=\"https:\/\/ens9001-infd.mendoza.edu.ar\/sitio\/educacion-especial\/\" target=\"_blank\" rel=\"noreferrer noopener\">Profesorado de Educaci\u00f3n ESPECIAL con ORIENTACI\u00d3N en DISCAPACIDAD INTELECT<\/a>UAL<\/li>\n\n\n\n<li><a href=\"https:\/\/ens9001-infd.mendoza.edu.ar\/sitio\/ingles-2\/\" target=\"_blank\" rel=\"noreferrer noopener\">Profesorado de&nbsp;INGL\u00c9S<\/a><\/li>\n\n\n\n<li><a href=\"https:\/\/ens9001-infd.mendoza.edu.ar\/sitio\/lengua-y-literatura\/\" target=\"_blank\" rel=\"noreferrer noopener\">Profesorado de Educaci\u00f3n Secundaria en LENGUA y LITERATURA<\/a><\/li>\n\n\n\n<li><a href=\"https:\/\/ens9001-infd.mendoza.edu.ar\/sitio\/geografia-3\/\" target=\"_blank\" rel=\"noreferrer noopener\">Profesorado de Educaci\u00f3n Secundaria en GEOGRAF\u00cdA<\/a><\/li>\n\n\n\n<li><a href=\"https:\/\/ens9001-infd.mendoza.edu.ar\/sitio\/historia-3\/\" target=\"_blank\" rel=\"noreferrer noopener\">Profesorado de Educaci\u00f3n Secundaria en HISTORIA<\/a><\/li>\n\n\n\n<li><a rel=\"noreferrer noopener\" href=\"https:\/\/ens9001-infd.mendoza.edu.ar\/sitio\/wp-content\/uploads\/2025\/03\/Profesorado-de-Biologi%CC%81a-PLAN-2025.pdf\" target=\"_blank\">Profesorado de Educaci\u00f3n <\/a><a rel=\"noreferrer noopener\" href=\"https:\/\/ens9001-infd.mendoza.edu.ar\/sitio\/biologia\/\" target=\"_blank\">Secundaria<\/a><a href=\"https:\/\/ens9001-infd.mendoza.edu.ar\/sitio\/biologia\/\" target=\"_blank\" rel=\"noreferrer noopener\"> en BIOLOG\u00cdA<\/a><\/li>\n\n\n\n<li><a href=\"https:\/\/ens9001-infd.mendoza.edu.ar\/sitio\/protec\/\" target=\"_blank\" rel=\"noreferrer noopener\">Profesorado de Educaci\u00f3n Secundaria de la MODALIDAD T\u00c9CNICO PROFESIONAL EN CONC. CON EL T\u00cdTULO DE BASE<\/a><\/li>\n<\/ul>\n\n\n\n<h2 class=\"wp-block-heading has-text-color\" style=\"color:#2f7faa\">Tecnicaturas<\/h2>\n\n\n<p><strong>En el Instituto se dictan diversas Tecnicaturas Superiores.\u00a0<\/strong>Todas nuestras tecnicaturas tienen una duraci\u00f3n de 3 (tres) a\u00f1os:<\/p>\n<ul>\n<li><a href=\"https:\/\/ens9001-infd.mendoza.edu.ar\/sitio\/publica\/\" target=\"_blank\" rel=\"noopener\">Tecnicatura Superior en ADMINISTRACI\u00d3N P\u00daBLICA<\/a><\/li>\n<li><a href=\"https:\/\/ens9001-infd.mendoza.edu.ar\/sitio\/comunicacion-social\/\">Tecnicatura Superior en COMUNICACI\u00d3N SOCIAL<\/a><\/li>\n<li><a href=\"https:\/\/ens9001-infd.mendoza.edu.ar\/sitio\/diseno-de-indumentaria\/\" target=\"_blank\" rel=\"noopener\">Tecnicatura Superior en DISE\u00d1O DE INDUMENTARIA, TEXTIL y ACCESORIOS<\/a><\/li>\n<li><a href=\"https:\/\/ens9001-infd.mendoza.edu.ar\/sitio\/tecnicatura-superior-en-higiene-y-seguridad-laboral\/\" target=\"_blank\" rel=\"noopener\">Tecnicatura Superior en HIGIENE y SEGURIDAD con ORIENTACI\u00d3N <\/a><a href=\"https:\/\/ens9001-infd.mendoza.edu.ar\/sitio\/tecnicatura-superior-en-higiene-y-seguridad-laboral\/\" target=\"_blank\" rel=\"noopener\">en CALIDAD y MEDIO AMBIENTE\u00a0<\/a><\/li>\n<li><a href=\"https:\/\/ens9001-infd.mendoza.edu.ar\/sitio\/tecnicatura-superior-en-acompanamiento-terapeutico\/\">Tecnicatura Superior en Acompa\u00f1amiento Terap\u00e9utico (NUEVA CARRERA!!)<\/a><\/li>\n<\/ul>\n\n\n<h2 class=\"wp-block-heading has-text-color\" style=\"color:#2f7faa\">Formaci\u00f3n Profesional de Nivel 3 (FP3)<\/h2>\n\n\n\n<p>Contamos con una interesante oferta de Formaciones Profesionales. M\u00e1s info aqu\u00ed. <\/p>\n\n\n\n<h2 class=\"wp-block-heading has-text-color\" style=\"color:#2f7faa\">Formaci\u00f3n Continua<\/h2>\n\n\n\n<p><a href=\"https:\/\/ens9001-infd.mendoza.edu.ar\/sitio\/propuestas-formativas\/propuestas-de-formacion-continua-2025\/\" target=\"_blank\" rel=\"noreferrer noopener\">Tenemos una variada oferta de Post\u00edtulos, Capacitaciones Docentes, Capacitaciones T\u00e9cnicas y mucho m\u00e1s! Informate aqu\u00ed!<\/a><\/p>\n","protected":false},"excerpt":{"rendered":"<p>Profesorados Todos nuestros profesorados tienen una duraci\u00f3n de 4 (cuatro) a\u00f1os: Tecnicaturas En el Instituto se dictan diversas Tecnicaturas Superiores.\u00a0Todas nuestras tecnicaturas tienen una duraci\u00f3n de 3 (tres) a\u00f1os: Tecnicatura Superior en ADMINISTRACI\u00d3N P\u00daBLICA Tecnicatura Superior en COMUNICACI\u00d3N SOCIAL Tecnicatura Superior en DISE\u00d1O DE INDUMENTARIA, TEXTIL y ACCESORIOS Tecnicatura Superior en HIGIENE y SEGURIDAD con &#8230; <a title=\"Oferta Acad\u00e9mica\" class=\"read-more\" href=\"https:\/\/ens9001-infd.mendoza.edu.ar\/sitio\/carreras\/\" aria-label=\"More on Oferta Acad\u00e9mica\">[+]<\/a><\/p>\n","protected":false},"author":6607,"featured_media":0,"parent":0,"menu_order":0,"comment_status":"closed","ping_status":"closed","template":"","meta":[],"acf":[],"_links":{"self":[{"href":"https:\/\/ens9001-infd.mendoza.edu.ar\/sitio\/wp-json\/wp\/v2\/pages\/5763"}],"collection":[{"href":"https:\/\/ens9001-infd.mendoza.edu.ar\/sitio\/wp-json\/wp\/v2\/pages"}],"about":[{"href":"https:\/\/ens9001-infd.mendoza.edu.ar\/sitio\/wp-json\/wp\/v2\/types\/page"}],"author":[{"embeddable":true,"href":"https:\/\/ens9001-infd.mendoza.edu.ar\/sitio\/wp-json\/wp\/v2\/users\/6607"}],"replies":[{"embeddable":true,"href":"https:\/\/ens9001-infd.mendoza.edu.ar\/sitio\/wp-json\/wp\/v2\/comments?post=5763"}],"version-history":[{"count":27,"href":"https:\/\/ens9001-infd.mendoza.edu.ar\/sitio\/wp-json\/wp\/v2\/pages\/5763\/revisions"}],"predecessor-version":[{"id":22271,"href":"https:\/\/ens9001-infd.mendoza.edu.ar\/sitio\/wp-json\/wp\/v2\/pages\/5763\/revisions\/22271"}],"wp:attachment":[{"href":"https:\/\/ens9001-infd.mendoza.edu.ar\/sitio\/wp-json\/wp\/v2\/media?parent=5763"}],"curies":[{"name":"wp","href":"https:\/\/api.w.org\/{rel}","templated":true}]}}