{"id":5761,"date":"2018-08-30T19:38:18","date_gmt":"2018-08-30T22:38:18","guid":{"rendered":"https:\/\/ens9001-mza.infd.edu.ar\/sitio\/profesorados-2\/"},"modified":"2025-09-08T10:12:43","modified_gmt":"2025-09-08T13:12:43","slug":"curriculas","status":"publish","type":"page","link":"https:\/\/ens9001-infd.mendoza.edu.ar\/sitio\/curriculas\/","title":{"rendered":"Dise\u00f1os Curriculares"},"content":{"rendered":"\n<h1 class=\"wp-block-heading\">Profesorados<\/h1>\n\n\n<p><strong><span style=\"font-family: arial, geneva; font-size: 12pt;\">En el Instituto se dictan diversas carreras de profesorados. Ac\u00e1 se pueden consultar los Dise\u00f1os Curriculares de cada uno de ellos.<\/span><\/strong><\/p>\n<p><span style=\"font-family: arial, geneva; font-size: 12pt;\">Todos los profesorados tienen una duraci\u00f3n de 4 (cuatro) a\u00f1os:<\/span><\/p>\n<ul>\n<li><a href=\"https:\/\/ens9001-infd.mendoza.edu.ar\/sitio\/wp-content\/uploads\/2025\/03\/Profesorado-de-Educacion-ESPECIAL-PLAN-2023.pdf\">Profesorado de Educaci\u00f3n ESPECIAL con ORIENTACI\u00d3N en DISCAPACIDAD INTELECTUAL &#8211; PLAN 2023<\/a><\/li>\n<li><a href=\"https:\/\/ens9001-infd.mendoza.edu.ar\/sitio\/wp-content\/uploads\/2025\/03\/Profesorado-de-Educacion-ESPECIAL-PLAN-2011.pdf\">Profesorado de Educaci\u00f3n ESPECIAL con ORIENTACI\u00d3N en DISCAPACIDAD INTELECTUAL &#8211; PLAN 2011<\/a><\/li>\n<li><a href=\"https:\/\/ens9001-infd.mendoza.edu.ar\/sitio\/wp-content\/uploads\/2025\/03\/Profesorado-de-Educacion-Secundaria-en-LENGUA-y-LITERATURA-PLAN-2023.pdf\">Profesorado de Educaci\u00f3n Secundaria en LENGUA y LITERATURA &#8211; PLAN 2023<\/a><\/li>\n<li><a href=\"https:\/\/ens9001-infd.mendoza.edu.ar\/sitio\/wp-content\/uploads\/2025\/03\/Profesorado-de-Educacion-Secundaria-en-LENGUA-y-LITERATURA-PLAN-2012.pdf\">Profesorado de Educaci\u00f3n Secundaria en LENGUA y LITERATURA &#8211; PLAN 2012<\/a><\/li>\n<li><a href=\"https:\/\/ens9001-infd.mendoza.edu.ar\/sitio\/wp-content\/uploads\/2025\/03\/Profesorado-de-Biologi\u0301a-PLAN-2025.pdf\">Profesorado de Educaci\u00f3n Secundaria en BIOLOG\u00cdA &#8211; PLAN 2025<\/a><\/li>\n<li><a href=\"https:\/\/ens9001-infd.mendoza.edu.ar\/sitio\/wp-content\/uploads\/2025\/03\/Profesorado-de-Educacion-Secundaria-en-BIOLOGIA-PLAN-2011.pdf\">Profesorado de Educaci\u00f3n Secundaria en BIOLOG\u00cdA &#8211; PLAN 2011<\/a><\/li>\n<li><a href=\"https:\/\/ens9001-infd.mendoza.edu.ar\/sitio\/wp-content\/uploads\/2025\/03\/Profesorado-de-Educacion-Secundaria-en-GEOGRAFIA-PLAN-2025.pdf\">Profesorado de Educaci\u00f3n Secundaria en GEOGRAF\u00cdA &#8211; PLAN 2025<\/a><\/li>\n<li><a href=\"https:\/\/ens9001-infd.mendoza.edu.ar\/sitio\/wp-content\/uploads\/2025\/03\/Profesorado-de-Educacion-Secundaria-en-GEOGRAFIA-PLAN-2012.pdf\">Profesorado de Educaci\u00f3n Secundaria en GEOGRAF\u00cdA &#8211; PLAN 2012<\/a><\/li>\n<li><a href=\"https:\/\/ens9001-infd.mendoza.edu.ar\/sitio\/wp-content\/uploads\/2025\/03\/Profesorado-de-Educacion-Secundaria-en-INGLES-PLAN-2023.pdf\">Profesorado de <\/a><a href=\"https:\/\/ens9001-infd.mendoza.edu.ar\/sitio\/wp-content\/uploads\/2025\/03\/Profesorado-de-Educacion-Secundaria-en-INGLES-PLAN-2023.pdf\">INGL\u00c9S &#8211; PLAN 2023<\/a><\/li>\n<li><a href=\"https:\/\/ens9001-infd.mendoza.edu.ar\/sitio\/wp-content\/uploads\/2025\/03\/Profesorado-de-Educacion-Secundaria-en-INGLES-PLAN-2010.pdf\">Profesorado de INGL\u00c9S &#8211; PLAN 2010<\/a><\/li>\n<li><a href=\"https:\/\/ens9001-infd.mendoza.edu.ar\/sitio\/wp-content\/uploads\/2025\/03\/Profesorado-de-Educacion-Secundaria-en-HISTORIA-PLAN-2025.pdf\">Profesorado de Educaci\u00f3n Secundaria en HISTORIA &#8211; PLAN 2025<\/a><\/li>\n<li><a href=\"https:\/\/ens9001-infd.mendoza.edu.ar\/sitio\/wp-content\/uploads\/2025\/03\/Profesorado-de-Educacion-Secundaria-en-HISTORIA-PLAN-2012.pdf\">Profesorado de Educaci\u00f3n Secundaria en HISTORIA &#8211; PLAN 2012<\/a><\/li>\n<li><a href=\"https:\/\/ens9001-infd.mendoza.edu.ar\/sitio\/wp-content\/uploads\/2025\/03\/Profesorado-de-Educacion-PRIMARIA-PLAN-2023.pdf\">Profesorado de Educaci\u00f3n PRIMARIA &#8211; PLAN 2023<\/a><\/li>\n<li><a href=\"https:\/\/ens9001-infd.mendoza.edu.ar\/sitio\/wp-content\/uploads\/2025\/03\/Profesorado-de-Educacion-PRIMARIA-PLAN-2014-1.pdf\">Profesorado de Educaci\u00f3n PRIMARIA &#8211; PLAN 2014<\/a><\/li>\n<li><a href=\"https:\/\/ens9001-infd.mendoza.edu.ar\/sitio\/wp-content\/uploads\/2025\/03\/Profesorado-de-Educacion-INICIAL-PLAN-2023.pdf\">Profesorado de Educaci\u00f3n INICIAL &#8211; PLAN 2023<\/a><\/li>\n<li><a href=\"https:\/\/ens9001-infd.mendoza.edu.ar\/sitio\/wp-content\/uploads\/2025\/03\/Profesorado-de-Educacion-INICIAL-PLAN-2014-1o-parte-1.pdf\">Profesorado de Educaci\u00f3n INICIAL &#8211; PLAN 2014 &#8211; 1\u00ba parte\u00a0<\/a>\u00a0 <a href=\"https:\/\/ens9001-infd.mendoza.edu.ar\/sitio\/wp-content\/uploads\/2025\/03\/Profesorado-de-Educacion-INICIAL-PLAN-2014-2o-parte.pdf\">\u00a0 \u00a0 \u00a0 \u00a0 \u00a02\u00ba parte<\/a><\/li>\n<li><a href=\"https:\/\/ens9001-infd.mendoza.edu.ar\/sitio\/wp-content\/uploads\/2025\/03\/Profesorado-de-Educacion-Secundaria-de-la-MODALIDAD-TECNICO-PROFESIONAL-EN-CONC.-CON-EL-TITULO-DE-BASE-PLAN-2025.pdf\">Profesorado de Educaci\u00f3n Secundaria de la MODALIDAD T\u00c9CNICO PROFESIONAL EN CONC. CON EL T\u00cdTULO DE BASE &#8211; PLAN 2025<\/a><\/li>\n<\/ul>\n<header class=\"entry-header\" aria-label=\"Contenido\">\n<h1 class=\"entry-title\">Tecnicaturas<\/h1>\n<\/header>\n<div class=\"entry-content\">\n<p><strong>En el Instituto se dictan diversas Tecnicaturas Superiores. Aqu\u00ed el detalle y sus respectivos Dise\u00f1os Curriculares:<\/strong><\/p>\n<p>Todas las tecnicaturas tienen una duraci\u00f3n de 3 (tres) a\u00f1os:<\/p>\n<ul>\n<li><a href=\"https:\/\/ens9001-infd.mendoza.edu.ar\/sitio\/wp-content\/uploads\/2025\/03\/Tecnicatura-Superior-en-ADMINISTRACION-PUBLICA-PLAN-2019.pdf\">Tecnicatura Superior en ADMINISTRACI\u00d3N P\u00daBLICA \u2013 PLAN 2019<\/a><\/li>\n<li><a href=\"https:\/\/ens9001-infd.mendoza.edu.ar\/sitio\/wp-content\/uploads\/2025\/03\/Tecnicatura-Superior-en-COMUNICACION-SOCIAL-PLAN-2019.pdf\">Tecnicatura Superior en COMUNICACI\u00d3N SOCIAL \u2013 PLAN 2019<\/a><\/li>\n<li><a href=\"https:\/\/ens9001-infd.mendoza.edu.ar\/sitio\/wp-content\/uploads\/2025\/03\/Tecnicatura-Superior-en-DISENO-DE-INDUMENTARIA-TEXTIL-y-ACCESORIOS-PLAN-2019.pdf\">Tecnicatura Superior en DISE\u00d1O DE INDUMENTARIA, TEXTIL y ACCESORIOS \u2013 PLAN 2019<\/a><\/li>\n<li><a href=\"https:\/\/ens9001-infd.mendoza.edu.ar\/sitio\/wp-content\/uploads\/2025\/03\/Tecnicatura-Superior-en-HIGIENE-y-SEGURIDAD-con-ORIENTACION-en-CALIDAD-y-MEDIO-AMBIENT-PLAN-2019.pdf\">Tecnicatura Superior en HIGIENE y SEGURIDAD con ORIENTACI\u00d3N\u00a0<\/a><a href=\"https:\/\/ens9001-infd.mendoza.edu.ar\/sitio\/wp-content\/uploads\/2025\/03\/Tecnicatura-Superior-en-HIGIENE-y-SEGURIDAD-con-ORIENTACION-en-CALIDAD-y-MEDIO-AMBIENT-PLAN-2019.pdf\">en CALIDAD y MEDIO AMBIENT \u2013 PLAN 2019<\/a><\/li>\n<li><a href=\"https:\/\/ens9001-infd.mendoza.edu.ar\/sitio\/wp-content\/uploads\/2025\/03\/Tecnicatura-Superior-en-AGRONOMIA-PLAN-2018.pdf\">Tecnicatura Superior en AGRONOM\u00cdA \u2013 PLAN 2018<\/a><\/li>\n<li><a href=\"https:\/\/ens9001-infd.mendoza.edu.ar\/sitio\/wp-content\/uploads\/2025\/03\/Tecnicatura-Superior-en-ENOLOGIA-E-INDUSTRIA-DE-LOS-ALIMENTOS-PLAN-2019.pdf\">Tecnicatura Superior en ENOLOG\u00cdA E INDUSTRIA DE LOS ALIMENTOS \u2013 PLAN 2019<\/a><\/li>\n<\/ul>\n<\/div>","protected":false},"excerpt":{"rendered":"<p>Profesorados En el Instituto se dictan diversas carreras de profesorados. Ac\u00e1 se pueden consultar los Dise\u00f1os Curriculares de cada uno de ellos. Todos los profesorados tienen una duraci\u00f3n de 4 (cuatro) a\u00f1os: Profesorado de Educaci\u00f3n ESPECIAL con ORIENTACI\u00d3N en DISCAPACIDAD INTELECTUAL &#8211; PLAN 2023 Profesorado de Educaci\u00f3n ESPECIAL con ORIENTACI\u00d3N en DISCAPACIDAD INTELECTUAL &#8211; PLAN &#8230; <a title=\"Dise\u00f1os Curriculares\" class=\"read-more\" href=\"https:\/\/ens9001-infd.mendoza.edu.ar\/sitio\/curriculas\/\" aria-label=\"More on Dise\u00f1os Curriculares\">[+]<\/a><\/p>\n","protected":false},"author":6607,"featured_media":0,"parent":0,"menu_order":0,"comment_status":"closed","ping_status":"closed","template":"","meta":[],"acf":[],"_links":{"self":[{"href":"https:\/\/ens9001-infd.mendoza.edu.ar\/sitio\/wp-json\/wp\/v2\/pages\/5761"}],"collection":[{"href":"https:\/\/ens9001-infd.mendoza.edu.ar\/sitio\/wp-json\/wp\/v2\/pages"}],"about":[{"href":"https:\/\/ens9001-infd.mendoza.edu.ar\/sitio\/wp-json\/wp\/v2\/types\/page"}],"author":[{"embeddable":true,"href":"https:\/\/ens9001-infd.mendoza.edu.ar\/sitio\/wp-json\/wp\/v2\/users\/6607"}],"replies":[{"embeddable":true,"href":"https:\/\/ens9001-infd.mendoza.edu.ar\/sitio\/wp-json\/wp\/v2\/comments?post=5761"}],"version-history":[{"count":17,"href":"https:\/\/ens9001-infd.mendoza.edu.ar\/sitio\/wp-json\/wp\/v2\/pages\/5761\/revisions"}],"predecessor-version":[{"id":22005,"href":"https:\/\/ens9001-infd.mendoza.edu.ar\/sitio\/wp-json\/wp\/v2\/pages\/5761\/revisions\/22005"}],"wp:attachment":[{"href":"https:\/\/ens9001-infd.mendoza.edu.ar\/sitio\/wp-json\/wp\/v2\/media?parent=5761"}],"curies":[{"name":"wp","href":"https:\/\/api.w.org\/{rel}","templated":true}]}}