{"id":22762,"date":"2026-05-09T10:41:13","date_gmt":"2026-05-09T13:41:13","guid":{"rendered":"https:\/\/ens9001-infd.mendoza.edu.ar\/sitio\/?page_id=22762"},"modified":"2026-05-12T17:39:17","modified_gmt":"2026-05-12T20:39:17","slug":"inscripciones-electivas-uce-2026-planes-nuevos","status":"publish","type":"page","link":"https:\/\/ens9001-infd.mendoza.edu.ar\/sitio\/inscripciones-electivas-uce-2026-planes-nuevos\/","title":{"rendered":"Inscripciones ELECTIVAS &#8211; UCE 2026 (Planes Nuevos)"},"content":{"rendered":"\n<ul>\n<li><strong>Profesorado de Educaci\u00f3n Inicial&nbsp;<\/strong><\/li>\n\n\n\n<li>U.C. Electivas: Organizaci\u00f3n y Planificaci\u00f3n de Salidas Educativas como Experiencias de Aprendizaje<\/li>\n\n\n\n<li><strong>Profesorado de Educaci\u00f3n Inicial &#8211; <\/strong>Res. N\u00b0 6867-DGE-23 (Plan en Nuevo)<\/li>\n\n\n\n<li><strong>Profesor\/a:<\/strong> Pablo Suarez<\/li>\n\n\n\n<li><strong>Destinatarios<\/strong>: Estudiantes 3\u00b0 a\u00f1o<\/li>\n\n\n\n<li><strong>Carga Horaria<\/strong>: 12 h<\/li>\n\n\n\n<li><strong>D\u00eda: <\/strong>Jueves<\/li>\n\n\n\n<li><strong>Hora:<\/strong> 18:00 a 20:00 h<\/li>\n\n\n\n<li><strong>Aula:<\/strong> SUM<\/li>\n\n\n\n<li><strong>Inscripciones<\/strong>. Cupo Completo.<\/li>\n\n\n\n<li><strong>Profesorado de Educaci\u00f3n Secundaria Geograf\u00eda e Historia<\/strong><\/li>\n\n\n\n<li>U.C. Electivas: La Salida Did\u00e1ctica como Dispositivo Pedag\u00f3gico en la Ense\u00f1anza de la Geograf\u00eda y la Historia&nbsp;<\/li>\n\n\n\n<li><strong>Profesorado de Educaci\u00f3n Secundaria en Geograf\u00eda e Historia &#8211;<\/strong> (Plan en Nuevo)<\/li>\n\n\n\n<li><strong>Profesor\/a:<\/strong> Pablo Suarez<\/li>\n\n\n\n<li><strong>Destinatarios<\/strong>: Estudiantes 2\u00b0 a\u00f1o<\/li>\n\n\n\n<li><strong>Carga Horaria<\/strong>: 12 h<\/li>\n\n\n\n<li><strong>D\u00eda: <\/strong>Viernes<\/li>\n\n\n\n<li><strong>Hora:<\/strong> 11:20 &#8211; 12:40 h<\/li>\n\n\n\n<li><strong>Aula: <\/strong>5 PA<\/li>\n\n\n\n<li><strong><a href=\"https:\/\/forms.gle\/sVQTHoxsjP5wnoUs9\">Inscripciones<\/a><\/strong><\/li>\n\n\n\n<li><strong>Profesorado de Educaci\u00f3n Primaria<\/strong><\/li>\n\n\n\n<li>U.C. Electivas: Nociones de Matem\u00e1tica en el Nivel Primario<\/li>\n\n\n\n<li><strong>Profesorado de Educaci\u00f3n Primaria &#8211; <\/strong>Res. N\u00b0 7665-DGE-23 (Plan en Nuevo)<\/li>\n\n\n\n<li><strong>Profesor\/a: <\/strong>Marina C\u00f3nsoli<\/li>\n\n\n\n<li><strong>Destinatarios<\/strong>: Estudiantes 2\u00b0 y 3 \u00b0 a\u00f1o<\/li>\n\n\n\n<li><strong>Carga Horaria<\/strong>: 12 h<\/li>\n\n\n\n<li><strong>D\u00eda: <\/strong>Martes<\/li>\n\n\n\n<li><strong>Hora:<\/strong> 14:00 -16:00 h<\/li>\n\n\n\n<li><strong>Aula:<\/strong> 2 PB<\/li>\n\n\n\n<li><strong><a href=\"https:\/\/forms.gle\/z4TD5Xy1hWRGa8EU9\">Inscripciones<\/a><\/strong><\/li>\n\n\n\n<li>U.C. Electivas: Lengua. Expresi\u00f3n Oral:&nbsp; El Reencuentro con la Propia Voz<\/li>\n\n\n\n<li><strong>Profesorado de Educaci\u00f3n Primaria &#8211; <\/strong>Res. N\u00b0 7665-DGE-23 (Plan en Nuevo)<\/li>\n\n\n\n<li><strong>Profesor\/a: <\/strong>Ra\u00fal Su\u00e1rez<\/li>\n\n\n\n<li><strong>Destinatarios<\/strong>: Estudiantes 2\u00b0 y 3\u00b0 a\u00f1o<\/li>\n\n\n\n<li><strong>Carga Horaria<\/strong>: 12 h<\/li>\n\n\n\n<li><strong>D\u00eda: <\/strong>Jueves<\/li>\n\n\n\n<li><strong>Hora:<\/strong> 14:00 a 16:00 h<\/li>\n\n\n\n<li><strong>Aula:<\/strong> 2 PB<\/li>\n\n\n\n<li><strong><a href=\"https:\/\/forms.gle\/xRwpvs1xL4i3ZnGr9\">Inscripciones<\/a><\/strong><\/li>\n\n\n\n<li><strong>Profesorado de Educaci\u00f3n Especial<\/strong><\/li>\n\n\n\n<li>U.C. Electivas: Introducci\u00f3n a la Lengua de Se\u00f1as<\/li>\n\n\n\n<li><strong>Profesorado de Educaci\u00f3n Especial<\/strong><\/li>\n\n\n\n<li><strong>Profesor\/a: <\/strong>Laura Cardenas<\/li>\n\n\n\n<li><strong>Destinatarios<\/strong>: Estudiantes 2\u00b0 y 3\u00b0 a\u00f1o<\/li>\n\n\n\n<li><strong>Carga Horaria<\/strong>: 12 h<\/li>\n\n\n\n<li><strong>D\u00eda: <\/strong>Jueves<\/li>\n\n\n\n<li><strong>Hora:<\/strong> 19:20-21:20 h<\/li>\n\n\n\n<li><strong>Aula:<\/strong> SUM<\/li>\n\n\n\n<li><strong>Inscripciones<\/strong>.Cupo Completo.<\/li>\n\n\n\n<li><strong>Profesorado de Ingl\u00e9s<\/strong><\/li>\n\n\n\n<li>U.C. Electivas: Geograf\u00eda Y Cultura Anglosajona&nbsp;<\/li>\n\n\n\n<li><strong>Profesorado de Ingl\u00e9s &#8211; <\/strong>RES. N\u00b0 6871-DGE-2023 (Plan en Nuevo)<\/li>\n\n\n\n<li><strong>Profesor\/a:<\/strong> Ariadna Cocconi<\/li>\n\n\n\n<li><strong>Destinatarios<\/strong>: Estudiantes 3\u00b0 a\u00f1o<\/li>\n\n\n\n<li><strong>Carga Horaria<\/strong>: 24 h<\/li>\n\n\n\n<li><strong>D\u00eda: <\/strong>Lunes<\/li>\n\n\n\n<li><strong>Hora: <\/strong>12:00 -13:20 h<\/li>\n\n\n\n<li><strong>Aula: <\/strong>8 PB<\/li>\n\n\n\n<li><strong><a href=\"https:\/\/forms.gle\/inAWWc2CCmbEXmdY9\">Inscripciones<\/a><\/strong><\/li>\n\n\n\n<li><strong>Profesorado de Educaci\u00f3n Secundaria en Lengua y Literatura<\/strong><\/li>\n\n\n\n<li>U.C. Electivas: Taller de Ret\u00f3rica&nbsp;<\/li>\n\n\n\n<li><strong>Profesorado de Educaci\u00f3n Secundaria en Lengua y Literatura &#8211; <\/strong>RES. N\u00b06869\/2023&nbsp; (Plan en Nuevo)<\/li>\n\n\n\n<li><strong>Profesor\/a:<\/strong> Suarez Ra\u00fal<\/li>\n\n\n\n<li><strong>Destinatarios<\/strong>: Estudiantes 3\u00b0 a\u00f1o<\/li>\n\n\n\n<li><strong>Carga Horaria<\/strong>: 24 h<\/li>\n\n\n\n<li><strong>D\u00eda: <\/strong>Jueves<\/li>\n\n\n\n<li><strong>Hora: <\/strong>12:00 a 14:00 h<\/li>\n\n\n\n<li><strong>Aula: <\/strong>8 PB<\/li>\n\n\n\n<li><strong><a href=\"https:\/\/forms.gle\/Jrbd6A8Un4CCNZCW6\">Inscripciones<\/a><\/strong><\/li>\n\n\n\n<li>U.C. Electivas: Historia De La Ling\u00fc\u00edstica&nbsp;<\/li>\n\n\n\n<li><strong>Profesorado de Educaci\u00f3n Secundaria en Lengua y Literatura &#8211; <\/strong>RES. N\u00b06869\/2023&nbsp; (Plan en Nuevo)<\/li>\n\n\n\n<li><strong>Profesor\/a:<\/strong> Avila \/&nbsp; Rinaldi<\/li>\n\n\n\n<li><strong>Destinatarios<\/strong>: Estudiantes 3\u00b0 a\u00f1o<\/li>\n\n\n\n<li><strong>Carga Horaria<\/strong>: 24 h<\/li>\n\n\n\n<li><strong>D\u00eda: <\/strong>Lunes<\/li>\n\n\n\n<li><strong>Hora: <\/strong>10:30 a 12:30 h<\/li>\n\n\n\n<li><strong>Aula: <\/strong>11 PA<\/li>\n\n\n\n<li><strong><a href=\"https:\/\/forms.gle\/JBxJ6VM2ajHgi255A\">Inscripciones<\/a><\/strong><\/li>\n\n\n\n<li><strong>Todos Profesorados<\/strong><\/li>\n\n\n\n<li>U.C. Electivas: Taller De Experiencias En Innovaci\u00f3n Pedag\u00f3gica Y Divulgaci\u00f3n&nbsp;<\/li>\n\n\n\n<li><strong>Todos los Profesorados &#8211;<\/strong> (Plan en Nuevo)<\/li>\n\n\n\n<li><strong>Profesor\/a:<\/strong> Vanesa Di Marco<\/li>\n\n\n\n<li><strong>Destinatarios<\/strong>: Estudiantes 2\u00b0 y 3\u00b0 a\u00f1o<\/li>\n\n\n\n<li><strong>Carga Horaria<\/strong>: 12 h<\/li>\n\n\n\n<li><strong>D\u00eda: <\/strong>Jueves<\/li>\n\n\n\n<li><strong>Hora:<\/strong> 12:00 a 14:00 h<\/li>\n\n\n\n<li><strong>Aula:<\/strong> 6 PB<\/li>\n\n\n\n<li><strong><a href=\"https:\/\/forms.gle\/LJMcQ6Q3VYi4i24v8\">Inscripciones<\/a><\/strong><\/li>\n\n\n\n<li>U.C. Electivas: Taller de Legislaci\u00f3n y Normativa Sobre Educaci\u00f3n<\/li>\n\n\n\n<li><strong>Todos los Profesorados &#8211;<\/strong> (Plan en Nuevo)<\/li>\n\n\n\n<li><strong>Profesor\/a:<\/strong> Natalia Meli<\/li>\n\n\n\n<li><strong>Destinatarios<\/strong>: Estudiantes 2\u00b0 y 3\u00b0 a\u00f1o<\/li>\n\n\n\n<li><strong>Carga Horaria<\/strong>: 12 h<\/li>\n\n\n\n<li><strong>D\u00eda:<\/strong> Lunes<\/li>\n\n\n\n<li><strong>Hora:<\/strong> 18:00 a 20:00 h<\/li>\n\n\n\n<li><strong>Aula:<\/strong> 4 PA<\/li>\n\n\n\n<li><strong><a href=\"https:\/\/forms.gle\/jas1SNLAHtvY1tvn6\">Inscripciones<\/a><\/strong><\/li>\n\n\n\n<li>U.C. Electivas: Taller de Abordaje de Problem\u00e1ticas Vinculadas con los Aprendizajes&nbsp;<\/li>\n\n\n\n<li><strong>Todos los Profesorados &#8211;<\/strong> (Plan en Nuevo)<\/li>\n\n\n\n<li><strong>Profesor\/a:<\/strong> Mariana Valdivieso<\/li>\n\n\n\n<li><strong>Destinatarios<\/strong>: Estudiantes 2\u00b0 y 3\u00b0 a\u00f1o<\/li>\n\n\n\n<li><strong>Carga Horaria<\/strong>: 12 h<\/li>\n\n\n\n<li><strong>D\u00eda:<\/strong> Lunes<\/li>\n\n\n\n<li><strong>Hora:<\/strong> 16:20 a 18:20 h<\/li>\n\n\n\n<li><strong>Aula:<\/strong> 3 PB<\/li>\n\n\n\n<li><strong><a href=\"https:\/\/forms.gle\/EJCQKbEy1dg5qgnY9\">Inscripciones<\/a><\/strong><\/li>\n\n\n\n<li>U.C. Electivas: Taller de Mediaci\u00f3n de Conflictos<\/li>\n\n\n\n<li><strong>Todos los Profesorados &#8211;<\/strong> (Plan en Nuevo)<\/li>\n\n\n\n<li><strong>Profesor\/a:<\/strong> Laura Villegas<\/li>\n\n\n\n<li><strong>Destinatarios<\/strong>: Estudiantes 2\u00b0 y 3\u00b0 a\u00f1o<\/li>\n\n\n\n<li><strong>Carga Horaria<\/strong>: 12 h<\/li>\n\n\n\n<li><strong>D\u00eda:<\/strong> Jueves<\/li>\n\n\n\n<li><strong>Hora:<\/strong> 12.00 a 14.00 h<\/li>\n\n\n\n<li><strong>Aula:<\/strong> 8 PB<\/li>\n\n\n\n<li><strong><a href=\"https:\/\/forms.gle\/F9ynBHRDNwHBod8n6\">Inscripciones<\/a><\/strong><\/li>\n\n\n\n<li>U.C. Electivas: Pensar y Ense\u00f1ar la Revoluci\u00f3n e Independencia<\/li>\n\n\n\n<li><strong>Todos los Profesorados<\/strong> &#8211; (Plan Nuevo)<\/li>\n\n\n\n<li>Profesor\/a: Daniel Sosa<\/li>\n\n\n\n<li>Destinatarios: Estudiantes 2\u00b0 y 3\u00b0 a\u00f1o<\/li>\n\n\n\n<li>Carga Horaria: 12 h<\/li>\n\n\n\n<li>D\u00eda: Lunes<\/li>\n\n\n\n<li>Hora: 13:00 -15:00 h<\/li>\n\n\n\n<li>Aula: 2 PB<\/li>\n\n\n\n<li><strong><a href=\"https:\/\/forms.gle\/zQbPBYLA3ANwfCpd7\">Inscripciones<\/a><\/strong><\/li>\n\n\n\n<li><strong>Profesora de Biolog\u00eda<\/strong><\/li>\n\n\n\n<li>U.C.Electivas: Alimentos Bajo la Lupa<\/li>\n\n\n\n<li><strong>Profesorado de Educaci\u00f3n Secundaria en Biolog\u00eda &#8211; <\/strong>(Plan Nuevo)<\/li>\n\n\n\n<li><strong>Profesor\/a:<\/strong> Luz L\u00f3pez<\/li>\n\n\n\n<li><strong>Destinatarios<\/strong>: Estudiantes 2\u00b0 a\u00f1o<\/li>\n\n\n\n<li><strong>Carga Horaria<\/strong>: 12 h<\/li>\n\n\n\n<li><strong>D\u00eda: <\/strong>Lunes<\/li>\n\n\n\n<li><strong>Hora:<\/strong> 10:30 a 12:30 h<\/li>\n\n\n\n<li><strong>Aula:<\/strong> Laboratorio<\/li>\n\n\n\n<li><strong><a href=\"https:\/\/forms.gle\/6wLnNTg4G12Vz1HX6\">Inscripciones<\/a><\/strong><\/li>\n\n\n\n<li>U.C.Electivas: Viveros Escolares de Plantas Nativas<\/li>\n\n\n\n<li><strong>Profesorado de Educaci\u00f3n Secundaria en Biolog\u00eda y Geograf\u00eda-<\/strong>(Plan Nuevo)<\/li>\n\n\n\n<li><strong>Profesor\/a:<\/strong> Soledad Brandi<\/li>\n\n\n\n<li><strong>Destinatarios<\/strong>: Estudiantes 2\u00b0 a\u00f1o<\/li>\n\n\n\n<li><strong>Carga Horaria<\/strong>: 24 h<\/li>\n\n\n\n<li><strong>D\u00eda: <\/strong>Viernes<\/li>\n\n\n\n<li><strong>Hora:<\/strong> 9:00 &#8211; 13:00 h<\/li>\n\n\n\n<li><strong>Aula:<\/strong> 9 PA&nbsp;<\/li>\n\n\n\n<li><strong><a href=\"https:\/\/forms.gle\/uybaEHMnZA6shD5i7\">Inscripciones<\/a><\/strong><\/li>\n<\/ul>\n\n\n\n<p><\/p>\n","protected":false},"excerpt":{"rendered":"","protected":false},"author":824,"featured_media":0,"parent":0,"menu_order":0,"comment_status":"closed","ping_status":"closed","template":"","meta":[],"acf":[],"_links":{"self":[{"href":"https:\/\/ens9001-infd.mendoza.edu.ar\/sitio\/wp-json\/wp\/v2\/pages\/22762"}],"collection":[{"href":"https:\/\/ens9001-infd.mendoza.edu.ar\/sitio\/wp-json\/wp\/v2\/pages"}],"about":[{"href":"https:\/\/ens9001-infd.mendoza.edu.ar\/sitio\/wp-json\/wp\/v2\/types\/page"}],"author":[{"embeddable":true,"href":"https:\/\/ens9001-infd.mendoza.edu.ar\/sitio\/wp-json\/wp\/v2\/users\/824"}],"replies":[{"embeddable":true,"href":"https:\/\/ens9001-infd.mendoza.edu.ar\/sitio\/wp-json\/wp\/v2\/comments?post=22762"}],"version-history":[{"count":11,"href":"https:\/\/ens9001-infd.mendoza.edu.ar\/sitio\/wp-json\/wp\/v2\/pages\/22762\/revisions"}],"predecessor-version":[{"id":22829,"href":"https:\/\/ens9001-infd.mendoza.edu.ar\/sitio\/wp-json\/wp\/v2\/pages\/22762\/revisions\/22829"}],"wp:attachment":[{"href":"https:\/\/ens9001-infd.mendoza.edu.ar\/sitio\/wp-json\/wp\/v2\/media?parent=22762"}],"curies":[{"name":"wp","href":"https:\/\/api.w.org\/{rel}","templated":true}]}}