{"id":22267,"date":"2025-09-29T15:31:45","date_gmt":"2025-09-29T18:31:45","guid":{"rendered":"https:\/\/ens9001-infd.mendoza.edu.ar\/sitio\/?page_id=22267"},"modified":"2025-10-02T13:50:18","modified_gmt":"2025-10-02T16:50:18","slug":"tecnicatura-superior-en-acompanamiento-terapeutico","status":"publish","type":"page","link":"https:\/\/ens9001-infd.mendoza.edu.ar\/sitio\/tecnicatura-superior-en-acompanamiento-terapeutico\/","title":{"rendered":"Acompa\u00f1amiento Terap\u00e9utico"},"content":{"rendered":"\n<h2 class=\"wp-block-heading\">Tecnicatura Superior en Acompa\u00f1amiento Terap\u00e9utico<\/h2>\n\n\n\n<ul>\n<li><strong>T\u00edtulo que otorga:<\/strong> T\u00e9cnico\/a Superior en Acompa\u00f1amiento Terap\u00e9utico<\/li>\n\n\n\n<li><strong>Familia profesional:<\/strong> Salud<\/li>\n\n\n\n<li><strong>Carga horaria total:<\/strong> 2.490 horas c\u00e1tedra (1.660 horas reloj)<\/li>\n\n\n\n<li><strong>Modalidad:<\/strong> Presencial<\/li>\n\n\n\n<li><strong>Duraci\u00f3n:<\/strong> 3 a\u00f1os<\/li>\n\n\n\n<li><strong>Norma de aprobaci\u00f3n:<\/strong> Resoluci\u00f3n N\u00ba 778-DGE-2025 (11 de marzo de 2025)<\/li>\n<\/ul>\n\n\n\n<p>Plan de Estudios<\/p>\n\n\n\n<p><strong>Primer A\u00f1o \u2013 870 hs c\u00e1tedra (580 hs reloj)<\/strong><\/p>\n\n\n\n<ul>\n<li>Antropolog\u00eda Sociocultural y Salud<\/li>\n\n\n\n<li>Psicolog\u00eda General y de la Personalidad<\/li>\n\n\n\n<li>Entornos Virtuales de la Salud y Herramientas Digitales<\/li>\n\n\n\n<li>Comunicaci\u00f3n en Salud<\/li>\n\n\n\n<li>Salud P\u00fablica y Comunidad<\/li>\n\n\n\n<li>Primeros Auxilios<\/li>\n\n\n\n<li>Fundamentos del Acompa\u00f1amiento Terap\u00e9utico<\/li>\n\n\n\n<li>Anatom\u00eda del Cuerpo Humano<\/li>\n\n\n\n<li>Bases Neuropsicol\u00f3gicas del Desarrollo<\/li>\n\n\n\n<li>Pr\u00e1ctica Profesionalizante I<\/li>\n<\/ul>\n\n\n\n<p><strong>Segundo A\u00f1o \u2013 840 hs c\u00e1tedra (560 hs reloj)<\/strong><\/p>\n\n\n\n<ul>\n<li>Psicolog\u00eda del Desarrollo<\/li>\n\n\n\n<li>Psicolog\u00eda Social y de Grupos<\/li>\n\n\n\n<li>Estrategias de Recreaci\u00f3n y Habilidades para la Vida<\/li>\n\n\n\n<li>Aspectos Generales de Farmacolog\u00eda Aplicada<\/li>\n\n\n\n<li>Investigaci\u00f3n en Salud<\/li>\n\n\n\n<li>Educaci\u00f3n para la Salud<\/li>\n\n\n\n<li>Acompa\u00f1amiento Terap\u00e9utico en Ni\u00f1ez y Adolescencia<\/li>\n\n\n\n<li>Acompa\u00f1amiento Terap\u00e9utico en Adultos y Adultos Mayores<\/li>\n\n\n\n<li>Pr\u00e1ctica Profesionalizante II<\/li>\n<\/ul>\n\n\n\n<p><strong>Tercer A\u00f1o \u2013 780 hs c\u00e1tedra (520 hs reloj)<\/strong><\/p>\n\n\n\n<ul>\n<li>Ingl\u00e9s T\u00e9cnico<\/li>\n\n\n\n<li>\u00c9tica y Legislaci\u00f3n en Acompa\u00f1amiento Terap\u00e9utico<\/li>\n\n\n\n<li>Gesti\u00f3n del Trabajo y Autocuidado<\/li>\n\n\n\n<li>Salud Mental y Adicciones<\/li>\n\n\n\n<li>Acompa\u00f1amiento Terap\u00e9utico en Salud Mental<\/li>\n\n\n\n<li>Acompa\u00f1amiento Terap\u00e9utico en Diversos Contextos<\/li>\n\n\n\n<li>Acompa\u00f1amiento Terap\u00e9utico en la Discapacidad<\/li>\n\n\n\n<li>Pr\u00e1ctica Profesionalizante III<\/li>\n<\/ul>\n\n\n\n<h2 class=\"wp-block-heading\"><\/h2>\n\n\n\n<h2 class=\"wp-block-heading\"><\/h2>\n\n\n\n<h2 class=\"wp-block-heading\"><\/h2>\n\n\n\n<h2 class=\"wp-block-heading\"><\/h2>\n\n\n\n<h2 class=\"wp-block-heading\"><\/h2>\n\n\n\n<h2 class=\"wp-block-heading\"><\/h2>\n\n\n\n<h2 class=\"wp-block-heading\"><\/h2>\n\n\n\n<h2 class=\"wp-block-heading\"><\/h2>\n\n\n\n<h2 class=\"wp-block-heading\"><\/h2>\n","protected":false},"excerpt":{"rendered":"<p>Tecnicatura Superior en Acompa\u00f1amiento Terap\u00e9utico Plan de Estudios Primer A\u00f1o \u2013 870 hs c\u00e1tedra (580 hs reloj) Segundo A\u00f1o \u2013 840 hs c\u00e1tedra (560 hs reloj) Tercer A\u00f1o \u2013 780 hs c\u00e1tedra (520 hs reloj)<\/p>\n","protected":false},"author":858,"featured_media":0,"parent":0,"menu_order":0,"comment_status":"closed","ping_status":"closed","template":"","meta":[],"acf":[],"_links":{"self":[{"href":"https:\/\/ens9001-infd.mendoza.edu.ar\/sitio\/wp-json\/wp\/v2\/pages\/22267"}],"collection":[{"href":"https:\/\/ens9001-infd.mendoza.edu.ar\/sitio\/wp-json\/wp\/v2\/pages"}],"about":[{"href":"https:\/\/ens9001-infd.mendoza.edu.ar\/sitio\/wp-json\/wp\/v2\/types\/page"}],"author":[{"embeddable":true,"href":"https:\/\/ens9001-infd.mendoza.edu.ar\/sitio\/wp-json\/wp\/v2\/users\/858"}],"replies":[{"embeddable":true,"href":"https:\/\/ens9001-infd.mendoza.edu.ar\/sitio\/wp-json\/wp\/v2\/comments?post=22267"}],"version-history":[{"count":4,"href":"https:\/\/ens9001-infd.mendoza.edu.ar\/sitio\/wp-json\/wp\/v2\/pages\/22267\/revisions"}],"predecessor-version":[{"id":22278,"href":"https:\/\/ens9001-infd.mendoza.edu.ar\/sitio\/wp-json\/wp\/v2\/pages\/22267\/revisions\/22278"}],"wp:attachment":[{"href":"https:\/\/ens9001-infd.mendoza.edu.ar\/sitio\/wp-json\/wp\/v2\/media?parent=22267"}],"curies":[{"name":"wp","href":"https:\/\/api.w.org\/{rel}","templated":true}]}}