{"id":22107,"date":"2025-09-08T21:55:27","date_gmt":"2025-09-09T00:55:27","guid":{"rendered":"https:\/\/ens9001-infd.mendoza.edu.ar\/sitio\/?page_id=22107"},"modified":"2025-09-08T21:57:16","modified_gmt":"2025-09-09T00:57:16","slug":"profesorados-2","status":"publish","type":"page","link":"https:\/\/ens9001-infd.mendoza.edu.ar\/sitio\/profesorados-2\/","title":{"rendered":"Profesorados"},"content":{"rendered":"\n<h3 class=\"wp-block-heading\">Tenemos una amplia oferta de carreras Docentes. <\/h3>\n\n\n\n<p>Todos nuestros profesorados tienen una duraci\u00f3n de 4 (cuatro) a\u00f1os, a excepci\u00f3n del Profesorado para T\u00e9cnicos (de duraci\u00f3n variable). Pod\u00e9s elegir entre: <\/p>\n\n\n\n<ul>\n<li><a href=\"https:\/\/ens9001-infd.mendoza.edu.ar\/sitio\/educacion-primaria\/\" target=\"_blank\" rel=\"noreferrer noopener\">Profesorado de Educaci\u00f3n PRIMARIA<\/a><\/li>\n\n\n\n<li><a href=\"https:\/\/ens9001-infd.mendoza.edu.ar\/sitio\/educacion-inicial\/\" target=\"_blank\" rel=\"noreferrer noopener\">Profesorado de Educaci\u00f3n INICIAL<\/a><\/li>\n\n\n\n<li><a href=\"https:\/\/ens9001-infd.mendoza.edu.ar\/sitio\/educacion-especial\/\" target=\"_blank\" rel=\"noreferrer noopener\">Profesorado de Educaci\u00f3n ESPECIAL con ORIENTACI\u00d3N en DISCAPACIDAD INTELECT<\/a>UAL<\/li>\n\n\n\n<li><a href=\"https:\/\/ens9001-infd.mendoza.edu.ar\/sitio\/ingles-2\/\" target=\"_blank\" rel=\"noreferrer noopener\">Profesorado de&nbsp;INGL\u00c9S<\/a><\/li>\n\n\n\n<li><a href=\"https:\/\/ens9001-infd.mendoza.edu.ar\/sitio\/lengua-y-literatura\/\" target=\"_blank\" rel=\"noreferrer noopener\">Profesorado de Educaci\u00f3n Secundaria en LENGUA y LITERATURA<\/a><\/li>\n\n\n\n<li><a href=\"https:\/\/ens9001-infd.mendoza.edu.ar\/sitio\/geografia-3\/\" target=\"_blank\" rel=\"noreferrer noopener\">Profesorado de Educaci\u00f3n Secundaria en GEOGRAF\u00cdA<\/a><\/li>\n\n\n\n<li><a href=\"https:\/\/ens9001-infd.mendoza.edu.ar\/sitio\/historia-3\/\" target=\"_blank\" rel=\"noreferrer noopener\">Profesorado de Educaci\u00f3n Secundaria en HISTORIA<\/a><\/li>\n\n\n\n<li><a rel=\"noreferrer noopener\" href=\"https:\/\/ens9001-infd.mendoza.edu.ar\/sitio\/wp-content\/uploads\/2025\/03\/Profesorado-de-Biologi%CC%81a-PLAN-2025.pdf\" target=\"_blank\">Profesorado de Educaci\u00f3n&nbsp;<\/a><a rel=\"noreferrer noopener\" href=\"https:\/\/ens9001-infd.mendoza.edu.ar\/sitio\/biologia\/\" target=\"_blank\">Secundaria<\/a><a href=\"https:\/\/ens9001-infd.mendoza.edu.ar\/sitio\/biologia\/\" target=\"_blank\" rel=\"noreferrer noopener\">&nbsp;en BIOLOG\u00cdA<\/a><\/li>\n\n\n\n<li><a href=\"https:\/\/ens9001-infd.mendoza.edu.ar\/sitio\/protec\/\" target=\"_blank\" rel=\"noreferrer noopener\">Profesorado de Educaci\u00f3n Secundaria de la MODALIDAD T\u00c9CNICO PROFESIONAL EN CONC. CON EL T\u00cdTULO DE BASE<\/a><\/li>\n<\/ul>\n","protected":false},"excerpt":{"rendered":"<p>Tenemos una amplia oferta de carreras Docentes. Todos nuestros profesorados tienen una duraci\u00f3n de 4 (cuatro) a\u00f1os, a excepci\u00f3n del Profesorado para T\u00e9cnicos (de duraci\u00f3n variable). Pod\u00e9s elegir entre:<\/p>\n","protected":false},"author":858,"featured_media":0,"parent":0,"menu_order":0,"comment_status":"closed","ping_status":"closed","template":"","meta":[],"acf":[],"_links":{"self":[{"href":"https:\/\/ens9001-infd.mendoza.edu.ar\/sitio\/wp-json\/wp\/v2\/pages\/22107"}],"collection":[{"href":"https:\/\/ens9001-infd.mendoza.edu.ar\/sitio\/wp-json\/wp\/v2\/pages"}],"about":[{"href":"https:\/\/ens9001-infd.mendoza.edu.ar\/sitio\/wp-json\/wp\/v2\/types\/page"}],"author":[{"embeddable":true,"href":"https:\/\/ens9001-infd.mendoza.edu.ar\/sitio\/wp-json\/wp\/v2\/users\/858"}],"replies":[{"embeddable":true,"href":"https:\/\/ens9001-infd.mendoza.edu.ar\/sitio\/wp-json\/wp\/v2\/comments?post=22107"}],"version-history":[{"count":2,"href":"https:\/\/ens9001-infd.mendoza.edu.ar\/sitio\/wp-json\/wp\/v2\/pages\/22107\/revisions"}],"predecessor-version":[{"id":22110,"href":"https:\/\/ens9001-infd.mendoza.edu.ar\/sitio\/wp-json\/wp\/v2\/pages\/22107\/revisions\/22110"}],"wp:attachment":[{"href":"https:\/\/ens9001-infd.mendoza.edu.ar\/sitio\/wp-json\/wp\/v2\/media?parent=22107"}],"curies":[{"name":"wp","href":"https:\/\/api.w.org\/{rel}","templated":true}]}}