{"id":21461,"date":"2025-06-10T11:49:25","date_gmt":"2025-06-10T14:49:25","guid":{"rendered":"https:\/\/ens9001-infd.mendoza.edu.ar\/sitio\/?page_id=21461"},"modified":"2025-08-19T11:45:35","modified_gmt":"2025-08-19T14:45:35","slug":"actualizacioningles","status":"publish","type":"page","link":"https:\/\/ens9001-infd.mendoza.edu.ar\/sitio\/actualizacioningles\/","title":{"rendered":""},"content":{"rendered":"\n<h2 class=\"wp-block-heading has-accent-color has-text-color\"><strong>\u201cActualizaci\u00f3n acad\u00e9mica en ense\u00f1anza de ingl\u00e9s como lengua extranjera\u201d&nbsp;<\/strong><\/h2>\n\n\n\n<p><strong><a rel=\"noreferrer noopener\" href=\"https:\/\/docs.google.com\/forms\/d\/e\/1FAIpQLScIoQ7H22ngk3DtQRDh7WRODNg1orDnoeyOl2c1KXg582jYjg\/viewform\" target=\"_blank\">Cohorte 2025. INSCRIPCIONES ABIERTAS<\/a><\/strong><\/p>\n\n\n\n<p><strong>Modalidad de cursado:<\/strong>&nbsp;combinada, con dos actividades presenciales y con actividades virtuales sincr\u00f3nicas y asincr\u00f3nicas.<\/p>\n\n\n\n<p><strong><a href=\"https:\/\/acrobat.adobe.com\/id\/urn:aaid:sc:VA6C2:69da4e26-cbe8-42b0-9f9f-e4bd8b983325\">Resoluci\u00f3n: N\u00ba117\/2025<\/a><\/strong><\/p>\n\n\n\n<p>Este post\u00edtulo se presenta como una propuesta acad\u00e9mica integral que invita a repensar la ense\u00f1anza del ingl\u00e9s desde una mirada cr\u00edtica, reflexiva e interdisciplinaria. Fundamentado en una perspectiva socio-constructivista del aprendizaje, ofrece un espacio de formaci\u00f3n que articula teor\u00eda y pr\u00e1ctica para abordar los desaf\u00edos actuales de la docencia en contextos diversos y cambiantes. A trav\u00e9s del di\u00e1logo con marcos te\u00f3ricos contempor\u00e1neos (como la teor\u00eda sociocultural y la pr\u00e1ctica reflexiva)\u00a0se busca promover el desarrollo de docentes\u00a0capaces de investigar su pr\u00e1ctica, dise\u00f1ar propuestas did\u00e1cticas contextualizadas e\u00a0incorporar cr\u00edticamente las tecnolog\u00edas. La formaci\u00f3n se organiza como una\u00a0comunidad de pr\u00e1ctica, donde el conocimiento se construye colaborativamente a partir\u00a0del intercambio, la reflexi\u00f3n compartida y la producci\u00f3n situada.<\/p>\n\n\n\n<p><strong>Destinatarios:<\/strong>&nbsp;Profesores de Ingl\u00e9s de diferentes niveles (primario, secundario y superior) y modalidades que posean t\u00edtulo habilitante avalado por la DGE.<\/p>\n\n\n\n<p><strong>Encuentro informativo virtual:&nbsp;<\/strong>fecha a definir<\/p>\n\n\n\n<p><strong>Cursado:<\/strong>\u00a0combinada, con encuentros sincr\u00f3nicos semanales, d\u00edas viernes a partir de las 18:30h y dos encuentros presenciales.<\/p>\n\n\n\n<p><strong>Duraci\u00f3n:<\/strong>&nbsp;1 a\u00f1o&nbsp;&nbsp;&nbsp; &nbsp; &nbsp; &nbsp; &nbsp; &nbsp; &nbsp; &nbsp; &nbsp; &nbsp; &nbsp; &nbsp; &nbsp; &nbsp; &nbsp; &nbsp; &nbsp; &nbsp; &nbsp; &nbsp; &nbsp; &nbsp; &nbsp; &nbsp; &nbsp; &nbsp; &nbsp; &nbsp; &nbsp; &nbsp; &nbsp; &nbsp; &nbsp; &nbsp; &nbsp; &nbsp; &nbsp; &nbsp; &nbsp; &nbsp; &nbsp; &nbsp; &nbsp; &nbsp; &nbsp; &nbsp; &nbsp; &nbsp; &nbsp; &nbsp; &nbsp; &nbsp; &nbsp; &nbsp; &nbsp; &nbsp;<\/p>\n\n\n\n<p><strong>Inicio:<\/strong>\u00a024 de\u00a0octubre 2025.<\/p>\n\n\n\n<p><strong>Fecha l\u00edmite para entrega de documentaci\u00f3n y pago de inscripci\u00f3n:&nbsp;<\/strong>hasta el&nbsp;01 de agosto de 2025.<\/p>\n\n\n\n<p>Documentaci\u00f3n a presentar (en PDF)&nbsp;<\/p>\n\n\n\n<ul>\n<li>DNI ambas caras<\/li>\n\n\n\n<li>Acta de Nacimiento<\/li>\n\n\n\n<li>T\u00edtulo o anal\u00edtico definitivo<\/li>\n<\/ul>\n\n\n\n<p><strong>(IMPORTANTE: esta documentaci\u00f3n deber\u00e1 ser presentada posteriormente en formato papel, debidamente autenticada)<\/strong><\/p>\n\n\n\n<p><strong>Costos<\/strong><\/p>\n\n\n\n<p><strong>Costo total: $ 90.000.-<\/strong><\/p>\n\n\n\n<p><strong>Opciones de pago<\/strong><br>Opci\u00f3n 1: Cuota inicial de $ 30.000 y dos cuotas bimestrales de $30.000 cada una.<br>Opci\u00f3n 2: Cuota inicial de $ 10.000 y 10 cuotas mensuales de $ 10.000.<br>Opci\u00f3n 3: Descuento por pago contado. Cuota \u00fanica inicial de $ 70.000.<br>Presentando carnet de cooperadora al d\u00eda se accede a un descuento del 15%.<\/p>\n\n\n\n<p><strong>Forma de pago<\/strong><br>Presencial, en las oficinas de la Asociaci\u00f3n Cooperadora IES 9-001.&nbsp;Virtual, consultar al correo electr\u00f3nico: 9001cooperadora@gmail.com<\/p>\n\n\n\n<p><strong>Horarios de Atenci\u00f3n Cooperadora:<\/strong><br>De Ma\u00f1ana:&nbsp;<br>&#8211; Lunes a Viernes de 8:30 a 12:30hs.<br>De Tarde:&nbsp;<br>&#8211; Lunes y Martes de 14:30 a 20hs.<br>&#8211; Mi\u00e9rcoles y Jueves de 14:30 a 18:30hs.<br>&#8211; Viernes de 14:30 a 17:30hs.<\/p>\n\n\n\n<p><strong><a href=\"https:\/\/docs.google.com\/forms\/d\/e\/1FAIpQLScIoQ7H22ngk3DtQRDh7WRODNg1orDnoeyOl2c1KXg582jYjg\/viewform\" target=\"_blank\" rel=\"noreferrer noopener\">Reserv\u00e1 tu lugar completando este formulario y da el pr\u00f3ximo paso en tu&nbsp;desarrollo profesional.<\/a><\/strong><\/p>\n\n\n\n<p><strong>Dudas o consultas<\/strong><br>Administrativas (documentaci\u00f3n): cfc.bedelia.9001@gmail.com<br>Acad\u00e9micas: professorceciliagonzalez@gmail.com<\/p>\n\n\n\n<hr class=\"wp-block-separator has-alpha-channel-opacity\"\/>\n\n\n<div class=\"wp-block-image\">\n<figure class=\"aligncenter size-full is-resized\"><img decoding=\"async\" loading=\"lazy\" src=\"https:\/\/ens9001-infd.mendoza.edu.ar\/sitio\/wp-content\/uploads\/2025\/02\/WhatsApp-Image-2024-10-02-at-12.11.22-1.jpeg\" alt=\"\" class=\"wp-image-21008\" width=\"470\" height=\"173\" srcset=\"https:\/\/ens9001-infd.mendoza.edu.ar\/sitio\/wp-content\/uploads\/2025\/02\/WhatsApp-Image-2024-10-02-at-12.11.22-1.jpeg 851w, https:\/\/ens9001-infd.mendoza.edu.ar\/sitio\/wp-content\/uploads\/2025\/02\/WhatsApp-Image-2024-10-02-at-12.11.22-1-768x284.jpeg 768w\" sizes=\"(max-width: 470px) 100vw, 470px\" \/><\/figure><\/div>\n\n\n<h5 class=\"wp-block-heading has-text-color\" style=\"color:#54718a\">Jefatura de Formaci\u00f3n Continua<\/h5>\n\n\n\n<p>Atenci\u00f3n: Sede Central del IES 9-001, Chubut y Balcarce, San Mart\u00edn, Mendoza<\/p>\n\n\n\n<p>Horarios:<\/p>\n\n\n\n<ul>\n<li>de lunes a viernes de 8: 00 a 11 hs; <\/li>\n\n\n\n<li>lunes, martes, jueves y viernes de 14 a 17 hs.; <\/li>\n\n\n\n<li>mi\u00e9rcoles de 17 a 20 hs<\/li>\n<\/ul>\n\n\n\n<p>cfc.bedelia.9001@gmail.com<\/p>\n\n\n\n<p><\/p>\n","protected":false},"excerpt":{"rendered":"<p>\u201cActualizaci\u00f3n acad\u00e9mica en ense\u00f1anza de ingl\u00e9s como lengua extranjera\u201d&nbsp; Cohorte 2025. INSCRIPCIONES ABIERTAS Modalidad de cursado:&nbsp;combinada, con dos actividades presenciales y con actividades virtuales sincr\u00f3nicas y asincr\u00f3nicas. Resoluci\u00f3n: N\u00ba117\/2025 Este post\u00edtulo se presenta como una propuesta acad\u00e9mica integral que invita a repensar la ense\u00f1anza del ingl\u00e9s desde una mirada cr\u00edtica, reflexiva e interdisciplinaria. Fundamentado en &#8230; <a title=\"\" class=\"read-more\" href=\"https:\/\/ens9001-infd.mendoza.edu.ar\/sitio\/actualizacioningles\/\" aria-label=\"More on \">[+]<\/a><\/p>\n","protected":false},"author":858,"featured_media":0,"parent":0,"menu_order":0,"comment_status":"closed","ping_status":"closed","template":"","meta":[],"acf":[],"_links":{"self":[{"href":"https:\/\/ens9001-infd.mendoza.edu.ar\/sitio\/wp-json\/wp\/v2\/pages\/21461"}],"collection":[{"href":"https:\/\/ens9001-infd.mendoza.edu.ar\/sitio\/wp-json\/wp\/v2\/pages"}],"about":[{"href":"https:\/\/ens9001-infd.mendoza.edu.ar\/sitio\/wp-json\/wp\/v2\/types\/page"}],"author":[{"embeddable":true,"href":"https:\/\/ens9001-infd.mendoza.edu.ar\/sitio\/wp-json\/wp\/v2\/users\/858"}],"replies":[{"embeddable":true,"href":"https:\/\/ens9001-infd.mendoza.edu.ar\/sitio\/wp-json\/wp\/v2\/comments?post=21461"}],"version-history":[{"count":15,"href":"https:\/\/ens9001-infd.mendoza.edu.ar\/sitio\/wp-json\/wp\/v2\/pages\/21461\/revisions"}],"predecessor-version":[{"id":21627,"href":"https:\/\/ens9001-infd.mendoza.edu.ar\/sitio\/wp-json\/wp\/v2\/pages\/21461\/revisions\/21627"}],"wp:attachment":[{"href":"https:\/\/ens9001-infd.mendoza.edu.ar\/sitio\/wp-json\/wp\/v2\/media?parent=21461"}],"curies":[{"name":"wp","href":"https:\/\/api.w.org\/{rel}","templated":true}]}}