{"id":21354,"date":"2025-04-29T11:31:42","date_gmt":"2025-04-29T14:31:42","guid":{"rendered":"https:\/\/ens9001-infd.mendoza.edu.ar\/sitio\/?page_id=21354"},"modified":"2025-04-29T15:47:50","modified_gmt":"2025-04-29T18:47:50","slug":"becas-estudiantiles","status":"publish","type":"page","link":"https:\/\/ens9001-infd.mendoza.edu.ar\/sitio\/becas-estudiantiles\/","title":{"rendered":"Becas Estudiantiles"},"content":{"rendered":"\n<h4 class=\"wp-block-heading has-text-color\" style=\"color:#a26f03\">Becas Estudiantiles 9-001<\/h4>\n\n\n\n<h3 class=\"wp-block-heading\">&#x1f393; <strong>Convocatoria 2025 \u2013 Becas IES 9-001 \u201cGral. Jos\u00e9 de San Mart\u00edn\u201d<\/strong><\/h3>\n\n\n\n<p><strong>\u00a1Acompa\u00f1amos tu trayectoria educativa!<\/strong><\/p>\n\n\n\n<p>El Instituto de Educaci\u00f3n Superior 9-001 informa que se encuentra <strong>abierta la convocatoria 2025 para la postulaci\u00f3n a becas estudiantiles<\/strong>, con el fin de acompa\u00f1ar y fortalecer las trayectorias acad\u00e9micas de estudiantes de formaci\u00f3n docente y tecnicaturas.<\/p>\n\n\n\n<h3 class=\"wp-block-heading\">&#x1f5d3;&#xfe0f; <strong>Fechas importantes<\/strong><\/h3>\n\n\n\n<ul>\n<li>&#x1f4cc; <strong>Per\u00edodo de inscripci\u00f3n:<\/strong> del <strong>5 al 16 de mayo de 2025<\/strong><\/li>\n\n\n\n<li>&#x1f4cb; <strong>Entrevistas con el \u00c1rea Social, Legal y Psicopedag\u00f3gica:<\/strong> del <strong>22 de mayo al 6 de junio<\/strong><\/li>\n\n\n\n<li>&#x2705; <strong>Adjudicaci\u00f3n de becas:<\/strong> <strong>16 de junio<\/strong><\/li>\n<\/ul>\n\n\n\n<h3 class=\"wp-block-heading\">&#x1f4bc; <strong>Tipos de becas disponibles<\/strong><\/h3>\n\n\n\n<p>&#x1f539; <strong>Beca de transporte<\/strong><br>&#x1f539; <strong>Beca de comedor<\/strong><br>&#x1f539; <strong>Beca de fotocopias<\/strong><\/p>\n\n\n\n<h3 class=\"wp-block-heading\">&#x1f4dd; <strong>Postulaci\u00f3n online<\/strong><\/h3>\n\n\n\n<p>Los estudiantes interesados deber\u00e1n inscribirse completando el formulario correspondiente a la beca deseada:<\/p>\n\n\n\n<p>&#x1f449; <a href=\"https:\/\/docs.google.com\/forms\/d\/e\/1FAIpQLSdN2zUFL0nZDWGvfhLNFBWnCr0OzXPw3CgRq-y9TDx5Y2un6g\/viewform\" target=\"_blank\" rel=\"noreferrer noopener\">Formulario de inscripci\u00f3n \u2013 Beca de transporte<\/a><br>&#x1f449; <a href=\"https:\/\/docs.google.com\/forms\/d\/e\/1FAIpQLSf7RFdZfSSER0SRKQOZWZMehahglCqoa3EHsbN34MnN8Ylhog\/viewform\" target=\"_blank\" rel=\"noreferrer noopener\">Formulario de inscripci\u00f3n \u2013 Beca de comedor<\/a><br>&#x1f449; <a href=\"https:\/\/docs.google.com\/forms\/d\/e\/1FAIpQLSfPM0B9xNCrkR7CdOWgBDTYc8qdNmvodc6VIytB35GBTc2fjA\/viewform\" target=\"_blank\" rel=\"noreferrer noopener\">Formulario de inscripci\u00f3n \u2013 Beca de fotocopias<\/a><\/p>\n\n\n\n<p>&#x1f4cc; Es necesario completar el formulario con informaci\u00f3n veraz, ya que tiene car\u00e1cter de <strong>declaraci\u00f3n jurada<\/strong>.<\/p>\n\n\n\n<h3 class=\"wp-block-heading\">&#x1f4cc; \u00bfQui\u00e9nes pueden postularse?<\/h3>\n\n\n\n<ul>\n<li>Estudiantes regulares de carreras del IES 9-001<\/li>\n\n\n\n<li>Con situaci\u00f3n socioecon\u00f3mica que justifique el beneficio<\/li>\n\n\n\n<li>Sin t\u00edtulo superior o universitario previo<\/li>\n<\/ul>\n\n\n\n<h3 class=\"wp-block-heading\">&#x1f4c4; <strong>Documentaci\u00f3n a presentar<\/strong><\/h3>\n\n\n\n<p>Una vez completado el formulario de inscripci\u00f3n online, cada postulante deber\u00e1 presentar la siguiente documentaci\u00f3n (al momento de la entrevista):<\/p>\n\n\n\n<ul>\n<li>Formulario impreso de inscripci\u00f3n a la beca (copia recibida en el correo electr\u00f3nico consignado)<\/li>\n\n\n\n<li>Fotocopia de DNI<\/li>\n\n\n\n<li>Certificado de Alumno Regular<\/li>\n\n\n\n<li>Certificado Negativo de ANSES<\/li>\n\n\n\n<li><strong>Tener legajo completo en el \u00c1rea de Ingreso<\/strong> (<em>requisito excluyente<\/em>)<\/li>\n<\/ul>\n\n\n\n<p>&#x1f4cc; <strong>Para la Beca de Transporte<\/strong>, adem\u00e1s de lo anterior, se deber\u00e1 presentar:<\/p>\n\n\n\n<ul>\n<li>Certificado de medio boleto<\/li>\n<\/ul>\n\n\n\n<h3 class=\"wp-block-heading\">&#x2139;&#xfe0f; M\u00e1s informaci\u00f3n<\/h3>\n\n\n\n<p>Pod\u00e9s consultar el<a href=\"https:\/\/ens9001-infd.mendoza.edu.ar\/sitio\/wp-content\/uploads\/2025\/04\/2025-Reglamento-de-Becas.pdf\"> <strong>Reglamento<\/strong> <strong>de Becas 2025<\/strong><\/a> o acercarte al \u00c1rea de Bienestar Estudiantil. Para acceder al beneficio es requisito cumplir con todas las etapas del proceso.<\/p>\n\n\n\n<figure class=\"wp-block-image size-full is-resized\"><img decoding=\"async\" loading=\"lazy\" src=\"https:\/\/ens9001-infd.mendoza.edu.ar\/sitio\/wp-content\/uploads\/2025\/04\/inscribite.png\" alt=\"\" class=\"wp-image-21355\" width=\"804\" height=\"824\" srcset=\"https:\/\/ens9001-infd.mendoza.edu.ar\/sitio\/wp-content\/uploads\/2025\/04\/inscribite.png 1414w, https:\/\/ens9001-infd.mendoza.edu.ar\/sitio\/wp-content\/uploads\/2025\/04\/inscribite-975x1000.png 975w, https:\/\/ens9001-infd.mendoza.edu.ar\/sitio\/wp-content\/uploads\/2025\/04\/inscribite-768x788.png 768w\" sizes=\"(max-width: 804px) 100vw, 804px\" \/><\/figure>\n\n\n\n<p><strong>IES 9-001 | \u00c1rea de Bienestar Estudiantil<\/strong><\/p>\n\n\n\n<h5 class=\"wp-block-heading has-accent-color has-text-color\"><br><strong>Seguimos trabajando por una educaci\u00f3n m\u00e1s justa e inclusiva!!<\/strong><\/h5>\n","protected":false},"excerpt":{"rendered":"<p>Becas Estudiantiles 9-001 &#x1f393; Convocatoria 2025 \u2013 Becas IES 9-001 \u201cGral. Jos\u00e9 de San Mart\u00edn\u201d \u00a1Acompa\u00f1amos tu trayectoria educativa! El Instituto de Educaci\u00f3n Superior 9-001 informa que se encuentra abierta la convocatoria 2025 para la postulaci\u00f3n a becas estudiantiles, con el fin de acompa\u00f1ar y fortalecer las trayectorias acad\u00e9micas de estudiantes de formaci\u00f3n docente y &#8230; <a title=\"Becas Estudiantiles\" class=\"read-more\" href=\"https:\/\/ens9001-infd.mendoza.edu.ar\/sitio\/becas-estudiantiles\/\" aria-label=\"More on Becas Estudiantiles\">[+]<\/a><\/p>\n","protected":false},"author":858,"featured_media":0,"parent":0,"menu_order":0,"comment_status":"closed","ping_status":"closed","template":"","meta":[],"acf":[],"_links":{"self":[{"href":"https:\/\/ens9001-infd.mendoza.edu.ar\/sitio\/wp-json\/wp\/v2\/pages\/21354"}],"collection":[{"href":"https:\/\/ens9001-infd.mendoza.edu.ar\/sitio\/wp-json\/wp\/v2\/pages"}],"about":[{"href":"https:\/\/ens9001-infd.mendoza.edu.ar\/sitio\/wp-json\/wp\/v2\/types\/page"}],"author":[{"embeddable":true,"href":"https:\/\/ens9001-infd.mendoza.edu.ar\/sitio\/wp-json\/wp\/v2\/users\/858"}],"replies":[{"embeddable":true,"href":"https:\/\/ens9001-infd.mendoza.edu.ar\/sitio\/wp-json\/wp\/v2\/comments?post=21354"}],"version-history":[{"count":7,"href":"https:\/\/ens9001-infd.mendoza.edu.ar\/sitio\/wp-json\/wp\/v2\/pages\/21354\/revisions"}],"predecessor-version":[{"id":21372,"href":"https:\/\/ens9001-infd.mendoza.edu.ar\/sitio\/wp-json\/wp\/v2\/pages\/21354\/revisions\/21372"}],"wp:attachment":[{"href":"https:\/\/ens9001-infd.mendoza.edu.ar\/sitio\/wp-json\/wp\/v2\/media?parent=21354"}],"curies":[{"name":"wp","href":"https:\/\/api.w.org\/{rel}","templated":true}]}}