{"id":21299,"date":"2025-04-14T19:36:04","date_gmt":"2025-04-14T22:36:04","guid":{"rendered":"https:\/\/ens9001-infd.mendoza.edu.ar\/sitio\/?page_id=21299"},"modified":"2025-04-14T19:48:05","modified_gmt":"2025-04-14T22:48:05","slug":"jornadas-de-higiene-y-seguridad","status":"publish","type":"page","link":"https:\/\/ens9001-infd.mendoza.edu.ar\/sitio\/jornadas-de-higiene-y-seguridad\/","title":{"rendered":"Jornadas de Higiene y Seguridad"},"content":{"rendered":"\n<h4 class=\"wp-block-heading has-text-color\" style=\"color:#54718a\">II JORNADA DE LA SALUD, HIGIENE Y SEGURIDAD EN EL TRABAJO: \u00abCONSTRUYENDO UN ENTORNO LABORAL SEGURO\u00bb<\/h4>\n\n\n\n<figure class=\"wp-block-image size-full is-resized\"><img decoding=\"async\" loading=\"lazy\" src=\"https:\/\/ens9001-infd.mendoza.edu.ar\/sitio\/wp-content\/uploads\/2025\/04\/II-JORNADA-DE-LA-SALUD-HIGIENE-Y-SEGURIDAD-EN-EL-TRABAJO.-CONSTRUYENDO-UN-ENTORNO-LABORAL-SEGURO.png\" alt=\"\" class=\"wp-image-21300\" width=\"898\" height=\"1123\" srcset=\"https:\/\/ens9001-infd.mendoza.edu.ar\/sitio\/wp-content\/uploads\/2025\/04\/II-JORNADA-DE-LA-SALUD-HIGIENE-Y-SEGURIDAD-EN-EL-TRABAJO.-CONSTRUYENDO-UN-ENTORNO-LABORAL-SEGURO.png 1080w, https:\/\/ens9001-infd.mendoza.edu.ar\/sitio\/wp-content\/uploads\/2025\/04\/II-JORNADA-DE-LA-SALUD-HIGIENE-Y-SEGURIDAD-EN-EL-TRABAJO.-CONSTRUYENDO-UN-ENTORNO-LABORAL-SEGURO-800x1000.png 800w, https:\/\/ens9001-infd.mendoza.edu.ar\/sitio\/wp-content\/uploads\/2025\/04\/II-JORNADA-DE-LA-SALUD-HIGIENE-Y-SEGURIDAD-EN-EL-TRABAJO.-CONSTRUYENDO-UN-ENTORNO-LABORAL-SEGURO-768x960.png 768w\" sizes=\"(max-width: 898px) 100vw, 898px\" \/><\/figure>\n\n\n\n<h4 class=\"wp-block-heading has-text-align-center has-text-color\" style=\"color:#630404\"><a href=\"https:\/\/docs.google.com\/forms\/d\/e\/1FAIpQLSeSiMRf8k3PWDcU5iwypTgJ8w9l8iVKAefbJ9HRk3qlYdAG8g\/viewform\" target=\"_blank\" rel=\"noreferrer noopener\">Inscripciones AQU\u00cd<\/a><\/h4>\n\n\n\n<figure class=\"wp-block-image size-full\"><img decoding=\"async\" loading=\"lazy\" width=\"620\" height=\"450\" src=\"https:\/\/ens9001-infd.mendoza.edu.ar\/sitio\/wp-content\/uploads\/2025\/04\/1.png\" alt=\"\" class=\"wp-image-21301\"\/><\/figure>\n\n\n\n<figure class=\"wp-block-image size-full\"><img decoding=\"async\" loading=\"lazy\" width=\"620\" height=\"450\" src=\"https:\/\/ens9001-infd.mendoza.edu.ar\/sitio\/wp-content\/uploads\/2025\/04\/2.png\" alt=\"\" class=\"wp-image-21302\"\/><\/figure>\n\n\n\n<figure class=\"wp-block-image size-full\"><img decoding=\"async\" loading=\"lazy\" width=\"620\" height=\"450\" src=\"https:\/\/ens9001-infd.mendoza.edu.ar\/sitio\/wp-content\/uploads\/2025\/04\/3.png\" alt=\"\" class=\"wp-image-21303\"\/><\/figure>\n\n\n\n<figure class=\"wp-block-image size-full\"><img decoding=\"async\" loading=\"lazy\" width=\"620\" height=\"450\" src=\"https:\/\/ens9001-infd.mendoza.edu.ar\/sitio\/wp-content\/uploads\/2025\/04\/4.png\" alt=\"\" class=\"wp-image-21304\"\/><\/figure>\n\n\n\n<p>Presenciales, en el SUM del IES 9-001, Ciudad de San Mart\u00edn, Mendoza. Informes a: cfc.bedelia.9001@gmail.com<\/p>\n\n\n\n<hr class=\"wp-block-separator has-css-opacity\"\/>\n\n\n\n<figure class=\"wp-block-image size-full is-resized\"><img decoding=\"async\" loading=\"lazy\" src=\"https:\/\/ens9001-infd.mendoza.edu.ar\/sitio\/wp-content\/uploads\/2025\/04\/image.png\" alt=\"\" class=\"wp-image-21237\" width=\"613\" height=\"227\" srcset=\"https:\/\/ens9001-infd.mendoza.edu.ar\/sitio\/wp-content\/uploads\/2025\/04\/image.png 851w, https:\/\/ens9001-infd.mendoza.edu.ar\/sitio\/wp-content\/uploads\/2025\/04\/image-768x284.png 768w\" sizes=\"(max-width: 613px) 100vw, 613px\" \/><\/figure>\n\n\n\n<h5 class=\"wp-block-heading has-text-color\" style=\"color:#54718a\">Jefatura de Formaci\u00f3n Continua<\/h5>\n\n\n\n<p>Atenci\u00f3n: Sede Central del IES 9-001, Chubut y Balcarce, San Mart\u00edn, Mendoza<\/p>\n\n\n\n<p>Horarios:<\/p>\n\n\n\n<ul>\n<li>de lunes a viernes de 8: 00 a 11 hs; <\/li>\n\n\n\n<li>lunes, martes, jueves y viernes de 14 a 17 hs.; <\/li>\n\n\n\n<li>mi\u00e9rcoles de 17 a 20 hs<\/li>\n<\/ul>\n\n\n\n<p>cfc.bedelia.9001@gmail.com<\/p>\n\n\n\n<hr class=\"wp-block-separator has-css-opacity\"\/>\n","protected":false},"excerpt":{"rendered":"<p>II JORNADA DE LA SALUD, HIGIENE Y SEGURIDAD EN EL TRABAJO: \u00abCONSTRUYENDO UN ENTORNO LABORAL SEGURO\u00bb Inscripciones AQU\u00cd Presenciales, en el SUM del IES 9-001, Ciudad de San Mart\u00edn, Mendoza. Informes a: cfc.bedelia.9001@gmail.com Jefatura de Formaci\u00f3n Continua Atenci\u00f3n: Sede Central del IES 9-001, Chubut y Balcarce, San Mart\u00edn, Mendoza Horarios: cfc.bedelia.9001@gmail.com<\/p>\n","protected":false},"author":858,"featured_media":0,"parent":0,"menu_order":0,"comment_status":"closed","ping_status":"closed","template":"","meta":[],"acf":[],"_links":{"self":[{"href":"https:\/\/ens9001-infd.mendoza.edu.ar\/sitio\/wp-json\/wp\/v2\/pages\/21299"}],"collection":[{"href":"https:\/\/ens9001-infd.mendoza.edu.ar\/sitio\/wp-json\/wp\/v2\/pages"}],"about":[{"href":"https:\/\/ens9001-infd.mendoza.edu.ar\/sitio\/wp-json\/wp\/v2\/types\/page"}],"author":[{"embeddable":true,"href":"https:\/\/ens9001-infd.mendoza.edu.ar\/sitio\/wp-json\/wp\/v2\/users\/858"}],"replies":[{"embeddable":true,"href":"https:\/\/ens9001-infd.mendoza.edu.ar\/sitio\/wp-json\/wp\/v2\/comments?post=21299"}],"version-history":[{"count":4,"href":"https:\/\/ens9001-infd.mendoza.edu.ar\/sitio\/wp-json\/wp\/v2\/pages\/21299\/revisions"}],"predecessor-version":[{"id":21317,"href":"https:\/\/ens9001-infd.mendoza.edu.ar\/sitio\/wp-json\/wp\/v2\/pages\/21299\/revisions\/21317"}],"wp:attachment":[{"href":"https:\/\/ens9001-infd.mendoza.edu.ar\/sitio\/wp-json\/wp\/v2\/media?parent=21299"}],"curies":[{"name":"wp","href":"https:\/\/api.w.org\/{rel}","templated":true}]}}