{"id":21262,"date":"2025-04-04T11:37:07","date_gmt":"2025-04-04T14:37:07","guid":{"rendered":"https:\/\/ens9001-infd.mendoza.edu.ar\/sitio\/?page_id=21262"},"modified":"2025-04-04T19:41:14","modified_gmt":"2025-04-04T22:41:14","slug":"capacitaciones-docentes","status":"publish","type":"page","link":"https:\/\/ens9001-infd.mendoza.edu.ar\/sitio\/capacitaciones-docentes\/","title":{"rendered":"Capacitaciones Docentes"},"content":{"rendered":"\n<hr class=\"wp-block-separator has-alpha-channel-opacity\"\/>\n\n\n\n<h4 class=\"wp-block-heading has-text-align-center has-text-color\" style=\"color:#54718a\">CURSOS DE CAPACITACI\u00d3N DOCENTE<\/h4>\n\n\n\n<hr class=\"wp-block-separator has-alpha-channel-opacity\"\/>\n\n\n\n<h4 class=\"wp-block-heading has-text-color\" style=\"color:#54718a\">The Art of Creating Self-Learning Materials (El Arte de Crear Materiales de Autoaprendizaje)&nbsp;<\/h4>\n\n\n\n<ul>\n<li><strong>Propuesta formativa<\/strong>: <\/li>\n<\/ul>\n\n\n\n<p>Curso de Capacitaci\u00f3n Docente con puntaje DGE.<\/p>\n\n\n\n<ul>\n<li><strong>Objetivo del curso<\/strong>: <\/li>\n<\/ul>\n\n\n\n<p>Curso dise\u00f1ado para docentes de ingl\u00e9s de todos los niveles y estudiantes avanzados de la carrera que deseen desarrollar habilidades para crear materiales de autoaprendizaje.&nbsp; Este curso responde a la demanda de docentes que buscan mejorar sus pr\u00e1cticas y proporcionar materiales \u00fatiles y accesibles para estudiantes que no asisten regularmente a la escuela o que requieren de otro tipo de acompa\u00f1amiento.<\/p>\n\n\n\n<p class=\"has-text-color\" style=\"color:#54718a\"><a href=\"https:\/\/docs.google.com\/forms\/d\/1mmZ7HxPrqzg0T8AL9ZO0lcCXc4c9tEgUOibu-DOmlA0\/viewform?edit_requested=true\" target=\"_blank\" rel=\"noreferrer noopener\">INSCRIPCIONES ABIERTAS!!<\/a><\/p>\n\n\n\n<p><strong>N\u00famero de resoluci\u00f3n<\/strong>: RESOL-2024-275-E-GDEMZA-CGES#DGE<\/p>\n\n\n\n<p><strong>Modalidad de cursado<\/strong>: combinada<\/p>\n\n\n\n<p><strong>Cantidad de clases<\/strong>: 12 clases (sincr\u00f3nicas y asincr\u00f3nicas y 1 clase presencial f\u00edsica)&nbsp;<\/p>\n\n\n\n<p><strong>Carga Horaria<\/strong>: 65hs reloj totales (25hs reloj presenciales remotas (sincr\u00f3nicas) y 40hs no presenciales (asincr\u00f3nicas)<\/p>\n\n\n\n<p><strong>Inicio cursado<\/strong>: mes de abril<\/p>\n\n\n\n<p><strong>Destinatario<\/strong>s: Docentes de ingl\u00e9s. Estudiantes avanzados (s\u00f3lo en los casos en que las Juntas Calificadoras lo consideren pertinente)&nbsp;<\/p>\n\n\n\n<p><strong>Puntaje<\/strong>: Para t\u00edtulos de base con 3 puntos: 0,025650. Para t\u00edtulos de base con 16 puntos: 0,135000.<\/p>\n\n\n\n<p><strong>Costo<\/strong><\/p>\n\n\n\n<p><strong>P\u00fablico en general:<\/strong> $20.000 (\u00f3 2 cuotas de $12.000).<\/p>\n\n\n\n<p><strong>Estudiantes y docentes del IES 9001:<\/strong>&nbsp;Sin cargo presentando carnet de socio de cooperadora vigente.<\/p>\n\n\n\n<figure class=\"wp-block-image size-full\"><img decoding=\"async\" loading=\"lazy\" width=\"1080\" height=\"1350\" src=\"https:\/\/ens9001-infd.mendoza.edu.ar\/sitio\/wp-content\/uploads\/2025\/04\/FC-Capac-Docente-Art-of.jpg\" alt=\"\" class=\"wp-image-21263\" srcset=\"https:\/\/ens9001-infd.mendoza.edu.ar\/sitio\/wp-content\/uploads\/2025\/04\/FC-Capac-Docente-Art-of.jpg 1080w, https:\/\/ens9001-infd.mendoza.edu.ar\/sitio\/wp-content\/uploads\/2025\/04\/FC-Capac-Docente-Art-of-800x1000.jpg 800w, https:\/\/ens9001-infd.mendoza.edu.ar\/sitio\/wp-content\/uploads\/2025\/04\/FC-Capac-Docente-Art-of-768x960.jpg 768w\" sizes=\"(max-width: 1080px) 100vw, 1080px\" \/><\/figure>\n\n\n\n<p class=\"has-text-color\" style=\"color:#54718a\"><a href=\"https:\/\/docs.google.com\/forms\/d\/1mmZ7HxPrqzg0T8AL9ZO0lcCXc4c9tEgUOibu-DOmlA0\/viewform?edit_requested=true\" target=\"_blank\" rel=\"noreferrer noopener\">INSCRIBITE AQU\u00cd!!<\/a><\/p>\n\n\n\n<hr class=\"wp-block-separator has-alpha-channel-opacity\"\/>\n\n\n<div class=\"wp-block-image\">\n<figure class=\"aligncenter size-full is-resized\"><img decoding=\"async\" loading=\"lazy\" src=\"https:\/\/ens9001-infd.mendoza.edu.ar\/sitio\/wp-content\/uploads\/2025\/02\/WhatsApp-Image-2024-10-02-at-12.11.22-1.jpeg\" alt=\"\" class=\"wp-image-21008\" width=\"470\" height=\"173\" srcset=\"https:\/\/ens9001-infd.mendoza.edu.ar\/sitio\/wp-content\/uploads\/2025\/02\/WhatsApp-Image-2024-10-02-at-12.11.22-1.jpeg 851w, https:\/\/ens9001-infd.mendoza.edu.ar\/sitio\/wp-content\/uploads\/2025\/02\/WhatsApp-Image-2024-10-02-at-12.11.22-1-768x284.jpeg 768w\" sizes=\"(max-width: 470px) 100vw, 470px\" \/><\/figure><\/div>\n\n\n<h5 class=\"wp-block-heading has-text-color\" style=\"color:#54718a\">Jefatura de Formaci\u00f3n Continua<\/h5>\n\n\n\n<p>Atenci\u00f3n: Sede Central del IES 9-001, Chubut y Balcarce, San Mart\u00edn, Mendoza<\/p>\n\n\n\n<p>Horarios:<\/p>\n\n\n\n<ul>\n<li>de lunes a viernes de 8: 00 a 11 hs; <\/li>\n\n\n\n<li>lunes, martes, jueves y viernes de 14 a 17 hs.; <\/li>\n\n\n\n<li>mi\u00e9rcoles de 17 a 20 hs<\/li>\n<\/ul>\n\n\n\n<p>cfc.bedelia.9001@gmail.com<\/p>\n\n\n\n<hr class=\"wp-block-separator has-css-opacity\"\/>\n","protected":false},"excerpt":{"rendered":"<p>CURSOS DE CAPACITACI\u00d3N DOCENTE The Art of Creating Self-Learning Materials (El Arte de Crear Materiales de Autoaprendizaje)&nbsp; Curso de Capacitaci\u00f3n Docente con puntaje DGE. Curso dise\u00f1ado para docentes de ingl\u00e9s de todos los niveles y estudiantes avanzados de la carrera que deseen desarrollar habilidades para crear materiales de autoaprendizaje.&nbsp; Este curso responde a la demanda &#8230; <a title=\"Capacitaciones Docentes\" class=\"read-more\" href=\"https:\/\/ens9001-infd.mendoza.edu.ar\/sitio\/capacitaciones-docentes\/\" aria-label=\"More on Capacitaciones Docentes\">[+]<\/a><\/p>\n","protected":false},"author":858,"featured_media":0,"parent":0,"menu_order":0,"comment_status":"closed","ping_status":"closed","template":"","meta":[],"acf":[],"_links":{"self":[{"href":"https:\/\/ens9001-infd.mendoza.edu.ar\/sitio\/wp-json\/wp\/v2\/pages\/21262"}],"collection":[{"href":"https:\/\/ens9001-infd.mendoza.edu.ar\/sitio\/wp-json\/wp\/v2\/pages"}],"about":[{"href":"https:\/\/ens9001-infd.mendoza.edu.ar\/sitio\/wp-json\/wp\/v2\/types\/page"}],"author":[{"embeddable":true,"href":"https:\/\/ens9001-infd.mendoza.edu.ar\/sitio\/wp-json\/wp\/v2\/users\/858"}],"replies":[{"embeddable":true,"href":"https:\/\/ens9001-infd.mendoza.edu.ar\/sitio\/wp-json\/wp\/v2\/comments?post=21262"}],"version-history":[{"count":8,"href":"https:\/\/ens9001-infd.mendoza.edu.ar\/sitio\/wp-json\/wp\/v2\/pages\/21262\/revisions"}],"predecessor-version":[{"id":21292,"href":"https:\/\/ens9001-infd.mendoza.edu.ar\/sitio\/wp-json\/wp\/v2\/pages\/21262\/revisions\/21292"}],"wp:attachment":[{"href":"https:\/\/ens9001-infd.mendoza.edu.ar\/sitio\/wp-json\/wp\/v2\/media?parent=21262"}],"curies":[{"name":"wp","href":"https:\/\/api.w.org\/{rel}","templated":true}]}}