{"id":21236,"date":"2025-04-03T10:43:48","date_gmt":"2025-04-03T13:43:48","guid":{"rendered":"https:\/\/ens9001-infd.mendoza.edu.ar\/sitio\/?page_id=21236"},"modified":"2025-04-29T09:45:18","modified_gmt":"2025-04-29T12:45:18","slug":"propuestas-de-formacion-continua-especializacion-docente","status":"publish","type":"page","link":"https:\/\/ens9001-infd.mendoza.edu.ar\/sitio\/propuestas-de-formacion-continua-especializacion-docente\/","title":{"rendered":"Especializaci\u00f3n Docente"},"content":{"rendered":"\n<hr class=\"wp-block-separator has-alpha-channel-opacity\"\/>\n\n\n\n<h3 class=\"wp-block-heading\">&#x1f4e3;\u00bbEspecializaci\u00f3n Docente de Nivel Superior en&nbsp;Educaci\u00f3n Maternal\u00bb&nbsp; &nbsp; &nbsp;&nbsp;&nbsp;&nbsp;<\/h3>\n\n\n\n<p>Si sos docente y quer\u00e9s fortalecer tus conocimientos te\u00f3ricos y pr\u00e1cticos en educaci\u00f3n maternal, esta especializaci\u00f3n es para vos. A lo largo de la cursada, vas a explorar enfoques innovadores herramientas actualizadas para dise\u00f1ar propuestas pedag\u00f3gicas que impacten positivamente en el aprendizaje de los ni\u00f1os en el nivel inicial.<\/p>\n\n\n\n<p>Mediante el an\u00e1lisis y la reflexi\u00f3n sobre el desarrollo infantil, los lenguajes expresivos y las pr\u00e1cticas de crianza, vas a adquirir nuevas estrategias para abordar de manera efectiva las necesidades educativas de los m\u00e1s chicos. Adem\u00e1s, aprender\u00e1s a evaluar los procesos de ense\u00f1anza y aprendizaje con un enfoque integrador y de calidad.<\/p>\n\n\n\n<p>Esta formaci\u00f3n no solo te va a permitir mejorar tu pr\u00e1ctica docente, sino tambi\u00e9n contribuir activamente a una educaci\u00f3n inclusiva y al desarrollo integral de la infancia desde una perspectiva actualizada y basada en derechos.<\/p>\n\n\n\n<p>Inicio: pr\u00f3ximamente<\/p>\n\n\n\n<h5 class=\"wp-block-heading has-text-color\" style=\"color:#54718a\"><a href=\"https:\/\/docs.google.com\/forms\/d\/1rXcdX_R_MFd8uBUtfI2spW69hOMfFo8Q6OPggrRpWlM\/viewform?edit_requested=true\" target=\"_blank\" rel=\"noreferrer noopener\">PREINSCRIBITE AHORA!<\/a><\/h5>\n\n\n\n<figure class=\"wp-block-image size-full\"><img decoding=\"async\" loading=\"lazy\" width=\"1080\" height=\"1350\" src=\"https:\/\/ens9001-infd.mendoza.edu.ar\/sitio\/wp-content\/uploads\/2025\/04\/FC-Esp-Docente-2025.jpg\" alt=\"\" class=\"wp-image-21250\" srcset=\"https:\/\/ens9001-infd.mendoza.edu.ar\/sitio\/wp-content\/uploads\/2025\/04\/FC-Esp-Docente-2025.jpg 1080w, https:\/\/ens9001-infd.mendoza.edu.ar\/sitio\/wp-content\/uploads\/2025\/04\/FC-Esp-Docente-2025-800x1000.jpg 800w, https:\/\/ens9001-infd.mendoza.edu.ar\/sitio\/wp-content\/uploads\/2025\/04\/FC-Esp-Docente-2025-768x960.jpg 768w\" sizes=\"(max-width: 1080px) 100vw, 1080px\" \/><\/figure>\n\n\n\n<p>&#x270d;&#xfe0f;Detalles del Curso<\/p>\n\n\n\n<p>Resoluci\u00f3n: RESOL-2023-6873-GDEMZA-DGE<\/p>\n\n\n\n<p>Modalidad: A distancia, con encuentros virtuales sincr\u00f3nicos por cuatrimestre.<\/p>\n\n\n\n<p>&#x1f5d3;Duraci\u00f3n: 2 a\u00f1os.<\/p>\n\n\n\n<p>&#x1f55b;Carga horaria: 400 horas reloj.<\/p>\n\n\n\n<p>T\u00edtulo que otorga: Especialista Docente de Nivel Superior en Educaci\u00f3n<br>Maternal.<\/p>\n\n\n\n<p>Destinatarios<\/p>\n\n\n\n<p>Docentes con t\u00edtulo de Nivel Inicial o equivalente.<\/p>\n\n\n\n<p>Docentes con experiencia comprobada en el Nivel Inicial.<\/p>\n\n\n\n<p>Directivos, supervisores y miembros de equipos t\u00e9cnicos jurisdiccionales con injerencia en el Nivel Inicial.<\/p>\n\n\n\n<p>Costos<\/p>\n\n\n\n<p>Inscripci\u00f3n: $30.000<\/p>\n\n\n\n<p>1\u00b0 a\u00f1o de cursado&nbsp;(Cohorte 2025):<\/p>\n\n\n\n<p>&nbsp; &nbsp;Opci\u00f3n 1: 1 pago de $80.000<\/p>\n\n\n\n<p>&nbsp; &nbsp;Opci\u00f3n 2: 3 pagos bimestrales de $35.000<\/p>\n\n\n\n<p>2\u00b0 a\u00f1o de cursado (Cohorte 2025): se definir\u00e1n al inicio del ciclo lectivo 2026.<\/p>\n\n\n\n<p>&#x1f4cc;Forma de pago<\/p>\n\n\n\n<p>&nbsp; &nbsp;Presencial, en las oficinas de la Asociaci\u00f3n Cooperadora IES 9-001.<\/p>\n\n\n\n<p>&nbsp; &nbsp;Virtual, consultar al correo electr\u00f3nico: 9001cooperadora@gmail.com.<\/p>\n\n\n\n<p>Los docentes podr\u00e1n actualizar y profundizar sus conocimientos te\u00f3ricos y pr\u00e1cticos en la educaci\u00f3n maternal, permiti\u00e9ndoles dise\u00f1ar y aplicar propuestas pedag\u00f3gicas innovadoras en sus salas. Aprendiendo nuevos enfoques y herramientas para la evaluaci\u00f3n de los aprendizajes, lo que les permitir\u00e1 mejorar la calidad de su ense\u00f1anza y la evaluaci\u00f3n de sus estudiantes.<br>A trav\u00e9s del an\u00e1lisis y la reflexi\u00f3n sobre diversos aspectos de la educaci\u00f3n infantil, como el desarrollo de los ni\u00f1os, los lenguajes expresivos y las actividades de crianza, los docentes estar\u00e1n mejor preparados para abordar las necesidades educativas de los ni\u00f1os en el nivel inicial.<br>Finalmente, la capacitaci\u00f3n recibida permitir\u00e1 a los docentes promover un desarrollo integral y de calidad en los ni\u00f1os, garantizando una educaci\u00f3n inclusiva que respete sus derechos y fomente su desarrollo personal y social desde una edad temprana.<\/p>\n\n\n\n<h5 class=\"wp-block-heading has-text-color\" style=\"color:#54718a\"><a rel=\"noreferrer noopener\" href=\"https:\/\/docs.google.com\/forms\/d\/1rXcdX_R_MFd8uBUtfI2spW69hOMfFo8Q6OPggrRpWlM\/viewform?edit_requested=true\" target=\"_blank\">POD\u00c9S PREINSCRIBIRTE AQU\u00cd!<\/a><\/h5>\n\n\n\n<hr class=\"wp-block-separator has-alpha-channel-opacity\"\/>\n\n\n<div class=\"wp-block-image\">\n<figure class=\"aligncenter size-full is-resized\"><img decoding=\"async\" loading=\"lazy\" src=\"https:\/\/ens9001-infd.mendoza.edu.ar\/sitio\/wp-content\/uploads\/2025\/02\/WhatsApp-Image-2024-10-02-at-12.11.22-1.jpeg\" alt=\"\" class=\"wp-image-21008\" width=\"470\" height=\"173\" srcset=\"https:\/\/ens9001-infd.mendoza.edu.ar\/sitio\/wp-content\/uploads\/2025\/02\/WhatsApp-Image-2024-10-02-at-12.11.22-1.jpeg 851w, https:\/\/ens9001-infd.mendoza.edu.ar\/sitio\/wp-content\/uploads\/2025\/02\/WhatsApp-Image-2024-10-02-at-12.11.22-1-768x284.jpeg 768w\" sizes=\"(max-width: 470px) 100vw, 470px\" \/><\/figure><\/div>\n\n\n<h5 class=\"wp-block-heading has-text-color\" style=\"color:#54718a\">Jefatura de Formaci\u00f3n Continua<\/h5>\n\n\n\n<p>Atenci\u00f3n: Sede Central del IES 9-001, Chubut y Balcarce, San Mart\u00edn, Mendoza<\/p>\n\n\n\n<p>Horarios:<\/p>\n\n\n\n<ul>\n<li>de lunes a viernes de 8: 00 a 11 hs; <\/li>\n\n\n\n<li>lunes, martes, jueves y viernes de 14 a 17 hs.; <\/li>\n\n\n\n<li>mi\u00e9rcoles de 17 a 20 hs<\/li>\n<\/ul>\n\n\n\n<p>cfc.bedelia.9001@gmail.com<\/p>\n\n\n\n<hr class=\"wp-block-separator has-alpha-channel-opacity\"\/>\n","protected":false},"excerpt":{"rendered":"<p>&#x1f4e3;\u00bbEspecializaci\u00f3n Docente de Nivel Superior en&nbsp;Educaci\u00f3n Maternal\u00bb&nbsp; &nbsp; &nbsp;&nbsp;&nbsp;&nbsp; Si sos docente y quer\u00e9s fortalecer tus conocimientos te\u00f3ricos y pr\u00e1cticos en educaci\u00f3n maternal, esta especializaci\u00f3n es para vos. A lo largo de la cursada, vas a explorar enfoques innovadores herramientas actualizadas para dise\u00f1ar propuestas pedag\u00f3gicas que impacten positivamente en el aprendizaje de los ni\u00f1os en &#8230; <a title=\"Especializaci\u00f3n Docente\" class=\"read-more\" href=\"https:\/\/ens9001-infd.mendoza.edu.ar\/sitio\/propuestas-de-formacion-continua-especializacion-docente\/\" aria-label=\"More on Especializaci\u00f3n Docente\">[+]<\/a><\/p>\n","protected":false},"author":858,"featured_media":21008,"parent":0,"menu_order":0,"comment_status":"closed","ping_status":"closed","template":"","meta":[],"acf":[],"_links":{"self":[{"href":"https:\/\/ens9001-infd.mendoza.edu.ar\/sitio\/wp-json\/wp\/v2\/pages\/21236"}],"collection":[{"href":"https:\/\/ens9001-infd.mendoza.edu.ar\/sitio\/wp-json\/wp\/v2\/pages"}],"about":[{"href":"https:\/\/ens9001-infd.mendoza.edu.ar\/sitio\/wp-json\/wp\/v2\/types\/page"}],"author":[{"embeddable":true,"href":"https:\/\/ens9001-infd.mendoza.edu.ar\/sitio\/wp-json\/wp\/v2\/users\/858"}],"replies":[{"embeddable":true,"href":"https:\/\/ens9001-infd.mendoza.edu.ar\/sitio\/wp-json\/wp\/v2\/comments?post=21236"}],"version-history":[{"count":13,"href":"https:\/\/ens9001-infd.mendoza.edu.ar\/sitio\/wp-json\/wp\/v2\/pages\/21236\/revisions"}],"predecessor-version":[{"id":21353,"href":"https:\/\/ens9001-infd.mendoza.edu.ar\/sitio\/wp-json\/wp\/v2\/pages\/21236\/revisions\/21353"}],"wp:featuredmedia":[{"embeddable":true,"href":"https:\/\/ens9001-infd.mendoza.edu.ar\/sitio\/wp-json\/wp\/v2\/media\/21008"}],"wp:attachment":[{"href":"https:\/\/ens9001-infd.mendoza.edu.ar\/sitio\/wp-json\/wp\/v2\/media?parent=21236"}],"curies":[{"name":"wp","href":"https:\/\/api.w.org\/{rel}","templated":true}]}}