{"id":20308,"date":"2024-10-01T17:57:39","date_gmt":"2024-10-01T20:57:39","guid":{"rendered":"https:\/\/ens9001-infd.mendoza.edu.ar\/sitio\/?page_id=20308"},"modified":"2025-09-05T17:18:27","modified_gmt":"2025-09-05T20:18:27","slug":"protec","status":"publish","type":"page","link":"https:\/\/ens9001-infd.mendoza.edu.ar\/sitio\/protec\/","title":{"rendered":"PROTEC"},"content":{"rendered":"<p><a href=\"https:\/\/ens9001-infd.mendoza.edu.ar\/sitio\/wp-content\/uploads\/2025\/08\/protec.png\"><img decoding=\"async\" loading=\"lazy\" class=\"aligncenter  wp-image-21690\" src=\"https:\/\/ens9001-infd.mendoza.edu.ar\/sitio\/wp-content\/uploads\/2025\/08\/protec.png\" alt=\"\" width=\"919\" height=\"340\" srcset=\"https:\/\/ens9001-infd.mendoza.edu.ar\/sitio\/wp-content\/uploads\/2025\/08\/protec.png 851w, https:\/\/ens9001-infd.mendoza.edu.ar\/sitio\/wp-content\/uploads\/2025\/08\/protec-768x284.png 768w\" sizes=\"(max-width: 919px) 100vw, 919px\" \/><\/a><\/p>\n<p style=\"text-align: center;\">Este trayecto de formaci\u00f3n plantea como finalidad una formaci\u00f3n integral que promueva en los t\u00e9cnicos la construcci\u00f3n de conocimientos y de herramientas necesarias para fortalecer la identidad como profesionales, como trabajadores y como ciudadanos comprometidos con la educaci\u00f3n; generando formas m\u00e1s abiertas y aut\u00f3nomas de relaci\u00f3n con el saber y con la cultura.<\/p>\n<h3><span style=\"color: #fcd739;\">PLAN DE ESTUDIOS<\/span><\/h3>\n<h4><span style=\"color: #fcd739;\">Primer A\u00f1o<\/span><\/h4>\n<ul>\n<li>La Ense\u00f1anza en la Escuela Secundaria T\u00e9cnica I<\/li>\n<li>El Aprendizaje en la Escuela Secundaria T\u00e9cnica<\/li>\n<li>Competencias Comunicacionales, Comprensi\u00f3n de Textos I<\/li>\n<li>Competencias Comunicacionales, Comprensi\u00f3n de Textos II<\/li>\n<li>Pr\u00e1ctica I<\/li>\n<\/ul>\n<h4><span style=\"color: #fcd739;\">Segundo A\u00f1o<\/span><\/h4>\n<ul>\n<li>Contexto de y para el Aprendizaje en la Escuela Secundaria T\u00e9cnica I<\/li>\n<li>Adolescencias y Educaci\u00f3n Secundaria T\u00e9cnica<\/li>\n<li>La Ense\u00f1anza en la Escuela Secundaria T\u00e9cnica II<\/li>\n<li>Condiciones del Ejercicio Profesional<\/li>\n<li>Vinculaci\u00f3n con el Sector Socio Productivo<\/li>\n<li>Pr\u00e1ctica II<\/li>\n<\/ul>\n<h4><span style=\"color: #fcd739;\">Tercer A\u00f1o<\/span><\/h4>\n<ul>\n<li>Contextos de y para el Aprendizaje en la Escuela Secundaria T\u00e9cnica II<\/li>\n<li>Producci\u00f3n de Textos de ETP Secundaria<\/li>\n<li>Uso Did\u00e1ctico de las Tics<\/li>\n<li>Pr\u00e1ctica Profesional Docente III<\/li>\n<li>Reflexi\u00f3n sobre la Problematizaci\u00f3n de la Pr\u00e1ctica<\/li>\n<li>Residencia<\/li>\n<\/ul>\n<p><a href=\"https:\/\/ens9001-infd.mendoza.edu.ar\/sitio\/wp-content\/uploads\/2025\/03\/Profesorado-de-Educacion-Secundaria-de-la-MODALIDAD-TECNICO-PROFESIONAL-EN-CONC.-CON-EL-TITULO-DE-BASE-PLAN-2025.pdf\">Profesorado de Educaci\u00f3n Secundaria de la MODALIDAD T\u00c9CNICO PROFESIONAL EN CONC. CON EL T\u00cdTULO DE BASE &#8211; PLAN 2025 &#8211; RESOLUCI\u00d3N APROBATORIA<\/a><\/p>\n<p>&nbsp;<\/p>\n","protected":false},"excerpt":{"rendered":"<p>Este trayecto de formaci\u00f3n plantea como finalidad una formaci\u00f3n integral que promueva en los t\u00e9cnicos la construcci\u00f3n de conocimientos y de herramientas necesarias para fortalecer la identidad como profesionales, como trabajadores y como ciudadanos comprometidos con la educaci\u00f3n; generando formas m\u00e1s abiertas y aut\u00f3nomas de relaci\u00f3n con el saber y con la cultura. PLAN DE &#8230; <a title=\"PROTEC\" class=\"read-more\" href=\"https:\/\/ens9001-infd.mendoza.edu.ar\/sitio\/protec\/\" aria-label=\"More on PROTEC\">[+]<\/a><\/p>\n","protected":false},"author":858,"featured_media":0,"parent":0,"menu_order":0,"comment_status":"closed","ping_status":"closed","template":"","meta":[],"acf":[],"_links":{"self":[{"href":"https:\/\/ens9001-infd.mendoza.edu.ar\/sitio\/wp-json\/wp\/v2\/pages\/20308"}],"collection":[{"href":"https:\/\/ens9001-infd.mendoza.edu.ar\/sitio\/wp-json\/wp\/v2\/pages"}],"about":[{"href":"https:\/\/ens9001-infd.mendoza.edu.ar\/sitio\/wp-json\/wp\/v2\/types\/page"}],"author":[{"embeddable":true,"href":"https:\/\/ens9001-infd.mendoza.edu.ar\/sitio\/wp-json\/wp\/v2\/users\/858"}],"replies":[{"embeddable":true,"href":"https:\/\/ens9001-infd.mendoza.edu.ar\/sitio\/wp-json\/wp\/v2\/comments?post=20308"}],"version-history":[{"count":36,"href":"https:\/\/ens9001-infd.mendoza.edu.ar\/sitio\/wp-json\/wp\/v2\/pages\/20308\/revisions"}],"predecessor-version":[{"id":21902,"href":"https:\/\/ens9001-infd.mendoza.edu.ar\/sitio\/wp-json\/wp\/v2\/pages\/20308\/revisions\/21902"}],"wp:attachment":[{"href":"https:\/\/ens9001-infd.mendoza.edu.ar\/sitio\/wp-json\/wp\/v2\/media?parent=20308"}],"curies":[{"name":"wp","href":"https:\/\/api.w.org\/{rel}","templated":true}]}}