{"id":19316,"date":"2024-06-06T11:29:50","date_gmt":"2024-06-06T14:29:50","guid":{"rendered":"https:\/\/ens9001-infd.mendoza.edu.ar\/sitio\/?page_id=19316"},"modified":"2025-09-07T22:56:39","modified_gmt":"2025-09-08T01:56:39","slug":"solicitud-de-titulos","status":"publish","type":"page","link":"https:\/\/ens9001-infd.mendoza.edu.ar\/sitio\/solicitud-de-titulos\/","title":{"rendered":"Solicitud de T\u00edtulos"},"content":{"rendered":"\n<p>Instituto de Educaci\u00f3n Superior Docente y T\u00e9cnica N\u00b09-001 para informarte el circuito administrativo de tu T\u00edtulo.<\/p>\n\n\n\n<p><strong>Seg\u00fan la CIRCULAR N\u00b013 &#8211; DES- 2024&nbsp;<\/strong>\u2013 el Circuito de Emisi\u00f3n de T\u00edtulos 2024 en el&nbsp;SISFET&nbsp;Web es el siguiente<\/p>\n\n\n\n<figure class=\"wp-block-image size-full\"><img decoding=\"async\" loading=\"lazy\" width=\"1058\" height=\"510\" src=\"https:\/\/ens9001-infd.mendoza.edu.ar\/sitio\/wp-content\/uploads\/2024\/06\/Titulos-1.jpeg\" alt=\"\" class=\"wp-image-19329\" srcset=\"https:\/\/ens9001-infd.mendoza.edu.ar\/sitio\/wp-content\/uploads\/2024\/06\/Titulos-1.jpeg 1058w, https:\/\/ens9001-infd.mendoza.edu.ar\/sitio\/wp-content\/uploads\/2024\/06\/Titulos-1-1000x482.jpeg 1000w, https:\/\/ens9001-infd.mendoza.edu.ar\/sitio\/wp-content\/uploads\/2024\/06\/Titulos-1-768x370.jpeg 768w\" sizes=\"(max-width: 1058px) 100vw, 1058px\" \/><\/figure>\n\n\n\n<p><\/p>\n\n\n\n<p>Por lo que se puede observar, hay distintos pasos que se deben hacer<\/p>\n\n\n\n<p><strong>PASO 1: CONFECCI\u00d3N DEL T\u00cdTULO<\/strong><\/p>\n\n\n\n<p>\u25cf El IES confeccionar\u00e1 el anal\u00edtico<\/p>\n\n\n\n<p>\u25cf Los datos del alumno se cargan seg\u00fan la partida de nacimiento actualizada (los<\/p>\n\n\n\n<p>datos de partida de nacimiento y DNI deben coincidir)<\/p>\n\n\n\n<p><strong>PASO 2: ENVIAR EL T\u00cdTULO A LA CORRECCI\u00d3N<\/strong><\/p>\n\n\n\n<p>\u25cf Se elevar\u00e1 la documentaci\u00f3n respaldatoria (DNI &#8211; Acta de Nacimiento- Libro Matriz-Resoluciones, etc.) a la oficina de Direcci\u00f3n de Educaci\u00f3n Superior para su correcci\u00f3n.<\/p>\n\n\n\n<p><strong>PASO 3: CONTROL DEL T\u00cdTULO<\/strong><\/p>\n\n\n\n<p>\u25cf La Direcci\u00f3n de Educaci\u00f3n Superior revisar\u00e1 el t\u00edtulo<\/p>\n\n\n\n<p>\u25cf Si todo est\u00e1 correcto enviar\u00e1 a la autoridad escolar (rector\/a) para su firma, quien<\/p>\n\n\n\n<p>posteriormente se enviar\u00e1 a Revisi\u00f3n de la Oficina de T\u00edtulos y Estudios.<\/p>\n\n\n\n<p><strong>PASO 4: FIRMA DEL T\u00cdTULO POR EL RECTOR\/A<\/strong><\/p>\n\n\n\n<p>\u25cf El rector\/a revisar\u00e1 nuevamente y firmar\u00e1 el t\u00edtulo.<\/p>\n\n\n\n<p>\u25cf Posteriormente debe enviarlo a la firma jurisdiccional (Oficina de T\u00edtulos Provincial)<\/p>\n\n\n\n<p><strong>PASO 5: FIRMA DEL T\u00cdTULO POR LA OFICINA DE T\u00cdTULOS<\/strong><\/p>\n\n\n\n<p>\u25cf La oficina de T\u00edtulos y Estudios controlar\u00e1 el anal\u00edtico y lo firmar\u00e1 digitalmente.<\/p>\n\n\n\n<p><strong>PASO 6: INFORMAR AL EGRESADO EL LINK DE SU T\u00cdTULO<\/strong><\/p>\n\n\n\n<p>\u25cf El egresado debe haber informado a la instituci\u00f3n el correo personal donde le llegar\u00e1 el link para acceder a su T\u00edtulo.<\/p>\n\n\n\n<p><strong>El IES 9-001 TOMA COMO CORREO PERSONAL DEL EGRESADO EL QUE SE REGISTR\u00d3 EN EL FORMULARIO DE INICIO DE TR\u00c1MITE&nbsp;&nbsp;<\/strong><\/p>\n\n\n\n<p><strong>Estimado Egresado para el inicio del Tr\u00e1mite de tu t\u00edtulo deber\u00e1s<\/strong><\/p>\n\n\n\n<p><strong>1)&nbsp;&nbsp;&nbsp;&nbsp;&nbsp;&nbsp;Completar el siguiente formulario<\/strong><\/p>\n\n\n\n<h2 class=\"wp-block-heading has-text-align-center\"><strong><a href=\"https:\/\/docs.google.com\/forms\/d\/e\/1FAIpQLSeF8f8Q2_Z6eunCB1kX_ZVMBz8MKB89X2RSdn0eBf9jFiY1iA\/viewform\">Formulario de Solicitud<\/a><\/strong><\/h2>\n\n\n\n<p><strong>2)&nbsp;&nbsp;&nbsp;&nbsp;&nbsp;&nbsp;<\/strong>Si te otorgaron una netbook para utilizar durante tu cursado en el Instituto, deber\u00e1s:<\/p>\n\n\n\n<p>a)&nbsp;&nbsp;&nbsp;&nbsp;&nbsp;&nbsp;&nbsp;hacer primero el tr\u00e1mite de la devoluci\u00f3n o Cesi\u00f3n, seg\u00fan corresponda a tu caso, los d\u00edas lunes y martes 9:30 a 12:30 o jueves de 10:00 a 14:00 horas, con Cecilia Maranzana, quien te entregar\u00e1 un comprobante. (esto lo puedes hacer antes o durante se encuentre tu T\u00edtulo en tr\u00e1mite)<\/p>\n\n\n\n<p>b)&nbsp;&nbsp;&nbsp;&nbsp;&nbsp;&nbsp;Luego ese comprobante deber\u00e1s enviarlo al siguiente correo&nbsp;<a rel=\"noreferrer noopener\" href=\"mailto:referenteareatitulos@gmail.com\" target=\"_blank\">referenteareatitulos@gmail.com<\/a>&nbsp;&nbsp;para recibir el link de recepci\u00f3n de tu T\u00edtulo.<\/p>\n\n\n\n<p class=\"has-text-align-center\"><strong>Aclaratoria: Quien no haya recibido una netbook deber\u00e1 omitir el punto 2.&nbsp;<\/strong><\/p>\n\n\n\n<p>&nbsp;Ante cualquier duda, te esperamos en el \u00c1rea de T\u00edtulo ubicada en la sede central de nuestra instituci\u00f3n, de lunes a viernes de 9:00 a 12:00 y\/o lunes, martes y jueves de 16:00 a 19:00.<\/p>\n\n\n\n<p><\/p>\n","protected":false},"excerpt":{"rendered":"<p>Instituto de Educaci\u00f3n Superior Docente y T\u00e9cnica N\u00b09-001 para informarte el circuito administrativo de tu T\u00edtulo. Seg\u00fan la CIRCULAR N\u00b013 &#8211; DES- 2024&nbsp;\u2013 el Circuito de Emisi\u00f3n de T\u00edtulos 2024 en el&nbsp;SISFET&nbsp;Web es el siguiente Por lo que se puede observar, hay distintos pasos que se deben hacer PASO 1: CONFECCI\u00d3N DEL T\u00cdTULO \u25cf El &#8230; <a title=\"Solicitud de T\u00edtulos\" class=\"read-more\" href=\"https:\/\/ens9001-infd.mendoza.edu.ar\/sitio\/solicitud-de-titulos\/\" aria-label=\"More on Solicitud de T\u00edtulos\">[+]<\/a><\/p>\n","protected":false},"author":824,"featured_media":0,"parent":0,"menu_order":0,"comment_status":"closed","ping_status":"closed","template":"","meta":[],"acf":[],"_links":{"self":[{"href":"https:\/\/ens9001-infd.mendoza.edu.ar\/sitio\/wp-json\/wp\/v2\/pages\/19316"}],"collection":[{"href":"https:\/\/ens9001-infd.mendoza.edu.ar\/sitio\/wp-json\/wp\/v2\/pages"}],"about":[{"href":"https:\/\/ens9001-infd.mendoza.edu.ar\/sitio\/wp-json\/wp\/v2\/types\/page"}],"author":[{"embeddable":true,"href":"https:\/\/ens9001-infd.mendoza.edu.ar\/sitio\/wp-json\/wp\/v2\/users\/824"}],"replies":[{"embeddable":true,"href":"https:\/\/ens9001-infd.mendoza.edu.ar\/sitio\/wp-json\/wp\/v2\/comments?post=19316"}],"version-history":[{"count":5,"href":"https:\/\/ens9001-infd.mendoza.edu.ar\/sitio\/wp-json\/wp\/v2\/pages\/19316\/revisions"}],"predecessor-version":[{"id":19334,"href":"https:\/\/ens9001-infd.mendoza.edu.ar\/sitio\/wp-json\/wp\/v2\/pages\/19316\/revisions\/19334"}],"wp:attachment":[{"href":"https:\/\/ens9001-infd.mendoza.edu.ar\/sitio\/wp-json\/wp\/v2\/media?parent=19316"}],"curies":[{"name":"wp","href":"https:\/\/api.w.org\/{rel}","templated":true}]}}