{"id":19309,"date":"2024-06-06T09:38:39","date_gmt":"2024-06-06T12:38:39","guid":{"rendered":"https:\/\/ens9001-infd.mendoza.edu.ar\/sitio\/?page_id=19309"},"modified":"2026-05-15T18:42:08","modified_gmt":"2026-05-15T21:42:08","slug":"salidas-educativas-2","status":"publish","type":"page","link":"https:\/\/ens9001-infd.mendoza.edu.ar\/sitio\/salidas-educativas-2\/","title":{"rendered":"Salidas Educativas en el Nivel Superior"},"content":{"rendered":"\n<p><strong>Salidas Educativas en el Nivel Superior<\/strong><\/p>\n\n\n\n<p>En el marco de la Resoluci\u00f3n N\u00b01000-DGE-17 y sus modificaciones establecidas por la Resoluci\u00f3n N\u00b04716-DGE-23, se informa al personal docente los requisitos y procedimientos necesarios para la realizaci\u00f3n de Salidas Educativas.<\/p>\n\n\n\n<p><strong>Algunos puntos claves que se han modificado por la Res. 4716\/23:<\/strong><\/p>\n\n\n\n<ul>\n<li><strong>Alcance:<\/strong> Aplica a todos los niveles de gesti\u00f3n estatal y privada.<\/li>\n\n\n\n<li><strong>Digitalizaci\u00f3n:<\/strong> La modificaci\u00f3n parcial de la norma exige cargar los datos de las salidas y la \u00abFicha de Antecedentes de Salud\u00bb directamente en el m\u00f3dulo de Salidas Escolares del Sistema GEM.<\/li>\n\n\n\n<li><strong>Ficha de salud y pernote:<\/strong> Para pernote la ficha de antecedentes de salud debe ser firmada por un m\u00e9dico con sello (s\u00f3lo para Modalidad de Educaci\u00f3n Especial) Para las salidas diarias, basta con la firma del adulto responsable.&nbsp;<\/li>\n\n\n\n<li><strong>Justificaci\u00f3n Docente:<\/strong> Los docentes responsables\/acompa\u00f1antes pueden justificar hasta 10 d\u00edas h\u00e1biles al a\u00f1o con goce de haberes por estas actividades.<\/li>\n\n\n\n<li><strong>Procedimiento:<\/strong> Se deben presentar los proyectos pedag\u00f3gicos con antelaci\u00f3n.<\/li>\n\n\n\n<li><strong>Seguro y Responsabilidad:<\/strong> se ajusta a los requerimientos del C\u00f3digo Civil vigente.<\/li>\n<\/ul>\n\n\n\n<p><strong>Condiciones que deben acreditarse en las Salidas Educativas:<\/strong><\/p>\n\n\n\n<p>1. Nota de elevo del Proyecto de Salida Escolar.<br>2. Proyecto de Salida Escolar.<br>3. N\u00f3mina de estudiantes<br>4. N\u00f3mina de docentes responsables del proyecto, docentes&nbsp;acompa\u00f1antes y personas adultas designadas en forma espec\u00edfica como&nbsp;\u201cacompa\u00f1antes\u201d, correspondiendo 1 docente cada 10 estudiantes.<br>5. Ficha de Antecedentes de salud.<\/p>\n\n\n\n<p><strong>Requisitos y procedimiento administrativo en el IES 9001:<\/strong><\/p>\n\n\n\n<p><strong>1. Presentaci\u00f3n del Proyecto<\/strong><\/p>\n\n\n\n<p>El\/la Profesor\/a y\/o Coordinador\/a del Profesorado o Tecnicatura deber\u00e1 presentar la Nota de elevo del Proyecto y el Proyecto de Salida Educativa con la documentaci\u00f3n correspondiente. (Se adjuntan los modelos)<\/p>\n\n\n\n<p><strong>2. Plazos de tramitaci\u00f3n<\/strong><\/p>\n\n\n\n<ul>\n<li><strong>7 d\u00edas antes de la salida:<\/strong><\/li>\n<\/ul>\n\n\n\n<p>Solicitar autorizaci\u00f3n al\/la Coordinador\/a de Carrera o, en su defecto, al Jefe de Formaci\u00f3n Inicial Docente o Jefe de Formaci\u00f3n Inicial T\u00e9cnica.<\/p>\n\n\n\n<ul>\n<li><strong>5 d\u00edas antes de la salida:<\/strong><\/li>\n<\/ul>\n\n\n\n<p>Presentar formalmente la documentaci\u00f3n en Secretar\u00eda, en formato papel (2 juegos completos). Secretar\u00eda verificar\u00e1 que la documentaci\u00f3n est\u00e9 completa y posteriormente el Equipo Directivo evaluar\u00e1 y autorizar\u00e1 la salida educativa.<\/p>\n\n\n\n<p><strong>Documentaci\u00f3n obligatoria<\/strong><\/p>\n\n\n\n<p>El Proyecto de Salida Educativa deber\u00e1 incluir:<\/p>\n\n\n\n<ul>\n<li>Listado de estudiantes participantes<\/li>\n\n\n\n<li>N\u00f3mina de docentes y acompa\u00f1antes<\/li>\n\n\n\n<li>Copia de DNI de participantes<\/li>\n\n\n\n<li>N\u00fameros de contacto actualizados<\/li>\n\n\n\n<li>Fichas de Salud (copias)<\/li>\n\n\n\n<li>Documentaci\u00f3n del transporte y seguro correspondiente.<\/li>\n<\/ul>\n\n\n\n<p><strong><a href=\"https:\/\/docs.google.com\/document\/d\/1jKA8hn0wkiwi1sPTGozMTJbGZgNPnxnc\/edit?usp=sharing&amp;ouid=108390833955115650757&amp;rtpof=true&amp;sd=true\">MODELO PROYECTO DE SALIDA EDUCATIVA-N\u00d3MINA ESTUDIANTES Y DOCENTES<\/a><\/strong><\/p>\n\n\n\n<p><strong><a href=\"https:\/\/docs.google.com\/document\/d\/1FCgrpG2F_jRiImIvY0EZvs3gmwEF4vZa\/edit?usp=sharing&amp;ouid=108390833955115650757&amp;rtpof=true&amp;sd=true\">MODELO DE NOTA SALIDA EDUCATIVA<\/a><\/strong><\/p>\n\n\n\n<p><strong><a href=\"https:\/\/docs.google.com\/document\/d\/1_cPgYvbJngOHS9Q6kSwD889Rr3kT-yXR\/edit?usp=sharing&amp;ouid=108390833955115650757&amp;rtpof=true&amp;sd=true\">FICHA DE ANTECEDENTES DE SALUD PARA SALIDA EDUCATIVA<\/a><\/strong><\/p>\n\n\n\n<p><a href=\"https:\/\/docs.google.com\/document\/d\/1V6C5mTeqgaw_eUFLrez1o3odKV3K_xTn\/edit?usp=sharing&amp;ouid=108390833955115650757&amp;rtpof=true&amp;sd=true\"><strong>DATOS PARA CRAGA EN G.E.I.<\/strong><\/a><\/p>\n\n\n\n<p><a href=\"https:\/\/drive.google.com\/file\/d\/1KAzv-2hYNrO44GZA9rZZY2C7qZ0GpIO-\/view?usp=sharing\"><strong>P\u00f3liza 16_2109128_0.pdf digital<\/strong><\/a><\/p>\n\n\n\n<p><strong><a href=\"https:\/\/drive.google.com\/file\/d\/1Lmc0BJsePXqb_Ifmat_LbqYwe-WRr6bV\/view?usp=sharing\">Resoluci\u00f3n 1000 &#8211; Salidas escolares<\/a><\/strong><\/p>\n\n\n\n<p><strong><a href=\"https:\/\/drive.google.com\/file\/d\/1fvwnN_5SlJuEYmQPyZ3t3vgNsFJFvqOC\/view?usp=sharing\">Resoluci\u00f3n N\u00b0 4716<\/a><\/strong><\/p>\n\n\n\n<h2 class=\"wp-block-heading has-text-align-center\"><\/h2>\n\n\n\n<p><\/p>\n","protected":false},"excerpt":{"rendered":"<p>Salidas Educativas en el Nivel Superior En el marco de la Resoluci\u00f3n N\u00b01000-DGE-17 y sus modificaciones establecidas por la Resoluci\u00f3n N\u00b04716-DGE-23, se informa al personal docente los requisitos y procedimientos necesarios para la realizaci\u00f3n de Salidas Educativas. Algunos puntos claves que se han modificado por la Res. 4716\/23: Condiciones que deben acreditarse en las Salidas &#8230; <a title=\"Salidas Educativas en el Nivel Superior\" class=\"read-more\" href=\"https:\/\/ens9001-infd.mendoza.edu.ar\/sitio\/salidas-educativas-2\/\" aria-label=\"More on Salidas Educativas en el Nivel Superior\">[+]<\/a><\/p>\n","protected":false},"author":824,"featured_media":0,"parent":0,"menu_order":0,"comment_status":"closed","ping_status":"closed","template":"","meta":[],"acf":[],"_links":{"self":[{"href":"https:\/\/ens9001-infd.mendoza.edu.ar\/sitio\/wp-json\/wp\/v2\/pages\/19309"}],"collection":[{"href":"https:\/\/ens9001-infd.mendoza.edu.ar\/sitio\/wp-json\/wp\/v2\/pages"}],"about":[{"href":"https:\/\/ens9001-infd.mendoza.edu.ar\/sitio\/wp-json\/wp\/v2\/types\/page"}],"author":[{"embeddable":true,"href":"https:\/\/ens9001-infd.mendoza.edu.ar\/sitio\/wp-json\/wp\/v2\/users\/824"}],"replies":[{"embeddable":true,"href":"https:\/\/ens9001-infd.mendoza.edu.ar\/sitio\/wp-json\/wp\/v2\/comments?post=19309"}],"version-history":[{"count":26,"href":"https:\/\/ens9001-infd.mendoza.edu.ar\/sitio\/wp-json\/wp\/v2\/pages\/19309\/revisions"}],"predecessor-version":[{"id":22951,"href":"https:\/\/ens9001-infd.mendoza.edu.ar\/sitio\/wp-json\/wp\/v2\/pages\/19309\/revisions\/22951"}],"wp:attachment":[{"href":"https:\/\/ens9001-infd.mendoza.edu.ar\/sitio\/wp-json\/wp\/v2\/media?parent=19309"}],"curies":[{"name":"wp","href":"https:\/\/api.w.org\/{rel}","templated":true}]}}