{"id":19118,"date":"2024-03-26T15:06:32","date_gmt":"2024-03-26T18:06:32","guid":{"rendered":"https:\/\/ens9001-infd.mendoza.edu.ar\/sitio\/?page_id=19118"},"modified":"2026-04-08T10:56:34","modified_gmt":"2026-04-08T13:56:34","slug":"propuestas-de-formacion-continua-2025","status":"publish","type":"page","link":"https:\/\/ens9001-infd.mendoza.edu.ar\/sitio\/propuestas-formativas\/propuestas-de-formacion-continua-2025\/","title":{"rendered":"Propuestas de Formaci\u00f3n Continua 2025"},"content":{"rendered":"\n<hr class=\"wp-block-separator has-alpha-channel-opacity\"\/>\n\n\n\n<h4 class=\"wp-block-heading has-text-align-center has-text-color\" style=\"color:#54718a\">PROPUESTAS 2026<\/h4>\n\n\n\n<hr class=\"wp-block-separator has-alpha-channel-opacity\"\/>\n\n\n<div class=\"wp-block-image\">\n<figure class=\"aligncenter size-medium is-resized\"><a href=\"https:\/\/docs.google.com\/forms\/d\/e\/1FAIpQLScylLBFNxLtYrzDYYUz-FmXEvSzRZBUNHAOyaL_bUMCvnFbFQ\/viewform\"><img decoding=\"async\" loading=\"lazy\" src=\"https:\/\/ens9001-infd.mendoza.edu.ar\/sitio\/wp-content\/uploads\/2026\/03\/WhatsApp-Image-2026-03-17-at-17.18.53-1-563x1000.jpeg\" alt=\"\" class=\"wp-image-22674\" width=\"422\" height=\"750\" srcset=\"https:\/\/ens9001-infd.mendoza.edu.ar\/sitio\/wp-content\/uploads\/2026\/03\/WhatsApp-Image-2026-03-17-at-17.18.53-1-563x1000.jpeg 563w, https:\/\/ens9001-infd.mendoza.edu.ar\/sitio\/wp-content\/uploads\/2026\/03\/WhatsApp-Image-2026-03-17-at-17.18.53-1-768x1365.jpeg 768w, https:\/\/ens9001-infd.mendoza.edu.ar\/sitio\/wp-content\/uploads\/2026\/03\/WhatsApp-Image-2026-03-17-at-17.18.53-1-864x1536.jpeg 864w, https:\/\/ens9001-infd.mendoza.edu.ar\/sitio\/wp-content\/uploads\/2026\/03\/WhatsApp-Image-2026-03-17-at-17.18.53-1.jpeg 900w\" sizes=\"(max-width: 422px) 100vw, 422px\" \/><\/a><\/figure><\/div>\n\n\n<p>Informes: jefaturaformacioncontinua9001@gmail.com<\/p>\n\n\n\n<hr class=\"wp-block-separator has-alpha-channel-opacity\"\/>\n\n\n<div class=\"wp-block-image\">\n<figure class=\"aligncenter size-medium is-resized\"><a href=\"https:\/\/docs.google.com\/forms\/d\/e\/1FAIpQLSf9SVmDuBkuLfm5ZfWXaIl4MobXjkrCpxmyb5sOIFnzqm5mgw\/viewform\"><img decoding=\"async\" loading=\"lazy\" src=\"https:\/\/ens9001-infd.mendoza.edu.ar\/sitio\/wp-content\/uploads\/2026\/03\/WhatsApp-Image-2026-03-17-at-17.18.53-563x1000.jpeg\" alt=\"\" class=\"wp-image-22671\" width=\"422\" height=\"750\" srcset=\"https:\/\/ens9001-infd.mendoza.edu.ar\/sitio\/wp-content\/uploads\/2026\/03\/WhatsApp-Image-2026-03-17-at-17.18.53-563x1000.jpeg 563w, https:\/\/ens9001-infd.mendoza.edu.ar\/sitio\/wp-content\/uploads\/2026\/03\/WhatsApp-Image-2026-03-17-at-17.18.53-768x1365.jpeg 768w, https:\/\/ens9001-infd.mendoza.edu.ar\/sitio\/wp-content\/uploads\/2026\/03\/WhatsApp-Image-2026-03-17-at-17.18.53-864x1536.jpeg 864w, https:\/\/ens9001-infd.mendoza.edu.ar\/sitio\/wp-content\/uploads\/2026\/03\/WhatsApp-Image-2026-03-17-at-17.18.53.jpeg 900w\" sizes=\"(max-width: 422px) 100vw, 422px\" \/><\/a><\/figure><\/div>\n\n\n<hr class=\"wp-block-separator has-alpha-channel-opacity\"\/>\n\n\n<div class=\"wp-block-image\">\n<figure class=\"aligncenter size-medium is-resized\"><img decoding=\"async\" loading=\"lazy\" src=\"https:\/\/ens9001-infd.mendoza.edu.ar\/sitio\/wp-content\/uploads\/2026\/03\/WhatsApp-Image-2026-03-18-at-17.25.10-1000x520.jpeg\" alt=\"\" class=\"wp-image-22684\" width=\"750\" height=\"390\" srcset=\"https:\/\/ens9001-infd.mendoza.edu.ar\/sitio\/wp-content\/uploads\/2026\/03\/WhatsApp-Image-2026-03-18-at-17.25.10-1000x520.jpeg 1000w, https:\/\/ens9001-infd.mendoza.edu.ar\/sitio\/wp-content\/uploads\/2026\/03\/WhatsApp-Image-2026-03-18-at-17.25.10-768x400.jpeg 768w, https:\/\/ens9001-infd.mendoza.edu.ar\/sitio\/wp-content\/uploads\/2026\/03\/WhatsApp-Image-2026-03-18-at-17.25.10.jpeg 1280w\" sizes=\"(max-width: 750px) 100vw, 750px\" \/><\/figure><\/div>\n\n\n<hr class=\"wp-block-separator has-alpha-channel-opacity\"\/>\n\n\n\n<h4 class=\"wp-block-heading has-text-align-center has-text-color\" style=\"color:#54718a\">PROPUESTAS 2025<\/h4>\n\n\n\n<hr class=\"wp-block-separator has-alpha-channel-opacity\" id=\"block-f1fe758b-7838-43ea-b033-3e2efd3a0746\"\/>\n\n\n\n<h4 class=\"wp-block-heading\" id=\"block-6e19d2b2-9840-40bb-8ed3-39cdbf407543\">PROPUESTAS 2025<\/h4>\n\n\n\n<hr class=\"wp-block-separator has-alpha-channel-opacity\" id=\"block-8904ab2d-45bc-4f6d-8095-ba90e1a4812f\"\/>\n\n\n\n<h4 class=\"wp-block-heading has-contrast-color has-text-color\"><strong>Capacitaci\u00f3n <\/strong>Docente<\/h4>\n\n\n\n<h4 class=\"wp-block-heading has-text-color\" style=\"color:#54718a\"><strong><strong>\u201cIntroducci\u00f3n a la bibliotecolog\u00eda para docentes\u201d<\/strong><\/strong><\/h4>\n\n\n\n<p>Curso de capacitaci\u00f3n docente. Dirigido a docentes en actividad y docentes que deseen ingresar al sistema educativo.&nbsp;Inicio 18\/09. Modalidad de cursado: combinada. <a rel=\"noreferrer noopener\" href=\"https:\/\/ens9001-infd.mendoza.edu.ar\/sitio\/actualizacioningles\/\" data-type=\"URL\" target=\"_blank\">I<\/a><a href=\"https:\/\/forms.gle\/6kisuktK76GSc4kf7\" data-type=\"URL\" target=\"_blank\" rel=\"noreferrer noopener\">nformaci\u00f3n e inscripciones aqu\u00ed<\/a><a rel=\"noreferrer noopener\" href=\"https:\/\/forms.gle\/jHLV9taAnLK4fCts8\" data-type=\"URL\" data-id=\"https:\/\/forms.gle\/jHLV9taAnLK4fCts8\" target=\"_blank\">.<\/a><\/p>\n\n\n\n<hr class=\"wp-block-separator has-alpha-channel-opacity\"\/>\n\n\n\n<h4 class=\"wp-block-heading has-contrast-color has-text-color\"><strong>Capacitaci\u00f3n <\/strong>Docente<\/h4>\n\n\n\n<h4 class=\"wp-block-heading has-text-color\" style=\"color:#54718a\"><strong><strong>\u201cMediaci\u00f3n integral de la comprensi\u00f3n lectora en la escuela secundaria del siglo XXI\u201d<\/strong><\/strong><\/h4>\n\n\n\n<p>Curso de capacitaci\u00f3n docente. Dirigido a docentes de Lengua y Literatura de Nivel Secundario en actividad y docentes que deseen ingresar al sistema educativo.&nbsp;Inicio 27\/09. Modalidad de cursado: combinada. <a rel=\"noreferrer noopener\" href=\"https:\/\/ens9001-infd.mendoza.edu.ar\/sitio\/actualizacioningles\/\" data-type=\"URL\" target=\"_blank\">I<\/a><a href=\"https:\/\/forms.gle\/EriaKm5ZLLxPNW1GA\" data-type=\"URL\" target=\"_blank\" rel=\"noreferrer noopener\">nformaci\u00f3n e inscripciones aqu\u00ed<\/a><a rel=\"noreferrer noopener\" href=\"https:\/\/forms.gle\/jHLV9taAnLK4fCts8\" data-type=\"URL\" data-id=\"https:\/\/forms.gle\/jHLV9taAnLK4fCts8\" target=\"_blank\">.<\/a><\/p>\n\n\n\n<hr class=\"wp-block-separator has-alpha-channel-opacity\"\/>\n\n\n\n<h4 class=\"wp-block-heading has-contrast-color has-text-color\"><strong>Capacitaci\u00f3n <\/strong>T\u00e9cnica<\/h4>\n\n\n\n<h4 class=\"wp-block-heading has-text-color\" style=\"color:#54718a\">\u00ab<strong><strong>\u00c9tica y Deontolog\u00eda Profesional para estudiantes avanzados de las Tecnicaturas del Nivel Superior<\/strong><\/strong>\u00ab<\/h4>\n\n\n\n<p>Curso de capacitaci\u00f3n t\u00e9cnica. Dirigido a estudiantes avanzados de Tecnicaturas de Nivel Superior y Egresados de Tecnicaturas de Nivel Superior. Inicio 04\/09. Modalidad de cursado: combinada. <a rel=\"noreferrer noopener\" href=\"https:\/\/ens9001-infd.mendoza.edu.ar\/sitio\/actualizacioningles\/\" data-type=\"URL\" target=\"_blank\">I<\/a><a href=\"https:\/\/forms.gle\/WC4CykzVuNWmDcQUA\" data-type=\"URL\" target=\"_blank\" rel=\"noreferrer noopener\">nformaci\u00f3n e inscripciones aqu\u00ed<\/a><a rel=\"noreferrer noopener\" href=\"https:\/\/forms.gle\/jHLV9taAnLK4fCts8\" data-type=\"URL\" data-id=\"https:\/\/forms.gle\/jHLV9taAnLK4fCts8\" target=\"_blank\">.<\/a><\/p>\n\n\n\n<hr class=\"wp-block-separator has-alpha-channel-opacity\"\/>\n\n\n\n<h4 class=\"wp-block-heading has-contrast-color has-text-color\"><strong>Capacitaci\u00f3n Docente<\/strong><\/h4>\n\n\n\n<h4 class=\"wp-block-heading has-text-color\" style=\"color:#54718a\"><strong>\u00abEvaluaci\u00f3n en contextos digitales: herramientas y estrategias para entornos virtuales\u00bb<\/strong><\/h4>\n\n\n\n<p>Curso de capacitaci\u00f3n docente con puntaje. Destinado a docentes en actividad y docentes que deseen ingresar al sistema educativo. Inicio 04\/09. Modalidad de cursado: combinada. <a rel=\"noreferrer noopener\" href=\"https:\/\/ens9001-infd.mendoza.edu.ar\/sitio\/actualizacioningles\/\" data-type=\"URL\" target=\"_blank\">I<\/a><a rel=\"noreferrer noopener\" href=\"https:\/\/forms.gle\/jHLV9taAnLK4fCts8\" data-type=\"URL\" data-id=\"https:\/\/forms.gle\/jHLV9taAnLK4fCts8\" target=\"_blank\">nformaci\u00f3n e inscripciones aqu\u00ed.<\/a><\/p>\n\n\n\n<hr class=\"wp-block-separator has-alpha-channel-opacity\"\/>\n\n\n\n<h4 class=\"wp-block-heading has-contrast-color has-text-color\"><strong>Post\u00edtulo Docente<\/strong><\/h4>\n\n\n\n<h4 class=\"wp-block-heading has-text-color\" style=\"color:#54718a\"><strong>\u201cActualizaci\u00f3n acad\u00e9mica en ense\u00f1anza de ingl\u00e9s como lengua extranjera\u201d<\/strong><\/h4>\n\n\n\n<p>Este pos\u00edtulo se presenta como una propuesta acad\u00e9mica integral que invita a repensar la ense\u00f1anza del ingl\u00e9s desde una mirada cr\u00edtica, reflexiva e interdisciplinaria. Fundamentado en una perspectiva socio-constructivista del aprendizaje, ofrece un espacio de formaci\u00f3n que articula teor\u00eda y pr\u00e1ctica para abordar los desaf\u00edos actuales de la docencia en contextos diversos y cambiantes. <a href=\"https:\/\/ens9001-infd.mendoza.edu.ar\/sitio\/actualizacioningles\/\" data-type=\"URL\" target=\"_blank\" rel=\"noreferrer noopener\">Saber m\u00e1s<\/a><\/p>\n\n\n\n<hr class=\"wp-block-separator has-alpha-channel-opacity\"\/>\n\n\n\n<h4 class=\"wp-block-heading\">Propuesta Formativa Institucional<\/h4>\n\n\n\n<h4 class=\"wp-block-heading has-text-color\" style=\"color:#54718a\"><strong>\u201c<\/strong>Combinada en Educaci\u00f3n Superior: Dominando las Plataformas Institucionales<strong>\u201d<\/strong><\/h4>\n\n\n\n<p>El Instituto de Educaci\u00f3n Superior 9-001 Gral. Jos\u00e9 de San Mart\u00edn invita a sus docentes a participar de la <strong>Propuesta Formativa Institucional \u00abModalidad Combinada en Educaci\u00f3n Superior: Dominando las Plataformas Institucionales\u00bb<\/strong>, que se desarrollar\u00e1 a partir del 13 de mayo. Esta formaci\u00f3n tiene como objetivo fortalecer las competencias digitales y pedag\u00f3gicas necesarias para implementar estrategias de ense\u00f1anza en modalidad combinada, aprovechando al m\u00e1ximo las herramientas institucionales disponibles. <a href=\"https:\/\/ens9001-infd.mendoza.edu.ar\/sitio\/modalidad-combinada-en-el-nivel-superior\/\" data-type=\"URL\" data-id=\"https:\/\/ens9001-infd.mendoza.edu.ar\/sitio\/modalidad-combinada-en-el-nivel-superior\/\" target=\"_blank\" rel=\"noreferrer noopener\">Saber m\u00e1s<\/a><\/p>\n\n\n\n<hr class=\"wp-block-separator has-alpha-channel-opacity\"\/>\n\n\n\n<h4 class=\"wp-block-heading has-text-color\" style=\"color:#54718a\">II JORNADA DE LA SALUD, HIGIENE Y SEGURIDAD EN EL TRABAJO: <strong>\u201c<\/strong>UN ENTORNO LABORAL SEGURO<strong>\u201d<\/strong><\/h4>\n\n\n\n<p>En el marco del D\u00eda Nacional de la Higiene y Seguridad en el Trabajo, desde el IES 9001 \u201cGral. Jos\u00e9 de San Mart\u00edn\u201d, nos preparamos para vivir una propuesta de intensa actividad, reflexi\u00f3n y construcci\u00f3n colectiva. Los d\u00edas 21, 22, 23 y 24 de abril de 2025. En el SUM del IES 9-001, Ciudad de San Mart\u00edn, Mendoza. Para m\u00e1s informaci\u00f3n<a rel=\"noreferrer noopener\" href=\"https:\/\/ens9001-infd.mendoza.edu.ar\/sitio\/jornadas-de-higiene-y-seguridad\/\" target=\"_blank\">, dirigirse aqu\u00ed<\/a>.<\/p>\n\n\n\n<hr class=\"wp-block-separator has-alpha-channel-opacity\"\/>\n\n\n\n<h4 class=\"wp-block-heading has-text-color\" style=\"color:#54718a\">Diplomatura en Did\u00e1ctica de la Literatura Infanto-Juvenil como medio de inclusi\u00f3n educativa &#8211; 3\u00b0 Cohorte (San Mart\u00edn)<\/h4>\n\n\n\n<p>Diplomatura dictada por la Facultad de Filosof\u00eda y Letras de la Universidad Nacional de Cuyo, en formato h\u00edbrido, en la Sede Central del IES 9-001. Para mayor informaci\u00f3n<a href=\"https:\/\/ffyl.uncuyo.edu.ar\/estudios\/posgrado\/325\" target=\"_blank\" rel=\"noreferrer noopener\">, dirigirse aqu\u00ed<\/a>.<\/p>\n\n\n<div class=\"wp-block-image\">\n<figure class=\"aligncenter size-full is-resized\"><a href=\"https:\/\/ffyl.uncuyo.edu.ar\/estudios\/posgrado\/325\" target=\"_blank\" rel=\"noreferrer noopener\"><img decoding=\"async\" loading=\"lazy\" src=\"https:\/\/ens9001-infd.mendoza.edu.ar\/sitio\/wp-content\/uploads\/2025\/04\/PHOTO-2025-03-31-16-12-52.jpg\" alt=\"\" class=\"wp-image-21220\" width=\"676\" height=\"955\" srcset=\"https:\/\/ens9001-infd.mendoza.edu.ar\/sitio\/wp-content\/uploads\/2025\/04\/PHOTO-2025-03-31-16-12-52.jpg 1131w, https:\/\/ens9001-infd.mendoza.edu.ar\/sitio\/wp-content\/uploads\/2025\/04\/PHOTO-2025-03-31-16-12-52-707x1000.jpg 707w, https:\/\/ens9001-infd.mendoza.edu.ar\/sitio\/wp-content\/uploads\/2025\/04\/PHOTO-2025-03-31-16-12-52-768x1086.jpg 768w, https:\/\/ens9001-infd.mendoza.edu.ar\/sitio\/wp-content\/uploads\/2025\/04\/PHOTO-2025-03-31-16-12-52-1086x1536.jpg 1086w\" sizes=\"(max-width: 676px) 100vw, 676px\" \/><\/a><\/figure><\/div>\n\n\n<hr class=\"wp-block-separator has-css-opacity\"\/>\n\n\n\n<h4 class=\"wp-block-heading has-text-color\" style=\"color:#54718a\">Especializaci\u00f3n Docente de Nivel Superior en&nbsp;Educaci\u00f3n Maternal &nbsp; &nbsp;&nbsp;&nbsp;&nbsp;<\/h4>\n\n\n\n<p>Si sos docente y quer\u00e9s fortalecer tus conocimientos te\u00f3ricos y pr\u00e1cticos en educaci\u00f3n maternal, esta especializaci\u00f3n es para vos. A lo largo de la cursada, vas a explorar enfoques innovadores herramientas actualizadas para dise\u00f1ar propuestas pedag\u00f3gicas que impacten positivamente en el aprendizaje de los ni\u00f1os en el nivel inicial. <a href=\"https:\/\/ens9001-infd.mendoza.edu.ar\/sitio\/propuestas-de-formacion-continua-especializacion-docente\/\">Informaci\u00f3n e inscripciones, aqu\u00ed.<\/a> <\/p>\n\n\n\n<hr class=\"wp-block-separator has-css-opacity\"\/>\n\n\n\n<h4 class=\"wp-block-heading has-text-color\" style=\"color:#54718a\">The Art of Creating Self-Learning Materials <\/h4>\n\n\n\n<h5 class=\"wp-block-heading\"><em>(El Arte de Crear Materiales de Autoaprendizaje)<\/em><\/h5>\n\n\n\n<p>Curso para docentes de ingl\u00e9s de todos los niveles y estudiantes avanzados de la carrera que deseen desarrollar habilidades para crear materiales de autoaprendizaje. <a href=\"https:\/\/ens9001-infd.mendoza.edu.ar\/sitio\/capacitaciones-docentes\/\">Informaci\u00f3n e inscripciones, aqu<\/a>\u00ed. <\/p>\n\n\n\n<hr class=\"wp-block-separator has-css-opacity\"\/>\n\n\n<div class=\"wp-block-image\">\n<figure class=\"aligncenter size-full is-resized\"><img decoding=\"async\" loading=\"lazy\" src=\"https:\/\/ens9001-infd.mendoza.edu.ar\/sitio\/wp-content\/uploads\/2025\/02\/WhatsApp-Image-2024-10-02-at-12.11.22-1.jpeg\" alt=\"\" class=\"wp-image-21008\" width=\"470\" height=\"173\" srcset=\"https:\/\/ens9001-infd.mendoza.edu.ar\/sitio\/wp-content\/uploads\/2025\/02\/WhatsApp-Image-2024-10-02-at-12.11.22-1.jpeg 851w, https:\/\/ens9001-infd.mendoza.edu.ar\/sitio\/wp-content\/uploads\/2025\/02\/WhatsApp-Image-2024-10-02-at-12.11.22-1-768x284.jpeg 768w\" sizes=\"(max-width: 470px) 100vw, 470px\" \/><\/figure><\/div>\n\n\n<h5 class=\"wp-block-heading has-text-color\" style=\"color:#54718a\">Jefatura de Formaci\u00f3n Continua<\/h5>\n\n\n\n<p>Atenci\u00f3n: Sede Central del IES 9-001, Chubut y Balcarce, San Mart\u00edn, Mendoza<\/p>\n\n\n\n<p>Horarios:<\/p>\n\n\n\n<ul>\n<li>de lunes a viernes de 8: 00 a 11 hs; <\/li>\n\n\n\n<li>lunes, martes, jueves y viernes de 14 a 17 hs.; <\/li>\n\n\n\n<li>mi\u00e9rcoles de 17 a 20 hs<\/li>\n<\/ul>\n\n\n\n<p>cfc.bedelia.9001@gmail.com<\/p>\n\n\n\n<hr class=\"wp-block-separator has-css-opacity\"\/>\n","protected":false},"excerpt":{"rendered":"<p>PROPUESTAS 2026 Informes: jefaturaformacioncontinua9001@gmail.com PROPUESTAS 2025 PROPUESTAS 2025 Capacitaci\u00f3n Docente \u201cIntroducci\u00f3n a la bibliotecolog\u00eda para docentes\u201d Curso de capacitaci\u00f3n docente. Dirigido a docentes en actividad y docentes que deseen ingresar al sistema educativo.&nbsp;Inicio 18\/09. Modalidad de cursado: combinada. Informaci\u00f3n e inscripciones aqu\u00ed. Capacitaci\u00f3n Docente \u201cMediaci\u00f3n integral de la comprensi\u00f3n lectora en la escuela secundaria del &#8230; <a title=\"Propuestas de Formaci\u00f3n Continua 2025\" class=\"read-more\" href=\"https:\/\/ens9001-infd.mendoza.edu.ar\/sitio\/propuestas-formativas\/propuestas-de-formacion-continua-2025\/\" aria-label=\"More on Propuestas de Formaci\u00f3n Continua 2025\">[+]<\/a><\/p>\n","protected":false},"author":858,"featured_media":0,"parent":9558,"menu_order":0,"comment_status":"closed","ping_status":"closed","template":"","meta":[],"acf":[],"_links":{"self":[{"href":"https:\/\/ens9001-infd.mendoza.edu.ar\/sitio\/wp-json\/wp\/v2\/pages\/19118"}],"collection":[{"href":"https:\/\/ens9001-infd.mendoza.edu.ar\/sitio\/wp-json\/wp\/v2\/pages"}],"about":[{"href":"https:\/\/ens9001-infd.mendoza.edu.ar\/sitio\/wp-json\/wp\/v2\/types\/page"}],"author":[{"embeddable":true,"href":"https:\/\/ens9001-infd.mendoza.edu.ar\/sitio\/wp-json\/wp\/v2\/users\/858"}],"replies":[{"embeddable":true,"href":"https:\/\/ens9001-infd.mendoza.edu.ar\/sitio\/wp-json\/wp\/v2\/comments?post=19118"}],"version-history":[{"count":54,"href":"https:\/\/ens9001-infd.mendoza.edu.ar\/sitio\/wp-json\/wp\/v2\/pages\/19118\/revisions"}],"predecessor-version":[{"id":22718,"href":"https:\/\/ens9001-infd.mendoza.edu.ar\/sitio\/wp-json\/wp\/v2\/pages\/19118\/revisions\/22718"}],"up":[{"embeddable":true,"href":"https:\/\/ens9001-infd.mendoza.edu.ar\/sitio\/wp-json\/wp\/v2\/pages\/9558"}],"wp:attachment":[{"href":"https:\/\/ens9001-infd.mendoza.edu.ar\/sitio\/wp-json\/wp\/v2\/media?parent=19118"}],"curies":[{"name":"wp","href":"https:\/\/api.w.org\/{rel}","templated":true}]}}