{"id":18781,"date":"2024-02-15T16:24:35","date_gmt":"2024-02-15T19:24:35","guid":{"rendered":"https:\/\/ens9001-infd.mendoza.edu.ar\/sitio\/?page_id=18781"},"modified":"2024-06-27T08:38:28","modified_gmt":"2024-06-27T11:38:28","slug":"concurso-de-antecedentes-y-oposicion-de-elegibles-para-cargos-jerarquicos-de-gestion-academica-segunda-instancia-de-inscripcion","status":"publish","type":"page","link":"https:\/\/ens9001-infd.mendoza.edu.ar\/sitio\/concurso-de-antecedentes-y-oposicion-de-elegibles-para-cargos-jerarquicos-de-gestion-academica-segunda-instancia-de-inscripcion\/","title":{"rendered":"Concurso de Antecedentes y Oposici\u00f3n de Elegibles para Cargos Jer\u00e1rquicos de Gesti\u00f3n Acad\u00e9mica: Segunda Instancia de Inscripci\u00f3n"},"content":{"rendered":"<h4>Concurso de Antecedentes y Oposici\u00f3n de Elegibles para Cargos Jer\u00e1rquicos de Gesti\u00f3n Acad\u00e9mica:<\/h4>\n<h5>Segunda Instancia de Inscripci\u00f3n<\/h5>\n<p>El Consejo Directivo del Instituto de Educaci\u00f3n Superior Docente y T\u00e9cnica N\u00ba 9-001 \u201cGral. Jos\u00e9 de San Mart\u00edn\u201d informa que se dar\u00e1 lugar a la segunda <strong>inscripci\u00f3n<\/strong> para los\/as <strong>aspirantes<\/strong> al \u201c<strong>Concurso de Antecedentes y Oposici\u00f3n para obtener la condici\u00f3n de Elegibles<\/strong>\u201d, desde las <strong>00.00 horas del 19 de febrero y hasta las 23.59 horas del 06 de marzo<\/strong> del corriente a\u00f1o, para los cargos jer\u00e1rquicos de gesti\u00f3n acad\u00e9mica que se detallan a continuaci\u00f3n:<\/p>\n<ul>\n<li><strong>Jefe\/a de Formaci\u00f3n Inicial Docente<\/strong><\/li>\n<li><strong>Coordinador\/a del Profesorado de Educaci\u00f3n Secundaria en Biolog\u00eda<\/strong><\/li>\n<\/ul>\n<p>Los\/as aspirantes deber\u00e1n inscribirse en la p\u00e1gina institucional, disponible m\u00e1s abajo en el apartado \u00abFormulario de Inscripci\u00f3n\u00bb, &nbsp;y presentar la documentaci\u00f3n correspondiente conforme se indica en la <a href=\"https:\/\/drive.google.com\/file\/d\/19yNVokn1IEovQOFDjNIjIyIneyT-aJbg\/view?usp=drive_link\">Res. N\u00ba 0035-CD-2023 y Anexos I, II y III<\/a>, y su complementaria <a href=\"https:\/\/drive.google.com\/file\/d\/15-BLhk53gRoPonRKAX4pH-R-IJm19MvX\/view?usp=drive_link\">Res. N\u00ba 0001-CD-2024<\/a>.<\/p>\n<p>Las condiciones para postularse a los <strong>cargos unipersonales jer\u00e1rquicos de gesti\u00f3n acad\u00e9mica<\/strong> (Jefaturas y Coordinaciones de carrera) son:<\/p>\n<ol>\n<li>Desempe\u00f1arse como profesor titular en el I.E.S.D. y T. N\u00ba 9-001. Se incluye tambi\u00e9n a los docentes que tienen pendiente la norma de titularizaci\u00f3n por acuerdo paritario, conforme lo estipula la <a href=\"https:\/\/drive.google.com\/file\/d\/1KwrCpn_NVnOCZi32Bi9VQ4DmMkmUtlGq\/view?usp=drive_link\">Res. N\u00ba 00123-CGES-2018<\/a>. Asimismo, se incorpora excepcionalmente a los docentes suplentes a t\u00e9rmino en horas vacantes que acrediten una antig\u00fcedad m\u00ednima de 02 (dos) a\u00f1os en el Nivel Superior al 31 de diciembre de 2021, para la primera convocatoria del concurso de elegibles, acorde establece la <a href=\"https:\/\/drive.google.com\/file\/d\/1O0Fuk9ZhWvuNb0Oy6yzDRPZHhhx3-5YF\/view?usp=drive_link\">Res. N\u00ba 00115-CGES-2022<\/a>.<\/li>\n<li>Encontrarse en situaci\u00f3n de revista activa en el Nivel Superior.<\/li>\n<li>Acreditar t\u00edtulo docente de nivel superior de 4 (cuatro) a\u00f1os como m\u00ednimo de duraci\u00f3n o equivalente, o t\u00edtulo profesional universitario y certificaci\u00f3n de formaci\u00f3n pedag\u00f3gica otorgada por un Instituto de Formaci\u00f3n Docente o por una Universidad Nacional, de gesti\u00f3n estatal o privada. En ambos casos deber\u00e1 adem\u00e1s acreditar formaci\u00f3n posterior a su t\u00edtulo de base, entendi\u00e9ndose por tal a las licenciaturas, diplomaturas, maestr\u00edas y\/o doctorados, todos vinculados con el t\u00edtulo de base.<\/li>\n<li>No encontrarse en cumplimiento de sanciones disciplinarias prevista en cualquiera de los niveles del sistema por suspensi\u00f3n, cesant\u00eda o exoneraci\u00f3n.<\/li>\n<\/ol>\n<p><strong>Requisitos para la Inscripci\u00f3n:<\/strong><\/p>\n<ol>\n<li>Cumplir con las condiciones para postularse.<\/li>\n<li>Cumplimentar la inscripci\u00f3n en l\u00ednea en las fechas previstas en el Cronograma correspondiente.<\/li>\n<li>Presentar la carpeta de antecedentes con las probanzas (debidamente autenticadas) y ordenadas de acuerdo a la grilla de tabulaci\u00f3n, obrante en la <a href=\"https:\/\/drive.google.com\/file\/d\/1poKnVhODdDHHsNpW3P35wJaTbn8JB8Gb\/view?usp=drive_link\">Res. N\u00ba 00139-CGES-2022<\/a>.<\/li>\n<li>Presentar proyecto de gesti\u00f3n en formato papel, en sobre cerrado e identificado con el cargo al que se postula y el nombre del aspirante, conforme Cronograma aprobado por <a href=\"https:\/\/drive.google.com\/file\/d\/19yNVokn1IEovQOFDjNIjIyIneyT-aJbg\/view?usp=drive_link\">Res. N\u00ba 0035-CD-2023, Anexo I<\/a>.<\/li>\n<\/ol>\n<p>&nbsp;<\/p>\n<hr>\n<h5>Formulario de Inscripci\u00f3n<\/h5>\n<p>Los\/as aspirantes deber\u00e1n completar el <a href=\"https:\/\/forms.gle\/WXx1aofwUGfrQXTW7\">siguiente formulario de inscripci\u00f3n<\/a> desde las&nbsp;<b>00.00 horas del 19<\/b><b> de febrero<\/b>&nbsp;<b>y hasta las 23.59 horas del<\/b> <strong>06 de marzo<\/strong> del corriente a\u00f1o.<\/p>\n<hr>\n<h5>Aspirantes Inscriptas a Cargos Jer\u00e1rquicos de Gesti\u00f3n Acad\u00e9mica Segunda Convocatoria<\/h5>\n<p class=\"p1\"><span class=\"s1\">El Consejo Directivo del Instituto de Educaci\u00f3n Superior Docente y T\u00e9cnica N\u00ba 9-001 \u201cGral. Jos\u00e9 de San Mart\u00edn\u201d informa a la comunidad educativa la n\u00f3mina de aspirantes inscriptos, conforme se detalla a continuaci\u00f3n, en <strong>Segunda Convocatoria al Concurso de Antecedentes y Oposici\u00f3n para obtener la condici\u00f3n de \u201celegibles\u201d para cargos jer\u00e1rquicos de gesti\u00f3n acad\u00e9mica<\/strong>, en el marco de lo dispuesto por la normativa vigente (Decreto N\u00ba 530\/2018, Res. N\u00ba 00115-CGES-2018 y Res. N\u00ba 00139-CGES-2022) y dem\u00e1s normas complementarias.<\/span><\/p>\n<p class=\"p1\"><strong>Cargos de Gesti\u00f3n Acad\u00e9mica<\/strong><\/p>\n<p class=\"p1\"><span class=\"s1\">Aspirantes a Jefa de Formaci\u00f3n Inicial Docente:<\/span><\/p>\n<p class=\"p1\"><span class=\"s1\">&#8211; Fiorelli, Rosa Lorena (DNI <span dir=\"ltr\">24705101<\/span>)<\/span><\/p>\n<p class=\"p1\"><span class=\"s1\">&#8211; Galleto, Ada Susana (DNI <span dir=\"ltr\">22481245<\/span>)<\/span><\/p>\n<p class=\"p1\"><span class=\"s1\">&#8211; Valestra, Ivana Elena (DNI <span dir=\"ltr\">18430285<\/span>)<\/span><\/p>\n<p class=\"p1\"><span class=\"s1\">&#8211; Viale, Mar\u00eda Sol (DNI <span dir=\"ltr\">33705083<\/span>)<\/span><\/p>\n<p class=\"p1\"><span class=\"s1\">Aspirantes a Coordinadora Profesorado de Educaci\u00f3n Secundaria en Biolog\u00eda:<\/span><\/p>\n<p class=\"p1\"><span class=\"s1\">&#8211; Gruini, Isabel Leticia (DNI <span dir=\"ltr\">30419432<\/span>)<\/span><\/p>\n<p class=\"p1\"><span class=\"s1\">&#8211; Luquez, Soledad (DNI <span dir=\"ltr\">26085451<\/span>)<\/span><\/p>\n<p class=\"p1\"><span class=\"s1\">&#8211; Vi\u00f1olo Araujo, Julieta Bel\u00e9n (DNI <span dir=\"ltr\">35926938<\/span>)<\/span><\/p>\n<p>&nbsp;<\/p>\n<hr>\n<h5><strong style=\"font-size: 16px;\">Presentaci\u00f3n de Carpetas de Antecedentes y Proyecto de Gesti\u00f3n<\/strong><\/h5>\n<p>El Consejo Directivo del Instituto de Educaci\u00f3n Superior Docente y T\u00e9cnica N\u00ba 9-001 \u201cGral. Jos\u00e9 de San Mart\u00edn\u201d <strong>recuerda<\/strong>, a los\/as aspirantes inscriptos al Concurso de Antecedentes y Oposici\u00f3n para obtener la condici\u00f3n de Elegibles en segunda instancia, a cargos jer\u00e1rquicos de gesti\u00f3n acad\u00e9mica de la <strong>Jefatura de Formaci\u00f3n Inicial y <\/strong>de la<strong> Coordinaci\u00f3n del Profesorado de Educaci\u00f3n Secundaria en Biolog\u00eda,<\/strong> que la presentaci\u00f3n de la <strong>carpeta de antecedentes<\/strong> y el <strong>proyecto de gesti\u00f3n<\/strong> tendr\u00e1 lugar el pr\u00f3ximo <strong>viernes 8 de marzo<\/strong> del corriente a\u00f1o, a las <strong>10:00 horas<\/strong>.<\/p>\n<p>A tal efecto deber\u00e1n presentar la documentaci\u00f3n requerida en Secretar\u00eda Docente de Sede Central situada en calles Chubut y Balcarce de la ciudad de San Mart\u00edn, Mendoza.<\/p>\n","protected":false},"excerpt":{"rendered":"<p>Concurso de Antecedentes y Oposici\u00f3n de Elegibles para Cargos Jer\u00e1rquicos de Gesti\u00f3n Acad\u00e9mica: Segunda Instancia de Inscripci\u00f3n El Consejo Directivo del Instituto de Educaci\u00f3n Superior Docente y T\u00e9cnica N\u00ba 9-001 \u201cGral. Jos\u00e9 de San Mart\u00edn\u201d informa que se dar\u00e1 lugar a la segunda inscripci\u00f3n para los\/as aspirantes al \u201cConcurso de Antecedentes y Oposici\u00f3n para obtener &#8230; <a title=\"Concurso de Antecedentes y Oposici\u00f3n de Elegibles para Cargos Jer\u00e1rquicos de Gesti\u00f3n Acad\u00e9mica: Segunda Instancia de Inscripci\u00f3n\" class=\"read-more\" href=\"https:\/\/ens9001-infd.mendoza.edu.ar\/sitio\/concurso-de-antecedentes-y-oposicion-de-elegibles-para-cargos-jerarquicos-de-gestion-academica-segunda-instancia-de-inscripcion\/\" aria-label=\"More on Concurso de Antecedentes y Oposici\u00f3n de Elegibles para Cargos Jer\u00e1rquicos de Gesti\u00f3n Acad\u00e9mica: Segunda Instancia de Inscripci\u00f3n\">[+]<\/a><\/p>\n","protected":false},"author":652,"featured_media":0,"parent":0,"menu_order":0,"comment_status":"closed","ping_status":"closed","template":"","meta":[],"acf":[],"_links":{"self":[{"href":"https:\/\/ens9001-infd.mendoza.edu.ar\/sitio\/wp-json\/wp\/v2\/pages\/18781"}],"collection":[{"href":"https:\/\/ens9001-infd.mendoza.edu.ar\/sitio\/wp-json\/wp\/v2\/pages"}],"about":[{"href":"https:\/\/ens9001-infd.mendoza.edu.ar\/sitio\/wp-json\/wp\/v2\/types\/page"}],"author":[{"embeddable":true,"href":"https:\/\/ens9001-infd.mendoza.edu.ar\/sitio\/wp-json\/wp\/v2\/users\/652"}],"replies":[{"embeddable":true,"href":"https:\/\/ens9001-infd.mendoza.edu.ar\/sitio\/wp-json\/wp\/v2\/comments?post=18781"}],"version-history":[{"count":10,"href":"https:\/\/ens9001-infd.mendoza.edu.ar\/sitio\/wp-json\/wp\/v2\/pages\/18781\/revisions"}],"predecessor-version":[{"id":19403,"href":"https:\/\/ens9001-infd.mendoza.edu.ar\/sitio\/wp-json\/wp\/v2\/pages\/18781\/revisions\/19403"}],"wp:attachment":[{"href":"https:\/\/ens9001-infd.mendoza.edu.ar\/sitio\/wp-json\/wp\/v2\/media?parent=18781"}],"curies":[{"name":"wp","href":"https:\/\/api.w.org\/{rel}","templated":true}]}}