{"id":18182,"date":"2023-10-05T16:04:08","date_gmt":"2023-10-05T19:04:08","guid":{"rendered":"https:\/\/ens9001-infd.mendoza.edu.ar\/sitio\/?page_id=18182"},"modified":"2023-10-05T17:51:29","modified_gmt":"2023-10-05T20:51:29","slug":"mayores-de-25-anos-con-secundario-incompleto-ingreso-ciclo-lectivo-2024","status":"publish","type":"page","link":"https:\/\/ens9001-infd.mendoza.edu.ar\/sitio\/mayores-de-25-anos-con-secundario-incompleto-ingreso-ciclo-lectivo-2024\/","title":{"rendered":"Mayores de 25 a\u00f1os con secundario incompleto &#8211; Ingreso Ciclo Lectivo 2024"},"content":{"rendered":"<h4 style=\"text-align: center;\"><img decoding=\"async\" loading=\"lazy\" class=\"alignnone size-medium wp-image-18148\" src=\"https:\/\/ens9001-infd.mendoza.edu.ar\/sitio\/wp-content\/uploads\/2023\/10\/Ingreso-2024-Mayores-de-25-an\u0303os-1000x250.jpeg\" alt=\"\" width=\"1000\" height=\"250\" srcset=\"https:\/\/ens9001-infd.mendoza.edu.ar\/sitio\/wp-content\/uploads\/2023\/10\/Ingreso-2024-Mayores-de-25-an\u0303os-1000x250.jpeg 1000w, https:\/\/ens9001-infd.mendoza.edu.ar\/sitio\/wp-content\/uploads\/2023\/10\/Ingreso-2024-Mayores-de-25-an\u0303os-768x192.jpeg 768w, https:\/\/ens9001-infd.mendoza.edu.ar\/sitio\/wp-content\/uploads\/2023\/10\/Ingreso-2024-Mayores-de-25-an\u0303os.jpeg 1200w\" sizes=\"(max-width: 1000px) 100vw, 1000px\" \/><\/h4>\n<p style=\"text-align: center;\">\u00a0<\/p>\n<h5 style=\"text-align: center;\"><span style=\"font-weight: 400;\">Pre inscripciones a <strong>carreras t\u00e9cnicas<\/strong> para personas sin secundario o con secundario incompleto siendo mayores de 25 a\u00f1os<br \/>Preinscripciones desde el<b> 9 de al<\/b>\u00a0\u00a0<b>30 de octubre del 2023<\/b>\u00a0<\/span><\/h5>\n<p>&nbsp;<\/p>\n<p><span style=\"font-weight: 400;\">La RES. 3023\/19 y MEMO N\u00b061\/20 DGE establecen:<\/span><\/p>\n<p><span style=\"font-weight: 400;\"><strong>1-<\/strong> Que quienes pueden acceder la posibilidad de ingreso al nivel superior sin secundario completo son:<\/span><\/p>\n<p><span style=\"font-weight: 400;\">Las personas aspirantes a ingresar en institutos de educaci\u00f3n superior de la Provincia de Mendoza,\u00a0 <\/span><b>mayores de veinticinco a\u00f1os<\/b><span style=\"font-weight: 400;\">, cumplidos antes de solicitar su inscripci\u00f3n, sin el nivel secundario aprobado que <\/span><b>posean saberes, antecedentes y experiencia laboral acordes con los estudios que se proponen inici<\/b><span style=\"font-weight: 400;\">ar. Quedan <\/span><b>excluidas <\/b><span style=\"font-weight: 400;\">de la excepcionalidad prevista por el art\u00edculo 7\u00b0 <\/span><b>las carreras de formaci\u00f3n inicial docente <\/b><span style=\"font-weight: 400;\">toda vez que no podr\u00e1n acreditarse debidamente antecedentes laborales en el rol de formador (desempe\u00f1o como docente frente a alumnos).<\/span><b><\/b><\/p>\n<p><span style=\"font-weight: 400;\"><strong>2-<\/strong> La <\/span><b>evaluaci\u00f3n<\/b><span style=\"font-weight: 400;\"> propuesta para los destinatarios mencionados se organizar\u00e1 en <\/span><b>dos instancias.\u00a0\u00a0<\/b><\/p>\n<p><i><span style=\"font-weight: 400;\">La aprobaci\u00f3n de las\u00a0 mismas no except\u00faa a los aspirantes del cumplimiento de otras exigencias establecidas por las diferentes instituciones de nivel superior para el ingreso en las carreras que cada instituci\u00f3n ofrece.<\/span><\/i><\/p>\n<ol>\n<li style=\"font-weight: 400;\" aria-level=\"1\"><span style=\"font-weight: 400;\">Realizar la preiscripci\u00f3n en el <a href=\"https:\/\/forms.gle\/1ognLGgJVNjGTzDK7\">formulario<\/a> que se encuentra al pie de este texto.<\/span><\/li>\n<li style=\"font-weight: 400;\" aria-level=\"1\"><span style=\"font-weight: 400;\">Presentar en la instituci\u00f3n la documentaci\u00f3n en los siguiente d\u00edas y horarios:<\/span>\n<ul>\n<li style=\"font-weight: 400;\" aria-level=\"1\"><span style=\"font-weight: 400;\">Lunes de 18:00 a 19:30 hs.<\/span><\/li>\n<li style=\"font-weight: 400;\" aria-level=\"1\"><span style=\"font-weight: 400;\">Martes y Jueves de 10:00 a 12:00 hs.<\/span><\/li>\n<li style=\"font-weight: 400;\" aria-level=\"1\"><span style=\"font-weight: 400;\">Martes y Mi\u00e9rcoles de 17:30 a 20:30 hs.\u00a0<\/span><\/li>\n<\/ul>\n<\/li>\n<\/ol>\n<p><span style=\"font-weight: 400;\"><strong>3-<\/strong> Al inscribirse en la instituci\u00f3n, los aspirantes deber\u00e1n presentar <\/span><b>un curr\u00edculo personal en el que se acrediten,<\/b><span style=\"font-weight: 400;\"> como requisitos indispensables, <\/span><b>saberes, antecedentes y experiencia laboral<\/b><span style=\"font-weight: 400;\"> acordes con las carreras que se proponen iniciar. Este curr\u00edculo tendr\u00e1 validez de declaraci\u00f3n jurada.<\/span><\/p>\n<p><span style=\"font-weight: 400;\">El CV, debe tener el siguiente formato.<\/span><\/p>\n<ol>\n<li style=\"font-weight: 400;\" aria-level=\"1\"><span style=\"font-weight: 400;\">Datos personales (excluyente): <\/span>Nombre y apellido, DNI, CUIL, fecha y lugar de nacimiento, estado civil, domicilio, tel\u00e9fono y correo electr\u00f3nico.\u00a0<\/li>\n<li aria-level=\"1\"><span style=\"font-weight: 400;\">Estudios realizados (excluyente): <\/span><span style=\"font-weight: 400;\">Certificado de nivel primario,\u00a0 certificado anal\u00edtico de estudios incompletos del nivel secundario y de otros estudios realizados.<\/span><\/li>\n<li aria-level=\"1\">Antecedentes laborales (con constancias emitidas por el ente empleador) (excluyente): <span style=\"font-weight: 400;\">Caracter\u00edsticas de la actividad desempe\u00f1ada, tiempo durante el cual se desempe\u00f1\u00f3, lugar (nombre y datos de la instituci\u00f3n, organizaci\u00f3n, empresa, comercio, etc.). <\/span><\/li>\n<li aria-level=\"1\">Otras actividades realizadas (con acreditaciones pertinentes): Caracter\u00edsticas de la actividad desempe\u00f1ada, tiempo durante el cual la desempe\u00f1\u00f3, lugar (nombre y datos de la instituci\u00f3n, organizaci\u00f3n, empresa, comercio, etc.).<\/li>\n<li aria-level=\"1\"><span style=\"font-weight: 400;\">Otros datos de inter\u00e9s: breve desarrollo de los motivos personales para continuar estudios superiores.<\/span><\/li>\n<\/ol>\n<p><b>4- <\/b>Se suma a la documentaci\u00f3n requerida, copia de DNI, certificado de estudios secundarios cursados hasta el momento (anal\u00edtico incompleto o copia de libro matriz), certificado de estudios primarios completos y una carta de intenci\u00f3n que especifiqu\u00e9 el porqu\u00e9 de la elecci\u00f3n de la carrera y la impronta de hacerlo, a\u00fan sin secundario completo.<\/p>\n<p><strong>5-<\/strong> Fechas de preinscripciones y otra informaci\u00f3n relevante\u00a0<\/p>\n<ul>\n<li style=\"font-weight: 400;\" aria-level=\"1\"><span style=\"font-weight: 400;\">La preinscripci\u00f3n se realizar\u00e1 <\/span><b>desde el 09 de Octubre hasta el<\/b><span style=\"font-weight: 400;\">\u00a0 <\/span><b>30 de octubre del 2023.<\/b><span style=\"font-weight: 400;\"> La documentaci\u00f3n (legajo y CV) ser\u00e1 evaluada entre el 21 y 27 de noviembre por la CGES.<\/span><\/li>\n<li style=\"font-weight: 400;\" aria-level=\"1\"><span style=\"font-weight: 400;\">Si la CGES te habilita a rendir, se informar\u00e1 y comunicar\u00e1 si est\u00e1 en condiciones de acceder al examen.<\/span><\/li>\n<li style=\"font-weight: 400;\" aria-level=\"1\"><span style=\"font-weight: 400;\">Los talleres de tutor\u00edas para rendir el examen se brindar\u00e1n a partir de diciembre 2023 y durante febrero 2024.La evaluaci\u00f3n ser\u00e1 aproximadamente la primera semana de marzo 2024<\/span><\/li>\n<li style=\"font-weight: 400;\" aria-level=\"1\"><span style=\"font-weight: 400;\">Inscribirse en este punto no te habilita a ser ingresante sino aspirante. Por otro lado se debe cumplimentar con los talleres previstos por el \u00e1rea de ingreso.<\/span><\/li>\n<li style=\"font-weight: 400;\" aria-level=\"1\"><span style=\"font-weight: 400;\">La aprobaci\u00f3n de todas las instancias inclu\u00eddo el examen no significa completar los estudios secundarios, s\u00f3lo establece el permiso para cursar una carrera de nivel superior, a\u00fan sin tener el secundario completo.<\/span><\/li>\n<\/ul>\n<p><strong>6-<\/strong> <span style=\"font-weight: 400;\">Cualquier duda o consulta comunicarse al correo: <\/span><a href=\"ingresoiesdyt9001@gmail.com\"><span style=\"font-weight: 400;\">ingresoiesdyt9001@gmail.com<\/span><\/a><\/p>\n<p>&nbsp;<\/p>\n<h4 style=\"text-align: center;\">&#8212;&#8212;&#8212;&#8212;&#8212;&#8212;&#8212;&#8212;&#8211;<\/h4>\n<h4 style=\"text-align: center;\"><a href=\"https:\/\/forms.gle\/1ognLGgJVNjGTzDK7\">Formulario de Preinscripci\u00f3n<\/a><\/h4>\n<p style=\"text-align: center;\">Aspirantes mayores de 25 a\u00f1os con secundario incompleto<\/p>\n<p>&nbsp;<\/p>\n","protected":false},"excerpt":{"rendered":"<p>\u00a0 Pre inscripciones a carreras t\u00e9cnicas para personas sin secundario o con secundario incompleto siendo mayores de 25 a\u00f1osPreinscripciones desde el 9 de al\u00a0\u00a030 de octubre del 2023\u00a0 &nbsp; La RES. 3023\/19 y MEMO N\u00b061\/20 DGE establecen: 1- Que quienes pueden acceder la posibilidad de ingreso al nivel superior sin secundario completo son: Las personas &#8230; <a title=\"Mayores de 25 a\u00f1os con secundario incompleto &#8211; Ingreso Ciclo Lectivo 2024\" class=\"read-more\" href=\"https:\/\/ens9001-infd.mendoza.edu.ar\/sitio\/mayores-de-25-anos-con-secundario-incompleto-ingreso-ciclo-lectivo-2024\/\" aria-label=\"More on Mayores de 25 a\u00f1os con secundario incompleto &#8211; Ingreso Ciclo Lectivo 2024\">[+]<\/a><\/p>\n","protected":false},"author":6607,"featured_media":0,"parent":0,"menu_order":0,"comment_status":"closed","ping_status":"closed","template":"","meta":[],"acf":[],"_links":{"self":[{"href":"https:\/\/ens9001-infd.mendoza.edu.ar\/sitio\/wp-json\/wp\/v2\/pages\/18182"}],"collection":[{"href":"https:\/\/ens9001-infd.mendoza.edu.ar\/sitio\/wp-json\/wp\/v2\/pages"}],"about":[{"href":"https:\/\/ens9001-infd.mendoza.edu.ar\/sitio\/wp-json\/wp\/v2\/types\/page"}],"author":[{"embeddable":true,"href":"https:\/\/ens9001-infd.mendoza.edu.ar\/sitio\/wp-json\/wp\/v2\/users\/6607"}],"replies":[{"embeddable":true,"href":"https:\/\/ens9001-infd.mendoza.edu.ar\/sitio\/wp-json\/wp\/v2\/comments?post=18182"}],"version-history":[{"count":18,"href":"https:\/\/ens9001-infd.mendoza.edu.ar\/sitio\/wp-json\/wp\/v2\/pages\/18182\/revisions"}],"predecessor-version":[{"id":18207,"href":"https:\/\/ens9001-infd.mendoza.edu.ar\/sitio\/wp-json\/wp\/v2\/pages\/18182\/revisions\/18207"}],"wp:attachment":[{"href":"https:\/\/ens9001-infd.mendoza.edu.ar\/sitio\/wp-json\/wp\/v2\/media?parent=18182"}],"curies":[{"name":"wp","href":"https:\/\/api.w.org\/{rel}","templated":true}]}}