{"id":18150,"date":"2023-10-05T13:40:43","date_gmt":"2023-10-05T16:40:43","guid":{"rendered":"https:\/\/ens9001-infd.mendoza.edu.ar\/sitio\/?page_id=18150"},"modified":"2025-09-08T22:26:57","modified_gmt":"2025-09-09T01:26:57","slug":"ingreso-pre-inscripcion","status":"publish","type":"page","link":"https:\/\/ens9001-infd.mendoza.edu.ar\/sitio\/ingreso-pre-inscripcion\/","title":{"rendered":"Ciclo Lectivo 2026 &#8211; Ingreso"},"content":{"rendered":"<h3 class=\"titulo\" style=\"text-align: center;\"><span style=\"color: #3b376b;\">Ciclo Lectivo 2026<\/span><\/h3>\n<h3 class=\"titulo\" style=\"text-align: center;\"><span style=\"color: #3b376b;\">Pre-Inscripci\u00f3n anual a 1\u00b0 a\u00f1o de Profesorados y Tecnicaturas<\/span><\/h3>\n<p>&nbsp;<\/p>\n<h2 style=\"text-align: center;\"><strong><span style=\"color: #993300;\">\u00a1\u00a1\u00a1Bienvenidos estudiantes!!!<\/span><\/strong><\/h2>\n<p>&nbsp;<\/p>\n<p><span style=\"font-weight: 400;\">Es un placer darles la bienvenida a nuestra Instituci\u00f3n en este momento significativo de su trayectoria acad\u00e9mica. Ingresar a estudios superiores representa una mezcla de emoci\u00f3n y desaf\u00edo, y estamos comprometidos con brindarles una educaci\u00f3n innovadora, inclusiva y de calidad.<\/span><\/p>\n<p><span style=\"font-weight: 400;\">Nuestro objetivo es acompa\u00f1arlos en esta nueva etapa, proporcion\u00e1ndoles los recursos y el apoyo necesario para que puedan alcanzar sus sue\u00f1os y objetivos en su crecimiento personal y profesional.<\/span><\/p>\n<p><span style=\"font-weight: 400;\">Por eso, los invitamos a ingresar al <\/span><a href=\"https:\/\/forms.gle\/a2DesBWfE7kj3iCf8\"><b>formulario de preinscripci\u00f3n, marcar <\/b><\/a><span style=\"font-weight: 400;\">la carrera de tu inter\u00e9s y dejarnos tus datos de contacto.<\/span><\/p>\n<p>Te dejamos nuestro mail de contacto:\u00a0<\/p>\n<p>En el IES 9-001 podr\u00e1s cursar las siguientes carreras:<\/p>\n<h2 class=\"wp-block-heading\">Profesorados<\/h2>\n<p>Todos nuestros profesorados tienen una duraci\u00f3n de 4 (cuatro) a\u00f1os:<\/p>\n<ul>\n<li><a href=\"https:\/\/ens9001-infd.mendoza.edu.ar\/sitio\/educacion-primaria\/\" target=\"_blank\" rel=\"noreferrer noopener\">Profesorado de Educaci\u00f3n PRIMARIA<\/a><\/li>\n<li><a href=\"https:\/\/ens9001-infd.mendoza.edu.ar\/sitio\/educacion-inicial\/\" target=\"_blank\" rel=\"noreferrer noopener\">Profesorado de Educaci\u00f3n INICIAL<\/a><\/li>\n<li><a href=\"https:\/\/ens9001-infd.mendoza.edu.ar\/sitio\/educacion-especial\/\" target=\"_blank\" rel=\"noreferrer noopener\">Profesorado de Educaci\u00f3n ESPECIAL con ORIENTACI\u00d3N en DISCAPACIDAD INTELECT<\/a>UAL<\/li>\n<li><a href=\"https:\/\/ens9001-infd.mendoza.edu.ar\/sitio\/ingles-2\/\" target=\"_blank\" rel=\"noreferrer noopener\">Profesorado de\u00a0INGL\u00c9S<\/a><\/li>\n<li><a href=\"https:\/\/ens9001-infd.mendoza.edu.ar\/sitio\/lengua-y-literatura\/\" target=\"_blank\" rel=\"noreferrer noopener\">Profesorado de Educaci\u00f3n Secundaria en LENGUA y LITERATURA<\/a><\/li>\n<li><a href=\"https:\/\/ens9001-infd.mendoza.edu.ar\/sitio\/geografia-3\/\" target=\"_blank\" rel=\"noreferrer noopener\">Profesorado de Educaci\u00f3n Secundaria en GEOGRAF\u00cdA<\/a><\/li>\n<li><a href=\"https:\/\/ens9001-infd.mendoza.edu.ar\/sitio\/historia-3\/\" target=\"_blank\" rel=\"noreferrer noopener\">Profesorado de Educaci\u00f3n Secundaria en HISTORIA<\/a><\/li>\n<li><a href=\"https:\/\/ens9001-infd.mendoza.edu.ar\/sitio\/wp-content\/uploads\/2025\/03\/Profesorado-de-Biologi%CC%81a-PLAN-2025.pdf\" target=\"_blank\" rel=\"noreferrer noopener\">Profesorado de Educaci\u00f3n <\/a><a href=\"https:\/\/ens9001-infd.mendoza.edu.ar\/sitio\/biologia\/\" target=\"_blank\" rel=\"noreferrer noopener\">Secundaria<\/a><a href=\"https:\/\/ens9001-infd.mendoza.edu.ar\/sitio\/biologia\/\" target=\"_blank\" rel=\"noreferrer noopener\"> en BIOLOG\u00cdA<\/a><\/li>\n<li><a href=\"https:\/\/ens9001-infd.mendoza.edu.ar\/sitio\/protec\/\" target=\"_blank\" rel=\"noreferrer noopener\">Profesorado de Educaci\u00f3n Secundaria de la MODALIDAD T\u00c9CNICO PROFESIONAL EN CONC. CON EL T\u00cdTULO DE BASE<\/a><\/li>\n<\/ul>\n<h2 class=\"wp-block-heading\">Tecnicaturas<\/h2>\n<p><strong>En el Instituto se dictan diversas Tecnicaturas Superiores.\u00a0<\/strong>Todas nuestras tecnicaturas tienen una duraci\u00f3n de 3 (tres) a\u00f1os:<\/p>\n<ul>\n<li><a href=\"https:\/\/ens9001-infd.mendoza.edu.ar\/sitio\/publica\/\">Tecnicatura Superior en ADMINISTRACI\u00d3N P\u00daBLICA<\/a><\/li>\n<li><a href=\"https:\/\/ens9001-infd.mendoza.edu.ar\/sitio\/comunicacion-social\/\">Tecnicatura Superior en COMUNICACI\u00d3N SOCIAL<\/a><\/li>\n<li><a href=\"https:\/\/ens9001-infd.mendoza.edu.ar\/sitio\/wp-content\/uploads\/2025\/03\/Tecnicatura-Superior-en-DISENO-DE-INDUMENTARIA-TEXTIL-y-ACCESORIOS-PLAN-2019.pdf\">Tecnicatura Superior en DISE\u00d1O DE INDUMENTARIA, TEXTIL y ACCESORIOS<\/a><\/li>\n<li><a href=\"https:\/\/ens9001-infd.mendoza.edu.ar\/sitio\/wp-content\/uploads\/2025\/03\/Tecnicatura-Superior-en-HIGIENE-y-SEGURIDAD-con-ORIENTACION-en-CALIDAD-y-MEDIO-AMBIENT-PLAN-2019.pdf\">Tecnicatura Superior en HIGIENE y SEGURIDAD con ORIENTACI\u00d3N <\/a><a href=\"https:\/\/ens9001-infd.mendoza.edu.ar\/sitio\/tecnicatura-superior-en-higiene-y-seguridad-laboral\/\">en CALIDAD y MEDIO AMBIENTE\u00a0<\/a><\/li>\n<li>Tecnicatura Superior en Acompa\u00f1amiento Terap\u00e9utico<\/li>\n<\/ul>\n","protected":false},"excerpt":{"rendered":"<p>Ciclo Lectivo 2026 Pre-Inscripci\u00f3n anual a 1\u00b0 a\u00f1o de Profesorados y Tecnicaturas &nbsp; \u00a1\u00a1\u00a1Bienvenidos estudiantes!!! &nbsp; Es un placer darles la bienvenida a nuestra Instituci\u00f3n en este momento significativo de su trayectoria acad\u00e9mica. Ingresar a estudios superiores representa una mezcla de emoci\u00f3n y desaf\u00edo, y estamos comprometidos con brindarles una educaci\u00f3n innovadora, inclusiva y de &#8230; <a title=\"Ciclo Lectivo 2026 &#8211; Ingreso\" class=\"read-more\" href=\"https:\/\/ens9001-infd.mendoza.edu.ar\/sitio\/ingreso-pre-inscripcion\/\" aria-label=\"More on Ciclo Lectivo 2026 &#8211; Ingreso\">[+]<\/a><\/p>\n","protected":false},"author":6607,"featured_media":0,"parent":0,"menu_order":0,"comment_status":"closed","ping_status":"closed","template":"","meta":[],"acf":[],"_links":{"self":[{"href":"https:\/\/ens9001-infd.mendoza.edu.ar\/sitio\/wp-json\/wp\/v2\/pages\/18150"}],"collection":[{"href":"https:\/\/ens9001-infd.mendoza.edu.ar\/sitio\/wp-json\/wp\/v2\/pages"}],"about":[{"href":"https:\/\/ens9001-infd.mendoza.edu.ar\/sitio\/wp-json\/wp\/v2\/types\/page"}],"author":[{"embeddable":true,"href":"https:\/\/ens9001-infd.mendoza.edu.ar\/sitio\/wp-json\/wp\/v2\/users\/6607"}],"replies":[{"embeddable":true,"href":"https:\/\/ens9001-infd.mendoza.edu.ar\/sitio\/wp-json\/wp\/v2\/comments?post=18150"}],"version-history":[{"count":140,"href":"https:\/\/ens9001-infd.mendoza.edu.ar\/sitio\/wp-json\/wp\/v2\/pages\/18150\/revisions"}],"predecessor-version":[{"id":22130,"href":"https:\/\/ens9001-infd.mendoza.edu.ar\/sitio\/wp-json\/wp\/v2\/pages\/18150\/revisions\/22130"}],"wp:attachment":[{"href":"https:\/\/ens9001-infd.mendoza.edu.ar\/sitio\/wp-json\/wp\/v2\/media?parent=18150"}],"curies":[{"name":"wp","href":"https:\/\/api.w.org\/{rel}","templated":true}]}}