{"id":16393,"date":"2022-09-05T17:52:42","date_gmt":"2022-09-05T20:52:42","guid":{"rendered":"https:\/\/ens9001-infd.mendoza.edu.ar\/sitio\/?page_id=16393"},"modified":"2023-10-05T15:24:49","modified_gmt":"2023-10-05T18:24:49","slug":"ingreso-ciclo-lectivo-2023-profesorados-y-tecnicaturas","status":"publish","type":"page","link":"https:\/\/ens9001-infd.mendoza.edu.ar\/sitio\/ingreso-ciclo-lectivo-2023-profesorados-y-tecnicaturas\/","title":{"rendered":"Ingreso Ciclo Lectivo 2023 &#8211; Profesorados y Tecnicaturas &#8211; Oferta y Formularios de Pre-inscripci\u00f3n"},"content":{"rendered":"<p style=\"text-align: center;\"><img decoding=\"async\" loading=\"lazy\" class=\"alignnone size-medium wp-image-16790\" src=\"https:\/\/ens9001-infd.mendoza.edu.ar\/sitio\/wp-content\/uploads\/2022\/10\/nueva-preinscripcio\u0301n-1000x250.png\" alt=\"\" width=\"1000\" height=\"250\" srcset=\"https:\/\/ens9001-infd.mendoza.edu.ar\/sitio\/wp-content\/uploads\/2022\/10\/nueva-preinscripcio\u0301n-1000x250.png 1000w, https:\/\/ens9001-infd.mendoza.edu.ar\/sitio\/wp-content\/uploads\/2022\/10\/nueva-preinscripcio\u0301n-1900x475.png 1900w, https:\/\/ens9001-infd.mendoza.edu.ar\/sitio\/wp-content\/uploads\/2022\/10\/nueva-preinscripcio\u0301n-768x192.png 768w, https:\/\/ens9001-infd.mendoza.edu.ar\/sitio\/wp-content\/uploads\/2022\/10\/nueva-preinscripcio\u0301n-1536x384.png 1536w, https:\/\/ens9001-infd.mendoza.edu.ar\/sitio\/wp-content\/uploads\/2022\/10\/nueva-preinscripcio\u0301n-2048x512.png 2048w\" sizes=\"(max-width: 1000px) 100vw, 1000px\" \/><\/p>\n\n<p style=\"text-align: center;\"><div  class=\"lgc-column lgc-grid-parent lgc-grid-50 lgc-tablet-grid-50 lgc-mobile-grid-100 lgc-equal-heights \"><div  class=\"inside-grid-column\">\n<p style=\"text-align: center;\"><a href=\"https:\/\/drive.google.com\/file\/d\/1Pxnb6LQ5YyduEBPVDlWmYM4ttmn3r7Yz\/view?usp=sharing\"><img decoding=\"async\" loading=\"lazy\" class=\"alignnone  wp-image-16402\" src=\"https:\/\/ens9001-infd.mendoza.edu.ar\/sitio\/wp-content\/uploads\/2022\/09\/Ingeso-2023-Prof-Especial-1000x250.png\" alt=\"\" width=\"399\" height=\"100\" srcset=\"https:\/\/ens9001-infd.mendoza.edu.ar\/sitio\/wp-content\/uploads\/2022\/09\/Ingeso-2023-Prof-Especial-1000x250.png 1000w, https:\/\/ens9001-infd.mendoza.edu.ar\/sitio\/wp-content\/uploads\/2022\/09\/Ingeso-2023-Prof-Especial-1900x475.png 1900w, https:\/\/ens9001-infd.mendoza.edu.ar\/sitio\/wp-content\/uploads\/2022\/09\/Ingeso-2023-Prof-Especial-768x192.png 768w, https:\/\/ens9001-infd.mendoza.edu.ar\/sitio\/wp-content\/uploads\/2022\/09\/Ingeso-2023-Prof-Especial-1536x384.png 1536w, https:\/\/ens9001-infd.mendoza.edu.ar\/sitio\/wp-content\/uploads\/2022\/09\/Ingeso-2023-Prof-Especial-2048x512.png 2048w\" sizes=\"(max-width: 399px) 100vw, 399px\" \/><\/a><\/p>\n<p style=\"text-align: center;\"><a href=\"https:\/\/drive.google.com\/file\/d\/169HMuSp8FulMs8SQdTkUWBo0b2jghKG7\/view?usp=sharing\"><img decoding=\"async\" loading=\"lazy\" class=\"alignnone  wp-image-16406\" src=\"https:\/\/ens9001-infd.mendoza.edu.ar\/sitio\/wp-content\/uploads\/2022\/09\/Ingeso-2023-Prof-Inicial-1000x250.png\" alt=\"\" width=\"399\" height=\"100\" srcset=\"https:\/\/ens9001-infd.mendoza.edu.ar\/sitio\/wp-content\/uploads\/2022\/09\/Ingeso-2023-Prof-Inicial-1000x250.png 1000w, https:\/\/ens9001-infd.mendoza.edu.ar\/sitio\/wp-content\/uploads\/2022\/09\/Ingeso-2023-Prof-Inicial-1900x475.png 1900w, https:\/\/ens9001-infd.mendoza.edu.ar\/sitio\/wp-content\/uploads\/2022\/09\/Ingeso-2023-Prof-Inicial-768x192.png 768w, https:\/\/ens9001-infd.mendoza.edu.ar\/sitio\/wp-content\/uploads\/2022\/09\/Ingeso-2023-Prof-Inicial-1536x384.png 1536w, https:\/\/ens9001-infd.mendoza.edu.ar\/sitio\/wp-content\/uploads\/2022\/09\/Ingeso-2023-Prof-Inicial-2048x512.png 2048w\" sizes=\"(max-width: 399px) 100vw, 399px\" \/><\/a><\/p>\n<p style=\"text-align: center;\"><a href=\"https:\/\/drive.google.com\/file\/d\/1YsSRgoj7bsRydMzXTf6A9rmJ6bT2WNAB\/view?usp=sharing\"><img decoding=\"async\" loading=\"lazy\" class=\"alignnone  wp-image-16408\" src=\"https:\/\/ens9001-infd.mendoza.edu.ar\/sitio\/wp-content\/uploads\/2022\/09\/Ingeso-2023-Prof-Primaria-1000x250.png\" alt=\"\" width=\"399\" height=\"100\" srcset=\"https:\/\/ens9001-infd.mendoza.edu.ar\/sitio\/wp-content\/uploads\/2022\/09\/Ingeso-2023-Prof-Primaria-1000x250.png 1000w, https:\/\/ens9001-infd.mendoza.edu.ar\/sitio\/wp-content\/uploads\/2022\/09\/Ingeso-2023-Prof-Primaria-1900x475.png 1900w, https:\/\/ens9001-infd.mendoza.edu.ar\/sitio\/wp-content\/uploads\/2022\/09\/Ingeso-2023-Prof-Primaria-768x192.png 768w, https:\/\/ens9001-infd.mendoza.edu.ar\/sitio\/wp-content\/uploads\/2022\/09\/Ingeso-2023-Prof-Primaria-1536x384.png 1536w, https:\/\/ens9001-infd.mendoza.edu.ar\/sitio\/wp-content\/uploads\/2022\/09\/Ingeso-2023-Prof-Primaria-2048x512.png 2048w\" sizes=\"(max-width: 399px) 100vw, 399px\" \/><\/a><\/p>\n<p style=\"text-align: center;\"><a href=\"https:\/\/drive.google.com\/file\/d\/1hmO5gJUaCRAJVKo_C2I0Q433S6cs_Kml\/view?usp=sharing\"><img decoding=\"async\" loading=\"lazy\" class=\"alignnone  wp-image-16401\" src=\"https:\/\/ens9001-infd.mendoza.edu.ar\/sitio\/wp-content\/uploads\/2022\/09\/Ingeso-2023-Prof-Biologi\u0301a-1000x250.png\" alt=\"\" width=\"400\" height=\"100\" srcset=\"https:\/\/ens9001-infd.mendoza.edu.ar\/sitio\/wp-content\/uploads\/2022\/09\/Ingeso-2023-Prof-Biologi\u0301a-1000x250.png 1000w, https:\/\/ens9001-infd.mendoza.edu.ar\/sitio\/wp-content\/uploads\/2022\/09\/Ingeso-2023-Prof-Biologi\u0301a-1900x475.png 1900w, https:\/\/ens9001-infd.mendoza.edu.ar\/sitio\/wp-content\/uploads\/2022\/09\/Ingeso-2023-Prof-Biologi\u0301a-768x192.png 768w, https:\/\/ens9001-infd.mendoza.edu.ar\/sitio\/wp-content\/uploads\/2022\/09\/Ingeso-2023-Prof-Biologi\u0301a-1536x384.png 1536w, https:\/\/ens9001-infd.mendoza.edu.ar\/sitio\/wp-content\/uploads\/2022\/09\/Ingeso-2023-Prof-Biologi\u0301a-2048x512.png 2048w\" sizes=\"(max-width: 400px) 100vw, 400px\" \/><\/a><\/p>\n<p style=\"text-align: center;\"><a href=\"https:\/\/drive.google.com\/file\/d\/1_yhObevdnMRCRFImrbYWcf7wKOjds3ag\/view?usp=sharing\"><img decoding=\"async\" loading=\"lazy\" class=\"alignnone  wp-image-16403\" src=\"https:\/\/ens9001-infd.mendoza.edu.ar\/sitio\/wp-content\/uploads\/2022\/09\/Ingeso-2023-Prof-Geografi\u0301a-1000x250.png\" alt=\"\" width=\"400\" height=\"100\" srcset=\"https:\/\/ens9001-infd.mendoza.edu.ar\/sitio\/wp-content\/uploads\/2022\/09\/Ingeso-2023-Prof-Geografi\u0301a-1000x250.png 1000w, https:\/\/ens9001-infd.mendoza.edu.ar\/sitio\/wp-content\/uploads\/2022\/09\/Ingeso-2023-Prof-Geografi\u0301a-1900x475.png 1900w, https:\/\/ens9001-infd.mendoza.edu.ar\/sitio\/wp-content\/uploads\/2022\/09\/Ingeso-2023-Prof-Geografi\u0301a-768x192.png 768w, https:\/\/ens9001-infd.mendoza.edu.ar\/sitio\/wp-content\/uploads\/2022\/09\/Ingeso-2023-Prof-Geografi\u0301a-1536x384.png 1536w, https:\/\/ens9001-infd.mendoza.edu.ar\/sitio\/wp-content\/uploads\/2022\/09\/Ingeso-2023-Prof-Geografi\u0301a-2048x512.png 2048w\" sizes=\"(max-width: 400px) 100vw, 400px\" \/><\/a><\/p>\n<p style=\"text-align: center;\"><a href=\"https:\/\/drive.google.com\/file\/d\/1WNmpqYru7A0fLjhpMGhnRrsCKfrnEO00\/view?usp=sharing\"><img decoding=\"async\" loading=\"lazy\" class=\"alignnone  wp-image-16404\" src=\"https:\/\/ens9001-infd.mendoza.edu.ar\/sitio\/wp-content\/uploads\/2022\/09\/Ingeso-2023-Prof-Historia-1000x250.png\" alt=\"\" width=\"404\" height=\"101\" srcset=\"https:\/\/ens9001-infd.mendoza.edu.ar\/sitio\/wp-content\/uploads\/2022\/09\/Ingeso-2023-Prof-Historia-1000x250.png 1000w, https:\/\/ens9001-infd.mendoza.edu.ar\/sitio\/wp-content\/uploads\/2022\/09\/Ingeso-2023-Prof-Historia-1900x475.png 1900w, https:\/\/ens9001-infd.mendoza.edu.ar\/sitio\/wp-content\/uploads\/2022\/09\/Ingeso-2023-Prof-Historia-768x192.png 768w, https:\/\/ens9001-infd.mendoza.edu.ar\/sitio\/wp-content\/uploads\/2022\/09\/Ingeso-2023-Prof-Historia-1536x384.png 1536w, https:\/\/ens9001-infd.mendoza.edu.ar\/sitio\/wp-content\/uploads\/2022\/09\/Ingeso-2023-Prof-Historia-2048x512.png 2048w\" sizes=\"(max-width: 404px) 100vw, 404px\" \/><\/a><\/p>\n<p style=\"text-align: center;\"><a href=\"https:\/\/drive.google.com\/file\/d\/19ZocvIOn9bkNj1Zigm8cl6usImcMpKnP\/view?usp=sharing\"><img decoding=\"async\" loading=\"lazy\" class=\"alignnone  wp-image-16405\" src=\"https:\/\/ens9001-infd.mendoza.edu.ar\/sitio\/wp-content\/uploads\/2022\/09\/Ingeso-2023-Prof-Ingles-1000x250.png\" alt=\"\" width=\"400\" height=\"100\" srcset=\"https:\/\/ens9001-infd.mendoza.edu.ar\/sitio\/wp-content\/uploads\/2022\/09\/Ingeso-2023-Prof-Ingles-1000x250.png 1000w, https:\/\/ens9001-infd.mendoza.edu.ar\/sitio\/wp-content\/uploads\/2022\/09\/Ingeso-2023-Prof-Ingles-1900x475.png 1900w, https:\/\/ens9001-infd.mendoza.edu.ar\/sitio\/wp-content\/uploads\/2022\/09\/Ingeso-2023-Prof-Ingles-768x192.png 768w, https:\/\/ens9001-infd.mendoza.edu.ar\/sitio\/wp-content\/uploads\/2022\/09\/Ingeso-2023-Prof-Ingles-1536x384.png 1536w, https:\/\/ens9001-infd.mendoza.edu.ar\/sitio\/wp-content\/uploads\/2022\/09\/Ingeso-2023-Prof-Ingles-2048x512.png 2048w\" sizes=\"(max-width: 400px) 100vw, 400px\" \/><\/a><\/p>\n<p style=\"text-align: center;\"><a href=\"https:\/\/drive.google.com\/file\/d\/1-vAOXlgCAqzV9KvlCs2y1PIhp6WH3TfD\/view?usp=sharing\"><img decoding=\"async\" loading=\"lazy\" class=\"alignnone  wp-image-16407\" src=\"https:\/\/ens9001-infd.mendoza.edu.ar\/sitio\/wp-content\/uploads\/2022\/09\/Ingeso-2023-Prof-Lengua-1000x250.png\" alt=\"\" width=\"400\" height=\"100\" srcset=\"https:\/\/ens9001-infd.mendoza.edu.ar\/sitio\/wp-content\/uploads\/2022\/09\/Ingeso-2023-Prof-Lengua-1000x250.png 1000w, https:\/\/ens9001-infd.mendoza.edu.ar\/sitio\/wp-content\/uploads\/2022\/09\/Ingeso-2023-Prof-Lengua-1900x475.png 1900w, https:\/\/ens9001-infd.mendoza.edu.ar\/sitio\/wp-content\/uploads\/2022\/09\/Ingeso-2023-Prof-Lengua-768x192.png 768w, https:\/\/ens9001-infd.mendoza.edu.ar\/sitio\/wp-content\/uploads\/2022\/09\/Ingeso-2023-Prof-Lengua-1536x384.png 1536w, https:\/\/ens9001-infd.mendoza.edu.ar\/sitio\/wp-content\/uploads\/2022\/09\/Ingeso-2023-Prof-Lengua-2048x512.png 2048w\" sizes=\"(max-width: 400px) 100vw, 400px\" \/><\/a><\/p>\n<p style=\"text-align: center;\">\u00a0<\/p>\n<p style=\"text-align: center;\"><\/p><\/div><\/div><div  class=\"lgc-column lgc-grid-parent lgc-grid-50 lgc-tablet-grid-50 lgc-mobile-grid-100 lgc-equal-heights \"><div  class=\"inside-grid-column\">\n<p style=\"text-align: center;\"><a href=\"https:\/\/drive.google.com\/file\/d\/1IEvNxITAYRUBWs01dsxj1QYAIorfKDkt\/view?usp=sharing\"><img decoding=\"async\" loading=\"lazy\" class=\"alignnone  wp-image-16396\" src=\"https:\/\/ens9001-infd.mendoza.edu.ar\/sitio\/wp-content\/uploads\/2022\/09\/Ingeso-2023-Agronomia-1000x250.png\" alt=\"\" width=\"400\" height=\"100\" srcset=\"https:\/\/ens9001-infd.mendoza.edu.ar\/sitio\/wp-content\/uploads\/2022\/09\/Ingeso-2023-Agronomia-1000x250.png 1000w, https:\/\/ens9001-infd.mendoza.edu.ar\/sitio\/wp-content\/uploads\/2022\/09\/Ingeso-2023-Agronomia-1900x475.png 1900w, https:\/\/ens9001-infd.mendoza.edu.ar\/sitio\/wp-content\/uploads\/2022\/09\/Ingeso-2023-Agronomia-768x192.png 768w, https:\/\/ens9001-infd.mendoza.edu.ar\/sitio\/wp-content\/uploads\/2022\/09\/Ingeso-2023-Agronomia-1536x384.png 1536w, https:\/\/ens9001-infd.mendoza.edu.ar\/sitio\/wp-content\/uploads\/2022\/09\/Ingeso-2023-Agronomia-2048x512.png 2048w\" sizes=\"(max-width: 400px) 100vw, 400px\" \/><\/a><\/p>\n<p style=\"text-align: center;\"><a href=\"https:\/\/drive.google.com\/file\/d\/1X6Oi_3K1lRS2VNZGg9ZU2ZzTAtXDMug_\/view?usp=sharing\"><img decoding=\"async\" loading=\"lazy\" class=\"alignnone  wp-image-16399\" src=\"https:\/\/ens9001-infd.mendoza.edu.ar\/sitio\/wp-content\/uploads\/2022\/09\/Ingeso-2023-Enologi\u0301a-1000x250.png\" alt=\"\" width=\"399\" height=\"100\" srcset=\"https:\/\/ens9001-infd.mendoza.edu.ar\/sitio\/wp-content\/uploads\/2022\/09\/Ingeso-2023-Enologi\u0301a-1000x250.png 1000w, https:\/\/ens9001-infd.mendoza.edu.ar\/sitio\/wp-content\/uploads\/2022\/09\/Ingeso-2023-Enologi\u0301a-1900x475.png 1900w, https:\/\/ens9001-infd.mendoza.edu.ar\/sitio\/wp-content\/uploads\/2022\/09\/Ingeso-2023-Enologi\u0301a-768x192.png 768w, https:\/\/ens9001-infd.mendoza.edu.ar\/sitio\/wp-content\/uploads\/2022\/09\/Ingeso-2023-Enologi\u0301a-1536x384.png 1536w, https:\/\/ens9001-infd.mendoza.edu.ar\/sitio\/wp-content\/uploads\/2022\/09\/Ingeso-2023-Enologi\u0301a-2048x512.png 2048w\" sizes=\"(max-width: 399px) 100vw, 399px\" \/><\/a><\/p>\n<p style=\"text-align: center;\"><a href=\"https:\/\/drive.google.com\/file\/d\/1GNlnPpItDbWb8lNzoae8teygtaIuI7GQ\/view?usp=sharing\"><img decoding=\"async\" loading=\"lazy\" class=\"alignnone  wp-image-16395\" src=\"https:\/\/ens9001-infd.mendoza.edu.ar\/sitio\/wp-content\/uploads\/2022\/09\/Ingeso-2023-Adm-Publ-1000x250.png\" alt=\"\" width=\"399\" height=\"100\" srcset=\"https:\/\/ens9001-infd.mendoza.edu.ar\/sitio\/wp-content\/uploads\/2022\/09\/Ingeso-2023-Adm-Publ-1000x250.png 1000w, https:\/\/ens9001-infd.mendoza.edu.ar\/sitio\/wp-content\/uploads\/2022\/09\/Ingeso-2023-Adm-Publ-1900x475.png 1900w, https:\/\/ens9001-infd.mendoza.edu.ar\/sitio\/wp-content\/uploads\/2022\/09\/Ingeso-2023-Adm-Publ-768x192.png 768w, https:\/\/ens9001-infd.mendoza.edu.ar\/sitio\/wp-content\/uploads\/2022\/09\/Ingeso-2023-Adm-Publ-1536x384.png 1536w, https:\/\/ens9001-infd.mendoza.edu.ar\/sitio\/wp-content\/uploads\/2022\/09\/Ingeso-2023-Adm-Publ-2048x512.png 2048w\" sizes=\"(max-width: 399px) 100vw, 399px\" \/><\/a><\/p>\n<p style=\"text-align: center;\"><a href=\"https:\/\/drive.google.com\/file\/d\/1n_JT_vl8EYMz07dIWkhXo_D5qkjDU1Gq\/view?usp=sharing\"><img decoding=\"async\" loading=\"lazy\" class=\"alignnone  wp-image-16397\" src=\"https:\/\/ens9001-infd.mendoza.edu.ar\/sitio\/wp-content\/uploads\/2022\/09\/Ingeso-2023-Comunicacio\u0301n-1000x250.png\" alt=\"\" width=\"400\" height=\"100\" srcset=\"https:\/\/ens9001-infd.mendoza.edu.ar\/sitio\/wp-content\/uploads\/2022\/09\/Ingeso-2023-Comunicacio\u0301n-1000x250.png 1000w, https:\/\/ens9001-infd.mendoza.edu.ar\/sitio\/wp-content\/uploads\/2022\/09\/Ingeso-2023-Comunicacio\u0301n-1900x475.png 1900w, https:\/\/ens9001-infd.mendoza.edu.ar\/sitio\/wp-content\/uploads\/2022\/09\/Ingeso-2023-Comunicacio\u0301n-768x192.png 768w, https:\/\/ens9001-infd.mendoza.edu.ar\/sitio\/wp-content\/uploads\/2022\/09\/Ingeso-2023-Comunicacio\u0301n-1536x384.png 1536w, https:\/\/ens9001-infd.mendoza.edu.ar\/sitio\/wp-content\/uploads\/2022\/09\/Ingeso-2023-Comunicacio\u0301n-2048x512.png 2048w\" sizes=\"(max-width: 400px) 100vw, 400px\" \/><\/a><\/p>\n<p style=\"text-align: center;\"><a href=\"https:\/\/drive.google.com\/file\/d\/1dxqU4nQU1lgalk55X1TqR0Gx5ddGikgg\/view?usp=sharing\"><img decoding=\"async\" loading=\"lazy\" class=\"alignnone  wp-image-16398\" src=\"https:\/\/ens9001-infd.mendoza.edu.ar\/sitio\/wp-content\/uploads\/2022\/09\/Ingeso-2023-Disen\u0303o-1000x250.png\" alt=\"\" width=\"399\" height=\"100\" srcset=\"https:\/\/ens9001-infd.mendoza.edu.ar\/sitio\/wp-content\/uploads\/2022\/09\/Ingeso-2023-Disen\u0303o-1000x250.png 1000w, https:\/\/ens9001-infd.mendoza.edu.ar\/sitio\/wp-content\/uploads\/2022\/09\/Ingeso-2023-Disen\u0303o-1900x475.png 1900w, https:\/\/ens9001-infd.mendoza.edu.ar\/sitio\/wp-content\/uploads\/2022\/09\/Ingeso-2023-Disen\u0303o-768x192.png 768w, https:\/\/ens9001-infd.mendoza.edu.ar\/sitio\/wp-content\/uploads\/2022\/09\/Ingeso-2023-Disen\u0303o-1536x384.png 1536w, https:\/\/ens9001-infd.mendoza.edu.ar\/sitio\/wp-content\/uploads\/2022\/09\/Ingeso-2023-Disen\u0303o-2048x512.png 2048w\" sizes=\"(max-width: 399px) 100vw, 399px\" \/><\/a><\/p>\n<p style=\"text-align: center;\"><img decoding=\"async\" loading=\"lazy\" class=\"alignnone  wp-image-16400\" src=\"https:\/\/ens9001-infd.mendoza.edu.ar\/sitio\/wp-content\/uploads\/2022\/09\/Ingeso-2023-HyS-1000x250.png\" alt=\"\" width=\"400\" height=\"100\" srcset=\"https:\/\/ens9001-infd.mendoza.edu.ar\/sitio\/wp-content\/uploads\/2022\/09\/Ingeso-2023-HyS-1000x250.png 1000w, https:\/\/ens9001-infd.mendoza.edu.ar\/sitio\/wp-content\/uploads\/2022\/09\/Ingeso-2023-HyS-1900x475.png 1900w, https:\/\/ens9001-infd.mendoza.edu.ar\/sitio\/wp-content\/uploads\/2022\/09\/Ingeso-2023-HyS-768x192.png 768w, https:\/\/ens9001-infd.mendoza.edu.ar\/sitio\/wp-content\/uploads\/2022\/09\/Ingeso-2023-HyS-1536x384.png 1536w, https:\/\/ens9001-infd.mendoza.edu.ar\/sitio\/wp-content\/uploads\/2022\/09\/Ingeso-2023-HyS-2048x512.png 2048w\" sizes=\"(max-width: 400px) 100vw, 400px\" \/><\/p>\n<p style=\"text-align: center;\">\u00a0<\/p><\/div><\/div>\n\n<p><\/p>\n<h3 class=\"wp-block-heading\" style=\"text-align: center;\">Formularios de Pre-Inscripci\u00f3n<\/h3>\n<h5><strong>Profesorados<\/strong><\/h5>\n<p>\n\n<\/p>\n<p><em>Sede San Mart\u00edn<\/em><\/p>\n<p>\n\n<\/p>\n<ul>\n<li><a href=\"https:\/\/forms.gle\/SBut96R6BTQoau1r7\">Profesorado de Educaci\u00f3n Especial con Orientaci\u00f3n en Discapacidad Intelectual<\/a><\/li>\n<li><a href=\"https:\/\/forms.gle\/fxUdthURBRVL5UT3A\">Profesorado de Educaci\u00f3n Inicial<\/a><\/li>\n<li><a href=\"https:\/\/forms.gle\/Nsuo2TZvQVH3vAaJ7\">Profesorado de Educaci\u00f3n Primaria<\/a><\/li>\n<li><a href=\"https:\/\/forms.gle\/myQVkVtSX9dNNB1q9\">Profesorado de Educaci\u00f3n Secundaria en Biolog\u00eda<\/a><\/li>\n<li><a href=\"https:\/\/forms.gle\/dxrJcF9CH61E1PYN9\">Profesorado de Educaci\u00f3n Secundaria en Geograf\u00eda<\/a><\/li>\n<li><a href=\"https:\/\/forms.gle\/GBZBT85ECEhoRKzD6\">Profesorado de Educaci\u00f3n Secundaria en Historia<\/a><\/li>\n<li><a href=\"https:\/\/forms.gle\/tNTd8SaTsEkGfAti6\">Profesorado de Educaci\u00f3n Secundaria en Ingl\u00e9s<\/a><\/li>\n<li><a href=\"https:\/\/forms.gle\/QRVMgnF4RAaX2aTB9\">Profesorado de Educaci\u00f3n Secundaria en Lengua y Literatura<\/a><\/li>\n<\/ul>\n<p>\n\n<\/p>\n<h5 class=\"wp-block-heading\"><strong><br \/>Tecnicaturas<\/strong><\/h5>\n<p>\n\n<\/p>\n<p><em>Sede Jun\u00edn\u00a0<\/em><\/p>\n<p>\n\n<\/p>\n<ul>\n<li><a href=\"https:\/\/forms.gle\/ZECk8YSpv3E4htqV7\">Tecnicatura Superior en Agronom\u00eda<\/a><\/li>\n<li><a href=\"https:\/\/forms.gle\/R7j5Zfj85YqeVQoV8\">Tecnicatura Superior en Enolog\u00eda e Industrias de los alimentos<\/a><\/li>\n<\/ul>\n<p>\n\n<\/p>\n<p><em>Sede San Mart\u00edn<\/em><\/p>\n<p>\n\n<\/p>\n<ul>\n<li><a href=\"https:\/\/forms.gle\/bQ4xzHBwzGGCTwrN8\">Tecnicatura Superior en Administraci\u00f3n P\u00fablica<\/a><\/li>\n<li><a href=\"https:\/\/forms.gle\/znGfxu4SZVMmFXie6\">Tecnicatura Superior en Comunicaci\u00f3n Social<\/a><\/li>\n<li><a href=\"https:\/\/forms.gle\/HZWVGjnLsKzrAxGt6\">Tecnicatura Superior en Dise\u00f1o de Indumentaria, textil y Accesorios<\/a><\/li>\n<li><a href=\"https:\/\/forms.gle\/UPeeWKFrzbJAaf4a6\">Tecnicatura Superior en Higiene y Seguridad Laboral<\/a><\/li>\n<\/ul>\n<p>\n\n<\/p>\n<p><em>Sede Palmira<\/em><\/p>\n<p>\n\n<\/p>\n<ul>\n<li><a href=\"https:\/\/forms.gle\/epW33jvUq6iAKA3F7\">Tecnicatura Superior en Higiene y Seguridad Laboral<\/a><\/li>\n<\/ul>\n<p><\/p>\n\n","protected":false},"excerpt":{"rendered":"<p>Formularios de Pre-Inscripci\u00f3n Profesorados Sede San Mart\u00edn Profesorado de Educaci\u00f3n Especial con Orientaci\u00f3n en Discapacidad Intelectual Profesorado de Educaci\u00f3n Inicial Profesorado de Educaci\u00f3n Primaria Profesorado de Educaci\u00f3n Secundaria en Biolog\u00eda Profesorado de Educaci\u00f3n Secundaria en Geograf\u00eda Profesorado de Educaci\u00f3n Secundaria en Historia Profesorado de Educaci\u00f3n Secundaria en Ingl\u00e9s Profesorado de Educaci\u00f3n Secundaria en Lengua y &#8230; <a title=\"Ingreso Ciclo Lectivo 2023 &#8211; Profesorados y Tecnicaturas &#8211; Oferta y Formularios de Pre-inscripci\u00f3n\" class=\"read-more\" href=\"https:\/\/ens9001-infd.mendoza.edu.ar\/sitio\/ingreso-ciclo-lectivo-2023-profesorados-y-tecnicaturas\/\" aria-label=\"More on Ingreso Ciclo Lectivo 2023 &#8211; Profesorados y Tecnicaturas &#8211; Oferta y Formularios de Pre-inscripci\u00f3n\">[+]<\/a><\/p>\n","protected":false},"author":6607,"featured_media":0,"parent":0,"menu_order":0,"comment_status":"closed","ping_status":"closed","template":"","meta":[],"acf":[],"_links":{"self":[{"href":"https:\/\/ens9001-infd.mendoza.edu.ar\/sitio\/wp-json\/wp\/v2\/pages\/16393"}],"collection":[{"href":"https:\/\/ens9001-infd.mendoza.edu.ar\/sitio\/wp-json\/wp\/v2\/pages"}],"about":[{"href":"https:\/\/ens9001-infd.mendoza.edu.ar\/sitio\/wp-json\/wp\/v2\/types\/page"}],"author":[{"embeddable":true,"href":"https:\/\/ens9001-infd.mendoza.edu.ar\/sitio\/wp-json\/wp\/v2\/users\/6607"}],"replies":[{"embeddable":true,"href":"https:\/\/ens9001-infd.mendoza.edu.ar\/sitio\/wp-json\/wp\/v2\/comments?post=16393"}],"version-history":[{"count":52,"href":"https:\/\/ens9001-infd.mendoza.edu.ar\/sitio\/wp-json\/wp\/v2\/pages\/16393\/revisions"}],"predecessor-version":[{"id":18175,"href":"https:\/\/ens9001-infd.mendoza.edu.ar\/sitio\/wp-json\/wp\/v2\/pages\/16393\/revisions\/18175"}],"wp:attachment":[{"href":"https:\/\/ens9001-infd.mendoza.edu.ar\/sitio\/wp-json\/wp\/v2\/media?parent=16393"}],"curies":[{"name":"wp","href":"https:\/\/api.w.org\/{rel}","templated":true}]}}