{"id":15973,"date":"2022-06-16T17:45:10","date_gmt":"2022-06-16T20:45:10","guid":{"rendered":"https:\/\/ens9001-infd.mendoza.edu.ar\/sitio\/?page_id=15973"},"modified":"2022-06-25T18:05:30","modified_gmt":"2022-06-25T21:05:30","slug":"padrones-provisorios-disponibles-para-su-consulta-2022","status":"publish","type":"page","link":"https:\/\/ens9001-infd.mendoza.edu.ar\/sitio\/padrones-provisorios-disponibles-para-su-consulta-2022\/","title":{"rendered":"Padrones Provisorios disponibles para su consulta &#8211; 2022"},"content":{"rendered":"<h4 style=\"text-align: center;\">Padrones Provisorios<\/h4>\n<h5 style=\"text-align: left;\">Sede Central<\/h5>\n<ul>\n<li><a href=\"https:\/\/drive.google.com\/file\/d\/10wZWFtmDGFGR4djfWPPfz_y_cSncnw8z\/view?usp=sharing\">Docente<\/a><\/li>\n<li><a href=\"https:\/\/drive.google.com\/file\/d\/1buspz-btgHBWgNjGTSQLpBEgkVKQfKly\/view?usp=sharing\">No Docente<\/a><\/li>\n<li>Estudiantes:\n<ul>\n<li><a href=\"https:\/\/drive.google.com\/file\/d\/14KGbeVkMfH_UmibGVufotKqfuiqFez7Y\/view?usp=sharing\">Profesorado de Educaci\u00f3n Secundaria en Lengua y Literatura<\/a><\/li>\n<li><a href=\"https:\/\/drive.google.com\/file\/d\/1IvTrBaKRv725ECs1FK6yrP1v-73Bdtn7\/view?usp=sharing\">Profesorado de Educaci\u00f3n Secundaria en Biolog\u00eda<\/a><\/li>\n<li><a href=\"https:\/\/drive.google.com\/file\/d\/10u9xHs6tujxOgW3TK9h2YdOAm7oKIo47\/view?usp=sharing\">Profesorado de Educaci\u00f3n Secundaria en Geograf\u00eda<\/a><\/li>\n<li><a href=\"https:\/\/drive.google.com\/file\/d\/14iEcE0qtBLdXTFeN1DMY-lkrDZXMeE_j\/view?usp=sharing\">Profesorado de Educaci\u00f3n Secundaria en Historia<\/a><\/li>\n<li><a href=\"https:\/\/drive.google.com\/file\/d\/1_MTuro8_8NIHgVpoczySXXUP-G-hc9Kf\/view?usp=sharing\">Profesorado de Educaci\u00f3n Secundaria en Ingl\u00e9s<\/a><\/li>\n<li><a href=\"https:\/\/drive.google.com\/file\/d\/1BxBe4VSHW8XO19Eq5eBwaujn-6sQCq1N\/view?usp=sharing\">Profesorado de Educaci\u00f3n Primaria<\/a><\/li>\n<li><a href=\"https:\/\/drive.google.com\/file\/d\/1eG3r7kJ4QVdiI4BPIhM6aUbrkMKhud38\/view?usp=sharing\">Profesorado de Educaci\u00f3n Inicial<\/a><\/li>\n<li><a href=\"https:\/\/drive.google.com\/file\/d\/1bvZmz_-t4H8F6nq55VXq3HbP-I7E3svS\/view?usp=sharing\">Profesorado de Educaci\u00f3n Especial<\/a><\/li>\n<li><a href=\"https:\/\/drive.google.com\/file\/d\/1q31erhOMNKJVdI_CGZSiChYEOy7Zpg8U\/view?usp=sharing\">T.S. en Administraci\u00f3n P\u00fablica<\/a><\/li>\n<li><a href=\"https:\/\/drive.google.com\/file\/d\/1LNqaJVKXTAebiNS0tGYjBq9EAtqzidux\/view?usp=sharing\">T.S. en Comunicaci\u00f3n Social<\/a><\/li>\n<li><a href=\"https:\/\/drive.google.com\/file\/d\/1b-IIQATLScJUmcczPVgIiZ3qWLPm3qTG\/view?usp=sharing\">T.S. en Dise\u00f1o de Indumentaria, Textil y Accesorios<\/a><\/li>\n<li><a href=\"https:\/\/drive.google.com\/file\/d\/1CIwHGfHYMqXRXmj93a7pfqT_lRsYrTnC\/view?usp=sharing\">Tecnicatura Superior en Higiene y Seguridad<\/a><\/li>\n<li><a href=\"https:\/\/drive.google.com\/file\/d\/16CpPsFKVIYDQkxc0Xa3URoIGT0XJpFDE\/view?usp=sharing\">Post\u00edtulo Especializaci\u00f3n Docente de Nivel Superior en Educaci\u00f3n Permanente de J\u00f3venes y Adultos (EPJA)<\/a><\/li>\n<li><a href=\"https:\/\/drive.google.com\/file\/d\/1hHTCtePAMzZJJXQadm7LxukznDh0zHHO\/view?usp=sharing\">Post\u00edtulo Actualizaci\u00f3n Acad\u00e9mica en Desarrollo de Alternativas para el Abordaje de Conflictos en las Instituciones Educativas<\/a><\/li>\n<li><a href=\"https:\/\/drive.google.com\/file\/d\/177BHL95AC4AMZTiJO4imY4dVDPqmVUQH\/view?usp=sharing\">Post\u00edtulo Actualizaci\u00f3n Acad\u00e9mica en Herramientas para el an\u00e1lisis y gesti\u00f3n de las instituciones de educaci\u00f3n p\u00fablica<\/a><\/li>\n<li><a href=\"https:\/\/drive.google.com\/file\/d\/1GOs6DOyv9JTOOhyj6V4lQtHumY0dS1og\/view?usp=sharing\">Post\u00edtulo Actualizaci\u00f3n Acad\u00e9mica en Ense\u00f1anza de Ingl\u00e9s como lengua extranjera<\/a><\/li>\n<li><a href=\"https:\/\/drive.google.com\/file\/d\/1CmkDoQkxfBBDTVeQYqncol0S5MgF5NtI\/view?usp=sharing\">Post\u00edtulo Actualizaci\u00f3n Acad\u00e9mica en elaboraci\u00f3n de proyectos interdisciplinares e innovaci\u00f3n educativa<\/a><\/li>\n<li><a href=\"https:\/\/drive.google.com\/file\/d\/1mgYKirEMF9PUVr9iIEMYbETAqSTdmCZt\/view?usp=sharing\">Post\u00edtulo Actualizaci\u00f3n Acad\u00e9mica en Legislaci\u00f3n y Administraci\u00f3n Escolar<\/a><\/li>\n<li><a href=\"https:\/\/drive.google.com\/file\/d\/1Y0Qrpnj5cAyt5RB5BU_zkH7DVIykU8Gs\/view?usp=sharing\">Post\u00edtulo Especializaci\u00f3n Docente de Nivel Superior en Educaci\u00f3n Maternal&nbsp;<\/a><\/li>\n<\/ul>\n<\/li>\n<\/ul>\n<h5 style=\"text-align: left;\">Sede Jun\u00edn<\/h5>\n<ul>\n<li>Estudiantes:\n<ul>\n<li><a href=\"https:\/\/drive.google.com\/file\/d\/1MtwJttGfF4OkdyMMqnhQpRsRWrpHCLqk\/view?usp=sharing\">T.S en Agronom\u00eda<\/a><\/li>\n<li><a href=\"https:\/\/drive.google.com\/file\/d\/1fip_hcvCceNECj0h0WbWv-1rKr7T4FEm\/view?usp=sharing\">T.S. en Enolog\u00eda<\/a><\/li>\n<\/ul>\n<\/li>\n<\/ul>\n<h5 style=\"text-align: left;\">Sede Lavalle<\/h5>\n<ul>\n<li>Estudiantes:\n<ul>\n<li><a href=\"https:\/\/drive.google.com\/file\/d\/1DsBPuFYQRYh_nOngKy1S2F5kRRd_ddZn\/view?usp=sharing\">Profesorado de Educaci\u00f3n Primaria<\/a><\/li>\n<\/ul>\n<\/li>\n<\/ul>\n<h5 style=\"text-align: left;\">Sede Montecaseros<\/h5>\n<ul>\n<li>Estudiantes:\n<ul>\n<li><a href=\"https:\/\/drive.google.com\/file\/d\/13-V8kUbMbhuNN7sOAskipBGjU3-5y3IH\/view?usp=sharing\">Profesorado de Educaci\u00f3n Primaria<\/a><\/li>\n<\/ul>\n<\/li>\n<\/ul>\n<h5 style=\"text-align: left;\">Sede Palmira<\/h5>\n<ul>\n<li>Estudiantes:\n<ul>\n<li><a href=\"https:\/\/drive.google.com\/file\/d\/1OKnIfsB3vy8wjNSC11H5e8kSnEUOWiwK\/view?usp=sharing\">Profesorado de Educaci\u00f3n Primaria<\/a><\/li>\n<li><a href=\"https:\/\/drive.google.com\/file\/d\/1Jzalvol0b3mx6hy6CHI3UNGugGdMOB2X\/view?usp=sharing\">Tecnicatura Superior en Higiene y Seguridad<\/a><\/li>\n<\/ul>\n<\/li>\n<\/ul>\n<h5 style=\"text-align: left;\">Sede Tres Porte\u00f1as<\/h5>\n<ul>\n<li>Estudiantes:\n<ul>\n<li><a href=\"https:\/\/drive.google.com\/file\/d\/1ldHic3bN3fOZnN6scrH_9Q5-xfNp_jqe\/view?usp=sharing\">Profesorado de Educaci\u00f3n Primaria<\/a><\/li>\n<li><a href=\"https:\/\/drive.google.com\/file\/d\/1EDJnEEA_s-YE_7jon_8yxAGWjigFhmO5\/view?usp=sharing\">T.S. en Dise\u00f1o de Indumentaria, Textil y Accesorios<\/a><\/li>\n<\/ul>\n<\/li>\n<\/ul>\n<h5 style=\"text-align: left;\">Sede Santa Rosa<\/h5>\n<ul>\n<li>Estudiantes:\n<ul>\n<li><a href=\"https:\/\/drive.google.com\/file\/d\/1YhERQFOW8t9MswqvRYi9WzTW0Fj9TWEI\/view?usp=sharing\">Profesorado de Educaci\u00f3n Inicial<\/a><\/li>\n<\/ul>\n<\/li>\n<\/ul>\n<h5 style=\"text-align: left;\">Todas las Sedes<\/h5>\n<ul>\n<li style=\"text-align: left;\"><a href=\"https:\/\/drive.google.com\/file\/d\/1_PN4rAuAxar7HzR9MfsKaa-jJOlvnnOc\/view?usp=sharing\">Egresados<\/a><\/li>\n<\/ul>\n","protected":false},"excerpt":{"rendered":"<p>Padrones Provisorios Sede Central Docente No Docente Estudiantes: Profesorado de Educaci\u00f3n Secundaria en Lengua y Literatura Profesorado de Educaci\u00f3n Secundaria en Biolog\u00eda Profesorado de Educaci\u00f3n Secundaria en Geograf\u00eda Profesorado de Educaci\u00f3n Secundaria en Historia Profesorado de Educaci\u00f3n Secundaria en Ingl\u00e9s Profesorado de Educaci\u00f3n Primaria Profesorado de Educaci\u00f3n Inicial Profesorado de Educaci\u00f3n Especial T.S. en Administraci\u00f3n &#8230; <a title=\"Padrones Provisorios disponibles para su consulta &#8211; 2022\" class=\"read-more\" href=\"https:\/\/ens9001-infd.mendoza.edu.ar\/sitio\/padrones-provisorios-disponibles-para-su-consulta-2022\/\" aria-label=\"More on Padrones Provisorios disponibles para su consulta &#8211; 2022\">[+]<\/a><\/p>\n","protected":false},"author":6607,"featured_media":0,"parent":0,"menu_order":0,"comment_status":"closed","ping_status":"closed","template":"","meta":[],"acf":[],"_links":{"self":[{"href":"https:\/\/ens9001-infd.mendoza.edu.ar\/sitio\/wp-json\/wp\/v2\/pages\/15973"}],"collection":[{"href":"https:\/\/ens9001-infd.mendoza.edu.ar\/sitio\/wp-json\/wp\/v2\/pages"}],"about":[{"href":"https:\/\/ens9001-infd.mendoza.edu.ar\/sitio\/wp-json\/wp\/v2\/types\/page"}],"author":[{"embeddable":true,"href":"https:\/\/ens9001-infd.mendoza.edu.ar\/sitio\/wp-json\/wp\/v2\/users\/6607"}],"replies":[{"embeddable":true,"href":"https:\/\/ens9001-infd.mendoza.edu.ar\/sitio\/wp-json\/wp\/v2\/comments?post=15973"}],"version-history":[{"count":18,"href":"https:\/\/ens9001-infd.mendoza.edu.ar\/sitio\/wp-json\/wp\/v2\/pages\/15973\/revisions"}],"predecessor-version":[{"id":16024,"href":"https:\/\/ens9001-infd.mendoza.edu.ar\/sitio\/wp-json\/wp\/v2\/pages\/15973\/revisions\/16024"}],"wp:attachment":[{"href":"https:\/\/ens9001-infd.mendoza.edu.ar\/sitio\/wp-json\/wp\/v2\/media?parent=15973"}],"curies":[{"name":"wp","href":"https:\/\/api.w.org\/{rel}","templated":true}]}}