{"id":15592,"date":"2022-04-21T18:27:39","date_gmt":"2022-04-21T21:27:39","guid":{"rendered":"https:\/\/ens9001-infd.mendoza.edu.ar\/sitio\/?page_id=15592"},"modified":"2023-06-26T12:41:13","modified_gmt":"2023-06-26T15:41:13","slug":"ciclo-de-formacion-agenda-para-formadores","status":"publish","type":"page","link":"https:\/\/ens9001-infd.mendoza.edu.ar\/sitio\/ciclo-de-formacion-agenda-para-formadores\/","title":{"rendered":"Ciclo de formaci\u00f3n \u201cAgenda para formadores\u201d"},"content":{"rendered":"\n<figure class=\"wp-block-image\"><img decoding=\"async\" src=\"https:\/\/ens9001-infd.mendoza.edu.ar\/sitio\/wp-content\/uploads\/2022\/04\/Membrete-2-1000x134-1.png\" alt=\"La imagen tiene un atributo ALT vac\u00edo; su nombre de archivo es Membrete-2-1000x134-1.png\"\/><\/figure>\n\n\n\n<h5 class=\"wp-block-heading\">Ciclo de formaci\u00f3n:<\/h5>\n\n\n\n<h5 class=\"has-text-align-center wp-block-heading\"><span style=\"font-weight: 400;\">\u200b<strong>Agenda para formadores<br><em><em>a 15 a\u00f1os de los acuerdos federales instituyentes del<\/em><\/em><\/strong><\/span> <em>Sistema Nacional de Formaci\u00f3n Docente<\/em><span style=\"font-weight: 400;\"><br><\/span><\/h5>\n\n\n\n<h5 class=\"wp-block-heading\">&nbsp;<\/h5>\n\n\n\n<h5 class=\"wp-block-heading\"><strong><img decoding=\"async\" loading=\"lazy\" class=\"wp-image-7531 alignnone\" src=\"https:\/\/ens9001-infd.mendoza.edu.ar\/sitio\/wp-content\/uploads\/2019\/04\/CFC-Iso-trans-1000x627.png\" alt=\"\" width=\"38\" height=\"23\" srcset=\"https:\/\/ens9001-infd.mendoza.edu.ar\/sitio\/wp-content\/uploads\/2019\/04\/CFC-Iso-trans-1000x627.png 1000w, https:\/\/ens9001-infd.mendoza.edu.ar\/sitio\/wp-content\/uploads\/2019\/04\/CFC-Iso-trans-768x482.png 768w, https:\/\/ens9001-infd.mendoza.edu.ar\/sitio\/wp-content\/uploads\/2019\/04\/CFC-Iso-trans.png 1239w\" sizes=\"(max-width: 38px) 100vw, 38px\" \/>&nbsp;<\/strong>Resoluci\u00f3n de aprobaci\u00f3n:<\/h5>\n\n\n\n<p>Acci\u00f3n formativa institucional con resoluci\u00f3n del Consejo Acad\u00e9mico y declarada de \u00abinter\u00e9s educativo\u00bb por el Consejo Directivo: <span style=\"text-decoration: underline;\"><a href=\"https:\/\/drive.google.com\/file\/d\/1admI4OpHyJBXwH1P1MP5XAOCsUbe3DXC\/view?usp=sharing\" target=\"_blank\" rel=\"noreferrer noopener\">Res. 010-CD-2022<\/a><\/span><\/p>\n\n\n\n<h5 class=\"wp-block-heading\">&nbsp;<\/h5>\n\n\n\n<h5 class=\"wp-block-heading\"><strong><img decoding=\"async\" loading=\"lazy\" class=\"wp-image-7531 alignnone\" src=\"https:\/\/ens9001-infd.mendoza.edu.ar\/sitio\/wp-content\/uploads\/2019\/04\/CFC-Iso-trans-1000x627.png\" alt=\"\" width=\"38\" height=\"23\" srcset=\"https:\/\/ens9001-infd.mendoza.edu.ar\/sitio\/wp-content\/uploads\/2019\/04\/CFC-Iso-trans-1000x627.png 1000w, https:\/\/ens9001-infd.mendoza.edu.ar\/sitio\/wp-content\/uploads\/2019\/04\/CFC-Iso-trans-768x482.png 768w, https:\/\/ens9001-infd.mendoza.edu.ar\/sitio\/wp-content\/uploads\/2019\/04\/CFC-Iso-trans.png 1239w\" sizes=\"(max-width: 38px) 100vw, 38px\" \/>&nbsp;Destinatarios<\/strong>:<\/h5>\n\n\n\n<p>Docentes, t\u00e9cnicos o profesionales que se desempe\u00f1an o aspiran a ejercer la docencia en Institutos Superiores de Formaci\u00f3n Docente (ISFD)<\/p>\n\n\n\n<h5 class=\"wp-block-heading\">&nbsp;<\/h5>\n\n\n\n<h5 class=\"wp-block-heading\"><strong><img decoding=\"async\" loading=\"lazy\" width=\"38\" height=\"23\" class=\"wp-image-7531 alignnone\" src=\"https:\/\/ens9001-infd.mendoza.edu.ar\/sitio\/wp-content\/uploads\/2019\/04\/CFC-Iso-trans-1000x627.png\" alt=\"\" srcset=\"https:\/\/ens9001-infd.mendoza.edu.ar\/sitio\/wp-content\/uploads\/2019\/04\/CFC-Iso-trans-1000x627.png 1000w, https:\/\/ens9001-infd.mendoza.edu.ar\/sitio\/wp-content\/uploads\/2019\/04\/CFC-Iso-trans-768x482.png 768w, https:\/\/ens9001-infd.mendoza.edu.ar\/sitio\/wp-content\/uploads\/2019\/04\/CFC-Iso-trans.png 1239w\" sizes=\"(max-width: 38px) 100vw, 38px\" \/>&nbsp;Fundamentaci\u00f3n de la propuesta<\/strong>:<\/h5>\n\n\n\n<p><em>El Estado Nacional lleva adelante pol\u00edticas orientadas a la docencia argentina, que concentran los esfuerzos para el logro de metas como justicia, equidad y calidad educativa comunes a toda la comunidad\u201d (Alberto Sileoni)<\/em><\/p>\n\n\n\n<p>La Ley de Educaci\u00f3n Nacional y la creaci\u00f3n del Instituto Nacional de Formaci\u00f3n Docente han generado en relaci\u00f3n con la formaci\u00f3n docente una agenda de futuro para el mediano y largo plazo que se refleja en acuerdos instituyentes de un Sistema Nacional y Federal de Formaci\u00f3n Docente.<\/p>\n\n\n\n<p>En el a\u00f1o 2007 el Consejo Federal de Educaci\u00f3n emiti\u00f3 dos resoluciones (Res. 24 y 30) que guiaron el desarrollo institucional y curricular de la formaci\u00f3n docente en el pa\u00eds y que dinamizaron la vida de las instituciones formadoras, en general, y de los Institutos de Educaci\u00f3n Superior, en particular. A partir de estas resoluciones, cuyos anexos son documentos que requieren ser revisitados permenentemente, se fueron construyendo nuevos acuerdos federales para dar pasos que acerquen al horizonte all\u00ed planteado.<\/p>\n\n\n\n<p>El camino transitado en estos 15 a\u00f1os nos permite hacer un balance y abrir nuevas perspectivas de futuro.<\/p>\n\n\n\n<p>Estos procesos se transforman en objeto de estudio, an\u00e1lisis, reflexi\u00f3n, intercambio y debate en este Ciclo de Formaci\u00f3n, llamado a recuperar sentidos para la pr\u00e1cticas de los docentes de los Institutos Superiores de Formaci\u00f3n Docente o para preparar a quienes aspiran a desempe\u00f1arse como docentes en estas instituciones.<\/p>\n\n\n\n<p><em>\u201cProvocar, interrogar, suspender el sentido com\u00fan y adentrarnos en b\u00fasquedas sutiles pero no por eso menos potentes que nos permitan analizar lo que hacemos como educadores, problematizar nuestro lugar y proyectar nuevos m\u00e1rgenes para la acci\u00f3n y la ense\u00f1anza\u201d (Jaime Perczyk)<\/em><\/p>\n\n\n\n<h5 class=\"wp-block-heading\">&nbsp;<\/h5>\n\n\n\n<h5 class=\"wp-block-heading\"><strong><img decoding=\"async\" loading=\"lazy\" width=\"38\" height=\"23\" class=\"wp-image-7531 alignnone\" src=\"https:\/\/ens9001-infd.mendoza.edu.ar\/sitio\/wp-content\/uploads\/2019\/04\/CFC-Iso-trans-1000x627.png\" alt=\"\" srcset=\"https:\/\/ens9001-infd.mendoza.edu.ar\/sitio\/wp-content\/uploads\/2019\/04\/CFC-Iso-trans-1000x627.png 1000w, https:\/\/ens9001-infd.mendoza.edu.ar\/sitio\/wp-content\/uploads\/2019\/04\/CFC-Iso-trans-768x482.png 768w, https:\/\/ens9001-infd.mendoza.edu.ar\/sitio\/wp-content\/uploads\/2019\/04\/CFC-Iso-trans.png 1239w\" sizes=\"(max-width: 38px) 100vw, 38px\" \/>&nbsp;<\/strong>Prop\u00f3sito de la propuesta formativa:<\/h5>\n\n\n\n<ul>\n<li><span style=\"font-weight: 400;\">Abrir un espacio de reflexi\u00f3n, intercambio y debate en torno a la formaci\u00f3n docente y al desarrollo de las distintas funciones de los ISFD y del sistema formador, a partir del estudio y an\u00e1lisis de los marcos normativos federales actuales.<\/span><\/li>\n<\/ul>\n\n\n\n<h5 class=\"wp-block-heading\">&nbsp;<\/h5>\n\n\n\n<h5 class=\"wp-block-heading\"><strong><img decoding=\"async\" loading=\"lazy\" width=\"38\" height=\"23\" class=\"wp-image-7531 alignnone\" src=\"https:\/\/ens9001-infd.mendoza.edu.ar\/sitio\/wp-content\/uploads\/2019\/04\/CFC-Iso-trans-1000x627.png\" alt=\"\" srcset=\"https:\/\/ens9001-infd.mendoza.edu.ar\/sitio\/wp-content\/uploads\/2019\/04\/CFC-Iso-trans-1000x627.png 1000w, https:\/\/ens9001-infd.mendoza.edu.ar\/sitio\/wp-content\/uploads\/2019\/04\/CFC-Iso-trans-768x482.png 768w, https:\/\/ens9001-infd.mendoza.edu.ar\/sitio\/wp-content\/uploads\/2019\/04\/CFC-Iso-trans.png 1239w\" sizes=\"(max-width: 38px) 100vw, 38px\" \/>&nbsp;<\/strong>Ejes de contenido:<\/h5>\n\n\n\n<p><strong>1.- Conferencia del Acto de Inicio de las actividades Acad\u00e9micas del Centro de Formaci\u00f3n Continua 9001 <\/strong><\/p>\n\n\n\n<ul>\n<li><span style=\"font-weight: 400;\">\u201cLa docencia argentina y su formaci\u00f3n. Balance y perspectivas\u201d<\/span><\/li>\n<\/ul>\n\n\n\n<p><strong>2.- <strong>Resoluciones instituyente<\/strong><\/strong>s<\/p>\n\n\n\n<ul>\n<li>Antecedentes: experiencias previas, la LFE, el \u201cinforme Davini\u201d y la LEN<\/li>\n\n\n\n<li>La formaci\u00f3n inicial en la Res. CFE 24\/07<\/li>\n\n\n\n<li>Las funciones del sistema formador y las instituciones formadoras en el Anexo I de la Res. CFE 30\/07<\/li>\n\n\n\n<li>La formaci\u00f3n continua y el desarrollo profesional docente en el Anexo II de la Res. CFE 30\/07 y en el PNFP (Res. CFE 201\/13).<\/li>\n\n\n\n<li>Los desaf\u00edos frente a la \u201ctradici\u00f3n secundarizante\u201d de los ISFD como proceso: dise\u00f1o organizacional, r\u00e9gimen acad\u00e9mico y concursos docentes en las Res. CFE 72\/08 y 140\/11<\/li>\n<\/ul>\n\n\n\n<p><strong><strong>3.- El sistema formador de docentes y los ISFD<\/strong><\/strong><\/p>\n\n\n\n<ul>\n<li>La especificidad de la formaci\u00f3n docente como sistema: funci\u00f3n y planeamiento<\/li>\n\n\n\n<li>Organizaci\u00f3n, objetivos y funciones del INFD<\/li>\n\n\n\n<li>Los ISFD en el sistema formador: funciones, autonom\u00eda y gobierno de las instituciones<\/li>\n\n\n\n<li>El dise\u00f1o organizacional y la vida democr\u00e1tica de los ISFD<\/li>\n\n\n\n<li>Relaci\u00f3n de los ISFD con los niveles y modalidades del sistema educativo<\/li>\n\n\n\n<li>La formaci\u00f3n docente y la formaci\u00f3n t\u00e9cnica en los IES<\/li>\n\n\n\n<li>Debates actuales sobre el desarrollo institucional del sistema formador<\/li>\n<\/ul>\n\n\n\n<p><strong><strong>4.- La Formaci\u00f3n Inicial<\/strong><\/strong><\/p>\n\n\n\n<ul>\n<li>La docencia y su formaci\u00f3n<\/li>\n\n\n\n<li>Procesos curriculares<\/li>\n\n\n\n<li>Los dise\u00f1os curriculares<\/li>\n\n\n\n<li>Organizaci\u00f3n y din\u00e1mica de los dise\u00f1os curriculares<\/li>\n\n\n\n<li>El lugar de las pr\u00e1cticas docentes en la formaci\u00f3n profesional<\/li>\n\n\n\n<li>Desarrollo y evaluaci\u00f3n curricular: desaf\u00edos para la gesti\u00f3n acad\u00e9mica de las carreras.<\/li>\n\n\n\n<li>Debates actuales sobre la formaci\u00f3n inicial de los\/as docentes<\/li>\n<\/ul>\n\n\n\n<p><strong><strong>5.- La Formaci\u00f3n Continua y el Desarrollo Profesional<\/strong><\/strong><\/p>\n\n\n\n<ul>\n<li>Modelos de desarrollo profesional docente: instrumental y carencial o centrado en el desarrollo&nbsp;<\/li>\n\n\n\n<li>Desaf\u00edos para el dise\u00f1o de6 pol\u00edticas de Formaci\u00f3n Continua y Desarrollo Profesional Docente<\/li>\n\n\n\n<li>Criterios y principios para la planificaci\u00f3n de la FDC y el DPD<\/li>\n\n\n\n<li>Modalidades para la implementaci\u00f3n de acciones de DPD<\/li>\n\n\n\n<li>Apoyo pedag\u00f3gico a escuelas&nbsp;<\/li>\n\n\n\n<li>L\u00edneas de acci\u00f3n para el DPD<\/li>\n\n\n\n<li>La FC y el DPD en el Programa \u201cNuestra Escuela\u201d<\/li>\n\n\n\n<li>Debates actuales sobre la formaci\u00f3n continua y el DPD<\/li>\n<\/ul>\n\n\n\n<p><strong><strong>6.- La Investigaci\u00f3n y la Producci\u00f3n de Saberes Espec\u00edficos<\/strong><\/strong><\/p>\n\n\n\n<ul>\n<li>La producci\u00f3n de saberes en el ejercicio de la docencia&nbsp;<\/li>\n\n\n\n<li>Especificidad tem\u00e1tica de la producci\u00f3n de saberes en el sistema formador: la ense\u00f1anza, el trabajo docente y la formaci\u00f3n<\/li>\n\n\n\n<li>Visibilizaci\u00f3n y jerarquizaci\u00f3n de la producci\u00f3n de saberes en el marco de sistema formador<\/li>\n\n\n\n<li>Condiciones de funcionamiento del sistema formador para el desarrollo de situaciones formalizadas de producci\u00f3n de saberes<\/li>\n\n\n\n<li>Articulaci\u00f3n entre ISFD y escuelas en los procesos de circulaci\u00f3n, evaluaci\u00f3n y validaci\u00f3n de innovaciones en el terreno de la ense\u00f1anza&nbsp;<\/li>\n\n\n\n<li>Validaci\u00f3n del conocimiento producido en las instituciones formadoras: c\u00f3mo, d\u00f3nde y procedimientos<\/li>\n\n\n\n<li>Debates actuales sobre la investigaci\u00f3n y la producci\u00f3n de saberes espec\u00edficos<\/li>\n<\/ul>\n\n\n\n<p><strong><strong>7.- Las Pol\u00edticas Estudiantiles<\/strong><\/strong><\/p>\n\n\n\n<ul>\n<li>Base normativa: Ley de Educaci\u00f3n Nacional N\u00ba 26.206, Resoluciones CFE 188\/12, 201\/13 y Documento marco de Pol\u00edticas Estudiantiles del Instituto Nacional de Formaci\u00f3n Docente (INFD)&nbsp;<\/li>\n\n\n\n<li>La Educaci\u00f3n Superior y los\/as estudiantes: j\u00f3venes y adultos en la Educaci\u00f3n Superior<\/li>\n\n\n\n<li>Las\/los estudiantes y la ciudadan\u00eda: entre el consumo y la pol\u00edtica<\/li>\n\n\n\n<li>Sentidos de las pol\u00edticas estudiantiles: mejora en las trayectorias y la formaci\u00f3n acad\u00e9micas, ampliaci\u00f3n del horizonte cultural y democratizaci\u00f3n de las concepciones y las pr\u00e1cticas<\/li>\n\n\n\n<li>L\u00edneas estrat\u00e9gicas las pol\u00edticas estudiantiles: la democratizaci\u00f3n y la ciudadan\u00eda responsable; la comprensi\u00f3n sociocultural y el capital cultural; el di\u00e1logo con la comunidad.<\/li>\n\n\n\n<li>Debates actuales sobre las pol\u00edticas estudiantiles en los ISFD<\/li>\n<\/ul>\n\n\n\n<p><strong><strong>8.- Una agenda para seguir andando<\/strong><\/strong><\/p>\n\n\n\n<ul>\n<li>Los desaf\u00edos para el sistema formador&nbsp;.<\/li>\n\n\n\n<li>Los desaf\u00edos para los ISFD.<\/li>\n\n\n\n<li>Los desaf\u00edos para los docentes formadores.<\/li>\n<\/ul>\n\n\n\n<h5 class=\"wp-block-heading\">&nbsp;<\/h5>\n\n\n\n<h5 class=\"wp-block-heading\"><strong><img decoding=\"async\" loading=\"lazy\" class=\"wp-image-7531 alignnone\" src=\"https:\/\/ens9001-infd.mendoza.edu.ar\/sitio\/wp-content\/uploads\/2019\/04\/CFC-Iso-trans-1000x627.png\" alt=\"\" width=\"38\" height=\"23\" srcset=\"https:\/\/ens9001-infd.mendoza.edu.ar\/sitio\/wp-content\/uploads\/2019\/04\/CFC-Iso-trans-1000x627.png 1000w, https:\/\/ens9001-infd.mendoza.edu.ar\/sitio\/wp-content\/uploads\/2019\/04\/CFC-Iso-trans-768x482.png 768w, https:\/\/ens9001-infd.mendoza.edu.ar\/sitio\/wp-content\/uploads\/2019\/04\/CFC-Iso-trans.png 1239w\" sizes=\"(max-width: 38px) 100vw, 38px\" \/>&nbsp;<\/strong>Carga horaria:<\/h5>\n\n\n\n<ul>\n<li><strong>Carga horaria total: <\/strong>72 hs. reloj<\/li>\n\n\n\n<li><strong>Horas presenciales:<\/strong> 24 hs. de asistencia a conferencias (conferencia mensual, una por cada eje de contenido)<\/li>\n\n\n\n<li><strong>Horas presenciales:<\/strong> 24 hs. de encuentros de an\u00e1lisis de documentos (encuentro mensual, uno por cada eje de contenido)<\/li>\n\n\n\n<li><strong>Horas de realizaci\u00f3n de actividades guiadas en la plataforma virtual:<\/strong> 24 hs. de estudio de documentos y participaci\u00f3n en foros virtuales<\/li>\n<\/ul>\n\n\n\n<h5 class=\"wp-block-heading\">&nbsp;<\/h5>\n\n\n\n<h5 class=\"wp-block-heading\"><strong><img decoding=\"async\" loading=\"lazy\" class=\"wp-image-7531 alignnone\" src=\"https:\/\/ens9001-infd.mendoza.edu.ar\/sitio\/wp-content\/uploads\/2019\/04\/CFC-Iso-trans-1000x627.png\" alt=\"\" width=\"38\" height=\"23\" srcset=\"https:\/\/ens9001-infd.mendoza.edu.ar\/sitio\/wp-content\/uploads\/2019\/04\/CFC-Iso-trans-1000x627.png 1000w, https:\/\/ens9001-infd.mendoza.edu.ar\/sitio\/wp-content\/uploads\/2019\/04\/CFC-Iso-trans-768x482.png 768w, https:\/\/ens9001-infd.mendoza.edu.ar\/sitio\/wp-content\/uploads\/2019\/04\/CFC-Iso-trans.png 1239w\" sizes=\"(max-width: 38px) 100vw, 38px\" \/>&nbsp;<\/strong>Modalidad de cursado:<\/h5>\n\n\n\n<p>Semipresencial<\/p>\n\n\n\n<h5 class=\"wp-block-heading\">&nbsp;<\/h5>\n\n\n\n<h5 class=\"wp-block-heading\"><strong><img decoding=\"async\" loading=\"lazy\" class=\"wp-image-7531 alignnone\" src=\"https:\/\/ens9001-infd.mendoza.edu.ar\/sitio\/wp-content\/uploads\/2019\/04\/CFC-Iso-trans-1000x627.png\" alt=\"\" width=\"38\" height=\"23\" srcset=\"https:\/\/ens9001-infd.mendoza.edu.ar\/sitio\/wp-content\/uploads\/2019\/04\/CFC-Iso-trans-1000x627.png 1000w, https:\/\/ens9001-infd.mendoza.edu.ar\/sitio\/wp-content\/uploads\/2019\/04\/CFC-Iso-trans-768x482.png 768w, https:\/\/ens9001-infd.mendoza.edu.ar\/sitio\/wp-content\/uploads\/2019\/04\/CFC-Iso-trans.png 1239w\" sizes=\"(max-width: 38px) 100vw, 38px\" \/>&nbsp;Lugar, d<\/strong>\u00edas y horarios de cursado:<\/h5>\n\n\n\n<p>Los encuentros presenciales se realizar\u00e1n los d\u00edas <strong>s\u00e1bados de 9 a 12 hs.<\/strong> en la sede central del Instituto (Chubut y Balcarce, San Mart\u00edn)<\/p>\n\n\n\n<h5 class=\"wp-block-heading\">&nbsp;<\/h5>\n\n\n\n<h5 class=\"wp-block-heading\"><strong><img decoding=\"async\" loading=\"lazy\" class=\"wp-image-7531 alignnone\" src=\"https:\/\/ens9001-infd.mendoza.edu.ar\/sitio\/wp-content\/uploads\/2019\/04\/CFC-Iso-trans-1000x627.png\" alt=\"\" width=\"38\" height=\"23\" srcset=\"https:\/\/ens9001-infd.mendoza.edu.ar\/sitio\/wp-content\/uploads\/2019\/04\/CFC-Iso-trans-1000x627.png 1000w, https:\/\/ens9001-infd.mendoza.edu.ar\/sitio\/wp-content\/uploads\/2019\/04\/CFC-Iso-trans-768x482.png 768w, https:\/\/ens9001-infd.mendoza.edu.ar\/sitio\/wp-content\/uploads\/2019\/04\/CFC-Iso-trans.png 1239w\" sizes=\"(max-width: 38px) 100vw, 38px\" \/>&nbsp;<\/strong>Inicio del cursado:<\/h5>\n\n\n\n<p>Actividad de inicio del Ciclo Lectivo del Centro de Formaci\u00f3n Continua: <strong><strong>S\u00e1bado 7 de mayo a las 9 hs.<\/strong><\/strong><\/p>\n\n\n\n<h5 class=\"wp-block-heading\">&nbsp;<\/h5>\n\n\n\n<h5 class=\"wp-block-heading\"><strong><img decoding=\"async\" loading=\"lazy\" class=\"wp-image-7531 alignnone\" src=\"https:\/\/ens9001-infd.mendoza.edu.ar\/sitio\/wp-content\/uploads\/2019\/04\/CFC-Iso-trans-1000x627.png\" alt=\"\" width=\"38\" height=\"23\" srcset=\"https:\/\/ens9001-infd.mendoza.edu.ar\/sitio\/wp-content\/uploads\/2019\/04\/CFC-Iso-trans-1000x627.png 1000w, https:\/\/ens9001-infd.mendoza.edu.ar\/sitio\/wp-content\/uploads\/2019\/04\/CFC-Iso-trans-768x482.png 768w, https:\/\/ens9001-infd.mendoza.edu.ar\/sitio\/wp-content\/uploads\/2019\/04\/CFC-Iso-trans.png 1239w\" sizes=\"(max-width: 38px) 100vw, 38px\" \/>&nbsp;Inscripci\u00f3n y consultas<\/strong>:<\/h5>\n\n\n\n<p>Los\/as docentes interesados\/as deber\u00e1n pre-inscribirse a trav\u00e9s del&nbsp;formulario digital&nbsp;y completar el proceso de inscripci\u00f3n de acuerdo a las orientaciones que recibir\u00e1n en su correo electr\u00f3nico enviado desde la Bedel\u00eda del Centro de Formaci\u00f3n Continua: <strong>bedelia.cfc9001@gmail.com<\/strong><\/p>\n\n\n\n<p>Tambi\u00e9n pueden realizar consultas a trav\u00e9s de WhatsApp los siguientes d\u00edas y horarios:<\/p>\n\n\n\n<ul>\n<li>Lunes a viernes: de 10 a 11 y de 17 a 18 hs.<\/li>\n<\/ul>\n\n\n<div class=\"wp-block-image\">\n<figure class=\"aligncenter\"><a href=\"https:\/\/chat.whatsapp.com\/DAEL0ItGLhKLPsfNzV0Lun\"><img decoding=\"async\" loading=\"lazy\" width=\"1000\" height=\"111\" src=\"https:\/\/ens9001-infd.mendoza.edu.ar\/sitio\/wp-content\/uploads\/2020\/05\/Mesa-de-entradas-CFC-1000x111.jpeg\" alt=\"\" class=\"wp-image-11021\" srcset=\"https:\/\/ens9001-infd.mendoza.edu.ar\/sitio\/wp-content\/uploads\/2020\/05\/Mesa-de-entradas-CFC-1000x111.jpeg 1000w, https:\/\/ens9001-infd.mendoza.edu.ar\/sitio\/wp-content\/uploads\/2020\/05\/Mesa-de-entradas-CFC-768x85.jpeg 768w, https:\/\/ens9001-infd.mendoza.edu.ar\/sitio\/wp-content\/uploads\/2020\/05\/Mesa-de-entradas-CFC.jpeg 1042w\" sizes=\"(max-width: 1000px) 100vw, 1000px\" \/><\/a><\/figure><\/div>\n\n\n<p class=\"has-text-align-center\"><a rel=\"noreferrer noopener\" href=\"https:\/\/chat.whatsapp.com\/G2m01KzV1Kf05byyZR3siL\" target=\"_blank\"><strong><span style=\"text-decoration: underline;\">https:\/\/chat.whatsapp.com<\/span><\/strong><\/a><\/p>\n\n\n\n<p>Las consultas ser\u00e1n respondidas en el transcurso del d\u00eda.<\/p>\n\n\n\n<h2 class=\"wp-block-heading\">&nbsp;<\/h2>\n\n\n\n<h2 class=\"has-text-align-center wp-block-heading\"><a rel=\"noreferrer noopener\" href=\"https:\/\/forms.gle\/cA5TEt4WCAS4o8Ed9\" target=\"_blank\"><span style=\"text-decoration: underline;\"><strong>Formulario de <\/strong><\/span><\/a><span style=\"text-decoration: underline;\"><strong><a rel=\"noreferrer noopener\" href=\"https:\/\/forms.gle\/cA5TEt4WCAS4o8Ed9\" target=\"_blank\">pre-inscripci\u00f3n<\/a><\/strong><\/span><\/h2>\n\n\n\n<p class=\"has-text-align-center\"><mark style=\"background-color:rgba(0, 0, 0, 0)\" class=\"has-inline-color has-vivid-red-color\"><strong>&#8211; Inscripciones cerradas<\/strong> &#8211;<\/mark><\/p>\n\n\n\n<p class=\"has-text-align-center\"><a href=\"https:\/\/ens9001-infd.mendoza.edu.ar\/sitio\/propuestas-de-formacion-continua-2022\/\" target=\"_blank\" rel=\"noopener\"><strong><span style=\"text-decoration: underline;\">Ver m\u00e1s ofertas de Formaci\u00f3n Continua 2022<\/span><\/strong><\/a><\/p>\n","protected":false},"excerpt":{"rendered":"<p>Ciclo de formaci\u00f3n: \u200bAgenda para formadoresa 15 a\u00f1os de los acuerdos federales instituyentes del Sistema Nacional de Formaci\u00f3n Docente &nbsp; &nbsp;Resoluci\u00f3n de aprobaci\u00f3n: Acci\u00f3n formativa institucional con resoluci\u00f3n del Consejo Acad\u00e9mico y declarada de \u00abinter\u00e9s educativo\u00bb por el Consejo Directivo: Res. 010-CD-2022 &nbsp; &nbsp;Destinatarios: Docentes, t\u00e9cnicos o profesionales que se desempe\u00f1an o aspiran a ejercer &#8230; <a title=\"Ciclo de formaci\u00f3n \u201cAgenda para formadores\u201d\" class=\"read-more\" href=\"https:\/\/ens9001-infd.mendoza.edu.ar\/sitio\/ciclo-de-formacion-agenda-para-formadores\/\" aria-label=\"More on Ciclo de formaci\u00f3n \u201cAgenda para formadores\u201d\">[+]<\/a><\/p>\n","protected":false},"author":6668,"featured_media":0,"parent":0,"menu_order":0,"comment_status":"closed","ping_status":"closed","template":"","meta":[],"acf":[],"_links":{"self":[{"href":"https:\/\/ens9001-infd.mendoza.edu.ar\/sitio\/wp-json\/wp\/v2\/pages\/15592"}],"collection":[{"href":"https:\/\/ens9001-infd.mendoza.edu.ar\/sitio\/wp-json\/wp\/v2\/pages"}],"about":[{"href":"https:\/\/ens9001-infd.mendoza.edu.ar\/sitio\/wp-json\/wp\/v2\/types\/page"}],"author":[{"embeddable":true,"href":"https:\/\/ens9001-infd.mendoza.edu.ar\/sitio\/wp-json\/wp\/v2\/users\/6668"}],"replies":[{"embeddable":true,"href":"https:\/\/ens9001-infd.mendoza.edu.ar\/sitio\/wp-json\/wp\/v2\/comments?post=15592"}],"version-history":[{"count":6,"href":"https:\/\/ens9001-infd.mendoza.edu.ar\/sitio\/wp-json\/wp\/v2\/pages\/15592\/revisions"}],"predecessor-version":[{"id":17690,"href":"https:\/\/ens9001-infd.mendoza.edu.ar\/sitio\/wp-json\/wp\/v2\/pages\/15592\/revisions\/17690"}],"wp:attachment":[{"href":"https:\/\/ens9001-infd.mendoza.edu.ar\/sitio\/wp-json\/wp\/v2\/media?parent=15592"}],"curies":[{"name":"wp","href":"https:\/\/api.w.org\/{rel}","templated":true}]}}